{"id":2535,"date":"2020-04-16T22:07:01","date_gmt":"2020-04-16T22:07:01","guid":{"rendered":"https:\/\/futurecareinc.wpengine.com\/us-medical-case-management-case-sample-2\/"},"modified":"2020-04-22T11:20:58","modified_gmt":"2020-04-22T11:20:58","slug":"us-medical-case-management-case-sample-2","status":"publish","type":"page","link":"https:\/\/futurecareinc.com\/de\/case-studies\/us-medical-case-management-case-sample-2\/","title":{"rendered":"US Medical Case Management Fall Probe 2"},"content":{"rendered":"<p><\/br><\/p>\n<p>Ort: Erststation\u00e4rer Krankenhausaufenthalt Minnesota. Follow-up-Pflege &#8211; Pennsylvania<\/p>\n<p><\/br><\/p>\n<p>FallZusammenfassung: Crewmitglied erlitt einen 35 Fu\u00df Sturz mit daraus resultierenden multiplen Extremit\u00e4tsfrakturen und Kopf- und Gesichtstrauma. Er wurde in ein nahegelegenes Krankenhaus in Minnesota gebracht. Future Care beauftragte sofort einen medizinischen Fallmanager, der die Behandlungsf\u00e4higkeiten des Krankenhauses und die der Einrichtungen, die n\u00e4her am Haus des Besatzungsmitglieds in Pennsylvania waren, bewertete. Der medizinische Fallmanager \u00fcberpr\u00fcfte F\u00e4higkeiten, Preise und Standort und identifizierte ein geeignetes Krankenhaus in der N\u00e4he der Familie. Future Care sorgte f\u00fcr den Transfer und die Aufnahme in die neue Einrichtung, wo der Besatzungsmitglied nach seiner Stabilisierung aufgrund der Art der Verletzungen und anhaltenden Schmerzen f\u00fcr einen l\u00e4ngeren Aufenthalt in eine subakute Hochrehabilitation versetzt wurde.<\/p>\n<p><\/br><\/p>\n<p>Der medizinische Fallmanager von Future Care sprach t\u00e4glich mit dem Behandlungsteam und dem Schmerzmanagement-Spezialisten, um die notwendigen Ver\u00e4nderungen in der Pharmakologie f\u00fcr eine optimale Schmerzlinderung zu erleichtern. Der medizinische Fallmanager recherchierte und koordinierte den eventuellen Umzug des Besatzungsmitglieds in eine Wohneinrichtung mit hoher Pflege und \u00dcberwachung. Anschlie\u00dfend koordinierte der Fallmanager die Entlassung des Besatzungsmitglieds und kehrte ins Haus der Familie zur\u00fcck, wobei er die Hausver\u00e4nderungen mit der Auswahl der notwendigen, langlebigen medizinischen Ausr\u00fcstung \u00fcberwachte.<\/p>\n<p><\/br><\/p>\n<p>Danach recherchierte und identifizierte der medizinische Fallmanager Fach\u00e4rzte f\u00fcr Zweitmeinungen im Zusammenhang mit Schmerztherapie und rehabilitativer Handchirurgie und Modalit\u00e4ten. Der medizinische Fallmanager von Future Care verfolgte das Ziel der maximalen medizinischen Verbesserung des Besatzungsmitglieds von allen Anbietern von Anfang an bis zur Rekonvaleszenz.<\/p>\n<p><\/br><\/p>\n<p>Gesch\u00e4tzte Einsparungen durch zuk\u00fcnftige Pflegeinterventionen: W\u00e4hrend es schwierig ist, einen Dollar-Wert zu sch\u00e4tzen, verbesserte der medizinische Fallmanager von Future Care sowohl die Qualit\u00e4t der langwierigen medizinischen Behandlung des Besatzungsmitglieds als auch die Effizienz, wodurch die Erholungszeit und die daraus resultierenden Kosten reduziert wurden. Dies ist nat\u00fcrlich nicht nur wichtig, um dem Besatzungsmitglied und der Familie weniger greifbare, aber echte physiologische Vorteile durch proaktives medizinisches Management und Kommunikation zu bieten.<\/p>\n<p><\/br><\/p>\n","protected":false},"excerpt":{"rendered":"<p>Ort: Erststation\u00e4rer Krankenhausaufenthalt Minnesota. Follow-up-Pflege &#8211; Pennsylvania FallZusammenfassung: Crewmitglied erlitt einen 35 Fu\u00df Sturz mit daraus resultierenden multiplen Extremit\u00e4tsfrakturen und Kopf- und Gesichtstrauma. Er wurde in ein nahegelegenes Krankenhaus in Minnesota gebracht. Future Care beauftragte sofort einen medizinischen Fallmanager, der die Behandlungsf\u00e4higkeiten des Krankenhauses und die der Einrichtungen, die n\u00e4her am Haus des Besatzungsmitglieds in [&hellip;]<\/p>\n","protected":false},"author":2,"featured_media":0,"parent":2573,"menu_order":0,"comment_status":"closed","ping_status":"closed","template":"","meta":{"footnotes":""},"class_list":["post-2535","page","type-page","status-publish","hentry"],"yoast_head":"<!-- This site is optimized with the Yoast SEO plugin v27.2 - https:\/\/yoast.com\/product\/yoast-seo-wordpress\/ -->\n<title>US Medical Case Management Fall Probe 2 - MedSea, an International SOS Company<\/title>\n<meta name=\"robots\" content=\"index, follow, max-snippet:-1, max-image-preview:large, max-video-preview:-1\" \/>\n<link rel=\"canonical\" href=\"https:\/\/futurecareinc.com\/de\/case-studies\/us-medical-case-management-case-sample-2\/\" \/>\n<meta property=\"og:locale\" content=\"de_DE\" \/>\n<meta property=\"og:type\" content=\"article\" \/>\n<meta property=\"og:title\" content=\"US Medical Case Management Fall Probe 2 - MedSea, an International SOS Company\" \/>\n<meta property=\"og:description\" content=\"Ort: Erststation\u00e4rer Krankenhausaufenthalt Minnesota. Follow-up-Pflege &#8211; Pennsylvania FallZusammenfassung: Crewmitglied erlitt einen 35 Fu\u00df Sturz mit daraus resultierenden multiplen Extremit\u00e4tsfrakturen und Kopf- und Gesichtstrauma. Er wurde in ein nahegelegenes Krankenhaus in Minnesota gebracht. Future Care beauftragte sofort einen medizinischen Fallmanager, der die Behandlungsf\u00e4higkeiten des Krankenhauses und die der Einrichtungen, die n\u00e4her am Haus des Besatzungsmitglieds in [&hellip;]\" \/>\n<meta property=\"og:url\" content=\"https:\/\/futurecareinc.com\/de\/case-studies\/us-medical-case-management-case-sample-2\/\" \/>\n<meta property=\"og:site_name\" content=\"MedSea, an International SOS Company\" \/>\n<meta property=\"article:modified_time\" content=\"2020-04-22T11:20:58+00:00\" \/>\n<meta name=\"twitter:card\" content=\"summary_large_image\" \/>\n<meta name=\"twitter:label1\" content=\"Gesch\u00e4tzte Lesezeit\" \/>\n\t<meta name=\"twitter:data1\" content=\"2 Minuten\" \/>\n<script type=\"application\/ld+json\" class=\"yoast-schema-graph\">{\"@context\":\"https:\/\/schema.org\",\"@graph\":[{\"@type\":\"WebPage\",\"@id\":\"https:\/\/futurecareinc.com\/de\/case-studies\/us-medical-case-management-case-sample-2\/\",\"url\":\"https:\/\/futurecareinc.com\/de\/case-studies\/us-medical-case-management-case-sample-2\/\",\"name\":\"US Medical Case Management Fall Probe 2 - MedSea, an International SOS Company\",\"isPartOf\":{\"@id\":\"https:\/\/futurecareinc.com\/#website\"},\"datePublished\":\"2020-04-16T22:07:01+00:00\",\"dateModified\":\"2020-04-22T11:20:58+00:00\",\"breadcrumb\":{\"@id\":\"https:\/\/futurecareinc.com\/de\/case-studies\/us-medical-case-management-case-sample-2\/#breadcrumb\"},\"inLanguage\":\"de-DE\",\"potentialAction\":[{\"@type\":\"ReadAction\",\"target\":[\"https:\/\/futurecareinc.com\/de\/case-studies\/us-medical-case-management-case-sample-2\/\"]}]},{\"@type\":\"BreadcrumbList\",\"@id\":\"https:\/\/futurecareinc.com\/de\/case-studies\/us-medical-case-management-case-sample-2\/#breadcrumb\",\"itemListElement\":[{\"@type\":\"ListItem\",\"position\":1,\"name\":\"Home\",\"item\":\"https:\/\/futurecareinc.com\/de\/\"},{\"@type\":\"ListItem\",\"position\":2,\"name\":\"Fallstudien\",\"item\":\"https:\/\/futurecareinc.com\/de\/case-studies\/\"},{\"@type\":\"ListItem\",\"position\":3,\"name\":\"US Medical Case Management Fall Probe 2\"}]},{\"@type\":\"WebSite\",\"@id\":\"https:\/\/futurecareinc.com\/#website\",\"url\":\"https:\/\/futurecareinc.com\/\",\"name\":\"MedSea, an International SOS Company\",\"description\":\"Seafarer health is our priority\",\"publisher\":{\"@id\":\"https:\/\/futurecareinc.com\/#organization\"},\"potentialAction\":[{\"@type\":\"SearchAction\",\"target\":{\"@type\":\"EntryPoint\",\"urlTemplate\":\"https:\/\/futurecareinc.com\/?s={search_term_string}\"},\"query-input\":{\"@type\":\"PropertyValueSpecification\",\"valueRequired\":true,\"valueName\":\"search_term_string\"}}],\"inLanguage\":\"de-DE\"},{\"@type\":\"Organization\",\"@id\":\"https:\/\/futurecareinc.com\/#organization\",\"name\":\"MedSea, an International SOS Company\",\"url\":\"https:\/\/futurecareinc.com\/\",\"logo\":{\"@type\":\"ImageObject\",\"inLanguage\":\"de-DE\",\"@id\":\"https:\/\/futurecareinc.com\/#\/schema\/logo\/image\/\",\"url\":\"https:\/\/futurecareinc.com\/wp-content\/uploads\/2020\/04\/MedSea_Logo_2024-scaled.png\",\"contentUrl\":\"https:\/\/futurecareinc.com\/wp-content\/uploads\/2020\/04\/MedSea_Logo_2024-scaled.png\",\"width\":2560,\"height\":1085,\"caption\":\"MedSea, an International SOS Company\"},\"image\":{\"@id\":\"https:\/\/futurecareinc.com\/#\/schema\/logo\/image\/\"}}]}<\/script>\n<!-- \/ Yoast SEO plugin. -->","yoast_head_json":{"title":"US Medical Case Management Fall Probe 2 - MedSea, an International SOS Company","robots":{"index":"index","follow":"follow","max-snippet":"max-snippet:-1","max-image-preview":"max-image-preview:large","max-video-preview":"max-video-preview:-1"},"canonical":"https:\/\/futurecareinc.com\/de\/case-studies\/us-medical-case-management-case-sample-2\/","og_locale":"de_DE","og_type":"article","og_title":"US Medical Case Management Fall Probe 2 - MedSea, an International SOS Company","og_description":"Ort: Erststation\u00e4rer Krankenhausaufenthalt Minnesota. Follow-up-Pflege &#8211; Pennsylvania FallZusammenfassung: Crewmitglied erlitt einen 35 Fu\u00df Sturz mit daraus resultierenden multiplen Extremit\u00e4tsfrakturen und Kopf- und Gesichtstrauma. Er wurde in ein nahegelegenes Krankenhaus in Minnesota gebracht. Future Care beauftragte sofort einen medizinischen Fallmanager, der die Behandlungsf\u00e4higkeiten des Krankenhauses und die der Einrichtungen, die n\u00e4her am Haus des Besatzungsmitglieds in [&hellip;]","og_url":"https:\/\/futurecareinc.com\/de\/case-studies\/us-medical-case-management-case-sample-2\/","og_site_name":"MedSea, an International SOS Company","article_modified_time":"2020-04-22T11:20:58+00:00","twitter_card":"summary_large_image","twitter_misc":{"Gesch\u00e4tzte Lesezeit":"2 Minuten"},"schema":{"@context":"https:\/\/schema.org","@graph":[{"@type":"WebPage","@id":"https:\/\/futurecareinc.com\/de\/case-studies\/us-medical-case-management-case-sample-2\/","url":"https:\/\/futurecareinc.com\/de\/case-studies\/us-medical-case-management-case-sample-2\/","name":"US Medical Case Management Fall Probe 2 - MedSea, an International SOS Company","isPartOf":{"@id":"https:\/\/futurecareinc.com\/#website"},"datePublished":"2020-04-16T22:07:01+00:00","dateModified":"2020-04-22T11:20:58+00:00","breadcrumb":{"@id":"https:\/\/futurecareinc.com\/de\/case-studies\/us-medical-case-management-case-sample-2\/#breadcrumb"},"inLanguage":"de-DE","potentialAction":[{"@type":"ReadAction","target":["https:\/\/futurecareinc.com\/de\/case-studies\/us-medical-case-management-case-sample-2\/"]}]},{"@type":"BreadcrumbList","@id":"https:\/\/futurecareinc.com\/de\/case-studies\/us-medical-case-management-case-sample-2\/#breadcrumb","itemListElement":[{"@type":"ListItem","position":1,"name":"Home","item":"https:\/\/futurecareinc.com\/de\/"},{"@type":"ListItem","position":2,"name":"Fallstudien","item":"https:\/\/futurecareinc.com\/de\/case-studies\/"},{"@type":"ListItem","position":3,"name":"US Medical Case Management Fall Probe 2"}]},{"@type":"WebSite","@id":"https:\/\/futurecareinc.com\/#website","url":"https:\/\/futurecareinc.com\/","name":"MedSea, an International SOS Company","description":"Seafarer health is our priority","publisher":{"@id":"https:\/\/futurecareinc.com\/#organization"},"potentialAction":[{"@type":"SearchAction","target":{"@type":"EntryPoint","urlTemplate":"https:\/\/futurecareinc.com\/?s={search_term_string}"},"query-input":{"@type":"PropertyValueSpecification","valueRequired":true,"valueName":"search_term_string"}}],"inLanguage":"de-DE"},{"@type":"Organization","@id":"https:\/\/futurecareinc.com\/#organization","name":"MedSea, an International SOS Company","url":"https:\/\/futurecareinc.com\/","logo":{"@type":"ImageObject","inLanguage":"de-DE","@id":"https:\/\/futurecareinc.com\/#\/schema\/logo\/image\/","url":"https:\/\/futurecareinc.com\/wp-content\/uploads\/2020\/04\/MedSea_Logo_2024-scaled.png","contentUrl":"https:\/\/futurecareinc.com\/wp-content\/uploads\/2020\/04\/MedSea_Logo_2024-scaled.png","width":2560,"height":1085,"caption":"MedSea, an International SOS Company"},"image":{"@id":"https:\/\/futurecareinc.com\/#\/schema\/logo\/image\/"}}]}},"_links":{"self":[{"href":"https:\/\/futurecareinc.com\/de\/wp-json\/wp\/v2\/pages\/2535","targetHints":{"allow":["GET"]}}],"collection":[{"href":"https:\/\/futurecareinc.com\/de\/wp-json\/wp\/v2\/pages"}],"about":[{"href":"https:\/\/futurecareinc.com\/de\/wp-json\/wp\/v2\/types\/page"}],"author":[{"embeddable":true,"href":"https:\/\/futurecareinc.com\/de\/wp-json\/wp\/v2\/users\/2"}],"replies":[{"embeddable":true,"href":"https:\/\/futurecareinc.com\/de\/wp-json\/wp\/v2\/comments?post=2535"}],"version-history":[{"count":0,"href":"https:\/\/futurecareinc.com\/de\/wp-json\/wp\/v2\/pages\/2535\/revisions"}],"up":[{"embeddable":true,"href":"https:\/\/futurecareinc.com\/de\/wp-json\/wp\/v2\/pages\/2573"}],"wp:attachment":[{"href":"https:\/\/futurecareinc.com\/de\/wp-json\/wp\/v2\/media?parent=2535"}],"curies":[{"name":"wp","href":"https:\/\/api.w.org\/{rel}","templated":true}]}}