{"id":2557,"date":"2020-04-16T21:59:24","date_gmt":"2020-04-16T21:59:24","guid":{"rendered":"https:\/\/futurecareinc.wpengine.com\/international-medical-case-management-case-sample\/"},"modified":"2020-04-22T11:44:54","modified_gmt":"2020-04-22T11:44:54","slug":"international-medical-case-management-case-sample","status":"publish","type":"page","link":"https:\/\/futurecareinc.com\/de\/case-studies\/international-medical-case-management-case-sample\/","title":{"rendered":"International Medical Case Management Case Probe"},"content":{"rendered":"<p><\/br><\/p>\n<p style=\"margin: 0in; margin-bottom: .0001pt; text-align: justify;\"><span style=\"font-family: Calibri; color: black;\">Lage: Auf See; Gibraltar und Malaga, Spanien;<\/span> <span style=\"font-family: Calibri; color: black;\">Zagreb, Kroatien.<\/span> <\/p>\n<p><\/br><\/p>\n<p style=\"margin: 0in; margin-bottom: .0001pt; text-align: justify;\"><span style=\"font-family: Calibri; color: black;\">FallZusammenfassung: Besatzungsmitglied klagte \u00fcber starke Bauchschmerzen auf See und der Kapit\u00e4n kontaktierte Future Care, die Arztberatung bei Sea telemedizinische Behandlung, bis das Schiff Gibraltar erreichte. Future Care ernannte auch einen medizinischen Fallmanager, der die Aufnahme des Besatzungsmitglieds ins Krankenhaus vorbereitete, das Krankenhausbehandlungsteam alarmierte, alle notwendigen Transport- und finanziellen Vorkehrungen traf und allen Beteiligten ihre Rolle erkl\u00e4rte.<\/span><\/p>\n<p><\/br><\/p>\n<p style=\"margin: 0in; margin-bottom: .0001pt; text-align: justify;\"><span style=\"font-family: Calibri; color: black;\">W\u00e4hrend des dreit\u00e4gigen Krankenhausaufenthalts des Besatzungsmitglieds \u00fcberpr\u00fcfte der medizinische Fallmanager die Fortschritte beim medizinischen Anbieter und berichtete dem Reeder und den Familienmitgliedern \u00fcber die Entwicklungen. Der Besatzungsmitglied reagierte nicht wie erwartet auf die Behandlung, und das Behandlungsteam und der medizinische Fallmanager waren sich einig, dass er in eine Einrichtung mit gr\u00f6\u00dferen medizinischen Ressourcen in Malaga, Spanien, verlegt werden sollte. Der medizinische Fallmanager von Future Care hat sich im Vorfeld mit dem neuen Behandlungsteam in Verbindung gebracht und alle notwendigen Vorkehrungen getroffen, um die Aufnahme in das neue Krankenhaus reibungslos zu gestalten.<\/span><\/p>\n<p><\/br><\/p>\n<p style=\"margin: 0in; margin-bottom: .0001pt; text-align: justify;\"><span style=\"font-family: Calibri; color: black;\">Bei dem Besatzungsmitglied wurde zun\u00e4chst eine akute Pankreatitis diagnostiziert, die sp\u00e4ter durch obstruktive Gelbsucht und Gallenstenose erschwert wurde. Er wurde schlie\u00dflich stabilisiert und in seinem Heimatland Kroatien weitergefordert. Der medizinische Fallmanager identifizierte eine geeignete medizinische Begleitperson f\u00fcr den Flug von Malaga, Spanien<\/span> <span style=\"font-family: Calibri; color: black;\">Zagreb, Kroatien und erleichterte die Flugvorbereitungen mit medizinischer Eskorte und Crewmitglied Frau nach Kroatien.<\/span><\/p>\n<p><\/br><\/p>\n<p style=\"margin: 0in; margin-bottom: .0001pt; text-align: justify;\"><span style=\"font-family: Calibri; color: black;\">Nach seiner R\u00fcckkehr wurde der Besatzungsmitglied ins Krankenhaus nach Zagreb eingeliefert, wo bei ihm Bauchspeicheldr\u00fcsenkrebs diagnostiziert wurde und er sich f\u00fcnf Chemotherapien unterzog. W\u00e4hrend seiner l\u00e4ngeren Behandlung in Zagreb future Care \u00fcberpr\u00fcfte und erleichterte der medizinische Fallmanager die Behandlung, pflegte die Kommunikation mit dem Besatzungsmitglied und seiner Familie, erkl\u00e4rte die Behandlung und Bewertung von Optionen und berichtete dem Reeder von Entwicklungen und Kosten. Schlie\u00dflich, nach viel Behandlung, erholte sich der Besatzungsmitglied, wurde als Fit For Duty bewertet und kehrte aufs Meer zur\u00fcck.<\/span><\/p>\n<p><\/br><\/p>\n<p style=\"margin: 0in; margin-bottom: .0001pt; text-align: justify;\"><span style=\"font-family: Calibri; color: black;\">Gesch\u00e4tzte Einsparungen durch Future Care Intervention: Der Reeder sparte Zehntausende von Dollar durch die erfolgreichen Bem\u00fchungen des medizinischen Fallmanagers von Future Care, die Effizienz der Behandlung zu verbessern; Auswahl der geeigneten Einrichtung in Kroatien, um w\u00e4hrend der langwierigen Krankheit des Besatzungsmitglieds eine spezialisierte Behandlung zu erm\u00f6glichen; Erleichterung der Durchtritte und der Aufnahme in mehrere Krankenh\u00e4user; Behandlung durch Rekonvaleszenz und eine R\u00fcckkehr zu Fit For Duty.<\/span><\/p>\n<p><\/br><\/p>\n","protected":false},"excerpt":{"rendered":"<p>Lage: Auf See; Gibraltar und Malaga, Spanien; Zagreb, Kroatien. FallZusammenfassung: Besatzungsmitglied klagte \u00fcber starke Bauchschmerzen auf See und der Kapit\u00e4n kontaktierte Future Care, die Arztberatung bei Sea telemedizinische Behandlung, bis das Schiff Gibraltar erreichte. Future Care ernannte auch einen medizinischen Fallmanager, der die Aufnahme des Besatzungsmitglieds ins Krankenhaus vorbereitete, das Krankenhausbehandlungsteam alarmierte, alle notwendigen Transport- [&hellip;]<\/p>\n","protected":false},"author":2,"featured_media":2277,"parent":2573,"menu_order":0,"comment_status":"closed","ping_status":"closed","template":"","meta":{"footnotes":""},"class_list":["post-2557","page","type-page","status-publish","has-post-thumbnail","hentry"],"yoast_head":"<!-- This site is optimized with the Yoast SEO plugin v27.2 - https:\/\/yoast.com\/product\/yoast-seo-wordpress\/ -->\n<title>International Medical Case Management Case Probe - MedSea, an International SOS Company<\/title>\n<meta name=\"robots\" content=\"index, follow, max-snippet:-1, max-image-preview:large, max-video-preview:-1\" \/>\n<link rel=\"canonical\" href=\"https:\/\/futurecareinc.com\/de\/case-studies\/international-medical-case-management-case-sample\/\" \/>\n<meta property=\"og:locale\" content=\"de_DE\" \/>\n<meta property=\"og:type\" content=\"article\" \/>\n<meta property=\"og:title\" content=\"International Medical Case Management Case Probe - MedSea, an International SOS Company\" \/>\n<meta property=\"og:description\" content=\"Lage: Auf See; Gibraltar und Malaga, Spanien; Zagreb, Kroatien. FallZusammenfassung: Besatzungsmitglied klagte \u00fcber starke Bauchschmerzen auf See und der Kapit\u00e4n kontaktierte Future Care, die Arztberatung bei Sea telemedizinische Behandlung, bis das Schiff Gibraltar erreichte. Future Care ernannte auch einen medizinischen Fallmanager, der die Aufnahme des Besatzungsmitglieds ins Krankenhaus vorbereitete, das Krankenhausbehandlungsteam alarmierte, alle notwendigen Transport- [&hellip;]\" \/>\n<meta property=\"og:url\" content=\"https:\/\/futurecareinc.com\/de\/case-studies\/international-medical-case-management-case-sample\/\" \/>\n<meta property=\"og:site_name\" content=\"MedSea, an International SOS Company\" \/>\n<meta property=\"article:modified_time\" content=\"2020-04-22T11:44:54+00:00\" \/>\n<meta property=\"og:image\" content=\"https:\/\/futurecareinc.com\/wp-content\/uploads\/2020\/04\/FutureCare-Case-Studies-Sub-2.jpg\" \/>\n\t<meta property=\"og:image:width\" content=\"1200\" \/>\n\t<meta property=\"og:image:height\" content=\"783\" \/>\n\t<meta property=\"og:image:type\" content=\"image\/jpeg\" \/>\n<meta name=\"twitter:card\" content=\"summary_large_image\" \/>\n<meta name=\"twitter:label1\" content=\"Gesch\u00e4tzte Lesezeit\" \/>\n\t<meta name=\"twitter:data1\" content=\"2 Minuten\" \/>\n<script type=\"application\/ld+json\" class=\"yoast-schema-graph\">{\"@context\":\"https:\/\/schema.org\",\"@graph\":[{\"@type\":\"WebPage\",\"@id\":\"https:\/\/futurecareinc.com\/de\/case-studies\/international-medical-case-management-case-sample\/\",\"url\":\"https:\/\/futurecareinc.com\/de\/case-studies\/international-medical-case-management-case-sample\/\",\"name\":\"International Medical Case Management Case Probe - MedSea, an International SOS Company\",\"isPartOf\":{\"@id\":\"https:\/\/futurecareinc.com\/#website\"},\"primaryImageOfPage\":{\"@id\":\"https:\/\/futurecareinc.com\/de\/case-studies\/international-medical-case-management-case-sample\/#primaryimage\"},\"image\":{\"@id\":\"https:\/\/futurecareinc.com\/de\/case-studies\/international-medical-case-management-case-sample\/#primaryimage\"},\"thumbnailUrl\":\"https:\/\/futurecareinc.com\/wp-content\/uploads\/2020\/04\/FutureCare-Case-Studies-Sub-2.jpg\",\"datePublished\":\"2020-04-16T21:59:24+00:00\",\"dateModified\":\"2020-04-22T11:44:54+00:00\",\"breadcrumb\":{\"@id\":\"https:\/\/futurecareinc.com\/de\/case-studies\/international-medical-case-management-case-sample\/#breadcrumb\"},\"inLanguage\":\"de-DE\",\"potentialAction\":[{\"@type\":\"ReadAction\",\"target\":[\"https:\/\/futurecareinc.com\/de\/case-studies\/international-medical-case-management-case-sample\/\"]}]},{\"@type\":\"ImageObject\",\"inLanguage\":\"de-DE\",\"@id\":\"https:\/\/futurecareinc.com\/de\/case-studies\/international-medical-case-management-case-sample\/#primaryimage\",\"url\":\"https:\/\/futurecareinc.com\/wp-content\/uploads\/2020\/04\/FutureCare-Case-Studies-Sub-2.jpg\",\"contentUrl\":\"https:\/\/futurecareinc.com\/wp-content\/uploads\/2020\/04\/FutureCare-Case-Studies-Sub-2.jpg\",\"width\":1200,\"height\":783},{\"@type\":\"BreadcrumbList\",\"@id\":\"https:\/\/futurecareinc.com\/de\/case-studies\/international-medical-case-management-case-sample\/#breadcrumb\",\"itemListElement\":[{\"@type\":\"ListItem\",\"position\":1,\"name\":\"Home\",\"item\":\"https:\/\/futurecareinc.com\/de\/\"},{\"@type\":\"ListItem\",\"position\":2,\"name\":\"Fallstudien\",\"item\":\"https:\/\/futurecareinc.com\/de\/case-studies\/\"},{\"@type\":\"ListItem\",\"position\":3,\"name\":\"International Medical Case Management Case Probe\"}]},{\"@type\":\"WebSite\",\"@id\":\"https:\/\/futurecareinc.com\/#website\",\"url\":\"https:\/\/futurecareinc.com\/\",\"name\":\"MedSea, an International SOS Company\",\"description\":\"Seafarer health is our priority\",\"publisher\":{\"@id\":\"https:\/\/futurecareinc.com\/#organization\"},\"potentialAction\":[{\"@type\":\"SearchAction\",\"target\":{\"@type\":\"EntryPoint\",\"urlTemplate\":\"https:\/\/futurecareinc.com\/?s={search_term_string}\"},\"query-input\":{\"@type\":\"PropertyValueSpecification\",\"valueRequired\":true,\"valueName\":\"search_term_string\"}}],\"inLanguage\":\"de-DE\"},{\"@type\":\"Organization\",\"@id\":\"https:\/\/futurecareinc.com\/#organization\",\"name\":\"MedSea, an International SOS Company\",\"url\":\"https:\/\/futurecareinc.com\/\",\"logo\":{\"@type\":\"ImageObject\",\"inLanguage\":\"de-DE\",\"@id\":\"https:\/\/futurecareinc.com\/#\/schema\/logo\/image\/\",\"url\":\"https:\/\/futurecareinc.com\/wp-content\/uploads\/2020\/04\/MedSea_Logo_2024-scaled.png\",\"contentUrl\":\"https:\/\/futurecareinc.com\/wp-content\/uploads\/2020\/04\/MedSea_Logo_2024-scaled.png\",\"width\":2560,\"height\":1085,\"caption\":\"MedSea, an International SOS Company\"},\"image\":{\"@id\":\"https:\/\/futurecareinc.com\/#\/schema\/logo\/image\/\"}}]}<\/script>\n<!-- \/ Yoast SEO plugin. -->","yoast_head_json":{"title":"International Medical Case Management Case Probe - MedSea, an International SOS Company","robots":{"index":"index","follow":"follow","max-snippet":"max-snippet:-1","max-image-preview":"max-image-preview:large","max-video-preview":"max-video-preview:-1"},"canonical":"https:\/\/futurecareinc.com\/de\/case-studies\/international-medical-case-management-case-sample\/","og_locale":"de_DE","og_type":"article","og_title":"International Medical Case Management Case Probe - MedSea, an International SOS Company","og_description":"Lage: Auf See; Gibraltar und Malaga, Spanien; Zagreb, Kroatien. FallZusammenfassung: Besatzungsmitglied klagte \u00fcber starke Bauchschmerzen auf See und der Kapit\u00e4n kontaktierte Future Care, die Arztberatung bei Sea telemedizinische Behandlung, bis das Schiff Gibraltar erreichte. Future Care ernannte auch einen medizinischen Fallmanager, der die Aufnahme des Besatzungsmitglieds ins Krankenhaus vorbereitete, das Krankenhausbehandlungsteam alarmierte, alle notwendigen Transport- [&hellip;]","og_url":"https:\/\/futurecareinc.com\/de\/case-studies\/international-medical-case-management-case-sample\/","og_site_name":"MedSea, an International SOS Company","article_modified_time":"2020-04-22T11:44:54+00:00","og_image":[{"width":1200,"height":783,"url":"https:\/\/futurecareinc.com\/wp-content\/uploads\/2020\/04\/FutureCare-Case-Studies-Sub-2.jpg","type":"image\/jpeg"}],"twitter_card":"summary_large_image","twitter_misc":{"Gesch\u00e4tzte Lesezeit":"2 Minuten"},"schema":{"@context":"https:\/\/schema.org","@graph":[{"@type":"WebPage","@id":"https:\/\/futurecareinc.com\/de\/case-studies\/international-medical-case-management-case-sample\/","url":"https:\/\/futurecareinc.com\/de\/case-studies\/international-medical-case-management-case-sample\/","name":"International Medical Case Management Case Probe - MedSea, an International SOS Company","isPartOf":{"@id":"https:\/\/futurecareinc.com\/#website"},"primaryImageOfPage":{"@id":"https:\/\/futurecareinc.com\/de\/case-studies\/international-medical-case-management-case-sample\/#primaryimage"},"image":{"@id":"https:\/\/futurecareinc.com\/de\/case-studies\/international-medical-case-management-case-sample\/#primaryimage"},"thumbnailUrl":"https:\/\/futurecareinc.com\/wp-content\/uploads\/2020\/04\/FutureCare-Case-Studies-Sub-2.jpg","datePublished":"2020-04-16T21:59:24+00:00","dateModified":"2020-04-22T11:44:54+00:00","breadcrumb":{"@id":"https:\/\/futurecareinc.com\/de\/case-studies\/international-medical-case-management-case-sample\/#breadcrumb"},"inLanguage":"de-DE","potentialAction":[{"@type":"ReadAction","target":["https:\/\/futurecareinc.com\/de\/case-studies\/international-medical-case-management-case-sample\/"]}]},{"@type":"ImageObject","inLanguage":"de-DE","@id":"https:\/\/futurecareinc.com\/de\/case-studies\/international-medical-case-management-case-sample\/#primaryimage","url":"https:\/\/futurecareinc.com\/wp-content\/uploads\/2020\/04\/FutureCare-Case-Studies-Sub-2.jpg","contentUrl":"https:\/\/futurecareinc.com\/wp-content\/uploads\/2020\/04\/FutureCare-Case-Studies-Sub-2.jpg","width":1200,"height":783},{"@type":"BreadcrumbList","@id":"https:\/\/futurecareinc.com\/de\/case-studies\/international-medical-case-management-case-sample\/#breadcrumb","itemListElement":[{"@type":"ListItem","position":1,"name":"Home","item":"https:\/\/futurecareinc.com\/de\/"},{"@type":"ListItem","position":2,"name":"Fallstudien","item":"https:\/\/futurecareinc.com\/de\/case-studies\/"},{"@type":"ListItem","position":3,"name":"International Medical Case Management Case Probe"}]},{"@type":"WebSite","@id":"https:\/\/futurecareinc.com\/#website","url":"https:\/\/futurecareinc.com\/","name":"MedSea, an International SOS Company","description":"Seafarer health is our priority","publisher":{"@id":"https:\/\/futurecareinc.com\/#organization"},"potentialAction":[{"@type":"SearchAction","target":{"@type":"EntryPoint","urlTemplate":"https:\/\/futurecareinc.com\/?s={search_term_string}"},"query-input":{"@type":"PropertyValueSpecification","valueRequired":true,"valueName":"search_term_string"}}],"inLanguage":"de-DE"},{"@type":"Organization","@id":"https:\/\/futurecareinc.com\/#organization","name":"MedSea, an International SOS Company","url":"https:\/\/futurecareinc.com\/","logo":{"@type":"ImageObject","inLanguage":"de-DE","@id":"https:\/\/futurecareinc.com\/#\/schema\/logo\/image\/","url":"https:\/\/futurecareinc.com\/wp-content\/uploads\/2020\/04\/MedSea_Logo_2024-scaled.png","contentUrl":"https:\/\/futurecareinc.com\/wp-content\/uploads\/2020\/04\/MedSea_Logo_2024-scaled.png","width":2560,"height":1085,"caption":"MedSea, an International SOS Company"},"image":{"@id":"https:\/\/futurecareinc.com\/#\/schema\/logo\/image\/"}}]}},"_links":{"self":[{"href":"https:\/\/futurecareinc.com\/de\/wp-json\/wp\/v2\/pages\/2557","targetHints":{"allow":["GET"]}}],"collection":[{"href":"https:\/\/futurecareinc.com\/de\/wp-json\/wp\/v2\/pages"}],"about":[{"href":"https:\/\/futurecareinc.com\/de\/wp-json\/wp\/v2\/types\/page"}],"author":[{"embeddable":true,"href":"https:\/\/futurecareinc.com\/de\/wp-json\/wp\/v2\/users\/2"}],"replies":[{"embeddable":true,"href":"https:\/\/futurecareinc.com\/de\/wp-json\/wp\/v2\/comments?post=2557"}],"version-history":[{"count":0,"href":"https:\/\/futurecareinc.com\/de\/wp-json\/wp\/v2\/pages\/2557\/revisions"}],"up":[{"embeddable":true,"href":"https:\/\/futurecareinc.com\/de\/wp-json\/wp\/v2\/pages\/2573"}],"wp:featuredmedia":[{"embeddable":true,"href":"https:\/\/futurecareinc.com\/de\/wp-json\/wp\/v2\/media\/2277"}],"wp:attachment":[{"href":"https:\/\/futurecareinc.com\/de\/wp-json\/wp\/v2\/media?parent=2557"}],"curies":[{"name":"wp","href":"https:\/\/api.w.org\/{rel}","templated":true}]}}