{"id":2597,"date":"2020-04-10T03:29:16","date_gmt":"2020-04-10T03:29:16","guid":{"rendered":"https:\/\/futurecareinc.wpengine.com\/compliance-with-the-maritime-labor-convention\/"},"modified":"2020-04-22T11:46:26","modified_gmt":"2020-04-22T11:46:26","slug":"compliance-with-the-maritime-labor-convention","status":"publish","type":"page","link":"https:\/\/futurecareinc.com\/de\/compliance-with-the-maritime-labor-convention\/","title":{"rendered":"Einhaltung der Seearbeitskonvention"},"content":{"rendered":"<p><a href=\"http:\/\/www.mlc2006.com\/the_convention\/title4\/4_1\/?PHPSESSID=80599dcp5pd55adf8l8n44rv21\" target=\"_blank\" rel=\"noopener noreferrer\">Das Seearbeits\u00fcbereinkommen von 2006<\/a>(MLC), das mit Wirkung vom 20. August 2013 in Kraft ist, legt klare Standards f\u00fcr die medizinische Versorgung des Seefahrers sowohl an Bord des Schiffes als auch an Land fest. Titel IV verlangt insbesondere:<\/p>\n<p><\/br><\/p>\n<p><a href=\"https:\/\/futurecareinc.com\/wp-content\/uploads\/2016\/10\/Screen-Shot-2016-11-01-at-4.13.31-PM.png\"><img fetchpriority=\"high\" decoding=\"async\" class=\"size-large wp-image-290 aligncenter\" src=\"https:\/\/futurecareinc.com\/wp-content\/uploads\/2016\/10\/Screen-Shot-2016-11-01-at-4.13.31-PM-1024x455.png\" sizes=\"(max-width: 709px) 85vw, (max-width: 909px) 67vw, (max-width: 1362px) 62vw, 840px\" srcset=\"https:\/\/futurecareinc.com\/wp-content\/uploads\/2016\/10\/Screen-Shot-2016-11-01-at-4.13.31-PM-1024x455.png 1024w, https:\/\/futurecareinc.com\/wp-content\/uploads\/2016\/10\/Screen-Shot-2016-11-01-at-4.13.31-PM-300x133.png 300w, https:\/\/futurecareinc.com\/wp-content\/uploads\/2016\/10\/Screen-Shot-2016-11-01-at-4.13.31-PM-768x342.png 768w, https:\/\/futurecareinc.com\/wp-content\/uploads\/2016\/10\/Screen-Shot-2016-11-01-at-4.13.31-PM-1200x534.png 1200w, https:\/\/futurecareinc.com\/wp-content\/uploads\/2016\/10\/Screen-Shot-2016-11-01-at-4.13.31-PM.png 1484w\" alt=\"Screenshot-2016-11-01-bei-4-13-31-pm\" width=\"840\" height=\"373\"><\/a><\/p>\n<p><\/br><\/p>\n<p>Aus dieser Sprache und dem Gesamttext der Verordnung A4.1 geht hervor, dass die MLC verlangt, dass vor dem Schiff ein proaktiver &#8220;vorab vereinbarter&#8221; medizinischer Plan vorhanden ist. Eine reaktive, frenetische Reaktion auf die medizinische Notfallversorgung der Seeleute reicht nicht mehr aus, wenn es jemals so w\u00e4re. Der heutige Reeder muss vor der Notlage, sondern auch f\u00fcr die allgemeinen Gesundheitsbed\u00fcrfnisse des Seefahrers, an Bord des Schiffes und an Land, zugang zu medizinischem Fachpersonal und Einrichtungen haben.<\/p>\n<p><\/br><\/p>\n<p>Die Registrierung in Future Care es Caring For the Crew\u00ae Programm bietet die Einhaltung dieser und anderer wesentlicher Anforderungen des MLC in Bezug auf die medizinische Versorgung der Besatzung an Bord von Schiffen und an Land. Future Care Physician Advice at Sea bietet eine 24-Stunden-Pr\u00e4senz von niedergelassenen \u00c4rzten, Krankenschwestern und anderen medizinischen Fachkr\u00e4ften f\u00fcr den Seemann an Bord des Schiffes. Unser medizinisches Fallmanagement und unsere Aufsicht w\u00e4hrend der Behandlung an Bord und durch den \u00dcbergang an Land zeigt die Einhaltung des Mandats, &#8220;<em>medizinische Versorgung so vergleichbar wie m\u00f6glich mit der Versorgung, die den Arbeitnehmern an Land allgemein zur Verf\u00fcgung steht.<\/em>&#8221; Unser globales Netzwerk von medizinischen Einrichtungen und Behandlungsanbietern gew\u00e4hrleistet die Einhaltung der MLC-Anforderungen f\u00fcr die landseitige medizinische Behandlung.<\/p>\n<p><\/br><\/p>\n<p>Dar\u00fcber hinaus liefert das speziell entwickelte Wellness-Programm von Future Care die notwendigen Ressourcen, um den Reeder bei der Bereitstellung von<em>&#8220;Pr\u00e4ventivma\u00dfnahmen&#8221;<\/em>zu unterst\u00fctzen, die chronische Erkrankungen an Bord medizinisch angemessen diagnostieren und behandeln.<\/p>\n<p><\/br><\/p>\n<p>Die Zahl der Flaggen- und Hafenstaaten, die das MLC ratifizieren, nimmt weiter zu. Die Durchsetzungsma\u00dfnahmen d\u00fcrften proportional zunehmen. Das \u00ae-Programm von Future Care <em>bietet<\/em>ein praktisches und kosteng\u00fcnstiges Programm, um den Reeder bei der Einhaltung des Buchstabens und des Geistes der MLC Title IV-Verpflichtungen in Bezug auf die medizinische Versorgung der Besatzung an Bord und an Land zu unterst\u00fctzen.<\/p>\n<p><\/br><\/p>\n<p><strong><em>BITTE KONTAKTIEREN SIE UNS F\u00dcR PRICING INFORMATION FOR FUTURE CARE&#8217;S CARING FOR THE CREW PROGRAM, MLC COMPLIANCE OR ANY INDIVIDUAL SERVICE AT <a href=\"mailto:INFO@FUTURECAREINC.COM\">INFO@FUTURECAREINC.COM<\/a><\/em><\/strong><\/p>\n<p><\/br><\/p>\n<p class=\"p1\"><strong>Bitte lesen Sie unsere anderen Dienstleistungen, zusammengefasst auf unserer Seite <a href=\"https:\/\/futurecareinc.com\/caring-for-the-crew-program\/\">Pflege f\u00fcr die Crew\u00ae <\/a>Programm.<\/strong><\/p>\n","protected":false},"excerpt":{"rendered":"<p>Das Seearbeits\u00fcbereinkommen von 2006(MLC), das mit Wirkung vom 20. August 2013 in Kraft ist, legt klare Standards f\u00fcr die medizinische Versorgung des Seefahrers sowohl an Bord des Schiffes als auch an Land fest. Titel IV verlangt insbesondere: Aus dieser Sprache und dem Gesamttext der Verordnung A4.1 geht hervor, dass die MLC verlangt, dass vor dem [&hellip;]<\/p>\n","protected":false},"author":2,"featured_media":2229,"parent":0,"menu_order":0,"comment_status":"closed","ping_status":"closed","template":"","meta":{"footnotes":""},"class_list":["post-2597","page","type-page","status-publish","has-post-thumbnail","hentry"],"yoast_head":"<!-- This site is optimized with the Yoast SEO plugin v27.2 - https:\/\/yoast.com\/product\/yoast-seo-wordpress\/ -->\n<title>Einhaltung der Seearbeitskonvention - MedSea, an International SOS Company<\/title>\n<meta name=\"robots\" content=\"index, follow, max-snippet:-1, max-image-preview:large, max-video-preview:-1\" \/>\n<link rel=\"canonical\" href=\"https:\/\/futurecareinc.com\/de\/compliance-with-the-maritime-labor-convention\/\" \/>\n<meta property=\"og:locale\" content=\"de_DE\" \/>\n<meta property=\"og:type\" content=\"article\" \/>\n<meta property=\"og:title\" content=\"Einhaltung der Seearbeitskonvention - MedSea, an International SOS Company\" \/>\n<meta property=\"og:description\" content=\"Das Seearbeits\u00fcbereinkommen von 2006(MLC), das mit Wirkung vom 20. August 2013 in Kraft ist, legt klare Standards f\u00fcr die medizinische Versorgung des Seefahrers sowohl an Bord des Schiffes als auch an Land fest. Titel IV verlangt insbesondere: Aus dieser Sprache und dem Gesamttext der Verordnung A4.1 geht hervor, dass die MLC verlangt, dass vor dem [&hellip;]\" \/>\n<meta property=\"og:url\" content=\"https:\/\/futurecareinc.com\/de\/compliance-with-the-maritime-labor-convention\/\" \/>\n<meta property=\"og:site_name\" content=\"MedSea, an International SOS Company\" \/>\n<meta property=\"article:modified_time\" content=\"2020-04-22T11:46:26+00:00\" \/>\n<meta property=\"og:image\" content=\"https:\/\/futurecareinc.com\/wp-content\/uploads\/2020\/04\/Compliance-With-The-Maritime-Labor-Convention.jpg\" \/>\n\t<meta property=\"og:image:width\" content=\"1200\" \/>\n\t<meta property=\"og:image:height\" content=\"783\" \/>\n\t<meta property=\"og:image:type\" content=\"image\/jpeg\" \/>\n<meta name=\"twitter:card\" content=\"summary_large_image\" \/>\n<meta name=\"twitter:label1\" content=\"Gesch\u00e4tzte Lesezeit\" \/>\n\t<meta name=\"twitter:data1\" content=\"2 Minuten\" \/>\n<script type=\"application\/ld+json\" class=\"yoast-schema-graph\">{\"@context\":\"https:\/\/schema.org\",\"@graph\":[{\"@type\":\"WebPage\",\"@id\":\"https:\/\/futurecareinc.com\/de\/compliance-with-the-maritime-labor-convention\/\",\"url\":\"https:\/\/futurecareinc.com\/de\/compliance-with-the-maritime-labor-convention\/\",\"name\":\"Einhaltung der Seearbeitskonvention - MedSea, an International SOS Company\",\"isPartOf\":{\"@id\":\"https:\/\/futurecareinc.com\/#website\"},\"primaryImageOfPage\":{\"@id\":\"https:\/\/futurecareinc.com\/de\/compliance-with-the-maritime-labor-convention\/#primaryimage\"},\"image\":{\"@id\":\"https:\/\/futurecareinc.com\/de\/compliance-with-the-maritime-labor-convention\/#primaryimage\"},\"thumbnailUrl\":\"https:\/\/futurecareinc.com\/wp-content\/uploads\/2020\/04\/Compliance-With-The-Maritime-Labor-Convention.jpg\",\"datePublished\":\"2020-04-10T03:29:16+00:00\",\"dateModified\":\"2020-04-22T11:46:26+00:00\",\"breadcrumb\":{\"@id\":\"https:\/\/futurecareinc.com\/de\/compliance-with-the-maritime-labor-convention\/#breadcrumb\"},\"inLanguage\":\"de-DE\",\"potentialAction\":[{\"@type\":\"ReadAction\",\"target\":[\"https:\/\/futurecareinc.com\/de\/compliance-with-the-maritime-labor-convention\/\"]}]},{\"@type\":\"ImageObject\",\"inLanguage\":\"de-DE\",\"@id\":\"https:\/\/futurecareinc.com\/de\/compliance-with-the-maritime-labor-convention\/#primaryimage\",\"url\":\"https:\/\/futurecareinc.com\/wp-content\/uploads\/2020\/04\/Compliance-With-The-Maritime-Labor-Convention.jpg\",\"contentUrl\":\"https:\/\/futurecareinc.com\/wp-content\/uploads\/2020\/04\/Compliance-With-The-Maritime-Labor-Convention.jpg\",\"width\":1200,\"height\":783},{\"@type\":\"BreadcrumbList\",\"@id\":\"https:\/\/futurecareinc.com\/de\/compliance-with-the-maritime-labor-convention\/#breadcrumb\",\"itemListElement\":[{\"@type\":\"ListItem\",\"position\":1,\"name\":\"Home\",\"item\":\"https:\/\/futurecareinc.com\/de\/\"},{\"@type\":\"ListItem\",\"position\":2,\"name\":\"Einhaltung der Seearbeitskonvention\"}]},{\"@type\":\"WebSite\",\"@id\":\"https:\/\/futurecareinc.com\/#website\",\"url\":\"https:\/\/futurecareinc.com\/\",\"name\":\"MedSea, an International SOS Company\",\"description\":\"Seafarer health is our priority\",\"publisher\":{\"@id\":\"https:\/\/futurecareinc.com\/#organization\"},\"potentialAction\":[{\"@type\":\"SearchAction\",\"target\":{\"@type\":\"EntryPoint\",\"urlTemplate\":\"https:\/\/futurecareinc.com\/?s={search_term_string}\"},\"query-input\":{\"@type\":\"PropertyValueSpecification\",\"valueRequired\":true,\"valueName\":\"search_term_string\"}}],\"inLanguage\":\"de-DE\"},{\"@type\":\"Organization\",\"@id\":\"https:\/\/futurecareinc.com\/#organization\",\"name\":\"MedSea, an International SOS Company\",\"url\":\"https:\/\/futurecareinc.com\/\",\"logo\":{\"@type\":\"ImageObject\",\"inLanguage\":\"de-DE\",\"@id\":\"https:\/\/futurecareinc.com\/#\/schema\/logo\/image\/\",\"url\":\"https:\/\/futurecareinc.com\/wp-content\/uploads\/2020\/04\/MedSea_Logo_2024-scaled.png\",\"contentUrl\":\"https:\/\/futurecareinc.com\/wp-content\/uploads\/2020\/04\/MedSea_Logo_2024-scaled.png\",\"width\":2560,\"height\":1085,\"caption\":\"MedSea, an International SOS Company\"},\"image\":{\"@id\":\"https:\/\/futurecareinc.com\/#\/schema\/logo\/image\/\"}}]}<\/script>\n<!-- \/ Yoast SEO plugin. -->","yoast_head_json":{"title":"Einhaltung der Seearbeitskonvention - MedSea, an International SOS Company","robots":{"index":"index","follow":"follow","max-snippet":"max-snippet:-1","max-image-preview":"max-image-preview:large","max-video-preview":"max-video-preview:-1"},"canonical":"https:\/\/futurecareinc.com\/de\/compliance-with-the-maritime-labor-convention\/","og_locale":"de_DE","og_type":"article","og_title":"Einhaltung der Seearbeitskonvention - MedSea, an International SOS Company","og_description":"Das Seearbeits\u00fcbereinkommen von 2006(MLC), das mit Wirkung vom 20. August 2013 in Kraft ist, legt klare Standards f\u00fcr die medizinische Versorgung des Seefahrers sowohl an Bord des Schiffes als auch an Land fest. Titel IV verlangt insbesondere: Aus dieser Sprache und dem Gesamttext der Verordnung A4.1 geht hervor, dass die MLC verlangt, dass vor dem [&hellip;]","og_url":"https:\/\/futurecareinc.com\/de\/compliance-with-the-maritime-labor-convention\/","og_site_name":"MedSea, an International SOS Company","article_modified_time":"2020-04-22T11:46:26+00:00","og_image":[{"width":1200,"height":783,"url":"https:\/\/futurecareinc.com\/wp-content\/uploads\/2020\/04\/Compliance-With-The-Maritime-Labor-Convention.jpg","type":"image\/jpeg"}],"twitter_card":"summary_large_image","twitter_misc":{"Gesch\u00e4tzte Lesezeit":"2 Minuten"},"schema":{"@context":"https:\/\/schema.org","@graph":[{"@type":"WebPage","@id":"https:\/\/futurecareinc.com\/de\/compliance-with-the-maritime-labor-convention\/","url":"https:\/\/futurecareinc.com\/de\/compliance-with-the-maritime-labor-convention\/","name":"Einhaltung der Seearbeitskonvention - MedSea, an International SOS Company","isPartOf":{"@id":"https:\/\/futurecareinc.com\/#website"},"primaryImageOfPage":{"@id":"https:\/\/futurecareinc.com\/de\/compliance-with-the-maritime-labor-convention\/#primaryimage"},"image":{"@id":"https:\/\/futurecareinc.com\/de\/compliance-with-the-maritime-labor-convention\/#primaryimage"},"thumbnailUrl":"https:\/\/futurecareinc.com\/wp-content\/uploads\/2020\/04\/Compliance-With-The-Maritime-Labor-Convention.jpg","datePublished":"2020-04-10T03:29:16+00:00","dateModified":"2020-04-22T11:46:26+00:00","breadcrumb":{"@id":"https:\/\/futurecareinc.com\/de\/compliance-with-the-maritime-labor-convention\/#breadcrumb"},"inLanguage":"de-DE","potentialAction":[{"@type":"ReadAction","target":["https:\/\/futurecareinc.com\/de\/compliance-with-the-maritime-labor-convention\/"]}]},{"@type":"ImageObject","inLanguage":"de-DE","@id":"https:\/\/futurecareinc.com\/de\/compliance-with-the-maritime-labor-convention\/#primaryimage","url":"https:\/\/futurecareinc.com\/wp-content\/uploads\/2020\/04\/Compliance-With-The-Maritime-Labor-Convention.jpg","contentUrl":"https:\/\/futurecareinc.com\/wp-content\/uploads\/2020\/04\/Compliance-With-The-Maritime-Labor-Convention.jpg","width":1200,"height":783},{"@type":"BreadcrumbList","@id":"https:\/\/futurecareinc.com\/de\/compliance-with-the-maritime-labor-convention\/#breadcrumb","itemListElement":[{"@type":"ListItem","position":1,"name":"Home","item":"https:\/\/futurecareinc.com\/de\/"},{"@type":"ListItem","position":2,"name":"Einhaltung der Seearbeitskonvention"}]},{"@type":"WebSite","@id":"https:\/\/futurecareinc.com\/#website","url":"https:\/\/futurecareinc.com\/","name":"MedSea, an International SOS Company","description":"Seafarer health is our priority","publisher":{"@id":"https:\/\/futurecareinc.com\/#organization"},"potentialAction":[{"@type":"SearchAction","target":{"@type":"EntryPoint","urlTemplate":"https:\/\/futurecareinc.com\/?s={search_term_string}"},"query-input":{"@type":"PropertyValueSpecification","valueRequired":true,"valueName":"search_term_string"}}],"inLanguage":"de-DE"},{"@type":"Organization","@id":"https:\/\/futurecareinc.com\/#organization","name":"MedSea, an International SOS Company","url":"https:\/\/futurecareinc.com\/","logo":{"@type":"ImageObject","inLanguage":"de-DE","@id":"https:\/\/futurecareinc.com\/#\/schema\/logo\/image\/","url":"https:\/\/futurecareinc.com\/wp-content\/uploads\/2020\/04\/MedSea_Logo_2024-scaled.png","contentUrl":"https:\/\/futurecareinc.com\/wp-content\/uploads\/2020\/04\/MedSea_Logo_2024-scaled.png","width":2560,"height":1085,"caption":"MedSea, an International SOS Company"},"image":{"@id":"https:\/\/futurecareinc.com\/#\/schema\/logo\/image\/"}}]}},"_links":{"self":[{"href":"https:\/\/futurecareinc.com\/de\/wp-json\/wp\/v2\/pages\/2597","targetHints":{"allow":["GET"]}}],"collection":[{"href":"https:\/\/futurecareinc.com\/de\/wp-json\/wp\/v2\/pages"}],"about":[{"href":"https:\/\/futurecareinc.com\/de\/wp-json\/wp\/v2\/types\/page"}],"author":[{"embeddable":true,"href":"https:\/\/futurecareinc.com\/de\/wp-json\/wp\/v2\/users\/2"}],"replies":[{"embeddable":true,"href":"https:\/\/futurecareinc.com\/de\/wp-json\/wp\/v2\/comments?post=2597"}],"version-history":[{"count":0,"href":"https:\/\/futurecareinc.com\/de\/wp-json\/wp\/v2\/pages\/2597\/revisions"}],"wp:featuredmedia":[{"embeddable":true,"href":"https:\/\/futurecareinc.com\/de\/wp-json\/wp\/v2\/media\/2229"}],"wp:attachment":[{"href":"https:\/\/futurecareinc.com\/de\/wp-json\/wp\/v2\/media?parent=2597"}],"curies":[{"name":"wp","href":"https:\/\/api.w.org\/{rel}","templated":true}]}}