{"id":2608,"date":"2020-04-10T03:28:33","date_gmt":"2020-04-10T03:28:33","guid":{"rendered":"https:\/\/futurecareinc.wpengine.com\/caring-for-the-yacht-crew-and-passenger-program\/"},"modified":"2020-04-22T11:46:40","modified_gmt":"2020-04-22T11:46:40","slug":"caring-for-the-yacht-crew-and-passenger-program","status":"publish","type":"page","link":"https:\/\/futurecareinc.com\/de\/caring-for-the-yacht-crew-and-passenger-program\/","title":{"rendered":"Pflege des Yacht Crew and Passenger Programms"},"content":{"rendered":"<h3><strong><em>Future Care es Caring f\u00fcr das Yacht Crew and Passenger Program<\/em><\/strong><\/h3>\n<p><\/br><\/p>\n<p>Future Care es <strong><br \/>\n  <em>Caring for the Yacht Crew and Passenger Program<\/em><br \/>\n<\/strong> ist eine spezialisierte Suite von Dienstleistungen, die speziell f\u00fcr die Verwaltung der medizinischen und gesundheitsmedizinischen Bed\u00fcrfnisse der Besatzung und der Passagiere des Yachtbesitzers entwickelt wurden. Unser Programm f\u00fcr die Betreuung der Yachtcrew und der Passagier umfasst viele der medizinischen Management-Dienstleistungen, die in unserem <a href=\"https:\/\/futurecareinc.com\/caring-for-the-crew-program\/\">kommerziellen Programm<\/a>angeboten werden, wie unsere \u00c4rztliche Beratung bei Sea Service, Zugang zu unserem globalen Krankenhaus-\/Arztnetzwerk, medizinisches Fallmanagement und medizinische Kostend\u00e4mpfung.<\/p>\n<p><\/br><\/p>\n<p>Das Care-Programm F\u00fcrsorglich f\u00fcr die Yacht Crew und den Passagier von Future Care bietet sowohl eine prim\u00e4re als auch eine sekund\u00e4re Gesundheitsversorgung f\u00fcr die Crew und die Passagiere des Yachtbesitzers. Unser speziell zugeschnittenes Programm bietet dem Yachtbesitzer absolute Ruhe in Bezug auf die Notfall- und Routine-Medizinbed\u00fcrfnisse derer, f\u00fcr die er verantwortlich ist, und bietet eine zentrale, vollst\u00e4ndige medizinische Managementplan f\u00fcr seine oder ihre Besatzung und Passagiere weltweit.<\/p>\n<p><\/br><\/p>\n<h3><strong><em>First Response Contact Center<\/em><\/strong><\/h3>\n<p><\/br><\/p>\n<p>F\u00fcr Yachtbetreiber, die an unserem Caring for the Crew and Passenger-Programm teilnehmen, wird in einer einfachen E-Mail-Nachricht an unser 24\/7 Contact Center ein medizinisch geschulter Ersthelfer engagiert, der die Details erh\u00e4lt und eine erste Entscheidung \u00fcber die Behandlung trifft und ob eine \u00c4rztliche oder \u00e4rztliche \u00dcberpr\u00fcfung erforderlich ist. Je nach den Umst\u00e4nden werden wir uns umgehend an den zust\u00e4ndigen Netzwerkbehandlungsanbieter wenden und die direkte Kommunikation mit dem Schiffspersonal zur Diagnose und Behandlung arrangieren.<\/p>\n<p><\/br><\/p>\n<h3><strong><em>Future Care es Physician Advice at Sea Program<\/em><\/strong><\/h3>\n<p><\/br><\/p>\n<p>Das telemedizinische Programm von Future Care f\u00fcr Yachtbesitzer, Physician Advice at Sea, basiert auf der \u00fcber 30-j\u00e4hrigen Erfahrung des Unternehmens im Gesundheitswesen und 18 Jahren bei der Formulierung medizinischer Managementprotokolle, die speziell f\u00fcr die besonderen Bed\u00fcrfnisse der maritimen Gemeinschaft entwickelt wurden. Unser globales Netzwerk von \u00c4rzten und anderen Behandlungsanbietern ist Experte f\u00fcr die Bewertung von Verletzungen und Krankheiten an Bord. Sie sind geschickt bei der Feststellung, ob die Behandlung an Bord ausreichend ist und mit der h\u00f6chsten Qualit\u00e4tsversorgung im Einklang steht, die notwendig ist, oder ob eine landgest\u00fctzte Behandlung und\/oder Notfallevakuierung oder Abweichung erforderlich ist. Future Care bietet Fach\u00e4rzte in einer Vielzahl von Disziplinen, darunter Kardiologen, Orthop\u00e4den und Taucherholung, um nur einige zu nennen.<\/p>\n<p><\/br><\/p>\n<p>Das Future Care es Physician Advice at Sea Programm spart dem Yachtbesitzer Geld durch sofortige medizinische Diagnose und Behandlung. Die Behandlung von Verletzungen oder Krankheiten an Bord kann die Erholungszeit verk\u00fcrzen, die Notwendigkeit einer Behandlung an landseitigen Ufern verschieben oder eliminieren und kostspielige und unn\u00f6tige Abweichungen oder Notfallevakuierungen vermeiden, wenn dies medizinisch angemessen ist.<\/p>\n<p><\/br><\/p>\n<p>Das Programm &#8220;Physician Advice at Sea&#8221; von Future Care reduziert die Gesamtkosten des Yachtbesitzers f\u00fcr medizinische Anspr\u00fcche, sowohl unterhalb als auch oberhalb des Versicherungsabzugs. Durch die Verbesserung der Geschwindigkeit und Qualit\u00e4t der medizinischen Versorgung der Besatzung und der Passagiere reduziert das telemedizinische Programm von Future Care auch kostspielige Rechtsstreitigkeiten.<\/p>\n<p><\/br><\/p>\n<h3><strong><em>Global Hospital \/ Physicians Network f\u00fcr den Yachtbesitzer<\/em><\/strong><\/h3>\n<p><\/br><\/p>\n<p>Die mehr als 18-j\u00e4hrige Erfahrung von Future Care in der verwalteten Gesundheitsversorgung f\u00fcr die Crew und die Passagiere des Yachtbesitzers hat es uns erm\u00f6glicht, unser erstklassiges propriet\u00e4res Netzwerk aus Krankenh\u00e4usern, Behandlungseinrichtungen, \u00c4rzten und anderen medizinischen Anbietern aufzubauen. Wir haben Netzwerk\u00e4rzte und Behandlungszentren in vielen der gro\u00dfen Yachth\u00e4fen in den Vereinigten Staaten, der Karibik, S\u00fcdamerika und Europa, unter anderem. Wir k\u00f6nnen ein medizinisches Netzwerk f\u00fcr den Yachteigner anpassen, dessen Schiff regelm\u00e4\u00dfig an bestimmten H\u00e4fen anruft oder an exotischen oder abgelegenen H\u00e4fen anruft.<\/p>\n<p><\/br><\/p>\n<p>In den Vereinigten Staaten, mit den wahrscheinlich h\u00f6chsten Raten f\u00fcr medizinische Dienstleistungen in der Welt, bieten wir Zugang, wie verf\u00fcgbar, zu Preferred Provider Organization (&#8220;PPO&#8221;) Netzwerkeinrichtungen zu deutlich reduzierten S\u00e4tzen, vergleichbar mit denen, die von den gro\u00dfen US-Krankenversicherern bezahlt werden, und bieten der Besatzung des Yachtbesitzers und Passagieren eine virtuelle US-Gesundheitsversicherung.<\/p>\n<p><\/br><\/p>\n<h3><strong><em>MLC Title IV Compliance f\u00fcr den Yachtbesitzer<\/em><\/strong><\/h3>\n<p><\/br><\/p>\n<p>Das Seearbeits\u00fcbereinkommen von 2006, Titel IV, das im August 2013 in Kraft trat, gilt f\u00fcr alle Schiffe, ob in \u00f6ffentlichem oder privatem Besitz, die normalerweise im Kommerziellen t\u00e4tig sind. Diese Definition umfasst Yachten mit mehr als 500 BRT. Die MLC verlangt, dass der \u00fcberdachte Yachtbesitzer seine Crew mit einer Gesundheitsversorgung versorgt, die mit der von den Landarbeitern vergleichbar ist. Yachten unterliegen unter anderem der Inspektion durch Hafenstaat-, Flaggen- und Klassifikationsgesellschaftsinspektoren.<\/p>\n<p><\/br><\/p>\n<p>Das Care-Programm F\u00fcrsorglich f\u00fcr die Yacht Crew und den Passagier von Future Care unterst\u00fctzt den Yachtbesitzer bei der Erf\u00fcllung medizinischer und gesundheitsmedizinischer Verpflichtungen gegen\u00fcber der Besatzung im Rahmen des MLC. Die langj\u00e4hrige Erfahrung von Future Care im medizinischen Fallmanagement f\u00fcr den Yachtbesitzer qualifiziert uns auf einzigartige Weise f\u00fcr die Schulung f\u00fcr den Titel IV Compliance der Maritime Labour Convention (MLC), einschlie\u00dflich Schulungsunterst\u00fctzung f\u00fcr Schiffs- und\/oder K\u00fcstenpersonal und der manuellen \u00dcberpr\u00fcfung des Yachtkapit\u00e4ns von Future Care. Sowohl Remote- als auch Vor-Ort-Schulungen sind verf\u00fcgbar.<\/p>\n<p><\/br><\/p>\n<p>Eine ausf\u00fchrlichere Diskussion \u00fcber die Synergie zwischen den Programmen von Future Care und Titel IV der Maritime Labour Convention finden Sie auf unserer Webseite &#8220;<a href=\"https:\/\/futurecareinc.com\/compliance-with-the-maritime-labour-convention\/\"><br \/>\n  <strong>Future Care and the Maritime Labour Convention<\/strong><br \/>\n<\/a>&#8221; .<\/p>\n<p><\/br><\/p>\n<h3><strong><em>Zus\u00e4tzliche Pflege der Yacht Crew und Passagierprogramm Dienstleistungen<\/em><\/strong><\/h3>\n<p><\/br><\/p>\n<p>Weitere Zuk\u00fcnftige Pflegeleistungen f\u00fcr den Yachtbesitzer umfassen unter anderem das medizinische Fallmanagement und die Eind\u00e4mmung der medizinischen Kosten.<strong> <\/strong><\/p>\n<p><\/br><\/p>\n<p><strong>Bitte wenden Sie sich an <a href=\"mailto:info@futurecareinc.com\">info@futurecareinc.com,<\/a> wenn Sie mehr \u00fcber Future Cares Pflege f\u00fcr das Yacht Crew and Passenger Programm und\/oder unsere anderen medizinischen Management-Dienstleistungen erfahren m\u00f6chten. <\/strong><\/p>\n<p><\/br><\/p>\n<p><strong>Bitte lesen Sie unsere anderen Dienstleistungen, zusammengefasst auf unserer Seite <a href=\"https:\/\/futurecareinc.com\/caring-for-the-crew-program\/\">Pflege f\u00fcr die Crew\u00ae <\/a>Programm.<\/strong><\/p>\n","protected":false},"excerpt":{"rendered":"<p>Future Care es Caring f\u00fcr das Yacht Crew and Passenger Program Future Care es Caring for the Yacht Crew and Passenger Program ist eine spezialisierte Suite von Dienstleistungen, die speziell f\u00fcr die Verwaltung der medizinischen und gesundheitsmedizinischen Bed\u00fcrfnisse der Besatzung und der Passagiere des Yachtbesitzers entwickelt wurden. Unser Programm f\u00fcr die Betreuung der Yachtcrew und [&hellip;]<\/p>\n","protected":false},"author":2,"featured_media":2253,"parent":0,"menu_order":0,"comment_status":"closed","ping_status":"closed","template":"","meta":{"footnotes":""},"class_list":["post-2608","page","type-page","status-publish","has-post-thumbnail","hentry"],"yoast_head":"<!-- This site is optimized with the Yoast SEO plugin v27.2 - https:\/\/yoast.com\/product\/yoast-seo-wordpress\/ -->\n<title>Pflege des Yacht Crew and Passenger Programms - MedSea, an International SOS Company<\/title>\n<meta name=\"robots\" content=\"index, follow, max-snippet:-1, max-image-preview:large, max-video-preview:-1\" \/>\n<link rel=\"canonical\" href=\"https:\/\/futurecareinc.com\/de\/caring-for-the-yacht-crew-and-passenger-program\/\" \/>\n<meta property=\"og:locale\" content=\"de_DE\" \/>\n<meta property=\"og:type\" content=\"article\" \/>\n<meta property=\"og:title\" content=\"Pflege des Yacht Crew and Passenger Programms - MedSea, an International SOS Company\" \/>\n<meta property=\"og:description\" content=\"Future Care es Caring f\u00fcr das Yacht Crew and Passenger Program Future Care es Caring for the Yacht Crew and Passenger Program ist eine spezialisierte Suite von Dienstleistungen, die speziell f\u00fcr die Verwaltung der medizinischen und gesundheitsmedizinischen Bed\u00fcrfnisse der Besatzung und der Passagiere des Yachtbesitzers entwickelt wurden. Unser Programm f\u00fcr die Betreuung der Yachtcrew und [&hellip;]\" \/>\n<meta property=\"og:url\" content=\"https:\/\/futurecareinc.com\/de\/caring-for-the-yacht-crew-and-passenger-program\/\" \/>\n<meta property=\"og:site_name\" content=\"MedSea, an International SOS Company\" \/>\n<meta property=\"article:modified_time\" content=\"2020-04-22T11:46:40+00:00\" \/>\n<meta property=\"og:image\" content=\"https:\/\/futurecareinc.com\/wp-content\/uploads\/2020\/04\/Caring-For-The-Yacht-Crew-And-Passenger-Program.jpg\" \/>\n\t<meta property=\"og:image:width\" content=\"1200\" \/>\n\t<meta property=\"og:image:height\" content=\"783\" \/>\n\t<meta property=\"og:image:type\" content=\"image\/jpeg\" \/>\n<meta name=\"twitter:card\" content=\"summary_large_image\" \/>\n<meta name=\"twitter:label1\" content=\"Gesch\u00e4tzte Lesezeit\" \/>\n\t<meta name=\"twitter:data1\" content=\"5 Minuten\" \/>\n<script type=\"application\/ld+json\" class=\"yoast-schema-graph\">{\"@context\":\"https:\/\/schema.org\",\"@graph\":[{\"@type\":\"WebPage\",\"@id\":\"https:\/\/futurecareinc.com\/de\/caring-for-the-yacht-crew-and-passenger-program\/\",\"url\":\"https:\/\/futurecareinc.com\/de\/caring-for-the-yacht-crew-and-passenger-program\/\",\"name\":\"Pflege des Yacht Crew and Passenger Programms - MedSea, an International SOS Company\",\"isPartOf\":{\"@id\":\"https:\/\/futurecareinc.com\/#website\"},\"primaryImageOfPage\":{\"@id\":\"https:\/\/futurecareinc.com\/de\/caring-for-the-yacht-crew-and-passenger-program\/#primaryimage\"},\"image\":{\"@id\":\"https:\/\/futurecareinc.com\/de\/caring-for-the-yacht-crew-and-passenger-program\/#primaryimage\"},\"thumbnailUrl\":\"https:\/\/futurecareinc.com\/wp-content\/uploads\/2020\/04\/Caring-For-The-Yacht-Crew-And-Passenger-Program.jpg\",\"datePublished\":\"2020-04-10T03:28:33+00:00\",\"dateModified\":\"2020-04-22T11:46:40+00:00\",\"breadcrumb\":{\"@id\":\"https:\/\/futurecareinc.com\/de\/caring-for-the-yacht-crew-and-passenger-program\/#breadcrumb\"},\"inLanguage\":\"de-DE\",\"potentialAction\":[{\"@type\":\"ReadAction\",\"target\":[\"https:\/\/futurecareinc.com\/de\/caring-for-the-yacht-crew-and-passenger-program\/\"]}]},{\"@type\":\"ImageObject\",\"inLanguage\":\"de-DE\",\"@id\":\"https:\/\/futurecareinc.com\/de\/caring-for-the-yacht-crew-and-passenger-program\/#primaryimage\",\"url\":\"https:\/\/futurecareinc.com\/wp-content\/uploads\/2020\/04\/Caring-For-The-Yacht-Crew-And-Passenger-Program.jpg\",\"contentUrl\":\"https:\/\/futurecareinc.com\/wp-content\/uploads\/2020\/04\/Caring-For-The-Yacht-Crew-And-Passenger-Program.jpg\",\"width\":1200,\"height\":783},{\"@type\":\"BreadcrumbList\",\"@id\":\"https:\/\/futurecareinc.com\/de\/caring-for-the-yacht-crew-and-passenger-program\/#breadcrumb\",\"itemListElement\":[{\"@type\":\"ListItem\",\"position\":1,\"name\":\"Home\",\"item\":\"https:\/\/futurecareinc.com\/de\/\"},{\"@type\":\"ListItem\",\"position\":2,\"name\":\"Pflege des Yacht Crew and Passenger Programms\"}]},{\"@type\":\"WebSite\",\"@id\":\"https:\/\/futurecareinc.com\/#website\",\"url\":\"https:\/\/futurecareinc.com\/\",\"name\":\"MedSea, an International SOS Company\",\"description\":\"Seafarer health is our priority\",\"publisher\":{\"@id\":\"https:\/\/futurecareinc.com\/#organization\"},\"potentialAction\":[{\"@type\":\"SearchAction\",\"target\":{\"@type\":\"EntryPoint\",\"urlTemplate\":\"https:\/\/futurecareinc.com\/?s={search_term_string}\"},\"query-input\":{\"@type\":\"PropertyValueSpecification\",\"valueRequired\":true,\"valueName\":\"search_term_string\"}}],\"inLanguage\":\"de-DE\"},{\"@type\":\"Organization\",\"@id\":\"https:\/\/futurecareinc.com\/#organization\",\"name\":\"MedSea, an International SOS Company\",\"url\":\"https:\/\/futurecareinc.com\/\",\"logo\":{\"@type\":\"ImageObject\",\"inLanguage\":\"de-DE\",\"@id\":\"https:\/\/futurecareinc.com\/#\/schema\/logo\/image\/\",\"url\":\"https:\/\/futurecareinc.com\/wp-content\/uploads\/2020\/04\/MedSea_Logo_2024-scaled.png\",\"contentUrl\":\"https:\/\/futurecareinc.com\/wp-content\/uploads\/2020\/04\/MedSea_Logo_2024-scaled.png\",\"width\":2560,\"height\":1085,\"caption\":\"MedSea, an International SOS Company\"},\"image\":{\"@id\":\"https:\/\/futurecareinc.com\/#\/schema\/logo\/image\/\"}}]}<\/script>\n<!-- \/ Yoast SEO plugin. -->","yoast_head_json":{"title":"Pflege des Yacht Crew and Passenger Programms - MedSea, an International SOS Company","robots":{"index":"index","follow":"follow","max-snippet":"max-snippet:-1","max-image-preview":"max-image-preview:large","max-video-preview":"max-video-preview:-1"},"canonical":"https:\/\/futurecareinc.com\/de\/caring-for-the-yacht-crew-and-passenger-program\/","og_locale":"de_DE","og_type":"article","og_title":"Pflege des Yacht Crew and Passenger Programms - MedSea, an International SOS Company","og_description":"Future Care es Caring f\u00fcr das Yacht Crew and Passenger Program Future Care es Caring for the Yacht Crew and Passenger Program ist eine spezialisierte Suite von Dienstleistungen, die speziell f\u00fcr die Verwaltung der medizinischen und gesundheitsmedizinischen Bed\u00fcrfnisse der Besatzung und der Passagiere des Yachtbesitzers entwickelt wurden. Unser Programm f\u00fcr die Betreuung der Yachtcrew und [&hellip;]","og_url":"https:\/\/futurecareinc.com\/de\/caring-for-the-yacht-crew-and-passenger-program\/","og_site_name":"MedSea, an International SOS Company","article_modified_time":"2020-04-22T11:46:40+00:00","og_image":[{"width":1200,"height":783,"url":"https:\/\/futurecareinc.com\/wp-content\/uploads\/2020\/04\/Caring-For-The-Yacht-Crew-And-Passenger-Program.jpg","type":"image\/jpeg"}],"twitter_card":"summary_large_image","twitter_misc":{"Gesch\u00e4tzte Lesezeit":"5 Minuten"},"schema":{"@context":"https:\/\/schema.org","@graph":[{"@type":"WebPage","@id":"https:\/\/futurecareinc.com\/de\/caring-for-the-yacht-crew-and-passenger-program\/","url":"https:\/\/futurecareinc.com\/de\/caring-for-the-yacht-crew-and-passenger-program\/","name":"Pflege des Yacht Crew and Passenger Programms - MedSea, an International SOS Company","isPartOf":{"@id":"https:\/\/futurecareinc.com\/#website"},"primaryImageOfPage":{"@id":"https:\/\/futurecareinc.com\/de\/caring-for-the-yacht-crew-and-passenger-program\/#primaryimage"},"image":{"@id":"https:\/\/futurecareinc.com\/de\/caring-for-the-yacht-crew-and-passenger-program\/#primaryimage"},"thumbnailUrl":"https:\/\/futurecareinc.com\/wp-content\/uploads\/2020\/04\/Caring-For-The-Yacht-Crew-And-Passenger-Program.jpg","datePublished":"2020-04-10T03:28:33+00:00","dateModified":"2020-04-22T11:46:40+00:00","breadcrumb":{"@id":"https:\/\/futurecareinc.com\/de\/caring-for-the-yacht-crew-and-passenger-program\/#breadcrumb"},"inLanguage":"de-DE","potentialAction":[{"@type":"ReadAction","target":["https:\/\/futurecareinc.com\/de\/caring-for-the-yacht-crew-and-passenger-program\/"]}]},{"@type":"ImageObject","inLanguage":"de-DE","@id":"https:\/\/futurecareinc.com\/de\/caring-for-the-yacht-crew-and-passenger-program\/#primaryimage","url":"https:\/\/futurecareinc.com\/wp-content\/uploads\/2020\/04\/Caring-For-The-Yacht-Crew-And-Passenger-Program.jpg","contentUrl":"https:\/\/futurecareinc.com\/wp-content\/uploads\/2020\/04\/Caring-For-The-Yacht-Crew-And-Passenger-Program.jpg","width":1200,"height":783},{"@type":"BreadcrumbList","@id":"https:\/\/futurecareinc.com\/de\/caring-for-the-yacht-crew-and-passenger-program\/#breadcrumb","itemListElement":[{"@type":"ListItem","position":1,"name":"Home","item":"https:\/\/futurecareinc.com\/de\/"},{"@type":"ListItem","position":2,"name":"Pflege des Yacht Crew and Passenger Programms"}]},{"@type":"WebSite","@id":"https:\/\/futurecareinc.com\/#website","url":"https:\/\/futurecareinc.com\/","name":"MedSea, an International SOS Company","description":"Seafarer health is our priority","publisher":{"@id":"https:\/\/futurecareinc.com\/#organization"},"potentialAction":[{"@type":"SearchAction","target":{"@type":"EntryPoint","urlTemplate":"https:\/\/futurecareinc.com\/?s={search_term_string}"},"query-input":{"@type":"PropertyValueSpecification","valueRequired":true,"valueName":"search_term_string"}}],"inLanguage":"de-DE"},{"@type":"Organization","@id":"https:\/\/futurecareinc.com\/#organization","name":"MedSea, an International SOS Company","url":"https:\/\/futurecareinc.com\/","logo":{"@type":"ImageObject","inLanguage":"de-DE","@id":"https:\/\/futurecareinc.com\/#\/schema\/logo\/image\/","url":"https:\/\/futurecareinc.com\/wp-content\/uploads\/2020\/04\/MedSea_Logo_2024-scaled.png","contentUrl":"https:\/\/futurecareinc.com\/wp-content\/uploads\/2020\/04\/MedSea_Logo_2024-scaled.png","width":2560,"height":1085,"caption":"MedSea, an International SOS Company"},"image":{"@id":"https:\/\/futurecareinc.com\/#\/schema\/logo\/image\/"}}]}},"_links":{"self":[{"href":"https:\/\/futurecareinc.com\/de\/wp-json\/wp\/v2\/pages\/2608","targetHints":{"allow":["GET"]}}],"collection":[{"href":"https:\/\/futurecareinc.com\/de\/wp-json\/wp\/v2\/pages"}],"about":[{"href":"https:\/\/futurecareinc.com\/de\/wp-json\/wp\/v2\/types\/page"}],"author":[{"embeddable":true,"href":"https:\/\/futurecareinc.com\/de\/wp-json\/wp\/v2\/users\/2"}],"replies":[{"embeddable":true,"href":"https:\/\/futurecareinc.com\/de\/wp-json\/wp\/v2\/comments?post=2608"}],"version-history":[{"count":0,"href":"https:\/\/futurecareinc.com\/de\/wp-json\/wp\/v2\/pages\/2608\/revisions"}],"wp:featuredmedia":[{"embeddable":true,"href":"https:\/\/futurecareinc.com\/de\/wp-json\/wp\/v2\/media\/2253"}],"wp:attachment":[{"href":"https:\/\/futurecareinc.com\/de\/wp-json\/wp\/v2\/media?parent=2608"}],"curies":[{"name":"wp","href":"https:\/\/api.w.org\/{rel}","templated":true}]}}