{"id":2624,"date":"2020-04-10T03:27:24","date_gmt":"2020-04-10T03:27:24","guid":{"rendered":"https:\/\/futurecareinc.wpengine.com\/eu-gdpr\/"},"modified":"2020-04-22T11:47:39","modified_gmt":"2020-04-22T11:47:39","slug":"eu-gdpr","status":"publish","type":"page","link":"https:\/\/futurecareinc.com\/de\/eu-gdpr\/","title":{"rendered":"DSGVO der EU"},"content":{"rendered":"<p>Future Care ist als aktives Mitglied des US Privacy Shield bei <a href=\"http:\/\/www.privacyshield.gov\/list\">www.privacyshield.gov\/list<\/a>gelistet.<\/p>\n<p><\/br><\/p>\n<p><strong>Privacy Shield-Richtlinie von Future Care<\/strong><\/p>\n<p><\/br><\/p>\n<p>\u00fcberblick<\/p>\n<p><\/br><\/p>\n<p>Future Care respektiert die Vertraulichkeit und Privatsph\u00e4re unserer Kunden, ihrer Crewmitglieder, unserer Mitarbeiter und anderer, mit denen wir Gesch\u00e4fte machen.<\/p>\n<p><\/br><\/p>\n<p>Future Care und seine tochternahe Tochtergesellschaft MedSea USA Inc. erf\u00fcllen das EU-US Privacy Shield Framework, wie es vom US-Handelsministerium in Bezug auf die Erhebung, Nutzung und Speicherung von personenbezogenen Daten, die aus der Europ\u00e4ischen Union in die Vereinigten Staaten \u00fcbermittelt wurden, festgelegt hat. Future Care hat dem Handelsministerium bescheinigt, dass es die Privacy Shield-Prinzipien einh\u00e4lt. Wenn ein Konflikt zwischen den Bedingungen dieser Datenschutzrichtlinie und den Privacy Shield-Prinzipien besteht, gelten die Grunds\u00e4tze des Datenschutzschilds. Weitere Informationen zum Privacy Shield-Programm und unsere Zertifizierung finden Sie unter <a href=\"https:\/\/www.privacyshield.gov\/\">https:\/\/www.privacyshield.gov\/<\/a><\/p>\n<p><\/br><\/p>\n<p>Diese Datenschutzrichtlinie gilt f\u00fcr personenbezogene Daten im Rahmen der Privacy Shield-Zertifizierung von Future Care, die die folgenden Kategorien von Informationen abdeckt:<\/p>\n<p><\/br><\/p>\n<p>Pers\u00f6nliche Informationen \u00fcber aktuelle, ehemalige und zuk\u00fcnftige Kunden und deren Mitarbeiter oder andere zum Zwecke der Erbringung von Future Care-Dienstleistungen, der Aufrechterhaltung laufender Beziehungen und der Durchf\u00fchrung von Gesch\u00e4ftsentwicklungsaktivit\u00e4ten.<\/p>\n<p><\/br><\/p>\n<p>Personenbezogene Daten \u00fcber unsere Dritten (z. B. Anbieter, Dienstleister usw.) und deren Personal zum Zwecke der Verwaltung und Verwaltung der Gesch\u00e4ftsbeziehungen von Future Care mit diesen Dritten.<\/p>\n<p><\/br><\/p>\n<p>Dar\u00fcber hinaus kann Future Care von Zeit zu Zeit personenbezogene Daten von der \u00d6ffentlichkeit sammeln, um Anfragen zu beantworten oder angeforderte Informationen bereitzustellen.<\/p>\n<p><\/br><\/p>\n<p>F\u00fcr die Zwecke dieser Datenschutzrichtlinie sind &#8220;personenbezogene Daten&#8221; Informationen, die sich auf eine bestimmte Person beziehen oder sich auf diese Person beziehen und direkt oder indirekt mit dieser Person verkn\u00fcpft werden k\u00f6nnen. Dar\u00fcber hinaus k\u00f6nnen bestimmte personenbezogene Daten, die unter die Privacy Shield-Zertifizierung von Future Care fallen, spezifischeren Datenschutzrichtlinien von Future Care unterliegen, die auch mit den Anforderungen der Grunds\u00e4tze im Einklang stehen, und im Falle eines Konflikts zwischen diesen Richtlinien und den Grunds\u00e4tzen werden die Grunds\u00e4tze die Kontrolle dar\u00fcber haben.<\/p>\n<p><\/br><\/p>\n<p>Zum Beispiel:<\/p>\n<p><\/br><\/p>\n<p>Personenbezogene Daten, die von Oder in Bezug auf Kunden oder ehemalige Kunden erhalten werden, unterliegen ferner den Bedingungen einer spezifischen Datenschutzerkl\u00e4rung, die dem Kunden zur Verf\u00fcgung gestellt wird, allen vertraglichen Vereinbarungen mit dem Kunden und den anwendbaren Gesetzen und professionellen Standards.<\/p>\n<p><\/br><\/p>\n<p>Individuelle Mitteilung und Auswahl<\/p>\n<p><\/br><\/p>\n<p>Wir erfassen und verarbeiten personenbezogene Daten von bestimmten Personen und f\u00fcr die in dieser Datenschutzrichtlinie beschriebenen Zwecke. Personenbezogene Daten, die unter diese Datenschutzschildrichtlinie fallen, werden nur im Rahmen der Grunds\u00e4tze erhoben und verarbeitet.<\/p>\n<p><\/br><\/p>\n<p>Personen \u00fcber die von ihnen erfassten personenbezogenen Daten und dar\u00fcber, wie diese Informationen verwendet werden, k\u00f6nnen \u00fcber diese Datenschutzschildrichtlinie, andere Mitteilungen der Future Care-Website oder andere direkte Formen der Kommunikation mit geeigneten Parteien, wie Vertr\u00e4ge oder Vereinbarungen, bereitgestellt werden. Gegebenenfalls kann die Zustimmung zur Erhebung, Nutzung und\/oder Weitergabe personenbezogener Daten auch \u00fcber dieselben Kommunikationsmittel (einschlie\u00dflich der Opt-in-Zustimmung f\u00fcr sensible personenbezogene Daten) eingeholt werden.<\/p>\n<p><\/br><\/p>\n<p>Offenlegungen &amp; Rechenschaftspflicht f\u00fcr Weiter\u00fcberweisungen<\/p>\n<p><\/br><\/p>\n<p>Gem\u00e4\u00df den Grunds\u00e4tzen kann Future Care personenbezogene Daten an Dritte \u00fcbertragen, einschlie\u00dflich \u00dcbertragungen von einem Land in ein anderes. Wir geben die nicht \u00f6ffentlichen personenbezogenen Daten einer Person nur unter einer oder mehreren der folgenden Bedingungen an Dritte weiter:<\/p>\n<p><\/br><\/p>\n<p>Die Weitergabe erfolgt an Dritte, die Dienstleistungen f\u00fcr Future Care oder f\u00fcr die Person im Zusammenhang mit dem Betrieb unseres Gesch\u00e4fts erbringen, und steht im Einklang mit dem Zweck, f\u00fcr den die personenbezogenen Daten erhoben wurden. Wir pflegen schriftliche Vertr\u00e4ge mit diesen Dritten und verlangen, dass diese Dritten mindestens das gleiche Ma\u00df an Datenschutz und Sicherheit bieten, wie es die Privacy Shield-Prinzipien verlangen. In dem von den Grunds\u00e4tzen bereitgestellten Umfang bleibt Future Care gem\u00e4\u00df den Privacy Shield-Prinzipien verantwortlich und haftbar, wenn ein Dritter, der sich mit der Verarbeitung personenbezogener Daten in seinem Namen verpflichtet, dies in einer Weise tut, die mit den Grunds\u00e4tzen des Datenschutzschilds unvereinbar ist, es sei denn, Future Care weist nach, dass er nicht f\u00fcr die Angelegenheit verantwortlich ist, die den Schaden verursacht hat.<\/p>\n<p><\/br><\/p>\n<p>Mit der Erlaubnis der Person, die Offenlegung zu machen;<\/p>\n<p><\/br><\/p>\n<p>Soweit erforderlich, soweit dies erforderlich ist, um einer rechtlichen Verpflichtung nachzukommen, der Future Care unterliegt, einschlie\u00dflich eines rechtm\u00e4\u00dfigen Ersuchens der Beh\u00f6rden und der nationalen Sicherheits- oder Strafverfolgungspflichten sowie des anwendbaren Rechts, der Regel, der Ordnung oder der Regulierung.<\/p>\n<p><\/br><\/p>\n<p>Soweit dies f\u00fcr die Einhaltung oder die Einhaltung gesetzlicher Zwecke oder f\u00fcr die Geltendseinwerden von Rechtsanspr\u00fcchen vern\u00fcnftigerweise erforderlich ist.<\/p>\n<p><\/br><\/p>\n<p>Zugriff<\/p>\n<p><\/br><\/p>\n<p>Personen, deren personenbezogene Daten unter diese Datenschutzrichtlinie fallen, haben das Recht, auf die personenbezogenen Daten zuzugreifen, die Future Care \u00fcber sie gem\u00e4\u00df den Grunds\u00e4tzen verwaltet. Einzelpersonen k\u00f6nnen uns kontaktieren, um solche personenbezogenen Daten zu berichtigen, zu \u00e4ndern oder zu l\u00f6schen, wenn sie unrichtig sind oder unter Versto\u00df gegen die Grunds\u00e4tze verarbeitet wurden (au\u00dfer wenn die Belastung oder die Kosten f\u00fcr die Bereitstellung des Zugangs, der Berichtigung, \u00c4nderung oder L\u00f6schung in keinem Verh\u00e4ltnis zu den Risiken f\u00fcr die Privatsph\u00e4re des Einzelnen stehen oder wenn die Rechte anderer Personen als der Person verletzt w\u00fcrden). Antr\u00e4ge auf Zugang, Berichtigung, \u00c4nderung oder L\u00f6schung sind zu richten an: <a href=\"mailto:privacy.office@futurecareinc.com\">privacy.office@futurecareinc.com<\/a><\/p>\n<p><\/br><\/p>\n<p>sicherheit<\/p>\n<p><\/br><\/p>\n<p>Future Care ergreift geeignete Ma\u00dfnahmen, um die in seinem Besitz sind, um ein Sicherheitsniveau zu gew\u00e4hrleisten, das dem Risiko von Verlust, Missbrauch, unbefugtem Zugriff, Offenlegung, \u00c4nderung und Zerst\u00f6rung angemessen ist. Diese Ma\u00dfnahmen tragen der Art der personenbezogenen Daten und den mit der Verarbeitung verbundenen Risiken sowie bew\u00e4hrten Verfahren in der Branche f\u00fcr Sicherheit und Datenschutz Rechnung.<\/p>\n<p><\/br><\/p>\n<p>Datenintegrit\u00e4t und Zweckbindung<\/p>\n<p><\/br><\/p>\n<p>Future Care erhebt und verarbeitet personenbezogene Daten nur insoweit, als sie mit den Zwecken, f\u00fcr die sie erhoben oder sp\u00e4ter von der betroffenen Person autorisiert wurden, vereinbar sind. Future Care kann personenbezogene Daten \u00fcber die sofortige Nutzung hinaus durch Genehmigung durch: Zustimmung aufbewahren; Anweisung des Arbeitgebers; andere Genehmigungen, die zus\u00e4tzliche Dienstleistungen f\u00fcr die betroffene Person oder den Kunden von Future Care erleichtern sollen; rechtliche Anforderungen; vertragliche Vereinbarung; und\/oder zu Archivierungszwecken im \u00f6ffentlichen Interesse oder aus Gr\u00fcnden der wissenschaftlichen oder historischen Forschung. <\/p>\n<p><\/br><\/p>\n<p>Future Care unternimmt angemessene Schritte, um sicherzustellen, dass personenbezogene Daten f\u00fcr den beabsichtigten Gebrauch genau, vollst\u00e4ndig, aktuell und zuverl\u00e4ssig sind. Antr\u00e4ge auf Zugang, Berichtigung, \u00c4nderung oder L\u00f6schung sind zu richten an: <a href=\"mailto:privacy.office@futurecareinc.com\">privacy.office@futurecareinc.com<\/a>.<\/p>\n<p><\/br><\/p>\n<p>Durchsetzung<\/p>\n<p><\/br><\/p>\n<p>Future Care unterliegt den Untersuchungs- und Durchsetzungsbefugnissen der Federal Trade Commission (FTC) der Vereinigten Staaten.<\/p>\n<p><\/br><\/p>\n<p>In \u00dcbereinstimmung mit den Grunds\u00e4tzen verpflichtet sich Future Care, Beschwerden \u00fcber unsere Erhebung oder Nutzung Ihrer personenbezogenen Daten zu l\u00f6sen. Personen aus der Europ\u00e4ischen Union, die Anfragen oder Beschwerden zu unserer Datenschutzrichtlinie haben, sollten sich zuerst an Future Care wenden unter: <a href=\"mailto:privacy.office@futurecareinc.com\">privacy.office@futurecareinc.com<\/a>.<\/p>\n<p><\/br><\/p>\n<p>Entscheidet eine Person in der Europ\u00e4ischen Union, dass ihre Untersuchung oder Beschwerde nicht zufriedenstellend behandelt wurde, hat diese Person das Recht, sich auf ein verbindliches Schiedsverfahren zu berufen. Future Care hat sich ferner verpflichtet, ungel\u00f6ste Privacy Shield-Beschwerden an das International Centre for Dispute Resolution\/American Arbitration Association (&#8220;ICDR\/AAA&#8221;) zu verweisen, einen alternativen Streitbeilegungsanbieter mit Sitz in den Vereinigten Staaten. Future Care hat eine Politik der Reaktion auf Personen innerhalb von fort y-f\u00fcnf (45) Tagen einer Anfrage oder Beschwerde. Wenn Sie ihre Beschwerde nicht rechtzeitig von uns erhalten oder wenn wir Ihre Beschwerde nicht gel\u00f6st haben, sollten sich Personen der Europ\u00e4ischen Union an ICDR\/AAA wenden oder sich bei <a href=\"https:\/\/www.icdr.org\/privacyshield\">https:\/\/www.icdr.org\/privacyshield<\/a> wenden, um weitere Informationen zu erhalten oder eine Beschwerde einzureichen. Die Dienstleistungen von (&#8220;ICDR\/AAA&#8221; werden Ihnen kostenlos zur Verf\u00fcgung gestellt.<\/p>\n<p><\/br><\/p>\n<p>\u00d6ffentliche Verpflichtungen des Vereinigten K\u00f6nigreichs<\/p>\n<p><\/br><\/p>\n<p>Future Care, Inc. erf\u00fcllt das EU-US Privacy Shield Framework (Privacy Shield), wie es vom US-Handelsministerium in Bezug auf die Erhebung, Nutzung und Speicherung personenbezogener Daten festgelegt wurde, die von der Europ\u00e4ischen Union und dem Vereinigten K\u00f6nigreich in Abh\u00e4ngigkeit von Privacy Shield an die Vereinigten Staaten \u00fcbertragen wurden. Future Care, Inc. hat dem Handelsministerium bescheinigt, dass es die Grunds\u00e4tze des Datenschutzschilds in Bezug auf solche Informationen einh\u00e4lt. Wenn ein Konflikt zwischen den Bedingungen dieser Datenschutzrichtlinie und den Privacy Shield-Prinzipien besteht, gelten die Grunds\u00e4tze des Datenschutzschilds. Weitere Informationen zum Privacy Shield-Programm und unsere Zertifizierung finden Sie unter <a href=\"https:\/\/www.privacyshield.gov\/\">https:\/\/www.privacyshield.gov\/<\/a>.<\/p>\n<p><\/br><\/p>\n<p>\u00c4nderungen<\/p>\n<p><\/br><\/p>\n<p>Future Care kann diese Richtlinie jederzeit aktualisieren, indem sie hier eine aktualisierte Version ver\u00f6ffentlicht. Wir werden diese Datenschutzschild-Richtlinie nicht aktualisieren, wenn wir gegen die Grunds\u00e4tze versto\u00dfen, solange wir nach dem Datenschutzschild zertifiziert bleiben.<\/p>\n<p><\/br><\/p>\n<p>Datenschutzerkl\u00e4rung: 31. Mai 2018<\/p>\n<p><\/br><\/p>\n","protected":false},"excerpt":{"rendered":"<p>Future Care ist als aktives Mitglied des US Privacy Shield bei www.privacyshield.gov\/listgelistet. Privacy Shield-Richtlinie von Future Care \u00fcberblick Future Care respektiert die Vertraulichkeit und Privatsph\u00e4re unserer Kunden, ihrer Crewmitglieder, unserer Mitarbeiter und anderer, mit denen wir Gesch\u00e4fte machen. Future Care und seine tochternahe Tochtergesellschaft MedSea USA Inc. erf\u00fcllen das EU-US Privacy Shield Framework, wie es [&hellip;]<\/p>\n","protected":false},"author":2,"featured_media":2247,"parent":0,"menu_order":0,"comment_status":"closed","ping_status":"closed","template":"","meta":{"footnotes":""},"class_list":["post-2624","page","type-page","status-publish","has-post-thumbnail","hentry"],"yoast_head":"<!-- This site is optimized with the Yoast SEO plugin v27.2 - https:\/\/yoast.com\/product\/yoast-seo-wordpress\/ -->\n<title>DSGVO der EU - MedSea, an International SOS Company<\/title>\n<meta name=\"robots\" content=\"index, follow, max-snippet:-1, max-image-preview:large, max-video-preview:-1\" \/>\n<link rel=\"canonical\" href=\"https:\/\/futurecareinc.com\/de\/eu-gdpr\/\" \/>\n<meta property=\"og:locale\" content=\"de_DE\" \/>\n<meta property=\"og:type\" content=\"article\" \/>\n<meta property=\"og:title\" content=\"DSGVO der EU - MedSea, an International SOS Company\" \/>\n<meta property=\"og:description\" content=\"Future Care ist als aktives Mitglied des US Privacy Shield bei www.privacyshield.gov\/listgelistet. Privacy Shield-Richtlinie von Future Care \u00fcberblick Future Care respektiert die Vertraulichkeit und Privatsph\u00e4re unserer Kunden, ihrer Crewmitglieder, unserer Mitarbeiter und anderer, mit denen wir Gesch\u00e4fte machen. Future Care und seine tochternahe Tochtergesellschaft MedSea USA Inc. erf\u00fcllen das EU-US Privacy Shield Framework, wie es [&hellip;]\" \/>\n<meta property=\"og:url\" content=\"https:\/\/futurecareinc.com\/de\/eu-gdpr\/\" \/>\n<meta property=\"og:site_name\" content=\"MedSea, an International SOS Company\" \/>\n<meta property=\"article:modified_time\" content=\"2020-04-22T11:47:39+00:00\" \/>\n<meta property=\"og:image\" content=\"https:\/\/futurecareinc.com\/wp-content\/uploads\/2020\/04\/EU-GDPR-Data-Privacy.jpg\" \/>\n\t<meta property=\"og:image:width\" content=\"1200\" \/>\n\t<meta property=\"og:image:height\" content=\"783\" \/>\n\t<meta property=\"og:image:type\" content=\"image\/jpeg\" \/>\n<meta name=\"twitter:card\" content=\"summary_large_image\" \/>\n<meta name=\"twitter:label1\" content=\"Gesch\u00e4tzte Lesezeit\" \/>\n\t<meta name=\"twitter:data1\" content=\"7 Minuten\" \/>\n<script type=\"application\/ld+json\" class=\"yoast-schema-graph\">{\"@context\":\"https:\/\/schema.org\",\"@graph\":[{\"@type\":\"WebPage\",\"@id\":\"https:\/\/futurecareinc.com\/de\/eu-gdpr\/\",\"url\":\"https:\/\/futurecareinc.com\/de\/eu-gdpr\/\",\"name\":\"DSGVO der EU - MedSea, an International SOS Company\",\"isPartOf\":{\"@id\":\"https:\/\/futurecareinc.com\/#website\"},\"primaryImageOfPage\":{\"@id\":\"https:\/\/futurecareinc.com\/de\/eu-gdpr\/#primaryimage\"},\"image\":{\"@id\":\"https:\/\/futurecareinc.com\/de\/eu-gdpr\/#primaryimage\"},\"thumbnailUrl\":\"https:\/\/futurecareinc.com\/wp-content\/uploads\/2020\/04\/EU-GDPR-Data-Privacy.jpg\",\"datePublished\":\"2020-04-10T03:27:24+00:00\",\"dateModified\":\"2020-04-22T11:47:39+00:00\",\"breadcrumb\":{\"@id\":\"https:\/\/futurecareinc.com\/de\/eu-gdpr\/#breadcrumb\"},\"inLanguage\":\"de-DE\",\"potentialAction\":[{\"@type\":\"ReadAction\",\"target\":[\"https:\/\/futurecareinc.com\/de\/eu-gdpr\/\"]}]},{\"@type\":\"ImageObject\",\"inLanguage\":\"de-DE\",\"@id\":\"https:\/\/futurecareinc.com\/de\/eu-gdpr\/#primaryimage\",\"url\":\"https:\/\/futurecareinc.com\/wp-content\/uploads\/2020\/04\/EU-GDPR-Data-Privacy.jpg\",\"contentUrl\":\"https:\/\/futurecareinc.com\/wp-content\/uploads\/2020\/04\/EU-GDPR-Data-Privacy.jpg\",\"width\":1200,\"height\":783},{\"@type\":\"BreadcrumbList\",\"@id\":\"https:\/\/futurecareinc.com\/de\/eu-gdpr\/#breadcrumb\",\"itemListElement\":[{\"@type\":\"ListItem\",\"position\":1,\"name\":\"Home\",\"item\":\"https:\/\/futurecareinc.com\/de\/\"},{\"@type\":\"ListItem\",\"position\":2,\"name\":\"DSGVO der EU\"}]},{\"@type\":\"WebSite\",\"@id\":\"https:\/\/futurecareinc.com\/#website\",\"url\":\"https:\/\/futurecareinc.com\/\",\"name\":\"MedSea, an International SOS Company\",\"description\":\"Seafarer health is our priority\",\"publisher\":{\"@id\":\"https:\/\/futurecareinc.com\/#organization\"},\"potentialAction\":[{\"@type\":\"SearchAction\",\"target\":{\"@type\":\"EntryPoint\",\"urlTemplate\":\"https:\/\/futurecareinc.com\/?s={search_term_string}\"},\"query-input\":{\"@type\":\"PropertyValueSpecification\",\"valueRequired\":true,\"valueName\":\"search_term_string\"}}],\"inLanguage\":\"de-DE\"},{\"@type\":\"Organization\",\"@id\":\"https:\/\/futurecareinc.com\/#organization\",\"name\":\"MedSea, an International SOS Company\",\"url\":\"https:\/\/futurecareinc.com\/\",\"logo\":{\"@type\":\"ImageObject\",\"inLanguage\":\"de-DE\",\"@id\":\"https:\/\/futurecareinc.com\/#\/schema\/logo\/image\/\",\"url\":\"https:\/\/futurecareinc.com\/wp-content\/uploads\/2020\/04\/MedSea_Logo_2024-scaled.png\",\"contentUrl\":\"https:\/\/futurecareinc.com\/wp-content\/uploads\/2020\/04\/MedSea_Logo_2024-scaled.png\",\"width\":2560,\"height\":1085,\"caption\":\"MedSea, an International SOS Company\"},\"image\":{\"@id\":\"https:\/\/futurecareinc.com\/#\/schema\/logo\/image\/\"}}]}<\/script>\n<!-- \/ Yoast SEO plugin. -->","yoast_head_json":{"title":"DSGVO der EU - MedSea, an International SOS Company","robots":{"index":"index","follow":"follow","max-snippet":"max-snippet:-1","max-image-preview":"max-image-preview:large","max-video-preview":"max-video-preview:-1"},"canonical":"https:\/\/futurecareinc.com\/de\/eu-gdpr\/","og_locale":"de_DE","og_type":"article","og_title":"DSGVO der EU - MedSea, an International SOS Company","og_description":"Future Care ist als aktives Mitglied des US Privacy Shield bei www.privacyshield.gov\/listgelistet. Privacy Shield-Richtlinie von Future Care \u00fcberblick Future Care respektiert die Vertraulichkeit und Privatsph\u00e4re unserer Kunden, ihrer Crewmitglieder, unserer Mitarbeiter und anderer, mit denen wir Gesch\u00e4fte machen. Future Care und seine tochternahe Tochtergesellschaft MedSea USA Inc. erf\u00fcllen das EU-US Privacy Shield Framework, wie es [&hellip;]","og_url":"https:\/\/futurecareinc.com\/de\/eu-gdpr\/","og_site_name":"MedSea, an International SOS Company","article_modified_time":"2020-04-22T11:47:39+00:00","og_image":[{"width":1200,"height":783,"url":"https:\/\/futurecareinc.com\/wp-content\/uploads\/2020\/04\/EU-GDPR-Data-Privacy.jpg","type":"image\/jpeg"}],"twitter_card":"summary_large_image","twitter_misc":{"Gesch\u00e4tzte Lesezeit":"7 Minuten"},"schema":{"@context":"https:\/\/schema.org","@graph":[{"@type":"WebPage","@id":"https:\/\/futurecareinc.com\/de\/eu-gdpr\/","url":"https:\/\/futurecareinc.com\/de\/eu-gdpr\/","name":"DSGVO der EU - MedSea, an International SOS Company","isPartOf":{"@id":"https:\/\/futurecareinc.com\/#website"},"primaryImageOfPage":{"@id":"https:\/\/futurecareinc.com\/de\/eu-gdpr\/#primaryimage"},"image":{"@id":"https:\/\/futurecareinc.com\/de\/eu-gdpr\/#primaryimage"},"thumbnailUrl":"https:\/\/futurecareinc.com\/wp-content\/uploads\/2020\/04\/EU-GDPR-Data-Privacy.jpg","datePublished":"2020-04-10T03:27:24+00:00","dateModified":"2020-04-22T11:47:39+00:00","breadcrumb":{"@id":"https:\/\/futurecareinc.com\/de\/eu-gdpr\/#breadcrumb"},"inLanguage":"de-DE","potentialAction":[{"@type":"ReadAction","target":["https:\/\/futurecareinc.com\/de\/eu-gdpr\/"]}]},{"@type":"ImageObject","inLanguage":"de-DE","@id":"https:\/\/futurecareinc.com\/de\/eu-gdpr\/#primaryimage","url":"https:\/\/futurecareinc.com\/wp-content\/uploads\/2020\/04\/EU-GDPR-Data-Privacy.jpg","contentUrl":"https:\/\/futurecareinc.com\/wp-content\/uploads\/2020\/04\/EU-GDPR-Data-Privacy.jpg","width":1200,"height":783},{"@type":"BreadcrumbList","@id":"https:\/\/futurecareinc.com\/de\/eu-gdpr\/#breadcrumb","itemListElement":[{"@type":"ListItem","position":1,"name":"Home","item":"https:\/\/futurecareinc.com\/de\/"},{"@type":"ListItem","position":2,"name":"DSGVO der EU"}]},{"@type":"WebSite","@id":"https:\/\/futurecareinc.com\/#website","url":"https:\/\/futurecareinc.com\/","name":"MedSea, an International SOS Company","description":"Seafarer health is our priority","publisher":{"@id":"https:\/\/futurecareinc.com\/#organization"},"potentialAction":[{"@type":"SearchAction","target":{"@type":"EntryPoint","urlTemplate":"https:\/\/futurecareinc.com\/?s={search_term_string}"},"query-input":{"@type":"PropertyValueSpecification","valueRequired":true,"valueName":"search_term_string"}}],"inLanguage":"de-DE"},{"@type":"Organization","@id":"https:\/\/futurecareinc.com\/#organization","name":"MedSea, an International SOS Company","url":"https:\/\/futurecareinc.com\/","logo":{"@type":"ImageObject","inLanguage":"de-DE","@id":"https:\/\/futurecareinc.com\/#\/schema\/logo\/image\/","url":"https:\/\/futurecareinc.com\/wp-content\/uploads\/2020\/04\/MedSea_Logo_2024-scaled.png","contentUrl":"https:\/\/futurecareinc.com\/wp-content\/uploads\/2020\/04\/MedSea_Logo_2024-scaled.png","width":2560,"height":1085,"caption":"MedSea, an International SOS Company"},"image":{"@id":"https:\/\/futurecareinc.com\/#\/schema\/logo\/image\/"}}]}},"_links":{"self":[{"href":"https:\/\/futurecareinc.com\/de\/wp-json\/wp\/v2\/pages\/2624","targetHints":{"allow":["GET"]}}],"collection":[{"href":"https:\/\/futurecareinc.com\/de\/wp-json\/wp\/v2\/pages"}],"about":[{"href":"https:\/\/futurecareinc.com\/de\/wp-json\/wp\/v2\/types\/page"}],"author":[{"embeddable":true,"href":"https:\/\/futurecareinc.com\/de\/wp-json\/wp\/v2\/users\/2"}],"replies":[{"embeddable":true,"href":"https:\/\/futurecareinc.com\/de\/wp-json\/wp\/v2\/comments?post=2624"}],"version-history":[{"count":0,"href":"https:\/\/futurecareinc.com\/de\/wp-json\/wp\/v2\/pages\/2624\/revisions"}],"wp:featuredmedia":[{"embeddable":true,"href":"https:\/\/futurecareinc.com\/de\/wp-json\/wp\/v2\/media\/2247"}],"wp:attachment":[{"href":"https:\/\/futurecareinc.com\/de\/wp-json\/wp\/v2\/media?parent=2624"}],"curies":[{"name":"wp","href":"https:\/\/api.w.org\/{rel}","templated":true}]}}