{"id":2636,"date":"2020-04-10T03:26:58","date_gmt":"2020-04-10T03:26:58","guid":{"rendered":"https:\/\/futurecareinc.wpengine.com\/be-better-prepared-for-hazmat-incidents-and-medical-emergencies\/"},"modified":"2020-04-22T11:47:38","modified_gmt":"2020-04-22T11:47:38","slug":"be-better-prepared-for-hazmat-incidents-and-medical-emergencies","status":"publish","type":"page","link":"https:\/\/futurecareinc.com\/de\/be-better-prepared-for-hazmat-incidents-and-medical-emergencies\/","title":{"rendered":"Seien Sie besser auf HazMat-Vorf\u00e4lle und medizinische Notf\u00e4lle vorbereitet"},"content":{"rendered":"<p>Milbros Onboard-Abonnenten genie\u00dfen einen gr\u00f6\u00dferen Nutzen mit komplement\u00e4rem Zugang zu Haz-Mat Response und medizinischer Hilfe mit dem Q88 Response Center.<\/p>\n<p><\/br><\/p>\n<p><strong>Effizienteraufdie auf dynamische Notsituationen reagieren<\/strong><\/p>\n<p><\/br><\/p>\n<p>Niemand konnte der Schifffahrtsindustrie vorwerfen, \u00fcberreguliert zu sein. Es gibt jedoch noch einige Bereiche, in denen die freiwillige Annahme eines Sicherheitsprotokolls eine sehr lohnende Vorsichtsma\u00dfnahme sein k\u00f6nnte. Ein solcher Bereich ist im Falle von HazMat-Vorf\u00e4llen.<\/p>\n<p><\/br><\/p>\n<p>Q88 Response Center bietet ein globales Support-Programm zur Koordinierung der schnellen Reaktion und Expertenberatung f\u00fcr chemische Versch\u00fcttungen\/Vorf\u00e4lle und medizinische Notf\u00e4lle an Bord des Schiffes. Obwohl HazMat Vorf\u00e4lle ein relativ seltenes Ereignis sind, genau wie bei der Vorbereitung auf Feuer, ist es sehr ratsam, mit den richtigen Werkzeugen ausgestattet zu sein, um mit einer chemischen Versch\u00fcttung umzugehen.<\/p>\n<p><\/br><\/p>\n<p>Die Q88 Response Center-Registrierung wird als erg\u00e4nzender Service f\u00fcr Schiffe bereitgestellt, die Milbros Onboard abonniert haben und ihnen 24\/7 Zugriff auf die f\u00fchrende Milbros-Warendatenbank gew\u00e4hren. Dies bietet der Besatzung und Dritten die neuesten guten Informationen, die es ihnen erm\u00f6glichen, die am besten geeigneten Reaktionsma\u00dfnahmen zu ergreifen. In Zusammenarbeit mit seinen Partnern bietet das Q88 Response Center kompetente Hilfe und Beratung bei der Bew\u00e4ltigung aktiver und dynamischer HazMat-Situationen.<\/p>\n<p><\/br><\/p>\n<p><strong>Frachtumschlag, Versch\u00fcttung und medizinische Hilfe an einem Ort<\/strong><\/p>\n<p><\/br><\/p>\n<p>Response Center zentralisiert den fachkundigen Frachtumschlag, die Reaktion auf Versch\u00fcttungen und die medizinische Notfallversorgung auf einer Plattform. Der Service wird in Partnerschaft mit Spill Center und Future Care Inc. angeboten. Spill Center ist spezialisiert auf Notfallkommunikations- und Incident Management-Services. Future Care bietet medizinische Sorgiermanagement f\u00fcr die maritime und verwandte Industrien weltweit.<\/p>\n<p><\/br><\/p>\n<p>Q88 vervollst\u00e4ndigt den Kreis durch zentralisierung des Zugangs und Bereitstellung der Wareninformationen, die f\u00fcr die Minimierung der Gesundheitlichen und Sicherheit, der \u00f6kologischen und wirtschaftlichen Auswirkungen eines HazMat-Vorfalls unerl\u00e4sslich sind.<\/p>\n<p><\/br><\/p>\n<p>Die medizinische Komponente des Dienstes kann f\u00fcr jede Situation zugegriffen werden, in der medizinische Intervention erforderlich sein kann, nicht nur f\u00fcr diejenigen, die aus einem HazMat-Ereignis resultieren. Der Future Care-Service bietet Telemedizin-Dienstleistungen f\u00fcr Verletzungen oder Krankheiten an Bord auf See sowie eine professionell gef\u00fchrte medizinische Versorgung von Patienten an Land, wo dies erforderlich ist.<\/p>\n<p><\/br><\/p>\n<p>Future Care verf\u00fcgt \u00fcber 20 Jahre Erfahrung in der Verwaltung der medizinischen Reaktion an Bord in Notsituationen. Durch Akquisition und Zusammenarbeit umfasst die Organisation nun 1.400 \u00c4rzte, 56 internationale Kliniken, ein internes Reiseverfolgungsteam-Netzwerk von 80.000 akkreditierten Drittanbietern und bietet Unterst\u00fctzung f\u00fcr 99 Sprachen unter ihren Ressourcen.<\/p>\n<p><\/br><\/p>\n<p><strong>Kostenlose medizinische Hilfe f\u00fcr Milbros Onboard-Abonnenten<\/strong><\/p>\n<p><\/br><\/p>\n<p>In mehr als 3 Jahren, in dem Die Kunden des Response Center den Service nutzen, wurde sie in die Lage versetzt, HazMat und damit verbundene sowie nicht verwandte medizinische Vorf\u00e4lle zeitnaher und effektiver zu behandeln.<\/p>\n<p><\/br><\/p>\n<p>&#8220;Einige nutzen den Service jedoch immer noch nicht in vollem Umfang&#8221;, sagt Capt. Soren C. Ibsen, Q88 Vice President, Milbros Systems. &#8220;Erstens gibt es keine Geb\u00fchr f\u00fcr die Registrierung beim Response Center \u2013 es ist im Abonnement von Milbros Onboard enthalten. Zweitens sind zwei Kommunikationstestanrufe pro Schiff und Jahr enthalten, aber nicht jeder nutzt dies, um ein Protokoll vorzubereiten und zu proben, um mit Response Centre auf HazMat zu reagieren.&#8221;<\/p>\n<p><\/br><\/p>\n<p>Capt. Ibsen f\u00e4hrt fort: &#8220;Endlich hat Q88 ein spezielles Angebot arrangiert, um Zugang zu einer begrenzten Menge an Telemedizin zu Nullkosten zu erhalten. Ich ermutige bestehende und neue Abonnenten, alle Aspekte des Dienstes voll auszusch\u00f6pfen. Die Vorbereitung auf HazMat und medizinische Notf\u00e4lle st\u00e4rkt Ihre ethischen Referenzen und zeigt eine Sorgfaltspflicht gegen\u00fcber den Besatzungen und der Umwelt.&#8221;<\/p>\n<p><\/br><\/p>\n<p>Kontaktieren Sie uns, um mehr \u00fcber unseren limitierten kostenlosen Telemedizinischen Service f\u00fcr Milbros Onboard-Kunden zu erfahren, die das Q88 Response Center nutzen.<\/p>\n<p><\/br><\/p>\n","protected":false},"excerpt":{"rendered":"<p>Milbros Onboard-Abonnenten genie\u00dfen einen gr\u00f6\u00dferen Nutzen mit komplement\u00e4rem Zugang zu Haz-Mat Response und medizinischer Hilfe mit dem Q88 Response Center. Effizienteraufdie auf dynamische Notsituationen reagieren Niemand konnte der Schifffahrtsindustrie vorwerfen, \u00fcberreguliert zu sein. Es gibt jedoch noch einige Bereiche, in denen die freiwillige Annahme eines Sicherheitsprotokolls eine sehr lohnende Vorsichtsma\u00dfnahme sein k\u00f6nnte. Ein solcher Bereich [&hellip;]<\/p>\n","protected":false},"author":2,"featured_media":2241,"parent":0,"menu_order":0,"comment_status":"closed","ping_status":"closed","template":"","meta":{"footnotes":""},"class_list":["post-2636","page","type-page","status-publish","has-post-thumbnail","hentry"],"yoast_head":"<!-- This site is optimized with the Yoast SEO plugin v27.2 - https:\/\/yoast.com\/product\/yoast-seo-wordpress\/ -->\n<title>Seien Sie besser auf HazMat-Vorf\u00e4lle und medizinische Notf\u00e4lle vorbereitet - MedSea, an International SOS Company<\/title>\n<meta name=\"robots\" content=\"index, follow, max-snippet:-1, max-image-preview:large, max-video-preview:-1\" \/>\n<link rel=\"canonical\" href=\"https:\/\/futurecareinc.com\/de\/be-better-prepared-for-hazmat-incidents-and-medical-emergencies\/\" \/>\n<meta property=\"og:locale\" content=\"de_DE\" \/>\n<meta property=\"og:type\" content=\"article\" \/>\n<meta property=\"og:title\" content=\"Seien Sie besser auf HazMat-Vorf\u00e4lle und medizinische Notf\u00e4lle vorbereitet - MedSea, an International SOS Company\" \/>\n<meta property=\"og:description\" content=\"Milbros Onboard-Abonnenten genie\u00dfen einen gr\u00f6\u00dferen Nutzen mit komplement\u00e4rem Zugang zu Haz-Mat Response und medizinischer Hilfe mit dem Q88 Response Center. Effizienteraufdie auf dynamische Notsituationen reagieren Niemand konnte der Schifffahrtsindustrie vorwerfen, \u00fcberreguliert zu sein. Es gibt jedoch noch einige Bereiche, in denen die freiwillige Annahme eines Sicherheitsprotokolls eine sehr lohnende Vorsichtsma\u00dfnahme sein k\u00f6nnte. Ein solcher Bereich [&hellip;]\" \/>\n<meta property=\"og:url\" content=\"https:\/\/futurecareinc.com\/de\/be-better-prepared-for-hazmat-incidents-and-medical-emergencies\/\" \/>\n<meta property=\"og:site_name\" content=\"MedSea, an International SOS Company\" \/>\n<meta property=\"article:modified_time\" content=\"2020-04-22T11:47:38+00:00\" \/>\n<meta property=\"og:image\" content=\"https:\/\/futurecareinc.com\/wp-content\/uploads\/2020\/04\/Be-better-prepared-for-hazmat-incidents-and-medical-emergencies.jpg\" \/>\n\t<meta property=\"og:image:width\" content=\"1200\" \/>\n\t<meta property=\"og:image:height\" content=\"783\" \/>\n\t<meta property=\"og:image:type\" content=\"image\/jpeg\" \/>\n<meta name=\"twitter:card\" content=\"summary_large_image\" \/>\n<meta name=\"twitter:label1\" content=\"Gesch\u00e4tzte Lesezeit\" \/>\n\t<meta name=\"twitter:data1\" content=\"3 Minuten\" \/>\n<script type=\"application\/ld+json\" class=\"yoast-schema-graph\">{\"@context\":\"https:\/\/schema.org\",\"@graph\":[{\"@type\":\"WebPage\",\"@id\":\"https:\/\/futurecareinc.com\/de\/be-better-prepared-for-hazmat-incidents-and-medical-emergencies\/\",\"url\":\"https:\/\/futurecareinc.com\/de\/be-better-prepared-for-hazmat-incidents-and-medical-emergencies\/\",\"name\":\"Seien Sie besser auf HazMat-Vorf\u00e4lle und medizinische Notf\u00e4lle vorbereitet - MedSea, an International SOS Company\",\"isPartOf\":{\"@id\":\"https:\/\/futurecareinc.com\/#website\"},\"primaryImageOfPage\":{\"@id\":\"https:\/\/futurecareinc.com\/de\/be-better-prepared-for-hazmat-incidents-and-medical-emergencies\/#primaryimage\"},\"image\":{\"@id\":\"https:\/\/futurecareinc.com\/de\/be-better-prepared-for-hazmat-incidents-and-medical-emergencies\/#primaryimage\"},\"thumbnailUrl\":\"https:\/\/futurecareinc.com\/wp-content\/uploads\/2020\/04\/Be-better-prepared-for-hazmat-incidents-and-medical-emergencies.jpg\",\"datePublished\":\"2020-04-10T03:26:58+00:00\",\"dateModified\":\"2020-04-22T11:47:38+00:00\",\"breadcrumb\":{\"@id\":\"https:\/\/futurecareinc.com\/de\/be-better-prepared-for-hazmat-incidents-and-medical-emergencies\/#breadcrumb\"},\"inLanguage\":\"de-DE\",\"potentialAction\":[{\"@type\":\"ReadAction\",\"target\":[\"https:\/\/futurecareinc.com\/de\/be-better-prepared-for-hazmat-incidents-and-medical-emergencies\/\"]}]},{\"@type\":\"ImageObject\",\"inLanguage\":\"de-DE\",\"@id\":\"https:\/\/futurecareinc.com\/de\/be-better-prepared-for-hazmat-incidents-and-medical-emergencies\/#primaryimage\",\"url\":\"https:\/\/futurecareinc.com\/wp-content\/uploads\/2020\/04\/Be-better-prepared-for-hazmat-incidents-and-medical-emergencies.jpg\",\"contentUrl\":\"https:\/\/futurecareinc.com\/wp-content\/uploads\/2020\/04\/Be-better-prepared-for-hazmat-incidents-and-medical-emergencies.jpg\",\"width\":1200,\"height\":783},{\"@type\":\"BreadcrumbList\",\"@id\":\"https:\/\/futurecareinc.com\/de\/be-better-prepared-for-hazmat-incidents-and-medical-emergencies\/#breadcrumb\",\"itemListElement\":[{\"@type\":\"ListItem\",\"position\":1,\"name\":\"Home\",\"item\":\"https:\/\/futurecareinc.com\/de\/\"},{\"@type\":\"ListItem\",\"position\":2,\"name\":\"Seien Sie besser auf HazMat-Vorf\u00e4lle und medizinische Notf\u00e4lle vorbereitet\"}]},{\"@type\":\"WebSite\",\"@id\":\"https:\/\/futurecareinc.com\/#website\",\"url\":\"https:\/\/futurecareinc.com\/\",\"name\":\"MedSea, an International SOS Company\",\"description\":\"Seafarer health is our priority\",\"publisher\":{\"@id\":\"https:\/\/futurecareinc.com\/#organization\"},\"potentialAction\":[{\"@type\":\"SearchAction\",\"target\":{\"@type\":\"EntryPoint\",\"urlTemplate\":\"https:\/\/futurecareinc.com\/?s={search_term_string}\"},\"query-input\":{\"@type\":\"PropertyValueSpecification\",\"valueRequired\":true,\"valueName\":\"search_term_string\"}}],\"inLanguage\":\"de-DE\"},{\"@type\":\"Organization\",\"@id\":\"https:\/\/futurecareinc.com\/#organization\",\"name\":\"MedSea, an International SOS Company\",\"url\":\"https:\/\/futurecareinc.com\/\",\"logo\":{\"@type\":\"ImageObject\",\"inLanguage\":\"de-DE\",\"@id\":\"https:\/\/futurecareinc.com\/#\/schema\/logo\/image\/\",\"url\":\"https:\/\/futurecareinc.com\/wp-content\/uploads\/2020\/04\/MedSea_Logo_2024-scaled.png\",\"contentUrl\":\"https:\/\/futurecareinc.com\/wp-content\/uploads\/2020\/04\/MedSea_Logo_2024-scaled.png\",\"width\":2560,\"height\":1085,\"caption\":\"MedSea, an International SOS Company\"},\"image\":{\"@id\":\"https:\/\/futurecareinc.com\/#\/schema\/logo\/image\/\"}}]}<\/script>\n<!-- \/ Yoast SEO plugin. -->","yoast_head_json":{"title":"Seien Sie besser auf HazMat-Vorf\u00e4lle und medizinische Notf\u00e4lle vorbereitet - MedSea, an International SOS Company","robots":{"index":"index","follow":"follow","max-snippet":"max-snippet:-1","max-image-preview":"max-image-preview:large","max-video-preview":"max-video-preview:-1"},"canonical":"https:\/\/futurecareinc.com\/de\/be-better-prepared-for-hazmat-incidents-and-medical-emergencies\/","og_locale":"de_DE","og_type":"article","og_title":"Seien Sie besser auf HazMat-Vorf\u00e4lle und medizinische Notf\u00e4lle vorbereitet - MedSea, an International SOS Company","og_description":"Milbros Onboard-Abonnenten genie\u00dfen einen gr\u00f6\u00dferen Nutzen mit komplement\u00e4rem Zugang zu Haz-Mat Response und medizinischer Hilfe mit dem Q88 Response Center. Effizienteraufdie auf dynamische Notsituationen reagieren Niemand konnte der Schifffahrtsindustrie vorwerfen, \u00fcberreguliert zu sein. Es gibt jedoch noch einige Bereiche, in denen die freiwillige Annahme eines Sicherheitsprotokolls eine sehr lohnende Vorsichtsma\u00dfnahme sein k\u00f6nnte. Ein solcher Bereich [&hellip;]","og_url":"https:\/\/futurecareinc.com\/de\/be-better-prepared-for-hazmat-incidents-and-medical-emergencies\/","og_site_name":"MedSea, an International SOS Company","article_modified_time":"2020-04-22T11:47:38+00:00","og_image":[{"width":1200,"height":783,"url":"https:\/\/futurecareinc.com\/wp-content\/uploads\/2020\/04\/Be-better-prepared-for-hazmat-incidents-and-medical-emergencies.jpg","type":"image\/jpeg"}],"twitter_card":"summary_large_image","twitter_misc":{"Gesch\u00e4tzte Lesezeit":"3 Minuten"},"schema":{"@context":"https:\/\/schema.org","@graph":[{"@type":"WebPage","@id":"https:\/\/futurecareinc.com\/de\/be-better-prepared-for-hazmat-incidents-and-medical-emergencies\/","url":"https:\/\/futurecareinc.com\/de\/be-better-prepared-for-hazmat-incidents-and-medical-emergencies\/","name":"Seien Sie besser auf HazMat-Vorf\u00e4lle und medizinische Notf\u00e4lle vorbereitet - MedSea, an International SOS Company","isPartOf":{"@id":"https:\/\/futurecareinc.com\/#website"},"primaryImageOfPage":{"@id":"https:\/\/futurecareinc.com\/de\/be-better-prepared-for-hazmat-incidents-and-medical-emergencies\/#primaryimage"},"image":{"@id":"https:\/\/futurecareinc.com\/de\/be-better-prepared-for-hazmat-incidents-and-medical-emergencies\/#primaryimage"},"thumbnailUrl":"https:\/\/futurecareinc.com\/wp-content\/uploads\/2020\/04\/Be-better-prepared-for-hazmat-incidents-and-medical-emergencies.jpg","datePublished":"2020-04-10T03:26:58+00:00","dateModified":"2020-04-22T11:47:38+00:00","breadcrumb":{"@id":"https:\/\/futurecareinc.com\/de\/be-better-prepared-for-hazmat-incidents-and-medical-emergencies\/#breadcrumb"},"inLanguage":"de-DE","potentialAction":[{"@type":"ReadAction","target":["https:\/\/futurecareinc.com\/de\/be-better-prepared-for-hazmat-incidents-and-medical-emergencies\/"]}]},{"@type":"ImageObject","inLanguage":"de-DE","@id":"https:\/\/futurecareinc.com\/de\/be-better-prepared-for-hazmat-incidents-and-medical-emergencies\/#primaryimage","url":"https:\/\/futurecareinc.com\/wp-content\/uploads\/2020\/04\/Be-better-prepared-for-hazmat-incidents-and-medical-emergencies.jpg","contentUrl":"https:\/\/futurecareinc.com\/wp-content\/uploads\/2020\/04\/Be-better-prepared-for-hazmat-incidents-and-medical-emergencies.jpg","width":1200,"height":783},{"@type":"BreadcrumbList","@id":"https:\/\/futurecareinc.com\/de\/be-better-prepared-for-hazmat-incidents-and-medical-emergencies\/#breadcrumb","itemListElement":[{"@type":"ListItem","position":1,"name":"Home","item":"https:\/\/futurecareinc.com\/de\/"},{"@type":"ListItem","position":2,"name":"Seien Sie besser auf HazMat-Vorf\u00e4lle und medizinische Notf\u00e4lle vorbereitet"}]},{"@type":"WebSite","@id":"https:\/\/futurecareinc.com\/#website","url":"https:\/\/futurecareinc.com\/","name":"MedSea, an International SOS Company","description":"Seafarer health is our priority","publisher":{"@id":"https:\/\/futurecareinc.com\/#organization"},"potentialAction":[{"@type":"SearchAction","target":{"@type":"EntryPoint","urlTemplate":"https:\/\/futurecareinc.com\/?s={search_term_string}"},"query-input":{"@type":"PropertyValueSpecification","valueRequired":true,"valueName":"search_term_string"}}],"inLanguage":"de-DE"},{"@type":"Organization","@id":"https:\/\/futurecareinc.com\/#organization","name":"MedSea, an International SOS Company","url":"https:\/\/futurecareinc.com\/","logo":{"@type":"ImageObject","inLanguage":"de-DE","@id":"https:\/\/futurecareinc.com\/#\/schema\/logo\/image\/","url":"https:\/\/futurecareinc.com\/wp-content\/uploads\/2020\/04\/MedSea_Logo_2024-scaled.png","contentUrl":"https:\/\/futurecareinc.com\/wp-content\/uploads\/2020\/04\/MedSea_Logo_2024-scaled.png","width":2560,"height":1085,"caption":"MedSea, an International SOS Company"},"image":{"@id":"https:\/\/futurecareinc.com\/#\/schema\/logo\/image\/"}}]}},"_links":{"self":[{"href":"https:\/\/futurecareinc.com\/de\/wp-json\/wp\/v2\/pages\/2636","targetHints":{"allow":["GET"]}}],"collection":[{"href":"https:\/\/futurecareinc.com\/de\/wp-json\/wp\/v2\/pages"}],"about":[{"href":"https:\/\/futurecareinc.com\/de\/wp-json\/wp\/v2\/types\/page"}],"author":[{"embeddable":true,"href":"https:\/\/futurecareinc.com\/de\/wp-json\/wp\/v2\/users\/2"}],"replies":[{"embeddable":true,"href":"https:\/\/futurecareinc.com\/de\/wp-json\/wp\/v2\/comments?post=2636"}],"version-history":[{"count":0,"href":"https:\/\/futurecareinc.com\/de\/wp-json\/wp\/v2\/pages\/2636\/revisions"}],"wp:featuredmedia":[{"embeddable":true,"href":"https:\/\/futurecareinc.com\/de\/wp-json\/wp\/v2\/media\/2241"}],"wp:attachment":[{"href":"https:\/\/futurecareinc.com\/de\/wp-json\/wp\/v2\/media?parent=2636"}],"curies":[{"name":"wp","href":"https:\/\/api.w.org\/{rel}","templated":true}]}}