{"id":2758,"date":"2020-04-22T11:42:58","date_gmt":"2020-04-22T11:42:58","guid":{"rendered":"https:\/\/futurecareinc.wpengine.com\/case-studies\/international-physician-advice-at-sea-case-sample-3\/"},"modified":"2020-04-22T11:42:58","modified_gmt":"2020-04-22T11:42:58","slug":"international-physician-advice-at-sea-case-sample-3","status":"publish","type":"page","link":"https:\/\/futurecareinc.com\/de\/case-studies\/international-physician-advice-at-sea-case-sample-3\/","title":{"rendered":"International Physician Advice at Sea Case Sample 3"},"content":{"rendered":"<p><\/br><\/p>\n<p>Ort: Im Hafen &#8211; Zhanjiang, CHINA<\/p>\n<p><\/br><\/p>\n<p>Fallzusammenfassung: 12 Besatzungsmitglieder an Bord mit Fieber, Durchfall und Zittern. F\u00fcr die \u00dcberwachung an Bord wurde eine \u00e4rztliche Beratung bereitgestellt. Die Symptome l\u00f6sten sich unter \u00e4rztlicher Behandlung und alle Besatzungsmitglieder nahmen ihren normalen Einsatz an Bord wieder auf. Untersuchungen an Land waren f\u00fcr kein Besatzungsmitglied erforderlich. Ergebnisse: Eine m\u00f6gliche Quarant\u00e4ne des Schiffes wurde vermieden, einschlie\u00dflich der Beseitigung potenzieller Geldbu\u00dfen f\u00fcr Beh\u00f6rverst\u00f6\u00dfe und damit verbundene Rechtskosten; Besatzungsersatzkosten \/ nicht seet\u00fcchtiges Crew-Kompliment vermieden; vermeidung von t\u00e4glichen Betriebskosten und erh\u00f6hten Agenturkosten unter tats\u00e4chlicher Quarant\u00e4ne; Verz\u00f6gerungen bei der Ladungsentladung, n\u00e4chste Charterstornierung usw.<\/p>\n<p><\/br><\/p>\n<p>Gesch\u00e4tzte Einsparungen durch zuk\u00fcnftige Pflegeintervention 70.000,00 USD<\/p>\n<p><\/br><\/p>\n","protected":false},"excerpt":{"rendered":"<p>Ort: Im Hafen &#8211; Zhanjiang, CHINA Fallzusammenfassung: 12 Besatzungsmitglieder an Bord mit Fieber, Durchfall und Zittern. F\u00fcr die \u00dcberwachung an Bord wurde eine \u00e4rztliche Beratung bereitgestellt. Die Symptome l\u00f6sten sich unter \u00e4rztlicher Behandlung und alle Besatzungsmitglieder nahmen ihren normalen Einsatz an Bord wieder auf. Untersuchungen an Land waren f\u00fcr kein Besatzungsmitglied erforderlich. Ergebnisse: Eine m\u00f6gliche [&hellip;]<\/p>\n","protected":false},"author":2,"featured_media":0,"parent":2573,"menu_order":0,"comment_status":"closed","ping_status":"closed","template":"","meta":{"footnotes":""},"class_list":["post-2758","page","type-page","status-publish","hentry"],"yoast_head":"<!-- This site is optimized with the Yoast SEO plugin v27.2 - https:\/\/yoast.com\/product\/yoast-seo-wordpress\/ -->\n<title>International Physician Advice at Sea Case Sample 3 - MedSea, an International SOS Company<\/title>\n<meta name=\"description\" content=\"Fallzusammenfassung: 12 Besatzungsmitglieder an Bord mit Fieber, Durchfall und Zittern. F\u00fcr die \u00dcberwachung an Bord wurde eine \u00e4rztliche Beratung bereitgestellt.\" \/>\n<meta name=\"robots\" content=\"index, follow, max-snippet:-1, max-image-preview:large, max-video-preview:-1\" \/>\n<link rel=\"canonical\" href=\"https:\/\/futurecareinc.com\/de\/case-studies\/international-physician-advice-at-sea-case-sample-3\/\" \/>\n<meta property=\"og:locale\" content=\"de_DE\" \/>\n<meta property=\"og:type\" content=\"article\" \/>\n<meta property=\"og:title\" content=\"International Physician Advice at Sea Case Sample 3 - MedSea, an International SOS Company\" \/>\n<meta property=\"og:description\" content=\"Fallzusammenfassung: 12 Besatzungsmitglieder an Bord mit Fieber, Durchfall und Zittern. F\u00fcr die \u00dcberwachung an Bord wurde eine \u00e4rztliche Beratung bereitgestellt.\" \/>\n<meta property=\"og:url\" content=\"https:\/\/futurecareinc.com\/de\/case-studies\/international-physician-advice-at-sea-case-sample-3\/\" \/>\n<meta property=\"og:site_name\" content=\"MedSea, an International SOS Company\" \/>\n<meta name=\"twitter:card\" content=\"summary_large_image\" \/>\n<meta name=\"twitter:label1\" content=\"Gesch\u00e4tzte Lesezeit\" \/>\n\t<meta name=\"twitter:data1\" content=\"1 Minute\" \/>\n<script type=\"application\/ld+json\" class=\"yoast-schema-graph\">{\"@context\":\"https:\/\/schema.org\",\"@graph\":[{\"@type\":\"WebPage\",\"@id\":\"https:\/\/futurecareinc.com\/de\/case-studies\/international-physician-advice-at-sea-case-sample-3\/\",\"url\":\"https:\/\/futurecareinc.com\/de\/case-studies\/international-physician-advice-at-sea-case-sample-3\/\",\"name\":\"International Physician Advice at Sea Case Sample 3 - MedSea, an International SOS Company\",\"isPartOf\":{\"@id\":\"https:\/\/futurecareinc.com\/#website\"},\"datePublished\":\"2020-04-22T11:42:58+00:00\",\"description\":\"Fallzusammenfassung: 12 Besatzungsmitglieder an Bord mit Fieber, Durchfall und Zittern. F\u00fcr die \u00dcberwachung an Bord wurde eine \u00e4rztliche Beratung bereitgestellt.\",\"breadcrumb\":{\"@id\":\"https:\/\/futurecareinc.com\/de\/case-studies\/international-physician-advice-at-sea-case-sample-3\/#breadcrumb\"},\"inLanguage\":\"de-DE\",\"potentialAction\":[{\"@type\":\"ReadAction\",\"target\":[\"https:\/\/futurecareinc.com\/de\/case-studies\/international-physician-advice-at-sea-case-sample-3\/\"]}]},{\"@type\":\"BreadcrumbList\",\"@id\":\"https:\/\/futurecareinc.com\/de\/case-studies\/international-physician-advice-at-sea-case-sample-3\/#breadcrumb\",\"itemListElement\":[{\"@type\":\"ListItem\",\"position\":1,\"name\":\"Home\",\"item\":\"https:\/\/futurecareinc.com\/de\/\"},{\"@type\":\"ListItem\",\"position\":2,\"name\":\"Fallstudien\",\"item\":\"https:\/\/futurecareinc.com\/de\/case-studies\/\"},{\"@type\":\"ListItem\",\"position\":3,\"name\":\"International Physician Advice at Sea Case Sample 3\"}]},{\"@type\":\"WebSite\",\"@id\":\"https:\/\/futurecareinc.com\/#website\",\"url\":\"https:\/\/futurecareinc.com\/\",\"name\":\"MedSea, an International SOS Company\",\"description\":\"Seafarer health is our priority\",\"publisher\":{\"@id\":\"https:\/\/futurecareinc.com\/#organization\"},\"potentialAction\":[{\"@type\":\"SearchAction\",\"target\":{\"@type\":\"EntryPoint\",\"urlTemplate\":\"https:\/\/futurecareinc.com\/?s={search_term_string}\"},\"query-input\":{\"@type\":\"PropertyValueSpecification\",\"valueRequired\":true,\"valueName\":\"search_term_string\"}}],\"inLanguage\":\"de-DE\"},{\"@type\":\"Organization\",\"@id\":\"https:\/\/futurecareinc.com\/#organization\",\"name\":\"MedSea, an International SOS Company\",\"url\":\"https:\/\/futurecareinc.com\/\",\"logo\":{\"@type\":\"ImageObject\",\"inLanguage\":\"de-DE\",\"@id\":\"https:\/\/futurecareinc.com\/#\/schema\/logo\/image\/\",\"url\":\"https:\/\/futurecareinc.com\/wp-content\/uploads\/2020\/04\/MedSea_Logo_2024-scaled.png\",\"contentUrl\":\"https:\/\/futurecareinc.com\/wp-content\/uploads\/2020\/04\/MedSea_Logo_2024-scaled.png\",\"width\":2560,\"height\":1085,\"caption\":\"MedSea, an International SOS Company\"},\"image\":{\"@id\":\"https:\/\/futurecareinc.com\/#\/schema\/logo\/image\/\"}}]}<\/script>\n<!-- \/ Yoast SEO plugin. -->","yoast_head_json":{"title":"International Physician Advice at Sea Case Sample 3 - MedSea, an International SOS Company","description":"Fallzusammenfassung: 12 Besatzungsmitglieder an Bord mit Fieber, Durchfall und Zittern. F\u00fcr die \u00dcberwachung an Bord wurde eine \u00e4rztliche Beratung bereitgestellt.","robots":{"index":"index","follow":"follow","max-snippet":"max-snippet:-1","max-image-preview":"max-image-preview:large","max-video-preview":"max-video-preview:-1"},"canonical":"https:\/\/futurecareinc.com\/de\/case-studies\/international-physician-advice-at-sea-case-sample-3\/","og_locale":"de_DE","og_type":"article","og_title":"International Physician Advice at Sea Case Sample 3 - MedSea, an International SOS Company","og_description":"Fallzusammenfassung: 12 Besatzungsmitglieder an Bord mit Fieber, Durchfall und Zittern. F\u00fcr die \u00dcberwachung an Bord wurde eine \u00e4rztliche Beratung bereitgestellt.","og_url":"https:\/\/futurecareinc.com\/de\/case-studies\/international-physician-advice-at-sea-case-sample-3\/","og_site_name":"MedSea, an International SOS Company","twitter_card":"summary_large_image","twitter_misc":{"Gesch\u00e4tzte Lesezeit":"1 Minute"},"schema":{"@context":"https:\/\/schema.org","@graph":[{"@type":"WebPage","@id":"https:\/\/futurecareinc.com\/de\/case-studies\/international-physician-advice-at-sea-case-sample-3\/","url":"https:\/\/futurecareinc.com\/de\/case-studies\/international-physician-advice-at-sea-case-sample-3\/","name":"International Physician Advice at Sea Case Sample 3 - MedSea, an International SOS Company","isPartOf":{"@id":"https:\/\/futurecareinc.com\/#website"},"datePublished":"2020-04-22T11:42:58+00:00","description":"Fallzusammenfassung: 12 Besatzungsmitglieder an Bord mit Fieber, Durchfall und Zittern. F\u00fcr die \u00dcberwachung an Bord wurde eine \u00e4rztliche Beratung bereitgestellt.","breadcrumb":{"@id":"https:\/\/futurecareinc.com\/de\/case-studies\/international-physician-advice-at-sea-case-sample-3\/#breadcrumb"},"inLanguage":"de-DE","potentialAction":[{"@type":"ReadAction","target":["https:\/\/futurecareinc.com\/de\/case-studies\/international-physician-advice-at-sea-case-sample-3\/"]}]},{"@type":"BreadcrumbList","@id":"https:\/\/futurecareinc.com\/de\/case-studies\/international-physician-advice-at-sea-case-sample-3\/#breadcrumb","itemListElement":[{"@type":"ListItem","position":1,"name":"Home","item":"https:\/\/futurecareinc.com\/de\/"},{"@type":"ListItem","position":2,"name":"Fallstudien","item":"https:\/\/futurecareinc.com\/de\/case-studies\/"},{"@type":"ListItem","position":3,"name":"International Physician Advice at Sea Case Sample 3"}]},{"@type":"WebSite","@id":"https:\/\/futurecareinc.com\/#website","url":"https:\/\/futurecareinc.com\/","name":"MedSea, an International SOS Company","description":"Seafarer health is our priority","publisher":{"@id":"https:\/\/futurecareinc.com\/#organization"},"potentialAction":[{"@type":"SearchAction","target":{"@type":"EntryPoint","urlTemplate":"https:\/\/futurecareinc.com\/?s={search_term_string}"},"query-input":{"@type":"PropertyValueSpecification","valueRequired":true,"valueName":"search_term_string"}}],"inLanguage":"de-DE"},{"@type":"Organization","@id":"https:\/\/futurecareinc.com\/#organization","name":"MedSea, an International SOS Company","url":"https:\/\/futurecareinc.com\/","logo":{"@type":"ImageObject","inLanguage":"de-DE","@id":"https:\/\/futurecareinc.com\/#\/schema\/logo\/image\/","url":"https:\/\/futurecareinc.com\/wp-content\/uploads\/2020\/04\/MedSea_Logo_2024-scaled.png","contentUrl":"https:\/\/futurecareinc.com\/wp-content\/uploads\/2020\/04\/MedSea_Logo_2024-scaled.png","width":2560,"height":1085,"caption":"MedSea, an International SOS Company"},"image":{"@id":"https:\/\/futurecareinc.com\/#\/schema\/logo\/image\/"}}]}},"_links":{"self":[{"href":"https:\/\/futurecareinc.com\/de\/wp-json\/wp\/v2\/pages\/2758","targetHints":{"allow":["GET"]}}],"collection":[{"href":"https:\/\/futurecareinc.com\/de\/wp-json\/wp\/v2\/pages"}],"about":[{"href":"https:\/\/futurecareinc.com\/de\/wp-json\/wp\/v2\/types\/page"}],"author":[{"embeddable":true,"href":"https:\/\/futurecareinc.com\/de\/wp-json\/wp\/v2\/users\/2"}],"replies":[{"embeddable":true,"href":"https:\/\/futurecareinc.com\/de\/wp-json\/wp\/v2\/comments?post=2758"}],"version-history":[{"count":0,"href":"https:\/\/futurecareinc.com\/de\/wp-json\/wp\/v2\/pages\/2758\/revisions"}],"up":[{"embeddable":true,"href":"https:\/\/futurecareinc.com\/de\/wp-json\/wp\/v2\/pages\/2573"}],"wp:attachment":[{"href":"https:\/\/futurecareinc.com\/de\/wp-json\/wp\/v2\/media?parent=2758"}],"curies":[{"name":"wp","href":"https:\/\/api.w.org\/{rel}","templated":true}]}}