{"id":2762,"date":"2020-04-22T11:44:01","date_gmt":"2020-04-22T11:44:01","guid":{"rendered":"https:\/\/futurecareinc.wpengine.com\/case-studies\/international-audit-case-sample-2\/"},"modified":"2020-04-22T11:44:01","modified_gmt":"2020-04-22T11:44:01","slug":"international-audit-case-sample-2","status":"publish","type":"page","link":"https:\/\/futurecareinc.com\/de\/case-studies\/international-audit-case-sample-2\/","title":{"rendered":"International Audit Case Sample 2"},"content":{"rendered":"<p><\/br><\/p>\n<p>Das Besatzungsmitglied wurde nach einem 21-t\u00e4gigen Aufenthalt wegen einer Notfall-Blinddarmoperation und Laparotomie aus dem Krankenhaus in Brasilien entlassen.<\/p>\n<p><\/br><\/p>\n<p>Future Care wurde vom P&amp;I Club des Eigent\u00fcmers kontaktiert, nachdem das Besatzungsmitglied aus dem Krankenhaus entlassen worden war und die Rechnung an den Eigent\u00fcmer ausgestellt worden war.<\/p>\n<p><\/br><\/p>\n<p>Future Care verhandelte \u00fcber 40 Tage lang mit dem Inkassounternehmen des Krankenhauses und reduzierte die Geb\u00fchren um fast 25.<\/p>\n<p><\/br><\/p>\n<p>Anfangsgeb\u00fchren: USD 111.439,57<\/p>\n<p><\/br><\/p>\n<p>Gesamterm\u00e4\u00dfigungen: USD 25,074,05<\/p>\n<p><\/br><\/p>\n<p>Gesamtbetrag f\u00e4llig (vor Steuern): USD 86.365,52<\/p>\n<p><\/br><\/p>\n<p>Einsparprozentsatz: 22,5 der urspr\u00fcnglichen Geb\u00fchren<\/p>\n<p><\/br><\/p>\n","protected":false},"excerpt":{"rendered":"<p>Das Besatzungsmitglied wurde nach einem 21-t\u00e4gigen Aufenthalt wegen einer Notfall-Blinddarmoperation und Laparotomie aus dem Krankenhaus in Brasilien entlassen. Future Care wurde vom P&amp;I Club des Eigent\u00fcmers kontaktiert, nachdem das Besatzungsmitglied aus dem Krankenhaus entlassen worden war und die Rechnung an den Eigent\u00fcmer ausgestellt worden war. Future Care verhandelte \u00fcber 40 Tage lang mit dem Inkassounternehmen [&hellip;]<\/p>\n","protected":false},"author":2,"featured_media":0,"parent":2573,"menu_order":0,"comment_status":"closed","ping_status":"closed","template":"","meta":{"footnotes":""},"class_list":["post-2762","page","type-page","status-publish","hentry"],"yoast_head":"<!-- This site is optimized with the Yoast SEO plugin v27.2 - https:\/\/yoast.com\/product\/yoast-seo-wordpress\/ -->\n<title>International Audit Case Sample 2 - MedSea, an International SOS Company<\/title>\n<meta name=\"description\" content=\"Das Besatzungsmitglied wurde nach einem 21-t\u00e4gigen Aufenthalt wegen einer Notfall-Blinddarmoperation und Laparotomie aus dem Krankenhaus in Brasilien entlassen.\" \/>\n<meta name=\"robots\" content=\"index, follow, max-snippet:-1, max-image-preview:large, max-video-preview:-1\" \/>\n<link rel=\"canonical\" href=\"https:\/\/futurecareinc.com\/de\/case-studies\/international-audit-case-sample-2\/\" \/>\n<meta property=\"og:locale\" content=\"de_DE\" \/>\n<meta property=\"og:type\" content=\"article\" \/>\n<meta property=\"og:title\" content=\"International Audit Case Sample 2 - MedSea, an International SOS Company\" \/>\n<meta property=\"og:description\" content=\"Das Besatzungsmitglied wurde nach einem 21-t\u00e4gigen Aufenthalt wegen einer Notfall-Blinddarmoperation und Laparotomie aus dem Krankenhaus in Brasilien entlassen.\" \/>\n<meta property=\"og:url\" content=\"https:\/\/futurecareinc.com\/de\/case-studies\/international-audit-case-sample-2\/\" \/>\n<meta property=\"og:site_name\" content=\"MedSea, an International SOS Company\" \/>\n<meta name=\"twitter:card\" content=\"summary_large_image\" \/>\n<script type=\"application\/ld+json\" class=\"yoast-schema-graph\">{\"@context\":\"https:\/\/schema.org\",\"@graph\":[{\"@type\":\"WebPage\",\"@id\":\"https:\/\/futurecareinc.com\/de\/case-studies\/international-audit-case-sample-2\/\",\"url\":\"https:\/\/futurecareinc.com\/de\/case-studies\/international-audit-case-sample-2\/\",\"name\":\"International Audit Case Sample 2 - MedSea, an International SOS Company\",\"isPartOf\":{\"@id\":\"https:\/\/futurecareinc.com\/#website\"},\"datePublished\":\"2020-04-22T11:44:01+00:00\",\"description\":\"Das Besatzungsmitglied wurde nach einem 21-t\u00e4gigen Aufenthalt wegen einer Notfall-Blinddarmoperation und Laparotomie aus dem Krankenhaus in Brasilien entlassen.\",\"breadcrumb\":{\"@id\":\"https:\/\/futurecareinc.com\/de\/case-studies\/international-audit-case-sample-2\/#breadcrumb\"},\"inLanguage\":\"de-DE\",\"potentialAction\":[{\"@type\":\"ReadAction\",\"target\":[\"https:\/\/futurecareinc.com\/de\/case-studies\/international-audit-case-sample-2\/\"]}]},{\"@type\":\"BreadcrumbList\",\"@id\":\"https:\/\/futurecareinc.com\/de\/case-studies\/international-audit-case-sample-2\/#breadcrumb\",\"itemListElement\":[{\"@type\":\"ListItem\",\"position\":1,\"name\":\"Home\",\"item\":\"https:\/\/futurecareinc.com\/de\/\"},{\"@type\":\"ListItem\",\"position\":2,\"name\":\"Fallstudien\",\"item\":\"https:\/\/futurecareinc.com\/de\/case-studies\/\"},{\"@type\":\"ListItem\",\"position\":3,\"name\":\"International Audit Case Sample 2\"}]},{\"@type\":\"WebSite\",\"@id\":\"https:\/\/futurecareinc.com\/#website\",\"url\":\"https:\/\/futurecareinc.com\/\",\"name\":\"MedSea, an International SOS Company\",\"description\":\"Seafarer health is our priority\",\"publisher\":{\"@id\":\"https:\/\/futurecareinc.com\/#organization\"},\"potentialAction\":[{\"@type\":\"SearchAction\",\"target\":{\"@type\":\"EntryPoint\",\"urlTemplate\":\"https:\/\/futurecareinc.com\/?s={search_term_string}\"},\"query-input\":{\"@type\":\"PropertyValueSpecification\",\"valueRequired\":true,\"valueName\":\"search_term_string\"}}],\"inLanguage\":\"de-DE\"},{\"@type\":\"Organization\",\"@id\":\"https:\/\/futurecareinc.com\/#organization\",\"name\":\"MedSea, an International SOS Company\",\"url\":\"https:\/\/futurecareinc.com\/\",\"logo\":{\"@type\":\"ImageObject\",\"inLanguage\":\"de-DE\",\"@id\":\"https:\/\/futurecareinc.com\/#\/schema\/logo\/image\/\",\"url\":\"https:\/\/futurecareinc.com\/wp-content\/uploads\/2020\/04\/MedSea_Logo_2024-scaled.png\",\"contentUrl\":\"https:\/\/futurecareinc.com\/wp-content\/uploads\/2020\/04\/MedSea_Logo_2024-scaled.png\",\"width\":2560,\"height\":1085,\"caption\":\"MedSea, an International SOS Company\"},\"image\":{\"@id\":\"https:\/\/futurecareinc.com\/#\/schema\/logo\/image\/\"}}]}<\/script>\n<!-- \/ Yoast SEO plugin. -->","yoast_head_json":{"title":"International Audit Case Sample 2 - MedSea, an International SOS Company","description":"Das Besatzungsmitglied wurde nach einem 21-t\u00e4gigen Aufenthalt wegen einer Notfall-Blinddarmoperation und Laparotomie aus dem Krankenhaus in Brasilien entlassen.","robots":{"index":"index","follow":"follow","max-snippet":"max-snippet:-1","max-image-preview":"max-image-preview:large","max-video-preview":"max-video-preview:-1"},"canonical":"https:\/\/futurecareinc.com\/de\/case-studies\/international-audit-case-sample-2\/","og_locale":"de_DE","og_type":"article","og_title":"International Audit Case Sample 2 - MedSea, an International SOS Company","og_description":"Das Besatzungsmitglied wurde nach einem 21-t\u00e4gigen Aufenthalt wegen einer Notfall-Blinddarmoperation und Laparotomie aus dem Krankenhaus in Brasilien entlassen.","og_url":"https:\/\/futurecareinc.com\/de\/case-studies\/international-audit-case-sample-2\/","og_site_name":"MedSea, an International SOS Company","twitter_card":"summary_large_image","schema":{"@context":"https:\/\/schema.org","@graph":[{"@type":"WebPage","@id":"https:\/\/futurecareinc.com\/de\/case-studies\/international-audit-case-sample-2\/","url":"https:\/\/futurecareinc.com\/de\/case-studies\/international-audit-case-sample-2\/","name":"International Audit Case Sample 2 - MedSea, an International SOS Company","isPartOf":{"@id":"https:\/\/futurecareinc.com\/#website"},"datePublished":"2020-04-22T11:44:01+00:00","description":"Das Besatzungsmitglied wurde nach einem 21-t\u00e4gigen Aufenthalt wegen einer Notfall-Blinddarmoperation und Laparotomie aus dem Krankenhaus in Brasilien entlassen.","breadcrumb":{"@id":"https:\/\/futurecareinc.com\/de\/case-studies\/international-audit-case-sample-2\/#breadcrumb"},"inLanguage":"de-DE","potentialAction":[{"@type":"ReadAction","target":["https:\/\/futurecareinc.com\/de\/case-studies\/international-audit-case-sample-2\/"]}]},{"@type":"BreadcrumbList","@id":"https:\/\/futurecareinc.com\/de\/case-studies\/international-audit-case-sample-2\/#breadcrumb","itemListElement":[{"@type":"ListItem","position":1,"name":"Home","item":"https:\/\/futurecareinc.com\/de\/"},{"@type":"ListItem","position":2,"name":"Fallstudien","item":"https:\/\/futurecareinc.com\/de\/case-studies\/"},{"@type":"ListItem","position":3,"name":"International Audit Case Sample 2"}]},{"@type":"WebSite","@id":"https:\/\/futurecareinc.com\/#website","url":"https:\/\/futurecareinc.com\/","name":"MedSea, an International SOS Company","description":"Seafarer health is our priority","publisher":{"@id":"https:\/\/futurecareinc.com\/#organization"},"potentialAction":[{"@type":"SearchAction","target":{"@type":"EntryPoint","urlTemplate":"https:\/\/futurecareinc.com\/?s={search_term_string}"},"query-input":{"@type":"PropertyValueSpecification","valueRequired":true,"valueName":"search_term_string"}}],"inLanguage":"de-DE"},{"@type":"Organization","@id":"https:\/\/futurecareinc.com\/#organization","name":"MedSea, an International SOS Company","url":"https:\/\/futurecareinc.com\/","logo":{"@type":"ImageObject","inLanguage":"de-DE","@id":"https:\/\/futurecareinc.com\/#\/schema\/logo\/image\/","url":"https:\/\/futurecareinc.com\/wp-content\/uploads\/2020\/04\/MedSea_Logo_2024-scaled.png","contentUrl":"https:\/\/futurecareinc.com\/wp-content\/uploads\/2020\/04\/MedSea_Logo_2024-scaled.png","width":2560,"height":1085,"caption":"MedSea, an International SOS Company"},"image":{"@id":"https:\/\/futurecareinc.com\/#\/schema\/logo\/image\/"}}]}},"_links":{"self":[{"href":"https:\/\/futurecareinc.com\/de\/wp-json\/wp\/v2\/pages\/2762","targetHints":{"allow":["GET"]}}],"collection":[{"href":"https:\/\/futurecareinc.com\/de\/wp-json\/wp\/v2\/pages"}],"about":[{"href":"https:\/\/futurecareinc.com\/de\/wp-json\/wp\/v2\/types\/page"}],"author":[{"embeddable":true,"href":"https:\/\/futurecareinc.com\/de\/wp-json\/wp\/v2\/users\/2"}],"replies":[{"embeddable":true,"href":"https:\/\/futurecareinc.com\/de\/wp-json\/wp\/v2\/comments?post=2762"}],"version-history":[{"count":0,"href":"https:\/\/futurecareinc.com\/de\/wp-json\/wp\/v2\/pages\/2762\/revisions"}],"up":[{"embeddable":true,"href":"https:\/\/futurecareinc.com\/de\/wp-json\/wp\/v2\/pages\/2573"}],"wp:attachment":[{"href":"https:\/\/futurecareinc.com\/de\/wp-json\/wp\/v2\/media?parent=2762"}],"curies":[{"name":"wp","href":"https:\/\/api.w.org\/{rel}","templated":true}]}}