{"id":2763,"date":"2020-04-22T11:44:38","date_gmt":"2020-04-22T11:44:38","guid":{"rendered":"https:\/\/futurecareinc.wpengine.com\/case-studies\/international-audit-case-sample-1\/"},"modified":"2020-04-22T11:44:38","modified_gmt":"2020-04-22T11:44:38","slug":"international-audit-case-sample-1","status":"publish","type":"page","link":"https:\/\/futurecareinc.com\/de\/case-studies\/international-audit-case-sample-1\/","title":{"rendered":"International Audit Case Sample 1"},"content":{"rendered":"<p><\/br><\/p>\n<p>Crewmember wurde mit Lungenentz\u00fcndung, akuter Atemnot, Sepsis, An\u00e4mie, Schw\u00e4che, Bauchschmerzen, rektalen Blutungen und H\u00e4morrhoiden in Brasilien aufgenommen.<\/p>\n<p><\/br><\/p>\n<p>Das Besatzungsmitglied war 57 Tage lang station\u00e4r. Future Care hat einen Nurse Case Manager ernannt, um die Pflege von Herrn P zu \u00fcberwachen und zu verwalten.<\/p>\n<p><\/br><\/p>\n<p>Regelm\u00e4\u00dfige Updates wurden dem Reeder und P&amp;I Club w\u00e4hrend des gesamten Krankenhausaufenthalts zur Verf\u00fcgung gestellt. Future Care half auch bei den R\u00fcckf\u00fchrungsma\u00dfnahmen.<\/p>\n<p><\/br><\/p>\n<p>Nach der Entlassung wurden die medizinischen Geb\u00fchren \u00fcberpr\u00fcft.<\/p>\n<p><\/br><\/p>\n<p>Anf\u00e4ngliche Geb\u00fchren: 376.069,29 USD<\/p>\n<p><\/br><\/p>\n<p>Gesamterm\u00e4\u00dfigungen: 57.225,40 USD<\/p>\n<p><\/br><\/p>\n<p>Gesamtbetrag f\u00e4llig: 318.843,89 USD<\/p>\n<p><\/br><\/p>\n<p>Einsparungen: 15 der urspr\u00fcnglichen Geb\u00fchren<\/p>\n<p><\/br><\/p>\n","protected":false},"excerpt":{"rendered":"<p>Crewmember wurde mit Lungenentz\u00fcndung, akuter Atemnot, Sepsis, An\u00e4mie, Schw\u00e4che, Bauchschmerzen, rektalen Blutungen und H\u00e4morrhoiden in Brasilien aufgenommen. Das Besatzungsmitglied war 57 Tage lang station\u00e4r. Future Care hat einen Nurse Case Manager ernannt, um die Pflege von Herrn P zu \u00fcberwachen und zu verwalten. Regelm\u00e4\u00dfige Updates wurden dem Reeder und P&amp;I Club w\u00e4hrend des gesamten Krankenhausaufenthalts [&hellip;]<\/p>\n","protected":false},"author":2,"featured_media":0,"parent":2573,"menu_order":0,"comment_status":"closed","ping_status":"closed","template":"","meta":{"footnotes":""},"class_list":["post-2763","page","type-page","status-publish","hentry"],"yoast_head":"<!-- This site is optimized with the Yoast SEO plugin v27.2 - https:\/\/yoast.com\/product\/yoast-seo-wordpress\/ -->\n<title>International Audit Case Sample 1 - MedSea, an International SOS Company<\/title>\n<meta name=\"description\" content=\"Crewmember wurde mit Lungenentz\u00fcndung, akuter Atemnot, Sepsis, An\u00e4mie, Schw\u00e4che, Bauchschmerzen, rektalen Blutungen und H\u00e4morrhoiden in Brasilien aufgenommen.\" \/>\n<meta name=\"robots\" content=\"index, follow, max-snippet:-1, max-image-preview:large, max-video-preview:-1\" \/>\n<link rel=\"canonical\" href=\"https:\/\/futurecareinc.com\/de\/case-studies\/international-audit-case-sample-1\/\" \/>\n<meta property=\"og:locale\" content=\"de_DE\" \/>\n<meta property=\"og:type\" content=\"article\" \/>\n<meta property=\"og:title\" content=\"International Audit Case Sample 1 - MedSea, an International SOS Company\" \/>\n<meta property=\"og:description\" content=\"Crewmember wurde mit Lungenentz\u00fcndung, akuter Atemnot, Sepsis, An\u00e4mie, Schw\u00e4che, Bauchschmerzen, rektalen Blutungen und H\u00e4morrhoiden in Brasilien aufgenommen.\" \/>\n<meta property=\"og:url\" content=\"https:\/\/futurecareinc.com\/de\/case-studies\/international-audit-case-sample-1\/\" \/>\n<meta property=\"og:site_name\" content=\"MedSea, an International SOS Company\" \/>\n<meta name=\"twitter:card\" content=\"summary_large_image\" \/>\n<meta name=\"twitter:label1\" content=\"Gesch\u00e4tzte Lesezeit\" \/>\n\t<meta name=\"twitter:data1\" content=\"1 Minute\" \/>\n<script type=\"application\/ld+json\" class=\"yoast-schema-graph\">{\"@context\":\"https:\/\/schema.org\",\"@graph\":[{\"@type\":\"WebPage\",\"@id\":\"https:\/\/futurecareinc.com\/de\/case-studies\/international-audit-case-sample-1\/\",\"url\":\"https:\/\/futurecareinc.com\/de\/case-studies\/international-audit-case-sample-1\/\",\"name\":\"International Audit Case Sample 1 - MedSea, an International SOS Company\",\"isPartOf\":{\"@id\":\"https:\/\/futurecareinc.com\/#website\"},\"datePublished\":\"2020-04-22T11:44:38+00:00\",\"description\":\"Crewmember wurde mit Lungenentz\u00fcndung, akuter Atemnot, Sepsis, An\u00e4mie, Schw\u00e4che, Bauchschmerzen, rektalen Blutungen und H\u00e4morrhoiden in Brasilien aufgenommen.\",\"breadcrumb\":{\"@id\":\"https:\/\/futurecareinc.com\/de\/case-studies\/international-audit-case-sample-1\/#breadcrumb\"},\"inLanguage\":\"de-DE\",\"potentialAction\":[{\"@type\":\"ReadAction\",\"target\":[\"https:\/\/futurecareinc.com\/de\/case-studies\/international-audit-case-sample-1\/\"]}]},{\"@type\":\"BreadcrumbList\",\"@id\":\"https:\/\/futurecareinc.com\/de\/case-studies\/international-audit-case-sample-1\/#breadcrumb\",\"itemListElement\":[{\"@type\":\"ListItem\",\"position\":1,\"name\":\"Home\",\"item\":\"https:\/\/futurecareinc.com\/de\/\"},{\"@type\":\"ListItem\",\"position\":2,\"name\":\"Fallstudien\",\"item\":\"https:\/\/futurecareinc.com\/de\/case-studies\/\"},{\"@type\":\"ListItem\",\"position\":3,\"name\":\"International Audit Case Sample 1\"}]},{\"@type\":\"WebSite\",\"@id\":\"https:\/\/futurecareinc.com\/#website\",\"url\":\"https:\/\/futurecareinc.com\/\",\"name\":\"MedSea, an International SOS Company\",\"description\":\"Seafarer health is our priority\",\"publisher\":{\"@id\":\"https:\/\/futurecareinc.com\/#organization\"},\"potentialAction\":[{\"@type\":\"SearchAction\",\"target\":{\"@type\":\"EntryPoint\",\"urlTemplate\":\"https:\/\/futurecareinc.com\/?s={search_term_string}\"},\"query-input\":{\"@type\":\"PropertyValueSpecification\",\"valueRequired\":true,\"valueName\":\"search_term_string\"}}],\"inLanguage\":\"de-DE\"},{\"@type\":\"Organization\",\"@id\":\"https:\/\/futurecareinc.com\/#organization\",\"name\":\"MedSea, an International SOS Company\",\"url\":\"https:\/\/futurecareinc.com\/\",\"logo\":{\"@type\":\"ImageObject\",\"inLanguage\":\"de-DE\",\"@id\":\"https:\/\/futurecareinc.com\/#\/schema\/logo\/image\/\",\"url\":\"https:\/\/futurecareinc.com\/wp-content\/uploads\/2020\/04\/MedSea_Logo_2024-scaled.png\",\"contentUrl\":\"https:\/\/futurecareinc.com\/wp-content\/uploads\/2020\/04\/MedSea_Logo_2024-scaled.png\",\"width\":2560,\"height\":1085,\"caption\":\"MedSea, an International SOS Company\"},\"image\":{\"@id\":\"https:\/\/futurecareinc.com\/#\/schema\/logo\/image\/\"}}]}<\/script>\n<!-- \/ Yoast SEO plugin. -->","yoast_head_json":{"title":"International Audit Case Sample 1 - MedSea, an International SOS Company","description":"Crewmember wurde mit Lungenentz\u00fcndung, akuter Atemnot, Sepsis, An\u00e4mie, Schw\u00e4che, Bauchschmerzen, rektalen Blutungen und H\u00e4morrhoiden in Brasilien aufgenommen.","robots":{"index":"index","follow":"follow","max-snippet":"max-snippet:-1","max-image-preview":"max-image-preview:large","max-video-preview":"max-video-preview:-1"},"canonical":"https:\/\/futurecareinc.com\/de\/case-studies\/international-audit-case-sample-1\/","og_locale":"de_DE","og_type":"article","og_title":"International Audit Case Sample 1 - MedSea, an International SOS Company","og_description":"Crewmember wurde mit Lungenentz\u00fcndung, akuter Atemnot, Sepsis, An\u00e4mie, Schw\u00e4che, Bauchschmerzen, rektalen Blutungen und H\u00e4morrhoiden in Brasilien aufgenommen.","og_url":"https:\/\/futurecareinc.com\/de\/case-studies\/international-audit-case-sample-1\/","og_site_name":"MedSea, an International SOS Company","twitter_card":"summary_large_image","twitter_misc":{"Gesch\u00e4tzte Lesezeit":"1 Minute"},"schema":{"@context":"https:\/\/schema.org","@graph":[{"@type":"WebPage","@id":"https:\/\/futurecareinc.com\/de\/case-studies\/international-audit-case-sample-1\/","url":"https:\/\/futurecareinc.com\/de\/case-studies\/international-audit-case-sample-1\/","name":"International Audit Case Sample 1 - MedSea, an International SOS Company","isPartOf":{"@id":"https:\/\/futurecareinc.com\/#website"},"datePublished":"2020-04-22T11:44:38+00:00","description":"Crewmember wurde mit Lungenentz\u00fcndung, akuter Atemnot, Sepsis, An\u00e4mie, Schw\u00e4che, Bauchschmerzen, rektalen Blutungen und H\u00e4morrhoiden in Brasilien aufgenommen.","breadcrumb":{"@id":"https:\/\/futurecareinc.com\/de\/case-studies\/international-audit-case-sample-1\/#breadcrumb"},"inLanguage":"de-DE","potentialAction":[{"@type":"ReadAction","target":["https:\/\/futurecareinc.com\/de\/case-studies\/international-audit-case-sample-1\/"]}]},{"@type":"BreadcrumbList","@id":"https:\/\/futurecareinc.com\/de\/case-studies\/international-audit-case-sample-1\/#breadcrumb","itemListElement":[{"@type":"ListItem","position":1,"name":"Home","item":"https:\/\/futurecareinc.com\/de\/"},{"@type":"ListItem","position":2,"name":"Fallstudien","item":"https:\/\/futurecareinc.com\/de\/case-studies\/"},{"@type":"ListItem","position":3,"name":"International Audit Case Sample 1"}]},{"@type":"WebSite","@id":"https:\/\/futurecareinc.com\/#website","url":"https:\/\/futurecareinc.com\/","name":"MedSea, an International SOS Company","description":"Seafarer health is our priority","publisher":{"@id":"https:\/\/futurecareinc.com\/#organization"},"potentialAction":[{"@type":"SearchAction","target":{"@type":"EntryPoint","urlTemplate":"https:\/\/futurecareinc.com\/?s={search_term_string}"},"query-input":{"@type":"PropertyValueSpecification","valueRequired":true,"valueName":"search_term_string"}}],"inLanguage":"de-DE"},{"@type":"Organization","@id":"https:\/\/futurecareinc.com\/#organization","name":"MedSea, an International SOS Company","url":"https:\/\/futurecareinc.com\/","logo":{"@type":"ImageObject","inLanguage":"de-DE","@id":"https:\/\/futurecareinc.com\/#\/schema\/logo\/image\/","url":"https:\/\/futurecareinc.com\/wp-content\/uploads\/2020\/04\/MedSea_Logo_2024-scaled.png","contentUrl":"https:\/\/futurecareinc.com\/wp-content\/uploads\/2020\/04\/MedSea_Logo_2024-scaled.png","width":2560,"height":1085,"caption":"MedSea, an International SOS Company"},"image":{"@id":"https:\/\/futurecareinc.com\/#\/schema\/logo\/image\/"}}]}},"_links":{"self":[{"href":"https:\/\/futurecareinc.com\/de\/wp-json\/wp\/v2\/pages\/2763","targetHints":{"allow":["GET"]}}],"collection":[{"href":"https:\/\/futurecareinc.com\/de\/wp-json\/wp\/v2\/pages"}],"about":[{"href":"https:\/\/futurecareinc.com\/de\/wp-json\/wp\/v2\/types\/page"}],"author":[{"embeddable":true,"href":"https:\/\/futurecareinc.com\/de\/wp-json\/wp\/v2\/users\/2"}],"replies":[{"embeddable":true,"href":"https:\/\/futurecareinc.com\/de\/wp-json\/wp\/v2\/comments?post=2763"}],"version-history":[{"count":0,"href":"https:\/\/futurecareinc.com\/de\/wp-json\/wp\/v2\/pages\/2763\/revisions"}],"up":[{"embeddable":true,"href":"https:\/\/futurecareinc.com\/de\/wp-json\/wp\/v2\/pages\/2573"}],"wp:attachment":[{"href":"https:\/\/futurecareinc.com\/de\/wp-json\/wp\/v2\/media?parent=2763"}],"curies":[{"name":"wp","href":"https:\/\/api.w.org\/{rel}","templated":true}]}}