{"id":2766,"date":"2020-04-22T11:45:10","date_gmt":"2020-04-22T11:45:10","guid":{"rendered":"https:\/\/futurecareinc.wpengine.com\/case-studies\/usa-audit-case-beispiel-3\/"},"modified":"2020-04-22T11:45:10","modified_gmt":"2020-04-22T11:45:10","slug":"usa-audit-case-beispiel-3","status":"publish","type":"page","link":"https:\/\/futurecareinc.com\/de\/case-studies\/usa-audit-case-beispiel-3\/","title":{"rendered":"USA Audit Case Beispiel 3"},"content":{"rendered":"<p><\/br><\/p>\n<p>Besatzungsmitglied mit Lungenentz\u00fcndung und Atemversagen ins Krankenhaus in Savannah, Georgia, USA eingeliefert<\/p>\n<p><\/br><\/p>\n<p>Future Care ernannte einen Nurse Case Manager f\u00fcr die Status\u00fcberwachung und \u00dcberpr\u00fcfung von Pflege und Kosten.<\/p>\n<p><\/br><\/p>\n<p>Regelm\u00e4\u00dfige Aktualisierungen wurden den Mitgliedern w\u00e4hrend des gesamten Krankenhausaufenthalts, von der Aufnahme bis zur Entlassung, zur Verf\u00fcgung gestellt.<\/p>\n<p><\/br><\/p>\n<p>Nach der Entlassung werden die medizinischen Kosten \u00fcberpr\u00fcft:<\/p>\n<p><\/br><\/p>\n<p>Anf\u00e4ngliche Geb\u00fchren: 384.987,14 USD<\/p>\n<p><\/br><\/p>\n<p>Gesamterm\u00e4\u00dfigungen: 137.863.32 USD<\/p>\n<p><\/br><\/p>\n<p>F\u00e4lliger Betrag: 247.123,82 USD<\/p>\n<p><\/br><\/p>\n<p>Einsparungen: 36 der urspr\u00fcnglichen Geb\u00fchren<\/p>\n<p><\/br><\/p>\n","protected":false},"excerpt":{"rendered":"<p>Besatzungsmitglied mit Lungenentz\u00fcndung und Atemversagen ins Krankenhaus in Savannah, Georgia, USA eingeliefert Future Care ernannte einen Nurse Case Manager f\u00fcr die Status\u00fcberwachung und \u00dcberpr\u00fcfung von Pflege und Kosten. Regelm\u00e4\u00dfige Aktualisierungen wurden den Mitgliedern w\u00e4hrend des gesamten Krankenhausaufenthalts, von der Aufnahme bis zur Entlassung, zur Verf\u00fcgung gestellt. Nach der Entlassung werden die medizinischen Kosten \u00fcberpr\u00fcft: Anf\u00e4ngliche [&hellip;]<\/p>\n","protected":false},"author":2,"featured_media":0,"parent":2573,"menu_order":0,"comment_status":"closed","ping_status":"closed","template":"","meta":{"footnotes":""},"class_list":["post-2766","page","type-page","status-publish","hentry"],"yoast_head":"<!-- This site is optimized with the Yoast SEO plugin v27.2 - https:\/\/yoast.com\/product\/yoast-seo-wordpress\/ -->\n<title>USA Audit Case Beispiel 3 - MedSea, an International SOS Company<\/title>\n<meta name=\"description\" content=\"Crewmember admitted with pneumonia and respiratory failure to hospital in Savannah, Georgia, USA Future Care appointed a Nurse Case Manager for status monitoring and review of care and cost. Regelm\u00e4\u00dfige Aktualisierungen wurden den Mitgliedern w\u00e4hrend des gesamten Krankenhausaufenthalts, von der Aufnahme bis zur Entlassung, zur Verf\u00fcgung gestellt.\" \/>\n<meta name=\"robots\" content=\"index, follow, max-snippet:-1, max-image-preview:large, max-video-preview:-1\" \/>\n<link rel=\"canonical\" href=\"https:\/\/futurecareinc.com\/de\/case-studies\/usa-audit-case-beispiel-3\/\" \/>\n<meta property=\"og:locale\" content=\"de_DE\" \/>\n<meta property=\"og:type\" content=\"article\" \/>\n<meta property=\"og:title\" content=\"USA Audit Case Beispiel 3 - MedSea, an International SOS Company\" \/>\n<meta property=\"og:description\" content=\"Crewmember admitted with pneumonia and respiratory failure to hospital in Savannah, Georgia, USA Future Care appointed a Nurse Case Manager for status monitoring and review of care and cost. Regelm\u00e4\u00dfige Aktualisierungen wurden den Mitgliedern w\u00e4hrend des gesamten Krankenhausaufenthalts, von der Aufnahme bis zur Entlassung, zur Verf\u00fcgung gestellt.\" \/>\n<meta property=\"og:url\" content=\"https:\/\/futurecareinc.com\/de\/case-studies\/usa-audit-case-beispiel-3\/\" \/>\n<meta property=\"og:site_name\" content=\"MedSea, an International SOS Company\" \/>\n<meta name=\"twitter:card\" content=\"summary_large_image\" \/>\n<script type=\"application\/ld+json\" class=\"yoast-schema-graph\">{\"@context\":\"https:\/\/schema.org\",\"@graph\":[{\"@type\":\"WebPage\",\"@id\":\"https:\/\/futurecareinc.com\/de\/case-studies\/usa-audit-case-beispiel-3\/\",\"url\":\"https:\/\/futurecareinc.com\/de\/case-studies\/usa-audit-case-beispiel-3\/\",\"name\":\"USA Audit Case Beispiel 3 - MedSea, an International SOS Company\",\"isPartOf\":{\"@id\":\"https:\/\/futurecareinc.com\/#website\"},\"datePublished\":\"2020-04-22T11:45:10+00:00\",\"description\":\"Crewmember admitted with pneumonia and respiratory failure to hospital in Savannah, Georgia, USA Future Care appointed a Nurse Case Manager for status monitoring and review of care and cost. Regelm\u00e4\u00dfige Aktualisierungen wurden den Mitgliedern w\u00e4hrend des gesamten Krankenhausaufenthalts, von der Aufnahme bis zur Entlassung, zur Verf\u00fcgung gestellt.\",\"breadcrumb\":{\"@id\":\"https:\/\/futurecareinc.com\/de\/case-studies\/usa-audit-case-beispiel-3\/#breadcrumb\"},\"inLanguage\":\"de-DE\",\"potentialAction\":[{\"@type\":\"ReadAction\",\"target\":[\"https:\/\/futurecareinc.com\/de\/case-studies\/usa-audit-case-beispiel-3\/\"]}]},{\"@type\":\"BreadcrumbList\",\"@id\":\"https:\/\/futurecareinc.com\/de\/case-studies\/usa-audit-case-beispiel-3\/#breadcrumb\",\"itemListElement\":[{\"@type\":\"ListItem\",\"position\":1,\"name\":\"Home\",\"item\":\"https:\/\/futurecareinc.com\/de\/\"},{\"@type\":\"ListItem\",\"position\":2,\"name\":\"Fallstudien\",\"item\":\"https:\/\/futurecareinc.com\/de\/case-studies\/\"},{\"@type\":\"ListItem\",\"position\":3,\"name\":\"USA Audit Case Beispiel 3\"}]},{\"@type\":\"WebSite\",\"@id\":\"https:\/\/futurecareinc.com\/#website\",\"url\":\"https:\/\/futurecareinc.com\/\",\"name\":\"MedSea, an International SOS Company\",\"description\":\"Seafarer health is our priority\",\"publisher\":{\"@id\":\"https:\/\/futurecareinc.com\/#organization\"},\"potentialAction\":[{\"@type\":\"SearchAction\",\"target\":{\"@type\":\"EntryPoint\",\"urlTemplate\":\"https:\/\/futurecareinc.com\/?s={search_term_string}\"},\"query-input\":{\"@type\":\"PropertyValueSpecification\",\"valueRequired\":true,\"valueName\":\"search_term_string\"}}],\"inLanguage\":\"de-DE\"},{\"@type\":\"Organization\",\"@id\":\"https:\/\/futurecareinc.com\/#organization\",\"name\":\"MedSea, an International SOS Company\",\"url\":\"https:\/\/futurecareinc.com\/\",\"logo\":{\"@type\":\"ImageObject\",\"inLanguage\":\"de-DE\",\"@id\":\"https:\/\/futurecareinc.com\/#\/schema\/logo\/image\/\",\"url\":\"https:\/\/futurecareinc.com\/wp-content\/uploads\/2020\/04\/MedSea_Logo_2024-scaled.png\",\"contentUrl\":\"https:\/\/futurecareinc.com\/wp-content\/uploads\/2020\/04\/MedSea_Logo_2024-scaled.png\",\"width\":2560,\"height\":1085,\"caption\":\"MedSea, an International SOS Company\"},\"image\":{\"@id\":\"https:\/\/futurecareinc.com\/#\/schema\/logo\/image\/\"}}]}<\/script>\n<!-- \/ Yoast SEO plugin. -->","yoast_head_json":{"title":"USA Audit Case Beispiel 3 - MedSea, an International SOS Company","description":"Crewmember admitted with pneumonia and respiratory failure to hospital in Savannah, Georgia, USA Future Care appointed a Nurse Case Manager for status monitoring and review of care and cost. Regelm\u00e4\u00dfige Aktualisierungen wurden den Mitgliedern w\u00e4hrend des gesamten Krankenhausaufenthalts, von der Aufnahme bis zur Entlassung, zur Verf\u00fcgung gestellt.","robots":{"index":"index","follow":"follow","max-snippet":"max-snippet:-1","max-image-preview":"max-image-preview:large","max-video-preview":"max-video-preview:-1"},"canonical":"https:\/\/futurecareinc.com\/de\/case-studies\/usa-audit-case-beispiel-3\/","og_locale":"de_DE","og_type":"article","og_title":"USA Audit Case Beispiel 3 - MedSea, an International SOS Company","og_description":"Crewmember admitted with pneumonia and respiratory failure to hospital in Savannah, Georgia, USA Future Care appointed a Nurse Case Manager for status monitoring and review of care and cost. Regelm\u00e4\u00dfige Aktualisierungen wurden den Mitgliedern w\u00e4hrend des gesamten Krankenhausaufenthalts, von der Aufnahme bis zur Entlassung, zur Verf\u00fcgung gestellt.","og_url":"https:\/\/futurecareinc.com\/de\/case-studies\/usa-audit-case-beispiel-3\/","og_site_name":"MedSea, an International SOS Company","twitter_card":"summary_large_image","schema":{"@context":"https:\/\/schema.org","@graph":[{"@type":"WebPage","@id":"https:\/\/futurecareinc.com\/de\/case-studies\/usa-audit-case-beispiel-3\/","url":"https:\/\/futurecareinc.com\/de\/case-studies\/usa-audit-case-beispiel-3\/","name":"USA Audit Case Beispiel 3 - MedSea, an International SOS Company","isPartOf":{"@id":"https:\/\/futurecareinc.com\/#website"},"datePublished":"2020-04-22T11:45:10+00:00","description":"Crewmember admitted with pneumonia and respiratory failure to hospital in Savannah, Georgia, USA Future Care appointed a Nurse Case Manager for status monitoring and review of care and cost. Regelm\u00e4\u00dfige Aktualisierungen wurden den Mitgliedern w\u00e4hrend des gesamten Krankenhausaufenthalts, von der Aufnahme bis zur Entlassung, zur Verf\u00fcgung gestellt.","breadcrumb":{"@id":"https:\/\/futurecareinc.com\/de\/case-studies\/usa-audit-case-beispiel-3\/#breadcrumb"},"inLanguage":"de-DE","potentialAction":[{"@type":"ReadAction","target":["https:\/\/futurecareinc.com\/de\/case-studies\/usa-audit-case-beispiel-3\/"]}]},{"@type":"BreadcrumbList","@id":"https:\/\/futurecareinc.com\/de\/case-studies\/usa-audit-case-beispiel-3\/#breadcrumb","itemListElement":[{"@type":"ListItem","position":1,"name":"Home","item":"https:\/\/futurecareinc.com\/de\/"},{"@type":"ListItem","position":2,"name":"Fallstudien","item":"https:\/\/futurecareinc.com\/de\/case-studies\/"},{"@type":"ListItem","position":3,"name":"USA Audit Case Beispiel 3"}]},{"@type":"WebSite","@id":"https:\/\/futurecareinc.com\/#website","url":"https:\/\/futurecareinc.com\/","name":"MedSea, an International SOS Company","description":"Seafarer health is our priority","publisher":{"@id":"https:\/\/futurecareinc.com\/#organization"},"potentialAction":[{"@type":"SearchAction","target":{"@type":"EntryPoint","urlTemplate":"https:\/\/futurecareinc.com\/?s={search_term_string}"},"query-input":{"@type":"PropertyValueSpecification","valueRequired":true,"valueName":"search_term_string"}}],"inLanguage":"de-DE"},{"@type":"Organization","@id":"https:\/\/futurecareinc.com\/#organization","name":"MedSea, an International SOS Company","url":"https:\/\/futurecareinc.com\/","logo":{"@type":"ImageObject","inLanguage":"de-DE","@id":"https:\/\/futurecareinc.com\/#\/schema\/logo\/image\/","url":"https:\/\/futurecareinc.com\/wp-content\/uploads\/2020\/04\/MedSea_Logo_2024-scaled.png","contentUrl":"https:\/\/futurecareinc.com\/wp-content\/uploads\/2020\/04\/MedSea_Logo_2024-scaled.png","width":2560,"height":1085,"caption":"MedSea, an International SOS Company"},"image":{"@id":"https:\/\/futurecareinc.com\/#\/schema\/logo\/image\/"}}]}},"_links":{"self":[{"href":"https:\/\/futurecareinc.com\/de\/wp-json\/wp\/v2\/pages\/2766","targetHints":{"allow":["GET"]}}],"collection":[{"href":"https:\/\/futurecareinc.com\/de\/wp-json\/wp\/v2\/pages"}],"about":[{"href":"https:\/\/futurecareinc.com\/de\/wp-json\/wp\/v2\/types\/page"}],"author":[{"embeddable":true,"href":"https:\/\/futurecareinc.com\/de\/wp-json\/wp\/v2\/users\/2"}],"replies":[{"embeddable":true,"href":"https:\/\/futurecareinc.com\/de\/wp-json\/wp\/v2\/comments?post=2766"}],"version-history":[{"count":0,"href":"https:\/\/futurecareinc.com\/de\/wp-json\/wp\/v2\/pages\/2766\/revisions"}],"up":[{"embeddable":true,"href":"https:\/\/futurecareinc.com\/de\/wp-json\/wp\/v2\/pages\/2573"}],"wp:attachment":[{"href":"https:\/\/futurecareinc.com\/de\/wp-json\/wp\/v2\/media?parent=2766"}],"curies":[{"name":"wp","href":"https:\/\/api.w.org\/{rel}","templated":true}]}}