{"id":2775,"date":"2020-04-22T11:48:23","date_gmt":"2020-04-22T11:48:23","guid":{"rendered":"https:\/\/futurecareinc.wpengine.com\/case-studies\/physician-advice-bei-sea-usa-case-sample-3\/"},"modified":"2020-04-22T11:48:23","modified_gmt":"2020-04-22T11:48:23","slug":"physician-advice-bei-sea-usa-case-sample-3","status":"publish","type":"page","link":"https:\/\/futurecareinc.com\/de\/case-studies\/physician-advice-bei-sea-usa-case-sample-3\/","title":{"rendered":"Physician Advice bei Sea USA Case Sample 3"},"content":{"rendered":"<p><\/br><\/p>\n<p>Ort: Mosambik<\/p>\n<p><\/br><\/p>\n<p>Vorfall: Ein US-Crewmitglied zeigte symptome einer schweren allergischen Reaktion an Bord des Schiffes w\u00e4hrend einer Weizenableitung in Maputo, Mosambik. Der Besatzungsmitglied hatte schwere Atembeschwerden. Der Hafenagent erkl\u00e4rte, dass die medizinische Versorgung an der K\u00fcste aufgrund eines lokalen Streiks und Demonstrationen nicht sofort verf\u00fcgbar war.<\/p>\n<p><\/br><\/p>\n<p>Der Reeder kontaktierte Future Care, der einen Arztberater beauftragte, Ferndiagnosen und Hilfestellung zu leisten. Der \u00c4rzteberater nahm sofort Kontakt mit dem Schiff auf und wies den Besatzungsmitglied an, so schnell wie m\u00f6glich und in regelm\u00e4\u00dfigen Abst\u00e4nden danach Sauerstoff an Bord des Schiffes zu erhalten. Die Symptome des Besatzungsmitglieds l\u00f6sten sich auf und eine f\u00fcr den folgenden Tag angesetzte Untersuchung am Ufer wurde abgesagt. Der Besatzungsmitglied erholte sich vollst\u00e4ndig und kehrte zu seinen Schiffsaufgaben zur\u00fcck&#8230;<\/p>\n<p><\/br><\/p>\n<p>Gesch\u00e4tzte Einsparungen durch zuk\u00fcnftige Pflegeintervention: potenziell schwerwiegende medizinische Folgen durch allergische Reaktionen; eine Uferuntersuchung, unn\u00f6tige Medikamente, Zeitverlust, m\u00f6gliche R\u00fcckf\u00fchrung und Ersatz der Besatzung; mindestens 10.000 USD.<\/p>\n<p><\/br><\/p>\n","protected":false},"excerpt":{"rendered":"<p>Ort: Mosambik Vorfall: Ein US-Crewmitglied zeigte symptome einer schweren allergischen Reaktion an Bord des Schiffes w\u00e4hrend einer Weizenableitung in Maputo, Mosambik. Der Besatzungsmitglied hatte schwere Atembeschwerden. Der Hafenagent erkl\u00e4rte, dass die medizinische Versorgung an der K\u00fcste aufgrund eines lokalen Streiks und Demonstrationen nicht sofort verf\u00fcgbar war. Der Reeder kontaktierte Future Care, der einen Arztberater beauftragte, [&hellip;]<\/p>\n","protected":false},"author":2,"featured_media":0,"parent":2573,"menu_order":0,"comment_status":"closed","ping_status":"closed","template":"","meta":{"footnotes":""},"class_list":["post-2775","page","type-page","status-publish","hentry"],"yoast_head":"<!-- This site is optimized with the Yoast SEO plugin v27.2 - https:\/\/yoast.com\/product\/yoast-seo-wordpress\/ -->\n<title>Physician Advice bei Sea USA Case Sample 3 - MedSea, an International SOS Company<\/title>\n<meta name=\"description\" content=\"Vorfall: Ein US-Crewmitglied zeigte symptome einer schweren allergischen Reaktion an Bord des Schiffes w\u00e4hrend einer Weizenableitung in Maputo, Mosambik.\" \/>\n<meta name=\"robots\" content=\"index, follow, max-snippet:-1, max-image-preview:large, max-video-preview:-1\" \/>\n<link rel=\"canonical\" href=\"https:\/\/futurecareinc.com\/de\/case-studies\/physician-advice-bei-sea-usa-case-sample-3\/\" \/>\n<meta property=\"og:locale\" content=\"de_DE\" \/>\n<meta property=\"og:type\" content=\"article\" \/>\n<meta property=\"og:title\" content=\"Physician Advice bei Sea USA Case Sample 3 - MedSea, an International SOS Company\" \/>\n<meta property=\"og:description\" content=\"Vorfall: Ein US-Crewmitglied zeigte symptome einer schweren allergischen Reaktion an Bord des Schiffes w\u00e4hrend einer Weizenableitung in Maputo, Mosambik.\" \/>\n<meta property=\"og:url\" content=\"https:\/\/futurecareinc.com\/de\/case-studies\/physician-advice-bei-sea-usa-case-sample-3\/\" \/>\n<meta property=\"og:site_name\" content=\"MedSea, an International SOS Company\" \/>\n<meta name=\"twitter:card\" content=\"summary_large_image\" \/>\n<meta name=\"twitter:label1\" content=\"Gesch\u00e4tzte Lesezeit\" \/>\n\t<meta name=\"twitter:data1\" content=\"1 Minute\" \/>\n<script type=\"application\/ld+json\" class=\"yoast-schema-graph\">{\"@context\":\"https:\/\/schema.org\",\"@graph\":[{\"@type\":\"WebPage\",\"@id\":\"https:\/\/futurecareinc.com\/de\/case-studies\/physician-advice-bei-sea-usa-case-sample-3\/\",\"url\":\"https:\/\/futurecareinc.com\/de\/case-studies\/physician-advice-bei-sea-usa-case-sample-3\/\",\"name\":\"Physician Advice bei Sea USA Case Sample 3 - MedSea, an International SOS Company\",\"isPartOf\":{\"@id\":\"https:\/\/futurecareinc.com\/#website\"},\"datePublished\":\"2020-04-22T11:48:23+00:00\",\"description\":\"Vorfall: Ein US-Crewmitglied zeigte symptome einer schweren allergischen Reaktion an Bord des Schiffes w\u00e4hrend einer Weizenableitung in Maputo, Mosambik.\",\"breadcrumb\":{\"@id\":\"https:\/\/futurecareinc.com\/de\/case-studies\/physician-advice-bei-sea-usa-case-sample-3\/#breadcrumb\"},\"inLanguage\":\"de-DE\",\"potentialAction\":[{\"@type\":\"ReadAction\",\"target\":[\"https:\/\/futurecareinc.com\/de\/case-studies\/physician-advice-bei-sea-usa-case-sample-3\/\"]}]},{\"@type\":\"BreadcrumbList\",\"@id\":\"https:\/\/futurecareinc.com\/de\/case-studies\/physician-advice-bei-sea-usa-case-sample-3\/#breadcrumb\",\"itemListElement\":[{\"@type\":\"ListItem\",\"position\":1,\"name\":\"Home\",\"item\":\"https:\/\/futurecareinc.com\/de\/\"},{\"@type\":\"ListItem\",\"position\":2,\"name\":\"Fallstudien\",\"item\":\"https:\/\/futurecareinc.com\/de\/case-studies\/\"},{\"@type\":\"ListItem\",\"position\":3,\"name\":\"Physician Advice bei Sea USA Case Sample 3\"}]},{\"@type\":\"WebSite\",\"@id\":\"https:\/\/futurecareinc.com\/#website\",\"url\":\"https:\/\/futurecareinc.com\/\",\"name\":\"MedSea, an International SOS Company\",\"description\":\"Seafarer health is our priority\",\"publisher\":{\"@id\":\"https:\/\/futurecareinc.com\/#organization\"},\"potentialAction\":[{\"@type\":\"SearchAction\",\"target\":{\"@type\":\"EntryPoint\",\"urlTemplate\":\"https:\/\/futurecareinc.com\/?s={search_term_string}\"},\"query-input\":{\"@type\":\"PropertyValueSpecification\",\"valueRequired\":true,\"valueName\":\"search_term_string\"}}],\"inLanguage\":\"de-DE\"},{\"@type\":\"Organization\",\"@id\":\"https:\/\/futurecareinc.com\/#organization\",\"name\":\"MedSea, an International SOS Company\",\"url\":\"https:\/\/futurecareinc.com\/\",\"logo\":{\"@type\":\"ImageObject\",\"inLanguage\":\"de-DE\",\"@id\":\"https:\/\/futurecareinc.com\/#\/schema\/logo\/image\/\",\"url\":\"https:\/\/futurecareinc.com\/wp-content\/uploads\/2020\/04\/MedSea_Logo_2024-scaled.png\",\"contentUrl\":\"https:\/\/futurecareinc.com\/wp-content\/uploads\/2020\/04\/MedSea_Logo_2024-scaled.png\",\"width\":2560,\"height\":1085,\"caption\":\"MedSea, an International SOS Company\"},\"image\":{\"@id\":\"https:\/\/futurecareinc.com\/#\/schema\/logo\/image\/\"}}]}<\/script>\n<!-- \/ Yoast SEO plugin. -->","yoast_head_json":{"title":"Physician Advice bei Sea USA Case Sample 3 - MedSea, an International SOS Company","description":"Vorfall: Ein US-Crewmitglied zeigte symptome einer schweren allergischen Reaktion an Bord des Schiffes w\u00e4hrend einer Weizenableitung in Maputo, Mosambik.","robots":{"index":"index","follow":"follow","max-snippet":"max-snippet:-1","max-image-preview":"max-image-preview:large","max-video-preview":"max-video-preview:-1"},"canonical":"https:\/\/futurecareinc.com\/de\/case-studies\/physician-advice-bei-sea-usa-case-sample-3\/","og_locale":"de_DE","og_type":"article","og_title":"Physician Advice bei Sea USA Case Sample 3 - MedSea, an International SOS Company","og_description":"Vorfall: Ein US-Crewmitglied zeigte symptome einer schweren allergischen Reaktion an Bord des Schiffes w\u00e4hrend einer Weizenableitung in Maputo, Mosambik.","og_url":"https:\/\/futurecareinc.com\/de\/case-studies\/physician-advice-bei-sea-usa-case-sample-3\/","og_site_name":"MedSea, an International SOS Company","twitter_card":"summary_large_image","twitter_misc":{"Gesch\u00e4tzte Lesezeit":"1 Minute"},"schema":{"@context":"https:\/\/schema.org","@graph":[{"@type":"WebPage","@id":"https:\/\/futurecareinc.com\/de\/case-studies\/physician-advice-bei-sea-usa-case-sample-3\/","url":"https:\/\/futurecareinc.com\/de\/case-studies\/physician-advice-bei-sea-usa-case-sample-3\/","name":"Physician Advice bei Sea USA Case Sample 3 - MedSea, an International SOS Company","isPartOf":{"@id":"https:\/\/futurecareinc.com\/#website"},"datePublished":"2020-04-22T11:48:23+00:00","description":"Vorfall: Ein US-Crewmitglied zeigte symptome einer schweren allergischen Reaktion an Bord des Schiffes w\u00e4hrend einer Weizenableitung in Maputo, Mosambik.","breadcrumb":{"@id":"https:\/\/futurecareinc.com\/de\/case-studies\/physician-advice-bei-sea-usa-case-sample-3\/#breadcrumb"},"inLanguage":"de-DE","potentialAction":[{"@type":"ReadAction","target":["https:\/\/futurecareinc.com\/de\/case-studies\/physician-advice-bei-sea-usa-case-sample-3\/"]}]},{"@type":"BreadcrumbList","@id":"https:\/\/futurecareinc.com\/de\/case-studies\/physician-advice-bei-sea-usa-case-sample-3\/#breadcrumb","itemListElement":[{"@type":"ListItem","position":1,"name":"Home","item":"https:\/\/futurecareinc.com\/de\/"},{"@type":"ListItem","position":2,"name":"Fallstudien","item":"https:\/\/futurecareinc.com\/de\/case-studies\/"},{"@type":"ListItem","position":3,"name":"Physician Advice bei Sea USA Case Sample 3"}]},{"@type":"WebSite","@id":"https:\/\/futurecareinc.com\/#website","url":"https:\/\/futurecareinc.com\/","name":"MedSea, an International SOS Company","description":"Seafarer health is our priority","publisher":{"@id":"https:\/\/futurecareinc.com\/#organization"},"potentialAction":[{"@type":"SearchAction","target":{"@type":"EntryPoint","urlTemplate":"https:\/\/futurecareinc.com\/?s={search_term_string}"},"query-input":{"@type":"PropertyValueSpecification","valueRequired":true,"valueName":"search_term_string"}}],"inLanguage":"de-DE"},{"@type":"Organization","@id":"https:\/\/futurecareinc.com\/#organization","name":"MedSea, an International SOS Company","url":"https:\/\/futurecareinc.com\/","logo":{"@type":"ImageObject","inLanguage":"de-DE","@id":"https:\/\/futurecareinc.com\/#\/schema\/logo\/image\/","url":"https:\/\/futurecareinc.com\/wp-content\/uploads\/2020\/04\/MedSea_Logo_2024-scaled.png","contentUrl":"https:\/\/futurecareinc.com\/wp-content\/uploads\/2020\/04\/MedSea_Logo_2024-scaled.png","width":2560,"height":1085,"caption":"MedSea, an International SOS Company"},"image":{"@id":"https:\/\/futurecareinc.com\/#\/schema\/logo\/image\/"}}]}},"_links":{"self":[{"href":"https:\/\/futurecareinc.com\/de\/wp-json\/wp\/v2\/pages\/2775","targetHints":{"allow":["GET"]}}],"collection":[{"href":"https:\/\/futurecareinc.com\/de\/wp-json\/wp\/v2\/pages"}],"about":[{"href":"https:\/\/futurecareinc.com\/de\/wp-json\/wp\/v2\/types\/page"}],"author":[{"embeddable":true,"href":"https:\/\/futurecareinc.com\/de\/wp-json\/wp\/v2\/users\/2"}],"replies":[{"embeddable":true,"href":"https:\/\/futurecareinc.com\/de\/wp-json\/wp\/v2\/comments?post=2775"}],"version-history":[{"count":0,"href":"https:\/\/futurecareinc.com\/de\/wp-json\/wp\/v2\/pages\/2775\/revisions"}],"up":[{"embeddable":true,"href":"https:\/\/futurecareinc.com\/de\/wp-json\/wp\/v2\/pages\/2573"}],"wp:attachment":[{"href":"https:\/\/futurecareinc.com\/de\/wp-json\/wp\/v2\/media?parent=2775"}],"curies":[{"name":"wp","href":"https:\/\/api.w.org\/{rel}","templated":true}]}}