{"id":2776,"date":"2020-04-22T11:48:44","date_gmt":"2020-04-22T11:48:44","guid":{"rendered":"https:\/\/futurecareinc.wpengine.com\/case-studies\/physician-advice-bei-sea-usa-case-sample-2\/"},"modified":"2020-04-22T11:48:44","modified_gmt":"2020-04-22T11:48:44","slug":"physician-advice-bei-sea-usa-case-sample-2","status":"publish","type":"page","link":"https:\/\/futurecareinc.com\/de\/case-studies\/physician-advice-bei-sea-usa-case-sample-2\/","title":{"rendered":"Physician Advice bei Sea USA Case Sample 2"},"content":{"rendered":"<p><\/br><\/p>\n<p>Lage: Auf See; S\u00fcdafrika<\/p>\n<p><\/br><\/p>\n<p>FallZusammenfassung: Ein US-Crewmitglied, das an Bord mit Symptomen einer Angina vorgestellt wurde, und der Kapit\u00e4n begann, sich auf die Abweichung zum n\u00e4chsten Hafen vorzubereiten. Der Reeder kontaktierte Future Care, der sofort einen Arztberater beauftragte, Ferndiagnosen und Hilfestellung zu leisten. Der \u00c4rzteberater nahm Kontakt mit dem Schiff und dem Besatzungsmitglied auf und kam nach einer gr\u00fcndlichen \u00dcberpr\u00fcfung der Symptome und subjektiven Eindr\u00fccke des Besatzungsmitglieds zu dem Schluss, dass eine Zwischenbehandlung an Bord m\u00f6glich sei und dass es nicht notwendig sei, das Schiff abzuweichen.<\/p>\n<p><\/br><\/p>\n<p>Future Care es Physician Advisor versorgte an Bord telemedizinische Beratung f\u00fcr mehrere Tage bis zur Ankunft in Durban, S\u00fcdafrika. Bei der Ankunft in Durban gab der behandelnde Arzt die Notwendigkeit eines Herzangiogramms an. Das Besatzungsmitglied wollte zur weiteren Pflege in die USA zur\u00fcckkehren. Future Care es Physician Advisor r\u00e4umte das Besatzungsmitglied f\u00fcr Reisen und ein Angiogramm wurde in den USA geplant und durchgef\u00fchrt. Ein Future Care Fallmanager wurde beauftragt, die anschlie\u00dfende Behandlung und Rekonvaleszenz zu verwalten.<\/p>\n<p><\/br><\/p>\n<p>Gesch\u00e4tzte Einsparungen durch zuk\u00fcnftige Pflegeintervention: Das Schiff vermied die extremen Kosten und Verz\u00f6gerungen der Abweichung oder medizinischen Evakuierung, was wahrscheinlich 75.000 DOLLAR oder mehr einsparte.<\/p>\n<p>&nbsp;<\/p>\n","protected":false},"excerpt":{"rendered":"<p>Lage: Auf See; S\u00fcdafrika FallZusammenfassung: Ein US-Crewmitglied, das an Bord mit Symptomen einer Angina vorgestellt wurde, und der Kapit\u00e4n begann, sich auf die Abweichung zum n\u00e4chsten Hafen vorzubereiten. Der Reeder kontaktierte Future Care, der sofort einen Arztberater beauftragte, Ferndiagnosen und Hilfestellung zu leisten. Der \u00c4rzteberater nahm Kontakt mit dem Schiff und dem Besatzungsmitglied auf und [&hellip;]<\/p>\n","protected":false},"author":2,"featured_media":0,"parent":2573,"menu_order":0,"comment_status":"closed","ping_status":"closed","template":"","meta":{"footnotes":""},"class_list":["post-2776","page","type-page","status-publish","hentry"],"yoast_head":"<!-- This site is optimized with the Yoast SEO plugin v27.2 - https:\/\/yoast.com\/product\/yoast-seo-wordpress\/ -->\n<title>Physician Advice bei Sea USA Case Sample 2 - MedSea, an International SOS Company<\/title>\n<meta name=\"description\" content=\"FallZusammenfassung: Ein US-Crewmitglied, das an Bord mit Symptomen einer Angina vorgestellt wurde, und der Kapit\u00e4n begann, sich auf die Abweichung zum n\u00e4chsten Hafen vorzubereiten.\" \/>\n<meta name=\"robots\" content=\"index, follow, max-snippet:-1, max-image-preview:large, max-video-preview:-1\" \/>\n<link rel=\"canonical\" href=\"https:\/\/futurecareinc.com\/de\/case-studies\/physician-advice-bei-sea-usa-case-sample-2\/\" \/>\n<meta property=\"og:locale\" content=\"de_DE\" \/>\n<meta property=\"og:type\" content=\"article\" \/>\n<meta property=\"og:title\" content=\"Physician Advice bei Sea USA Case Sample 2 - MedSea, an International SOS Company\" \/>\n<meta property=\"og:description\" content=\"FallZusammenfassung: Ein US-Crewmitglied, das an Bord mit Symptomen einer Angina vorgestellt wurde, und der Kapit\u00e4n begann, sich auf die Abweichung zum n\u00e4chsten Hafen vorzubereiten.\" \/>\n<meta property=\"og:url\" content=\"https:\/\/futurecareinc.com\/de\/case-studies\/physician-advice-bei-sea-usa-case-sample-2\/\" \/>\n<meta property=\"og:site_name\" content=\"MedSea, an International SOS Company\" \/>\n<meta name=\"twitter:card\" content=\"summary_large_image\" \/>\n<meta name=\"twitter:label1\" content=\"Gesch\u00e4tzte Lesezeit\" \/>\n\t<meta name=\"twitter:data1\" content=\"1 Minute\" \/>\n<script type=\"application\/ld+json\" class=\"yoast-schema-graph\">{\"@context\":\"https:\/\/schema.org\",\"@graph\":[{\"@type\":\"WebPage\",\"@id\":\"https:\/\/futurecareinc.com\/de\/case-studies\/physician-advice-bei-sea-usa-case-sample-2\/\",\"url\":\"https:\/\/futurecareinc.com\/de\/case-studies\/physician-advice-bei-sea-usa-case-sample-2\/\",\"name\":\"Physician Advice bei Sea USA Case Sample 2 - MedSea, an International SOS Company\",\"isPartOf\":{\"@id\":\"https:\/\/futurecareinc.com\/#website\"},\"datePublished\":\"2020-04-22T11:48:44+00:00\",\"description\":\"FallZusammenfassung: Ein US-Crewmitglied, das an Bord mit Symptomen einer Angina vorgestellt wurde, und der Kapit\u00e4n begann, sich auf die Abweichung zum n\u00e4chsten Hafen vorzubereiten.\",\"breadcrumb\":{\"@id\":\"https:\/\/futurecareinc.com\/de\/case-studies\/physician-advice-bei-sea-usa-case-sample-2\/#breadcrumb\"},\"inLanguage\":\"de-DE\",\"potentialAction\":[{\"@type\":\"ReadAction\",\"target\":[\"https:\/\/futurecareinc.com\/de\/case-studies\/physician-advice-bei-sea-usa-case-sample-2\/\"]}]},{\"@type\":\"BreadcrumbList\",\"@id\":\"https:\/\/futurecareinc.com\/de\/case-studies\/physician-advice-bei-sea-usa-case-sample-2\/#breadcrumb\",\"itemListElement\":[{\"@type\":\"ListItem\",\"position\":1,\"name\":\"Home\",\"item\":\"https:\/\/futurecareinc.com\/de\/\"},{\"@type\":\"ListItem\",\"position\":2,\"name\":\"Fallstudien\",\"item\":\"https:\/\/futurecareinc.com\/de\/case-studies\/\"},{\"@type\":\"ListItem\",\"position\":3,\"name\":\"Physician Advice bei Sea USA Case Sample 2\"}]},{\"@type\":\"WebSite\",\"@id\":\"https:\/\/futurecareinc.com\/#website\",\"url\":\"https:\/\/futurecareinc.com\/\",\"name\":\"MedSea, an International SOS Company\",\"description\":\"Seafarer health is our priority\",\"publisher\":{\"@id\":\"https:\/\/futurecareinc.com\/#organization\"},\"potentialAction\":[{\"@type\":\"SearchAction\",\"target\":{\"@type\":\"EntryPoint\",\"urlTemplate\":\"https:\/\/futurecareinc.com\/?s={search_term_string}\"},\"query-input\":{\"@type\":\"PropertyValueSpecification\",\"valueRequired\":true,\"valueName\":\"search_term_string\"}}],\"inLanguage\":\"de-DE\"},{\"@type\":\"Organization\",\"@id\":\"https:\/\/futurecareinc.com\/#organization\",\"name\":\"MedSea, an International SOS Company\",\"url\":\"https:\/\/futurecareinc.com\/\",\"logo\":{\"@type\":\"ImageObject\",\"inLanguage\":\"de-DE\",\"@id\":\"https:\/\/futurecareinc.com\/#\/schema\/logo\/image\/\",\"url\":\"https:\/\/futurecareinc.com\/wp-content\/uploads\/2020\/04\/MedSea_Logo_2024-scaled.png\",\"contentUrl\":\"https:\/\/futurecareinc.com\/wp-content\/uploads\/2020\/04\/MedSea_Logo_2024-scaled.png\",\"width\":2560,\"height\":1085,\"caption\":\"MedSea, an International SOS Company\"},\"image\":{\"@id\":\"https:\/\/futurecareinc.com\/#\/schema\/logo\/image\/\"}}]}<\/script>\n<!-- \/ Yoast SEO plugin. -->","yoast_head_json":{"title":"Physician Advice bei Sea USA Case Sample 2 - MedSea, an International SOS Company","description":"FallZusammenfassung: Ein US-Crewmitglied, das an Bord mit Symptomen einer Angina vorgestellt wurde, und der Kapit\u00e4n begann, sich auf die Abweichung zum n\u00e4chsten Hafen vorzubereiten.","robots":{"index":"index","follow":"follow","max-snippet":"max-snippet:-1","max-image-preview":"max-image-preview:large","max-video-preview":"max-video-preview:-1"},"canonical":"https:\/\/futurecareinc.com\/de\/case-studies\/physician-advice-bei-sea-usa-case-sample-2\/","og_locale":"de_DE","og_type":"article","og_title":"Physician Advice bei Sea USA Case Sample 2 - MedSea, an International SOS Company","og_description":"FallZusammenfassung: Ein US-Crewmitglied, das an Bord mit Symptomen einer Angina vorgestellt wurde, und der Kapit\u00e4n begann, sich auf die Abweichung zum n\u00e4chsten Hafen vorzubereiten.","og_url":"https:\/\/futurecareinc.com\/de\/case-studies\/physician-advice-bei-sea-usa-case-sample-2\/","og_site_name":"MedSea, an International SOS Company","twitter_card":"summary_large_image","twitter_misc":{"Gesch\u00e4tzte Lesezeit":"1 Minute"},"schema":{"@context":"https:\/\/schema.org","@graph":[{"@type":"WebPage","@id":"https:\/\/futurecareinc.com\/de\/case-studies\/physician-advice-bei-sea-usa-case-sample-2\/","url":"https:\/\/futurecareinc.com\/de\/case-studies\/physician-advice-bei-sea-usa-case-sample-2\/","name":"Physician Advice bei Sea USA Case Sample 2 - MedSea, an International SOS Company","isPartOf":{"@id":"https:\/\/futurecareinc.com\/#website"},"datePublished":"2020-04-22T11:48:44+00:00","description":"FallZusammenfassung: Ein US-Crewmitglied, das an Bord mit Symptomen einer Angina vorgestellt wurde, und der Kapit\u00e4n begann, sich auf die Abweichung zum n\u00e4chsten Hafen vorzubereiten.","breadcrumb":{"@id":"https:\/\/futurecareinc.com\/de\/case-studies\/physician-advice-bei-sea-usa-case-sample-2\/#breadcrumb"},"inLanguage":"de-DE","potentialAction":[{"@type":"ReadAction","target":["https:\/\/futurecareinc.com\/de\/case-studies\/physician-advice-bei-sea-usa-case-sample-2\/"]}]},{"@type":"BreadcrumbList","@id":"https:\/\/futurecareinc.com\/de\/case-studies\/physician-advice-bei-sea-usa-case-sample-2\/#breadcrumb","itemListElement":[{"@type":"ListItem","position":1,"name":"Home","item":"https:\/\/futurecareinc.com\/de\/"},{"@type":"ListItem","position":2,"name":"Fallstudien","item":"https:\/\/futurecareinc.com\/de\/case-studies\/"},{"@type":"ListItem","position":3,"name":"Physician Advice bei Sea USA Case Sample 2"}]},{"@type":"WebSite","@id":"https:\/\/futurecareinc.com\/#website","url":"https:\/\/futurecareinc.com\/","name":"MedSea, an International SOS Company","description":"Seafarer health is our priority","publisher":{"@id":"https:\/\/futurecareinc.com\/#organization"},"potentialAction":[{"@type":"SearchAction","target":{"@type":"EntryPoint","urlTemplate":"https:\/\/futurecareinc.com\/?s={search_term_string}"},"query-input":{"@type":"PropertyValueSpecification","valueRequired":true,"valueName":"search_term_string"}}],"inLanguage":"de-DE"},{"@type":"Organization","@id":"https:\/\/futurecareinc.com\/#organization","name":"MedSea, an International SOS Company","url":"https:\/\/futurecareinc.com\/","logo":{"@type":"ImageObject","inLanguage":"de-DE","@id":"https:\/\/futurecareinc.com\/#\/schema\/logo\/image\/","url":"https:\/\/futurecareinc.com\/wp-content\/uploads\/2020\/04\/MedSea_Logo_2024-scaled.png","contentUrl":"https:\/\/futurecareinc.com\/wp-content\/uploads\/2020\/04\/MedSea_Logo_2024-scaled.png","width":2560,"height":1085,"caption":"MedSea, an International SOS Company"},"image":{"@id":"https:\/\/futurecareinc.com\/#\/schema\/logo\/image\/"}}]}},"_links":{"self":[{"href":"https:\/\/futurecareinc.com\/de\/wp-json\/wp\/v2\/pages\/2776","targetHints":{"allow":["GET"]}}],"collection":[{"href":"https:\/\/futurecareinc.com\/de\/wp-json\/wp\/v2\/pages"}],"about":[{"href":"https:\/\/futurecareinc.com\/de\/wp-json\/wp\/v2\/types\/page"}],"author":[{"embeddable":true,"href":"https:\/\/futurecareinc.com\/de\/wp-json\/wp\/v2\/users\/2"}],"replies":[{"embeddable":true,"href":"https:\/\/futurecareinc.com\/de\/wp-json\/wp\/v2\/comments?post=2776"}],"version-history":[{"count":0,"href":"https:\/\/futurecareinc.com\/de\/wp-json\/wp\/v2\/pages\/2776\/revisions"}],"up":[{"embeddable":true,"href":"https:\/\/futurecareinc.com\/de\/wp-json\/wp\/v2\/pages\/2573"}],"wp:attachment":[{"href":"https:\/\/futurecareinc.com\/de\/wp-json\/wp\/v2\/media?parent=2776"}],"curies":[{"name":"wp","href":"https:\/\/api.w.org\/{rel}","templated":true}]}}