{"id":2777,"date":"2020-04-22T11:49:16","date_gmt":"2020-04-22T11:49:16","guid":{"rendered":"https:\/\/futurecareinc.wpengine.com\/case-studies\/physician-advice-at-sea-usa-case-sample-1\/"},"modified":"2020-04-22T11:49:16","modified_gmt":"2020-04-22T11:49:16","slug":"physician-advice-at-sea-usa-case-sample-1","status":"publish","type":"page","link":"https:\/\/futurecareinc.com\/de\/case-studies\/physician-advice-at-sea-usa-case-sample-1\/","title":{"rendered":"Physician Advice at Sea USA Case Sample 1"},"content":{"rendered":"<p><\/br><\/p>\n<p>Ort: Bermuda\/New Orleans LA USA<\/p>\n<p><\/br><\/p>\n<p>W\u00e4hrend einer Reise von einem ostafrikanischen Hafen zur US-Ostk\u00fcste berichteten mehrere Besatzungsmitglieder von Fieber und grippe\u00e4hnlichen Symptomen. Der schwerstkranke Besatzungsmitglied wurde in Bermuda an Land gebracht. Der Reeder, der einen Ausbruch von Ebola und einer ansteckenden Krankheit an Bord bef\u00fcrchtete, kontaktierte Future Care, der sofort einen Arztberater beauftragte, mit dem Kapit\u00e4n und der Besatzung des Schiffes in Verbindung zu treten. Der Physician Advisor unterhielt st\u00e4ndigen Kontakt mit dem Kapit\u00e4n und der Besatzung und gab medizinische Ratschl\u00e4ge, als das Schiff in Richtung USA fuhr.<\/p>\n<p><\/br><\/p>\n<p>Future Care es Physician Advisor unterst\u00fctzte den Reeder auch bei der Kommunikation mit den US-Beh\u00f6rden, einschlie\u00dflich der US-K\u00fcstenwache und des Center for Disease Control (CDC), indem er dem Schiff erlaubte, den Hafen von New Orleans weiterzufahren.<\/p>\n<p><\/br><\/p>\n<p>Bei der Ankunft in New Orleans verh\u00e4ngten die Beh\u00f6rden eine Besatzungsquarant\u00e4ne bis zu Testergebnissen und schlie\u00dflich CDC-Zulassung. Das medizinische Fallmanagementteam von Physician Advisor und Future Care veranlasste einen Notfallstart, um das notwendige medizinische Personal zum Schiff zu bringen und die entsprechenden Tests durchzuf\u00fchren. Die Testergebnisse erwiesen sich als negativ f\u00fcr Ebola oder andere Infektionskrankheiten, obwohl bei einem Besatzungsmitglied Hepatitis A diagnostiziert wurde. Der Fallmanager von Future Care wurde beauftragt, die Hepatitis-Behandlung des Besatzungsmitglieds zu \u00fcberwachen. Der Seemann wurde stabilisiert und anschlie\u00dfend erfolgreich zur\u00fcckgef\u00fchrt.<\/p>\n<p><\/br><\/p>\n<p>Gesch\u00e4tzte Einsparungen durch Future Care Intervention: Das Schiff vermied potenziell viele Tage Versp\u00e4tung und vielleicht eine v\u00f6llige Verweigerung der Erlaubnis, im Hafen von New Orleans anzulegen. Die Kosten der Verz\u00f6gerung oder Abweichung w\u00e4ren recht erheblich gewesen.<\/p>\n<p><\/br><\/p>\n","protected":false},"excerpt":{"rendered":"<p>Ort: Bermuda\/New Orleans LA USA W\u00e4hrend einer Reise von einem ostafrikanischen Hafen zur US-Ostk\u00fcste berichteten mehrere Besatzungsmitglieder von Fieber und grippe\u00e4hnlichen Symptomen. Der schwerstkranke Besatzungsmitglied wurde in Bermuda an Land gebracht. Der Reeder, der einen Ausbruch von Ebola und einer ansteckenden Krankheit an Bord bef\u00fcrchtete, kontaktierte Future Care, der sofort einen Arztberater beauftragte, mit dem [&hellip;]<\/p>\n","protected":false},"author":2,"featured_media":0,"parent":2573,"menu_order":0,"comment_status":"closed","ping_status":"closed","template":"","meta":{"footnotes":""},"class_list":["post-2777","page","type-page","status-publish","hentry"],"yoast_head":"<!-- This site is optimized with the Yoast SEO plugin v27.2 - https:\/\/yoast.com\/product\/yoast-seo-wordpress\/ -->\n<title>Physician Advice at Sea USA Case Sample 1 - MedSea, an International SOS Company<\/title>\n<meta name=\"description\" content=\"W\u00e4hrend einer Reise von einem ostafrikanischen Hafen zur US-Ostk\u00fcste berichteten mehrere Besatzungsmitglieder von Fieber und grippe\u00e4hnlichen Symptomen.\" \/>\n<meta name=\"robots\" content=\"index, follow, max-snippet:-1, max-image-preview:large, max-video-preview:-1\" \/>\n<link rel=\"canonical\" href=\"https:\/\/futurecareinc.com\/de\/case-studies\/physician-advice-at-sea-usa-case-sample-1\/\" \/>\n<meta property=\"og:locale\" content=\"de_DE\" \/>\n<meta property=\"og:type\" content=\"article\" \/>\n<meta property=\"og:title\" content=\"Physician Advice at Sea USA Case Sample 1 - MedSea, an International SOS Company\" \/>\n<meta property=\"og:description\" content=\"W\u00e4hrend einer Reise von einem ostafrikanischen Hafen zur US-Ostk\u00fcste berichteten mehrere Besatzungsmitglieder von Fieber und grippe\u00e4hnlichen Symptomen.\" \/>\n<meta property=\"og:url\" content=\"https:\/\/futurecareinc.com\/de\/case-studies\/physician-advice-at-sea-usa-case-sample-1\/\" \/>\n<meta property=\"og:site_name\" content=\"MedSea, an International SOS Company\" \/>\n<meta name=\"twitter:card\" content=\"summary_large_image\" \/>\n<meta name=\"twitter:label1\" content=\"Gesch\u00e4tzte Lesezeit\" \/>\n\t<meta name=\"twitter:data1\" content=\"1 Minute\" \/>\n<script type=\"application\/ld+json\" class=\"yoast-schema-graph\">{\"@context\":\"https:\/\/schema.org\",\"@graph\":[{\"@type\":\"WebPage\",\"@id\":\"https:\/\/futurecareinc.com\/de\/case-studies\/physician-advice-at-sea-usa-case-sample-1\/\",\"url\":\"https:\/\/futurecareinc.com\/de\/case-studies\/physician-advice-at-sea-usa-case-sample-1\/\",\"name\":\"Physician Advice at Sea USA Case Sample 1 - MedSea, an International SOS Company\",\"isPartOf\":{\"@id\":\"https:\/\/futurecareinc.com\/#website\"},\"datePublished\":\"2020-04-22T11:49:16+00:00\",\"description\":\"W\u00e4hrend einer Reise von einem ostafrikanischen Hafen zur US-Ostk\u00fcste berichteten mehrere Besatzungsmitglieder von Fieber und grippe\u00e4hnlichen Symptomen.\",\"breadcrumb\":{\"@id\":\"https:\/\/futurecareinc.com\/de\/case-studies\/physician-advice-at-sea-usa-case-sample-1\/#breadcrumb\"},\"inLanguage\":\"de-DE\",\"potentialAction\":[{\"@type\":\"ReadAction\",\"target\":[\"https:\/\/futurecareinc.com\/de\/case-studies\/physician-advice-at-sea-usa-case-sample-1\/\"]}]},{\"@type\":\"BreadcrumbList\",\"@id\":\"https:\/\/futurecareinc.com\/de\/case-studies\/physician-advice-at-sea-usa-case-sample-1\/#breadcrumb\",\"itemListElement\":[{\"@type\":\"ListItem\",\"position\":1,\"name\":\"Home\",\"item\":\"https:\/\/futurecareinc.com\/de\/\"},{\"@type\":\"ListItem\",\"position\":2,\"name\":\"Fallstudien\",\"item\":\"https:\/\/futurecareinc.com\/de\/case-studies\/\"},{\"@type\":\"ListItem\",\"position\":3,\"name\":\"Physician Advice at Sea USA Case Sample 1\"}]},{\"@type\":\"WebSite\",\"@id\":\"https:\/\/futurecareinc.com\/#website\",\"url\":\"https:\/\/futurecareinc.com\/\",\"name\":\"MedSea, an International SOS Company\",\"description\":\"Seafarer health is our priority\",\"publisher\":{\"@id\":\"https:\/\/futurecareinc.com\/#organization\"},\"potentialAction\":[{\"@type\":\"SearchAction\",\"target\":{\"@type\":\"EntryPoint\",\"urlTemplate\":\"https:\/\/futurecareinc.com\/?s={search_term_string}\"},\"query-input\":{\"@type\":\"PropertyValueSpecification\",\"valueRequired\":true,\"valueName\":\"search_term_string\"}}],\"inLanguage\":\"de-DE\"},{\"@type\":\"Organization\",\"@id\":\"https:\/\/futurecareinc.com\/#organization\",\"name\":\"MedSea, an International SOS Company\",\"url\":\"https:\/\/futurecareinc.com\/\",\"logo\":{\"@type\":\"ImageObject\",\"inLanguage\":\"de-DE\",\"@id\":\"https:\/\/futurecareinc.com\/#\/schema\/logo\/image\/\",\"url\":\"https:\/\/futurecareinc.com\/wp-content\/uploads\/2020\/04\/MedSea_Logo_2024-scaled.png\",\"contentUrl\":\"https:\/\/futurecareinc.com\/wp-content\/uploads\/2020\/04\/MedSea_Logo_2024-scaled.png\",\"width\":2560,\"height\":1085,\"caption\":\"MedSea, an International SOS Company\"},\"image\":{\"@id\":\"https:\/\/futurecareinc.com\/#\/schema\/logo\/image\/\"}}]}<\/script>\n<!-- \/ Yoast SEO plugin. -->","yoast_head_json":{"title":"Physician Advice at Sea USA Case Sample 1 - MedSea, an International SOS Company","description":"W\u00e4hrend einer Reise von einem ostafrikanischen Hafen zur US-Ostk\u00fcste berichteten mehrere Besatzungsmitglieder von Fieber und grippe\u00e4hnlichen Symptomen.","robots":{"index":"index","follow":"follow","max-snippet":"max-snippet:-1","max-image-preview":"max-image-preview:large","max-video-preview":"max-video-preview:-1"},"canonical":"https:\/\/futurecareinc.com\/de\/case-studies\/physician-advice-at-sea-usa-case-sample-1\/","og_locale":"de_DE","og_type":"article","og_title":"Physician Advice at Sea USA Case Sample 1 - MedSea, an International SOS Company","og_description":"W\u00e4hrend einer Reise von einem ostafrikanischen Hafen zur US-Ostk\u00fcste berichteten mehrere Besatzungsmitglieder von Fieber und grippe\u00e4hnlichen Symptomen.","og_url":"https:\/\/futurecareinc.com\/de\/case-studies\/physician-advice-at-sea-usa-case-sample-1\/","og_site_name":"MedSea, an International SOS Company","twitter_card":"summary_large_image","twitter_misc":{"Gesch\u00e4tzte Lesezeit":"1 Minute"},"schema":{"@context":"https:\/\/schema.org","@graph":[{"@type":"WebPage","@id":"https:\/\/futurecareinc.com\/de\/case-studies\/physician-advice-at-sea-usa-case-sample-1\/","url":"https:\/\/futurecareinc.com\/de\/case-studies\/physician-advice-at-sea-usa-case-sample-1\/","name":"Physician Advice at Sea USA Case Sample 1 - MedSea, an International SOS Company","isPartOf":{"@id":"https:\/\/futurecareinc.com\/#website"},"datePublished":"2020-04-22T11:49:16+00:00","description":"W\u00e4hrend einer Reise von einem ostafrikanischen Hafen zur US-Ostk\u00fcste berichteten mehrere Besatzungsmitglieder von Fieber und grippe\u00e4hnlichen Symptomen.","breadcrumb":{"@id":"https:\/\/futurecareinc.com\/de\/case-studies\/physician-advice-at-sea-usa-case-sample-1\/#breadcrumb"},"inLanguage":"de-DE","potentialAction":[{"@type":"ReadAction","target":["https:\/\/futurecareinc.com\/de\/case-studies\/physician-advice-at-sea-usa-case-sample-1\/"]}]},{"@type":"BreadcrumbList","@id":"https:\/\/futurecareinc.com\/de\/case-studies\/physician-advice-at-sea-usa-case-sample-1\/#breadcrumb","itemListElement":[{"@type":"ListItem","position":1,"name":"Home","item":"https:\/\/futurecareinc.com\/de\/"},{"@type":"ListItem","position":2,"name":"Fallstudien","item":"https:\/\/futurecareinc.com\/de\/case-studies\/"},{"@type":"ListItem","position":3,"name":"Physician Advice at Sea USA Case Sample 1"}]},{"@type":"WebSite","@id":"https:\/\/futurecareinc.com\/#website","url":"https:\/\/futurecareinc.com\/","name":"MedSea, an International SOS Company","description":"Seafarer health is our priority","publisher":{"@id":"https:\/\/futurecareinc.com\/#organization"},"potentialAction":[{"@type":"SearchAction","target":{"@type":"EntryPoint","urlTemplate":"https:\/\/futurecareinc.com\/?s={search_term_string}"},"query-input":{"@type":"PropertyValueSpecification","valueRequired":true,"valueName":"search_term_string"}}],"inLanguage":"de-DE"},{"@type":"Organization","@id":"https:\/\/futurecareinc.com\/#organization","name":"MedSea, an International SOS Company","url":"https:\/\/futurecareinc.com\/","logo":{"@type":"ImageObject","inLanguage":"de-DE","@id":"https:\/\/futurecareinc.com\/#\/schema\/logo\/image\/","url":"https:\/\/futurecareinc.com\/wp-content\/uploads\/2020\/04\/MedSea_Logo_2024-scaled.png","contentUrl":"https:\/\/futurecareinc.com\/wp-content\/uploads\/2020\/04\/MedSea_Logo_2024-scaled.png","width":2560,"height":1085,"caption":"MedSea, an International SOS Company"},"image":{"@id":"https:\/\/futurecareinc.com\/#\/schema\/logo\/image\/"}}]}},"_links":{"self":[{"href":"https:\/\/futurecareinc.com\/de\/wp-json\/wp\/v2\/pages\/2777","targetHints":{"allow":["GET"]}}],"collection":[{"href":"https:\/\/futurecareinc.com\/de\/wp-json\/wp\/v2\/pages"}],"about":[{"href":"https:\/\/futurecareinc.com\/de\/wp-json\/wp\/v2\/types\/page"}],"author":[{"embeddable":true,"href":"https:\/\/futurecareinc.com\/de\/wp-json\/wp\/v2\/users\/2"}],"replies":[{"embeddable":true,"href":"https:\/\/futurecareinc.com\/de\/wp-json\/wp\/v2\/comments?post=2777"}],"version-history":[{"count":0,"href":"https:\/\/futurecareinc.com\/de\/wp-json\/wp\/v2\/pages\/2777\/revisions"}],"up":[{"embeddable":true,"href":"https:\/\/futurecareinc.com\/de\/wp-json\/wp\/v2\/pages\/2573"}],"wp:attachment":[{"href":"https:\/\/futurecareinc.com\/de\/wp-json\/wp\/v2\/media?parent=2777"}],"curies":[{"name":"wp","href":"https:\/\/api.w.org\/{rel}","templated":true}]}}