{"id":2538,"date":"2020-04-16T22:07:01","date_gmt":"2020-04-16T22:07:01","guid":{"rendered":"https:\/\/futurecareinc.wpengine.com\/us-medical-case-management-case-sample-2\/"},"modified":"2020-04-22T11:18:20","modified_gmt":"2020-04-22T11:18:20","slug":"us-medical-case-management-case-sample-2","status":"publish","type":"page","link":"https:\/\/futurecareinc.com\/no\/case-studies\/us-medical-case-management-case-sample-2\/","title":{"rendered":"Eksempel p\u00e5 behandling av medisinsk saks i USA 2"},"content":{"rendered":"<p><\/br><\/p>\n<p>Sted: f\u00f8rste sykehusinnleggelse Minnesota. Oppf\u00f8lging omsorg &#8211; Pennsylvania<\/p>\n<p><\/br><\/p>\n<p>Case Summary: Crewmember led en 35 fot fall med resulterende flere ekstremitetsbrudd og hode og ansiktstraumer. Han ble kj\u00f8rt til akuttbehandling p\u00e5 et n\u00e6rliggende sykehus i Minnesota. Future Care tildelte umiddelbart en medisinsk saksbehandler, som gjennomf\u00f8rte som vurdering av sykehusets behandlingsevner og de av fasiliteter n\u00e6rmere mannskapets hjem i Pennsylvania. Den medisinske saksbehandleren vurderte evner, priser og plassering og identifiserte et passende sykehus i n\u00e6rheten av familien. Future Care arrangerte overf\u00f8ring og adgang til det nye anlegget hvor mannskapet en gang stabiliserte seg, ble overf\u00f8rt til subakutt rehabilitering p\u00e5 h\u00f8yt niv\u00e5 for et lengre opphold p\u00e5 grunn av skadenes art og fortsatt smerte.<\/p>\n<p><\/br><\/p>\n<p>Future Cares medisinske saksbehandler snakket daglig med behandlingsteamet og smertebehandlingsspesialisten for \u00e5 lette de n\u00f8dvendige endringene i farmakologi for optimal smertelindring. Den medisinske saksbehandleren unders\u00f8kte og koordinerte mannskapets eventuelle overf\u00f8ring til et bolighus med h\u00f8y sykepleie og overv\u00e5king. Deretter koordinerte saksbehandleren mannskapets utslipp og kom tilbake til familiens hjem, overv\u00e5ket hjemmemodifikasjoner, med valg av n\u00f8dvendig slitesterkt medisinsk utstyr.<\/p>\n<p><\/br><\/p>\n<p>Deretter unders\u00f8kte og identifiserte den medisinske saksbehandleren spesialistleger for andre meninger knyttet til smertebehandling og rehabiliterende h\u00e5ndkirurgi og modaliteter. Future Cares medisinske saksbehandler forfulgte m\u00e5let med mannskapets maksimale medisinske forbedring fra alle leverand\u00f8rer fra begynnelse til rekonvalesens.<\/p>\n<p><\/br><\/p>\n<p>Estimerte besparelser gjennom Future Care Intervention: Selv om det er vanskelig \u00e5 ansl\u00e5 et dollartall, forbedret Future Cares medisinske saksbehandler b\u00e5de kvaliteten p\u00e5 mannskapets lange medisinske behandling og \u00f8kt effektivitet, og dermed reduserte gjenopprettingstiden og p\u00e5f\u00f8lgende utgifter. Dette er selvf\u00f8lgelig i tillegg til \u00e5 gi mannskapet og familien mindre konkrete, men ekte fysiologiske fordeler gjennom proaktiv medisinsk ledelse og kommunikasjon.<\/p>\n<p><\/br><\/p>\n","protected":false},"excerpt":{"rendered":"<p>Sted: f\u00f8rste sykehusinnleggelse Minnesota. Oppf\u00f8lging omsorg &#8211; Pennsylvania Case Summary: Crewmember led en 35 fot fall med resulterende flere ekstremitetsbrudd og hode og ansiktstraumer. Han ble kj\u00f8rt til akuttbehandling p\u00e5 et n\u00e6rliggende sykehus i Minnesota. Future Care tildelte umiddelbart en medisinsk saksbehandler, som gjennomf\u00f8rte som vurdering av sykehusets behandlingsevner og de av fasiliteter n\u00e6rmere mannskapets [&hellip;]<\/p>\n","protected":false},"author":2,"featured_media":0,"parent":2576,"menu_order":0,"comment_status":"closed","ping_status":"closed","template":"","meta":{"footnotes":""},"class_list":["post-2538","page","type-page","status-publish","hentry"],"yoast_head":"<!-- This site is optimized with the Yoast SEO plugin v27.2 - https:\/\/yoast.com\/product\/yoast-seo-wordpress\/ -->\n<title>Eksempel p\u00e5 behandling av medisinsk saks i USA 2 - MedSea, an International SOS Company<\/title>\n<meta name=\"robots\" content=\"index, follow, max-snippet:-1, max-image-preview:large, max-video-preview:-1\" \/>\n<link rel=\"canonical\" href=\"https:\/\/futurecareinc.com\/no\/case-studies\/us-medical-case-management-case-sample-2\/\" \/>\n<meta property=\"og:locale\" content=\"nb_NO\" \/>\n<meta property=\"og:type\" content=\"article\" \/>\n<meta property=\"og:title\" content=\"Eksempel p\u00e5 behandling av medisinsk saks i USA 2 - MedSea, an International SOS Company\" \/>\n<meta property=\"og:description\" content=\"Sted: f\u00f8rste sykehusinnleggelse Minnesota. Oppf\u00f8lging omsorg &#8211; Pennsylvania Case Summary: Crewmember led en 35 fot fall med resulterende flere ekstremitetsbrudd og hode og ansiktstraumer. Han ble kj\u00f8rt til akuttbehandling p\u00e5 et n\u00e6rliggende sykehus i Minnesota. Future Care tildelte umiddelbart en medisinsk saksbehandler, som gjennomf\u00f8rte som vurdering av sykehusets behandlingsevner og de av fasiliteter n\u00e6rmere mannskapets [&hellip;]\" \/>\n<meta property=\"og:url\" content=\"https:\/\/futurecareinc.com\/no\/case-studies\/us-medical-case-management-case-sample-2\/\" \/>\n<meta property=\"og:site_name\" content=\"MedSea, an International SOS Company\" \/>\n<meta property=\"article:modified_time\" content=\"2020-04-22T11:18:20+00:00\" \/>\n<meta name=\"twitter:card\" content=\"summary_large_image\" \/>\n<meta name=\"twitter:label1\" content=\"Ansl. lesetid\" \/>\n\t<meta name=\"twitter:data1\" content=\"1 minutt\" \/>\n<script type=\"application\/ld+json\" class=\"yoast-schema-graph\">{\"@context\":\"https:\/\/schema.org\",\"@graph\":[{\"@type\":\"WebPage\",\"@id\":\"https:\/\/futurecareinc.com\/no\/case-studies\/us-medical-case-management-case-sample-2\/\",\"url\":\"https:\/\/futurecareinc.com\/no\/case-studies\/us-medical-case-management-case-sample-2\/\",\"name\":\"Eksempel p\u00e5 behandling av medisinsk saks i USA 2 - MedSea, an International SOS Company\",\"isPartOf\":{\"@id\":\"https:\/\/futurecareinc.com\/#website\"},\"datePublished\":\"2020-04-16T22:07:01+00:00\",\"dateModified\":\"2020-04-22T11:18:20+00:00\",\"breadcrumb\":{\"@id\":\"https:\/\/futurecareinc.com\/no\/case-studies\/us-medical-case-management-case-sample-2\/#breadcrumb\"},\"inLanguage\":\"nb-NO\",\"potentialAction\":[{\"@type\":\"ReadAction\",\"target\":[\"https:\/\/futurecareinc.com\/no\/case-studies\/us-medical-case-management-case-sample-2\/\"]}]},{\"@type\":\"BreadcrumbList\",\"@id\":\"https:\/\/futurecareinc.com\/no\/case-studies\/us-medical-case-management-case-sample-2\/#breadcrumb\",\"itemListElement\":[{\"@type\":\"ListItem\",\"position\":1,\"name\":\"Home\",\"item\":\"https:\/\/futurecareinc.com\/no\/\"},{\"@type\":\"ListItem\",\"position\":2,\"name\":\"Casestudier\",\"item\":\"https:\/\/futurecareinc.com\/no\/case-studies\/\"},{\"@type\":\"ListItem\",\"position\":3,\"name\":\"Eksempel p\u00e5 behandling av medisinsk saks i USA 2\"}]},{\"@type\":\"WebSite\",\"@id\":\"https:\/\/futurecareinc.com\/#website\",\"url\":\"https:\/\/futurecareinc.com\/\",\"name\":\"MedSea, an International SOS Company\",\"description\":\"Seafarer health is our priority\",\"publisher\":{\"@id\":\"https:\/\/futurecareinc.com\/#organization\"},\"potentialAction\":[{\"@type\":\"SearchAction\",\"target\":{\"@type\":\"EntryPoint\",\"urlTemplate\":\"https:\/\/futurecareinc.com\/?s={search_term_string}\"},\"query-input\":{\"@type\":\"PropertyValueSpecification\",\"valueRequired\":true,\"valueName\":\"search_term_string\"}}],\"inLanguage\":\"nb-NO\"},{\"@type\":\"Organization\",\"@id\":\"https:\/\/futurecareinc.com\/#organization\",\"name\":\"MedSea, an International SOS Company\",\"url\":\"https:\/\/futurecareinc.com\/\",\"logo\":{\"@type\":\"ImageObject\",\"inLanguage\":\"nb-NO\",\"@id\":\"https:\/\/futurecareinc.com\/#\/schema\/logo\/image\/\",\"url\":\"https:\/\/futurecareinc.com\/wp-content\/uploads\/2020\/04\/MedSea_Logo_2024-scaled.png\",\"contentUrl\":\"https:\/\/futurecareinc.com\/wp-content\/uploads\/2020\/04\/MedSea_Logo_2024-scaled.png\",\"width\":2560,\"height\":1085,\"caption\":\"MedSea, an International SOS Company\"},\"image\":{\"@id\":\"https:\/\/futurecareinc.com\/#\/schema\/logo\/image\/\"}}]}<\/script>\n<!-- \/ Yoast SEO plugin. -->","yoast_head_json":{"title":"Eksempel p\u00e5 behandling av medisinsk saks i USA 2 - MedSea, an International SOS Company","robots":{"index":"index","follow":"follow","max-snippet":"max-snippet:-1","max-image-preview":"max-image-preview:large","max-video-preview":"max-video-preview:-1"},"canonical":"https:\/\/futurecareinc.com\/no\/case-studies\/us-medical-case-management-case-sample-2\/","og_locale":"nb_NO","og_type":"article","og_title":"Eksempel p\u00e5 behandling av medisinsk saks i USA 2 - MedSea, an International SOS Company","og_description":"Sted: f\u00f8rste sykehusinnleggelse Minnesota. Oppf\u00f8lging omsorg &#8211; Pennsylvania Case Summary: Crewmember led en 35 fot fall med resulterende flere ekstremitetsbrudd og hode og ansiktstraumer. Han ble kj\u00f8rt til akuttbehandling p\u00e5 et n\u00e6rliggende sykehus i Minnesota. Future Care tildelte umiddelbart en medisinsk saksbehandler, som gjennomf\u00f8rte som vurdering av sykehusets behandlingsevner og de av fasiliteter n\u00e6rmere mannskapets [&hellip;]","og_url":"https:\/\/futurecareinc.com\/no\/case-studies\/us-medical-case-management-case-sample-2\/","og_site_name":"MedSea, an International SOS Company","article_modified_time":"2020-04-22T11:18:20+00:00","twitter_card":"summary_large_image","twitter_misc":{"Ansl. lesetid":"1 minutt"},"schema":{"@context":"https:\/\/schema.org","@graph":[{"@type":"WebPage","@id":"https:\/\/futurecareinc.com\/no\/case-studies\/us-medical-case-management-case-sample-2\/","url":"https:\/\/futurecareinc.com\/no\/case-studies\/us-medical-case-management-case-sample-2\/","name":"Eksempel p\u00e5 behandling av medisinsk saks i USA 2 - MedSea, an International SOS Company","isPartOf":{"@id":"https:\/\/futurecareinc.com\/#website"},"datePublished":"2020-04-16T22:07:01+00:00","dateModified":"2020-04-22T11:18:20+00:00","breadcrumb":{"@id":"https:\/\/futurecareinc.com\/no\/case-studies\/us-medical-case-management-case-sample-2\/#breadcrumb"},"inLanguage":"nb-NO","potentialAction":[{"@type":"ReadAction","target":["https:\/\/futurecareinc.com\/no\/case-studies\/us-medical-case-management-case-sample-2\/"]}]},{"@type":"BreadcrumbList","@id":"https:\/\/futurecareinc.com\/no\/case-studies\/us-medical-case-management-case-sample-2\/#breadcrumb","itemListElement":[{"@type":"ListItem","position":1,"name":"Home","item":"https:\/\/futurecareinc.com\/no\/"},{"@type":"ListItem","position":2,"name":"Casestudier","item":"https:\/\/futurecareinc.com\/no\/case-studies\/"},{"@type":"ListItem","position":3,"name":"Eksempel p\u00e5 behandling av medisinsk saks i USA 2"}]},{"@type":"WebSite","@id":"https:\/\/futurecareinc.com\/#website","url":"https:\/\/futurecareinc.com\/","name":"MedSea, an International SOS Company","description":"Seafarer health is our priority","publisher":{"@id":"https:\/\/futurecareinc.com\/#organization"},"potentialAction":[{"@type":"SearchAction","target":{"@type":"EntryPoint","urlTemplate":"https:\/\/futurecareinc.com\/?s={search_term_string}"},"query-input":{"@type":"PropertyValueSpecification","valueRequired":true,"valueName":"search_term_string"}}],"inLanguage":"nb-NO"},{"@type":"Organization","@id":"https:\/\/futurecareinc.com\/#organization","name":"MedSea, an International SOS Company","url":"https:\/\/futurecareinc.com\/","logo":{"@type":"ImageObject","inLanguage":"nb-NO","@id":"https:\/\/futurecareinc.com\/#\/schema\/logo\/image\/","url":"https:\/\/futurecareinc.com\/wp-content\/uploads\/2020\/04\/MedSea_Logo_2024-scaled.png","contentUrl":"https:\/\/futurecareinc.com\/wp-content\/uploads\/2020\/04\/MedSea_Logo_2024-scaled.png","width":2560,"height":1085,"caption":"MedSea, an International SOS Company"},"image":{"@id":"https:\/\/futurecareinc.com\/#\/schema\/logo\/image\/"}}]}},"_links":{"self":[{"href":"https:\/\/futurecareinc.com\/no\/wp-json\/wp\/v2\/pages\/2538","targetHints":{"allow":["GET"]}}],"collection":[{"href":"https:\/\/futurecareinc.com\/no\/wp-json\/wp\/v2\/pages"}],"about":[{"href":"https:\/\/futurecareinc.com\/no\/wp-json\/wp\/v2\/types\/page"}],"author":[{"embeddable":true,"href":"https:\/\/futurecareinc.com\/no\/wp-json\/wp\/v2\/users\/2"}],"replies":[{"embeddable":true,"href":"https:\/\/futurecareinc.com\/no\/wp-json\/wp\/v2\/comments?post=2538"}],"version-history":[{"count":0,"href":"https:\/\/futurecareinc.com\/no\/wp-json\/wp\/v2\/pages\/2538\/revisions"}],"up":[{"embeddable":true,"href":"https:\/\/futurecareinc.com\/no\/wp-json\/wp\/v2\/pages\/2576"}],"wp:attachment":[{"href":"https:\/\/futurecareinc.com\/no\/wp-json\/wp\/v2\/media?parent=2538"}],"curies":[{"name":"wp","href":"https:\/\/api.w.org\/{rel}","templated":true}]}}