{"id":2543,"date":"2020-04-16T22:02:10","date_gmt":"2020-04-16T22:02:10","guid":{"rendered":"https:\/\/futurecareinc.wpengine.com\/us-medical-case-management-case-sample-1\/"},"modified":"2020-04-22T12:34:14","modified_gmt":"2020-04-22T12:34:14","slug":"us-medical-case-management-case-sample-1","status":"publish","type":"page","link":"https:\/\/futurecareinc.com\/no\/case-studies\/us-medical-case-management-case-sample-1\/","title":{"rendered":"Eksempel p\u00e5 behandling av medisinsk saks i USA 1"},"content":{"rendered":"<p><\/br><\/p>\n<p>Beliggenhet: Charleston SC<\/p>\n<p><\/br><\/p>\n<p><strong>Case sammendrag:<\/strong> En ikke-amerikansk besetningsmedlem rapporterte til kaptein med en klage p\u00e5 magesmerter, h\u00f8yre nedre kvadrant, og presentert med forh\u00f8yet temperatur, diar\u00e9, kvalme og oppkast. Han ble fraktet til et akuttsenter i USA og deretter overf\u00f8rt til sykehuset og diagnostisert med akutt blindtarmbetennelse. Mannskapet gjennomgikk en vellykket n\u00f8dvedheng, utskrevet til et lokalt hotell to dager senere og hjemsendt to dager etterp\u00e5.<\/p>\n<p><\/br><\/p>\n<p>Future Cares medisinske saksbehandler ble varslet om hendelsen kort tid etter sykehusinnleggelse. Hun tok umiddelbart kontakt med sykehusbehandling og mannskap og utviklet en behandlingsplan for den amerikanske sykehusinnleggelse, hjemsendelse og rekonvalesens i mannskapets hjemland.<\/p>\n<p><\/br><\/p>\n<p>Saksbehandlingsaktiviteter omfattet kontakt med det amerikanske behandlingsteamet, mannskapet og familien; koordineremannskapets utskrivning fra sykehuset til det lokale hotellet; administrere hjemsendelse ordninger inkludert Fit for Travel og relaterte sertifiseringer; koordinere behandling og medisiner i hjemlandet; utvikle plan for medisinsk tilsyn og g\u00e5 tilbake til Fit for Duty status i hjemlandet; samle inn og gjennomg\u00e5 alle medisinske journaler og gi til mannskap og reder; og arrangere future care revisjon gjennomgang og fakturering forhandlinger med alle leverand\u00f8rer, blant andre aktiviteter.<\/p>\n<p><\/br><\/p>\n<p>Estimerte besparelser gjennom Future Care Intervention: Rederiet unngikk bekostning av langvarig medisinsk behandling i US Future Cares medisinske saksbehandler fremskyndet behandling, gjenoppretting og en retur til arbeid med p\u00e5f\u00f8lgende \u00f8konomiske besparelser.<\/p>\n<p><\/br><\/p>\n","protected":false},"excerpt":{"rendered":"<p>Beliggenhet: Charleston SC Case sammendrag: En ikke-amerikansk besetningsmedlem rapporterte til kaptein med en klage p\u00e5 magesmerter, h\u00f8yre nedre kvadrant, og presentert med forh\u00f8yet temperatur, diar\u00e9, kvalme og oppkast. Han ble fraktet til et akuttsenter i USA og deretter overf\u00f8rt til sykehuset og diagnostisert med akutt blindtarmbetennelse. Mannskapet gjennomgikk en vellykket n\u00f8dvedheng, utskrevet til et lokalt [&hellip;]<\/p>\n","protected":false},"author":2,"featured_media":0,"parent":2576,"menu_order":0,"comment_status":"closed","ping_status":"closed","template":"","meta":{"footnotes":""},"class_list":["post-2543","page","type-page","status-publish","hentry"],"yoast_head":"<!-- This site is optimized with the Yoast SEO plugin v27.2 - https:\/\/yoast.com\/product\/yoast-seo-wordpress\/ -->\n<title>Eksempel p\u00e5 behandling av medisinsk saks i USA 1 - MedSea, an International SOS Company<\/title>\n<meta name=\"robots\" content=\"index, follow, max-snippet:-1, max-image-preview:large, max-video-preview:-1\" \/>\n<link rel=\"canonical\" href=\"https:\/\/futurecareinc.com\/no\/case-studies\/us-medical-case-management-case-sample-1\/\" \/>\n<meta property=\"og:locale\" content=\"nb_NO\" \/>\n<meta property=\"og:type\" content=\"article\" \/>\n<meta property=\"og:title\" content=\"Eksempel p\u00e5 behandling av medisinsk saks i USA 1 - MedSea, an International SOS Company\" \/>\n<meta property=\"og:description\" content=\"Beliggenhet: Charleston SC Case sammendrag: En ikke-amerikansk besetningsmedlem rapporterte til kaptein med en klage p\u00e5 magesmerter, h\u00f8yre nedre kvadrant, og presentert med forh\u00f8yet temperatur, diar\u00e9, kvalme og oppkast. Han ble fraktet til et akuttsenter i USA og deretter overf\u00f8rt til sykehuset og diagnostisert med akutt blindtarmbetennelse. Mannskapet gjennomgikk en vellykket n\u00f8dvedheng, utskrevet til et lokalt [&hellip;]\" \/>\n<meta property=\"og:url\" content=\"https:\/\/futurecareinc.com\/no\/case-studies\/us-medical-case-management-case-sample-1\/\" \/>\n<meta property=\"og:site_name\" content=\"MedSea, an International SOS Company\" \/>\n<meta property=\"article:modified_time\" content=\"2020-04-22T12:34:14+00:00\" \/>\n<meta name=\"twitter:card\" content=\"summary_large_image\" \/>\n<meta name=\"twitter:label1\" content=\"Ansl. lesetid\" \/>\n\t<meta name=\"twitter:data1\" content=\"1 minutt\" \/>\n<script type=\"application\/ld+json\" class=\"yoast-schema-graph\">{\"@context\":\"https:\/\/schema.org\",\"@graph\":[{\"@type\":\"WebPage\",\"@id\":\"https:\/\/futurecareinc.com\/no\/case-studies\/us-medical-case-management-case-sample-1\/\",\"url\":\"https:\/\/futurecareinc.com\/no\/case-studies\/us-medical-case-management-case-sample-1\/\",\"name\":\"Eksempel p\u00e5 behandling av medisinsk saks i USA 1 - MedSea, an International SOS Company\",\"isPartOf\":{\"@id\":\"https:\/\/futurecareinc.com\/#website\"},\"datePublished\":\"2020-04-16T22:02:10+00:00\",\"dateModified\":\"2020-04-22T12:34:14+00:00\",\"breadcrumb\":{\"@id\":\"https:\/\/futurecareinc.com\/no\/case-studies\/us-medical-case-management-case-sample-1\/#breadcrumb\"},\"inLanguage\":\"nb-NO\",\"potentialAction\":[{\"@type\":\"ReadAction\",\"target\":[\"https:\/\/futurecareinc.com\/no\/case-studies\/us-medical-case-management-case-sample-1\/\"]}]},{\"@type\":\"BreadcrumbList\",\"@id\":\"https:\/\/futurecareinc.com\/no\/case-studies\/us-medical-case-management-case-sample-1\/#breadcrumb\",\"itemListElement\":[{\"@type\":\"ListItem\",\"position\":1,\"name\":\"Home\",\"item\":\"https:\/\/futurecareinc.com\/no\/\"},{\"@type\":\"ListItem\",\"position\":2,\"name\":\"Casestudier\",\"item\":\"https:\/\/futurecareinc.com\/no\/case-studies\/\"},{\"@type\":\"ListItem\",\"position\":3,\"name\":\"Eksempel p\u00e5 behandling av medisinsk saks i USA 1\"}]},{\"@type\":\"WebSite\",\"@id\":\"https:\/\/futurecareinc.com\/#website\",\"url\":\"https:\/\/futurecareinc.com\/\",\"name\":\"MedSea, an International SOS Company\",\"description\":\"Seafarer health is our priority\",\"publisher\":{\"@id\":\"https:\/\/futurecareinc.com\/#organization\"},\"potentialAction\":[{\"@type\":\"SearchAction\",\"target\":{\"@type\":\"EntryPoint\",\"urlTemplate\":\"https:\/\/futurecareinc.com\/?s={search_term_string}\"},\"query-input\":{\"@type\":\"PropertyValueSpecification\",\"valueRequired\":true,\"valueName\":\"search_term_string\"}}],\"inLanguage\":\"nb-NO\"},{\"@type\":\"Organization\",\"@id\":\"https:\/\/futurecareinc.com\/#organization\",\"name\":\"MedSea, an International SOS Company\",\"url\":\"https:\/\/futurecareinc.com\/\",\"logo\":{\"@type\":\"ImageObject\",\"inLanguage\":\"nb-NO\",\"@id\":\"https:\/\/futurecareinc.com\/#\/schema\/logo\/image\/\",\"url\":\"https:\/\/futurecareinc.com\/wp-content\/uploads\/2020\/04\/MedSea_Logo_2024-scaled.png\",\"contentUrl\":\"https:\/\/futurecareinc.com\/wp-content\/uploads\/2020\/04\/MedSea_Logo_2024-scaled.png\",\"width\":2560,\"height\":1085,\"caption\":\"MedSea, an International SOS Company\"},\"image\":{\"@id\":\"https:\/\/futurecareinc.com\/#\/schema\/logo\/image\/\"}}]}<\/script>\n<!-- \/ Yoast SEO plugin. -->","yoast_head_json":{"title":"Eksempel p\u00e5 behandling av medisinsk saks i USA 1 - MedSea, an International SOS Company","robots":{"index":"index","follow":"follow","max-snippet":"max-snippet:-1","max-image-preview":"max-image-preview:large","max-video-preview":"max-video-preview:-1"},"canonical":"https:\/\/futurecareinc.com\/no\/case-studies\/us-medical-case-management-case-sample-1\/","og_locale":"nb_NO","og_type":"article","og_title":"Eksempel p\u00e5 behandling av medisinsk saks i USA 1 - MedSea, an International SOS Company","og_description":"Beliggenhet: Charleston SC Case sammendrag: En ikke-amerikansk besetningsmedlem rapporterte til kaptein med en klage p\u00e5 magesmerter, h\u00f8yre nedre kvadrant, og presentert med forh\u00f8yet temperatur, diar\u00e9, kvalme og oppkast. Han ble fraktet til et akuttsenter i USA og deretter overf\u00f8rt til sykehuset og diagnostisert med akutt blindtarmbetennelse. Mannskapet gjennomgikk en vellykket n\u00f8dvedheng, utskrevet til et lokalt [&hellip;]","og_url":"https:\/\/futurecareinc.com\/no\/case-studies\/us-medical-case-management-case-sample-1\/","og_site_name":"MedSea, an International SOS Company","article_modified_time":"2020-04-22T12:34:14+00:00","twitter_card":"summary_large_image","twitter_misc":{"Ansl. lesetid":"1 minutt"},"schema":{"@context":"https:\/\/schema.org","@graph":[{"@type":"WebPage","@id":"https:\/\/futurecareinc.com\/no\/case-studies\/us-medical-case-management-case-sample-1\/","url":"https:\/\/futurecareinc.com\/no\/case-studies\/us-medical-case-management-case-sample-1\/","name":"Eksempel p\u00e5 behandling av medisinsk saks i USA 1 - MedSea, an International SOS Company","isPartOf":{"@id":"https:\/\/futurecareinc.com\/#website"},"datePublished":"2020-04-16T22:02:10+00:00","dateModified":"2020-04-22T12:34:14+00:00","breadcrumb":{"@id":"https:\/\/futurecareinc.com\/no\/case-studies\/us-medical-case-management-case-sample-1\/#breadcrumb"},"inLanguage":"nb-NO","potentialAction":[{"@type":"ReadAction","target":["https:\/\/futurecareinc.com\/no\/case-studies\/us-medical-case-management-case-sample-1\/"]}]},{"@type":"BreadcrumbList","@id":"https:\/\/futurecareinc.com\/no\/case-studies\/us-medical-case-management-case-sample-1\/#breadcrumb","itemListElement":[{"@type":"ListItem","position":1,"name":"Home","item":"https:\/\/futurecareinc.com\/no\/"},{"@type":"ListItem","position":2,"name":"Casestudier","item":"https:\/\/futurecareinc.com\/no\/case-studies\/"},{"@type":"ListItem","position":3,"name":"Eksempel p\u00e5 behandling av medisinsk saks i USA 1"}]},{"@type":"WebSite","@id":"https:\/\/futurecareinc.com\/#website","url":"https:\/\/futurecareinc.com\/","name":"MedSea, an International SOS Company","description":"Seafarer health is our priority","publisher":{"@id":"https:\/\/futurecareinc.com\/#organization"},"potentialAction":[{"@type":"SearchAction","target":{"@type":"EntryPoint","urlTemplate":"https:\/\/futurecareinc.com\/?s={search_term_string}"},"query-input":{"@type":"PropertyValueSpecification","valueRequired":true,"valueName":"search_term_string"}}],"inLanguage":"nb-NO"},{"@type":"Organization","@id":"https:\/\/futurecareinc.com\/#organization","name":"MedSea, an International SOS Company","url":"https:\/\/futurecareinc.com\/","logo":{"@type":"ImageObject","inLanguage":"nb-NO","@id":"https:\/\/futurecareinc.com\/#\/schema\/logo\/image\/","url":"https:\/\/futurecareinc.com\/wp-content\/uploads\/2020\/04\/MedSea_Logo_2024-scaled.png","contentUrl":"https:\/\/futurecareinc.com\/wp-content\/uploads\/2020\/04\/MedSea_Logo_2024-scaled.png","width":2560,"height":1085,"caption":"MedSea, an International SOS Company"},"image":{"@id":"https:\/\/futurecareinc.com\/#\/schema\/logo\/image\/"}}]}},"_links":{"self":[{"href":"https:\/\/futurecareinc.com\/no\/wp-json\/wp\/v2\/pages\/2543","targetHints":{"allow":["GET"]}}],"collection":[{"href":"https:\/\/futurecareinc.com\/no\/wp-json\/wp\/v2\/pages"}],"about":[{"href":"https:\/\/futurecareinc.com\/no\/wp-json\/wp\/v2\/types\/page"}],"author":[{"embeddable":true,"href":"https:\/\/futurecareinc.com\/no\/wp-json\/wp\/v2\/users\/2"}],"replies":[{"embeddable":true,"href":"https:\/\/futurecareinc.com\/no\/wp-json\/wp\/v2\/comments?post=2543"}],"version-history":[{"count":0,"href":"https:\/\/futurecareinc.com\/no\/wp-json\/wp\/v2\/pages\/2543\/revisions"}],"up":[{"embeddable":true,"href":"https:\/\/futurecareinc.com\/no\/wp-json\/wp\/v2\/pages\/2576"}],"wp:attachment":[{"href":"https:\/\/futurecareinc.com\/no\/wp-json\/wp\/v2\/media?parent=2543"}],"curies":[{"name":"wp","href":"https:\/\/api.w.org\/{rel}","templated":true}]}}