{"id":2554,"date":"2020-04-16T21:59:24","date_gmt":"2020-04-16T21:59:24","guid":{"rendered":"https:\/\/futurecareinc.wpengine.com\/international-medical-case-management-case-sample\/"},"modified":"2020-04-22T12:34:13","modified_gmt":"2020-04-22T12:34:13","slug":"international-medical-case-management-case-sample","status":"publish","type":"page","link":"https:\/\/futurecareinc.com\/no\/case-studies\/international-medical-case-management-case-sample\/","title":{"rendered":"Eksempel p\u00e5 behandling av internasjonal medisinsk saksbehandling"},"content":{"rendered":"<p><\/br><\/p>\n<p style=\"margin: 0in; margin-bottom: .0001pt; text-align: justify;\"><span style=\"font-family: Calibri; color: black;\">Beliggenhet: Til sj\u00f8s; Gibraltar og Malaga, Spania;<\/span> <span style=\"font-family: Calibri; color: black;\">Zagreb, Kroatia.<\/span> <\/p>\n<p><\/br><\/p>\n<p style=\"margin: 0in; margin-bottom: .0001pt; text-align: justify;\"><span style=\"font-family: Calibri; color: black;\">Case Summary: Crewmember klaget over alvorlige magesmerter til sj\u00f8s og kapteinen kontaktet Future Care, som ga leger\u00e5d ved Sea telemedisinsk behandling til skipet n\u00e5dde Gibraltar. Future Care utnevnte ogs\u00e5 en medisinsk saksbehandler som forberedte mannskapets innleggelse p\u00e5 sykehuset, varslet sykehusbehandlingsteamet, gjorde alle n\u00f8dvendige transport- og \u00f8konomiske ordninger og forklarte sin rolle for alle parter.<\/span><\/p>\n<p><\/br><\/p>\n<p style=\"margin: 0in; margin-bottom: .0001pt; text-align: justify;\"><span style=\"font-family: Calibri; color: black;\">Under mannskapets tre-dagers sykehusinnleggelse medisinsk saksleder gjennomg\u00e5tt fremgang med den medisinske leverand\u00f8ren, rapportering utviklingen til rederen og familiemedlemmer. Mannskapet reagerte ikke p\u00e5 behandlingen som forventet, og behandlingsteamet og medisinsk saksbehandler ble enige om at han skulle overf\u00f8res til et anlegg st\u00f8rre medisinske ressurser i Malaga, Spania. Future Cares medisinske saksbehandler kontaktet det nye behandlingsteamet p\u00e5 forh\u00e5nd og gjorde alle n\u00f8dvendige ordninger for \u00e5 jevne opptak til det nye sykehuset.<\/span><\/p>\n<p><\/br><\/p>\n<p style=\"margin: 0in; margin-bottom: .0001pt; text-align: justify;\"><span style=\"font-family: Calibri; color: black;\">Mannskapet ble f\u00f8rst diagnostisert med akutt pankreatitt, som senere ble komplisert av obstruktiv gulsott og galstenose. Han ble til slutt stabilisert og bedt om \u00e5 fortsette i hjemlandet Kroatia. Den medisinske saksbehandleren identifiserte en passende medisinsk eskorte for flyet fra Malaga, Spania for \u00e5<\/span> <span style=\"font-family: Calibri; color: black;\">Zagreb, Kroatia og tilrettelagtflybeordninger med medisinsk eskorte og mannskapets kone til Kroatia.<\/span><\/p>\n<p><\/br><\/p>\n<p style=\"margin: 0in; margin-bottom: .0001pt; text-align: justify;\"><span style=\"font-family: Calibri; color: black;\">Ved hjemsendelse ble mannskapet innlagt p\u00e5 sykehus i Zagreb, hvor han ble diagnostisert med kreft i bukspyttkjertelen og gjennomgikk fem kjemoterapi\u00f8kter. Under sin langvarige behandling i Zagreb Future Care sin medisinske saksbehandler gjennomg\u00e5tt og tilrettelagt behandling, opprettholdt kommunikasjon med mannskapet og hans familie, forklarer behandling og evaluering av alternativer, og rapporterte utvikling og kostnader til rederen. Til slutt, etter mye behandling, kom mannskapet seg, vurdert som Fit For Duty og returnerte til sj\u00f8en.<\/span><\/p>\n<p><\/br><\/p>\n<p style=\"margin: 0in; margin-bottom: .0001pt; text-align: justify;\"><span style=\"font-family: Calibri; color: black;\">Estimerte besparelser gjennom Future Care Intervention: Rederiet sparte titusenvis av dollar gjennom Future Cares medisinske saksbehandlers vellykkede innsats for \u00e5 forbedre effektiviteten av behandlingen; velge riktig anlegg i Kroatia for \u00e5 gi spesialisert behandling under mannskapets langvarige sykdom; tilrettelegging av transpirasjon og opptak til flere sykehus; behandling gjennom rekonvalesens og en retur til Fit For Duty.<\/span><\/p>\n<p><\/br><\/p>\n","protected":false},"excerpt":{"rendered":"<p>Beliggenhet: Til sj\u00f8s; Gibraltar og Malaga, Spania; Zagreb, Kroatia. Case Summary: Crewmember klaget over alvorlige magesmerter til sj\u00f8s og kapteinen kontaktet Future Care, som ga leger\u00e5d ved Sea telemedisinsk behandling til skipet n\u00e5dde Gibraltar. Future Care utnevnte ogs\u00e5 en medisinsk saksbehandler som forberedte mannskapets innleggelse p\u00e5 sykehuset, varslet sykehusbehandlingsteamet, gjorde alle n\u00f8dvendige transport- og \u00f8konomiske [&hellip;]<\/p>\n","protected":false},"author":2,"featured_media":2280,"parent":2576,"menu_order":0,"comment_status":"closed","ping_status":"closed","template":"","meta":{"footnotes":""},"class_list":["post-2554","page","type-page","status-publish","has-post-thumbnail","hentry"],"yoast_head":"<!-- This site is optimized with the Yoast SEO plugin v27.2 - https:\/\/yoast.com\/product\/yoast-seo-wordpress\/ -->\n<title>Eksempel p\u00e5 behandling av internasjonal medisinsk saksbehandling - MedSea, an International SOS Company<\/title>\n<meta name=\"robots\" content=\"index, follow, max-snippet:-1, max-image-preview:large, max-video-preview:-1\" \/>\n<link rel=\"canonical\" href=\"https:\/\/futurecareinc.com\/no\/case-studies\/international-medical-case-management-case-sample\/\" \/>\n<meta property=\"og:locale\" content=\"nb_NO\" \/>\n<meta property=\"og:type\" content=\"article\" \/>\n<meta property=\"og:title\" content=\"Eksempel p\u00e5 behandling av internasjonal medisinsk saksbehandling - MedSea, an International SOS Company\" \/>\n<meta property=\"og:description\" content=\"Beliggenhet: Til sj\u00f8s; Gibraltar og Malaga, Spania; Zagreb, Kroatia. Case Summary: Crewmember klaget over alvorlige magesmerter til sj\u00f8s og kapteinen kontaktet Future Care, som ga leger\u00e5d ved Sea telemedisinsk behandling til skipet n\u00e5dde Gibraltar. Future Care utnevnte ogs\u00e5 en medisinsk saksbehandler som forberedte mannskapets innleggelse p\u00e5 sykehuset, varslet sykehusbehandlingsteamet, gjorde alle n\u00f8dvendige transport- og \u00f8konomiske [&hellip;]\" \/>\n<meta property=\"og:url\" content=\"https:\/\/futurecareinc.com\/no\/case-studies\/international-medical-case-management-case-sample\/\" \/>\n<meta property=\"og:site_name\" content=\"MedSea, an International SOS Company\" \/>\n<meta property=\"article:modified_time\" content=\"2020-04-22T12:34:13+00:00\" \/>\n<meta property=\"og:image\" content=\"https:\/\/futurecareinc.com\/wp-content\/uploads\/2020\/04\/FutureCare-Case-Studies-Sub-2.jpg\" \/>\n\t<meta property=\"og:image:width\" content=\"1200\" \/>\n\t<meta property=\"og:image:height\" content=\"783\" \/>\n\t<meta property=\"og:image:type\" content=\"image\/jpeg\" \/>\n<meta name=\"twitter:card\" content=\"summary_large_image\" \/>\n<meta name=\"twitter:label1\" content=\"Ansl. lesetid\" \/>\n\t<meta name=\"twitter:data1\" content=\"2 minutter\" \/>\n<script type=\"application\/ld+json\" class=\"yoast-schema-graph\">{\"@context\":\"https:\/\/schema.org\",\"@graph\":[{\"@type\":\"WebPage\",\"@id\":\"https:\/\/futurecareinc.com\/no\/case-studies\/international-medical-case-management-case-sample\/\",\"url\":\"https:\/\/futurecareinc.com\/no\/case-studies\/international-medical-case-management-case-sample\/\",\"name\":\"Eksempel p\u00e5 behandling av internasjonal medisinsk saksbehandling - MedSea, an International SOS Company\",\"isPartOf\":{\"@id\":\"https:\/\/futurecareinc.com\/#website\"},\"primaryImageOfPage\":{\"@id\":\"https:\/\/futurecareinc.com\/no\/case-studies\/international-medical-case-management-case-sample\/#primaryimage\"},\"image\":{\"@id\":\"https:\/\/futurecareinc.com\/no\/case-studies\/international-medical-case-management-case-sample\/#primaryimage\"},\"thumbnailUrl\":\"https:\/\/futurecareinc.com\/wp-content\/uploads\/2020\/04\/FutureCare-Case-Studies-Sub-2.jpg\",\"datePublished\":\"2020-04-16T21:59:24+00:00\",\"dateModified\":\"2020-04-22T12:34:13+00:00\",\"breadcrumb\":{\"@id\":\"https:\/\/futurecareinc.com\/no\/case-studies\/international-medical-case-management-case-sample\/#breadcrumb\"},\"inLanguage\":\"nb-NO\",\"potentialAction\":[{\"@type\":\"ReadAction\",\"target\":[\"https:\/\/futurecareinc.com\/no\/case-studies\/international-medical-case-management-case-sample\/\"]}]},{\"@type\":\"ImageObject\",\"inLanguage\":\"nb-NO\",\"@id\":\"https:\/\/futurecareinc.com\/no\/case-studies\/international-medical-case-management-case-sample\/#primaryimage\",\"url\":\"https:\/\/futurecareinc.com\/wp-content\/uploads\/2020\/04\/FutureCare-Case-Studies-Sub-2.jpg\",\"contentUrl\":\"https:\/\/futurecareinc.com\/wp-content\/uploads\/2020\/04\/FutureCare-Case-Studies-Sub-2.jpg\",\"width\":1200,\"height\":783},{\"@type\":\"BreadcrumbList\",\"@id\":\"https:\/\/futurecareinc.com\/no\/case-studies\/international-medical-case-management-case-sample\/#breadcrumb\",\"itemListElement\":[{\"@type\":\"ListItem\",\"position\":1,\"name\":\"Home\",\"item\":\"https:\/\/futurecareinc.com\/no\/\"},{\"@type\":\"ListItem\",\"position\":2,\"name\":\"Casestudier\",\"item\":\"https:\/\/futurecareinc.com\/no\/case-studies\/\"},{\"@type\":\"ListItem\",\"position\":3,\"name\":\"Eksempel p\u00e5 behandling av internasjonal medisinsk saksbehandling\"}]},{\"@type\":\"WebSite\",\"@id\":\"https:\/\/futurecareinc.com\/#website\",\"url\":\"https:\/\/futurecareinc.com\/\",\"name\":\"MedSea, an International SOS Company\",\"description\":\"Seafarer health is our priority\",\"publisher\":{\"@id\":\"https:\/\/futurecareinc.com\/#organization\"},\"potentialAction\":[{\"@type\":\"SearchAction\",\"target\":{\"@type\":\"EntryPoint\",\"urlTemplate\":\"https:\/\/futurecareinc.com\/?s={search_term_string}\"},\"query-input\":{\"@type\":\"PropertyValueSpecification\",\"valueRequired\":true,\"valueName\":\"search_term_string\"}}],\"inLanguage\":\"nb-NO\"},{\"@type\":\"Organization\",\"@id\":\"https:\/\/futurecareinc.com\/#organization\",\"name\":\"MedSea, an International SOS Company\",\"url\":\"https:\/\/futurecareinc.com\/\",\"logo\":{\"@type\":\"ImageObject\",\"inLanguage\":\"nb-NO\",\"@id\":\"https:\/\/futurecareinc.com\/#\/schema\/logo\/image\/\",\"url\":\"https:\/\/futurecareinc.com\/wp-content\/uploads\/2020\/04\/MedSea_Logo_2024-scaled.png\",\"contentUrl\":\"https:\/\/futurecareinc.com\/wp-content\/uploads\/2020\/04\/MedSea_Logo_2024-scaled.png\",\"width\":2560,\"height\":1085,\"caption\":\"MedSea, an International SOS Company\"},\"image\":{\"@id\":\"https:\/\/futurecareinc.com\/#\/schema\/logo\/image\/\"}}]}<\/script>\n<!-- \/ Yoast SEO plugin. -->","yoast_head_json":{"title":"Eksempel p\u00e5 behandling av internasjonal medisinsk saksbehandling - MedSea, an International SOS Company","robots":{"index":"index","follow":"follow","max-snippet":"max-snippet:-1","max-image-preview":"max-image-preview:large","max-video-preview":"max-video-preview:-1"},"canonical":"https:\/\/futurecareinc.com\/no\/case-studies\/international-medical-case-management-case-sample\/","og_locale":"nb_NO","og_type":"article","og_title":"Eksempel p\u00e5 behandling av internasjonal medisinsk saksbehandling - MedSea, an International SOS Company","og_description":"Beliggenhet: Til sj\u00f8s; Gibraltar og Malaga, Spania; Zagreb, Kroatia. Case Summary: Crewmember klaget over alvorlige magesmerter til sj\u00f8s og kapteinen kontaktet Future Care, som ga leger\u00e5d ved Sea telemedisinsk behandling til skipet n\u00e5dde Gibraltar. Future Care utnevnte ogs\u00e5 en medisinsk saksbehandler som forberedte mannskapets innleggelse p\u00e5 sykehuset, varslet sykehusbehandlingsteamet, gjorde alle n\u00f8dvendige transport- og \u00f8konomiske [&hellip;]","og_url":"https:\/\/futurecareinc.com\/no\/case-studies\/international-medical-case-management-case-sample\/","og_site_name":"MedSea, an International SOS Company","article_modified_time":"2020-04-22T12:34:13+00:00","og_image":[{"width":1200,"height":783,"url":"https:\/\/futurecareinc.com\/wp-content\/uploads\/2020\/04\/FutureCare-Case-Studies-Sub-2.jpg","type":"image\/jpeg"}],"twitter_card":"summary_large_image","twitter_misc":{"Ansl. lesetid":"2 minutter"},"schema":{"@context":"https:\/\/schema.org","@graph":[{"@type":"WebPage","@id":"https:\/\/futurecareinc.com\/no\/case-studies\/international-medical-case-management-case-sample\/","url":"https:\/\/futurecareinc.com\/no\/case-studies\/international-medical-case-management-case-sample\/","name":"Eksempel p\u00e5 behandling av internasjonal medisinsk saksbehandling - MedSea, an International SOS Company","isPartOf":{"@id":"https:\/\/futurecareinc.com\/#website"},"primaryImageOfPage":{"@id":"https:\/\/futurecareinc.com\/no\/case-studies\/international-medical-case-management-case-sample\/#primaryimage"},"image":{"@id":"https:\/\/futurecareinc.com\/no\/case-studies\/international-medical-case-management-case-sample\/#primaryimage"},"thumbnailUrl":"https:\/\/futurecareinc.com\/wp-content\/uploads\/2020\/04\/FutureCare-Case-Studies-Sub-2.jpg","datePublished":"2020-04-16T21:59:24+00:00","dateModified":"2020-04-22T12:34:13+00:00","breadcrumb":{"@id":"https:\/\/futurecareinc.com\/no\/case-studies\/international-medical-case-management-case-sample\/#breadcrumb"},"inLanguage":"nb-NO","potentialAction":[{"@type":"ReadAction","target":["https:\/\/futurecareinc.com\/no\/case-studies\/international-medical-case-management-case-sample\/"]}]},{"@type":"ImageObject","inLanguage":"nb-NO","@id":"https:\/\/futurecareinc.com\/no\/case-studies\/international-medical-case-management-case-sample\/#primaryimage","url":"https:\/\/futurecareinc.com\/wp-content\/uploads\/2020\/04\/FutureCare-Case-Studies-Sub-2.jpg","contentUrl":"https:\/\/futurecareinc.com\/wp-content\/uploads\/2020\/04\/FutureCare-Case-Studies-Sub-2.jpg","width":1200,"height":783},{"@type":"BreadcrumbList","@id":"https:\/\/futurecareinc.com\/no\/case-studies\/international-medical-case-management-case-sample\/#breadcrumb","itemListElement":[{"@type":"ListItem","position":1,"name":"Home","item":"https:\/\/futurecareinc.com\/no\/"},{"@type":"ListItem","position":2,"name":"Casestudier","item":"https:\/\/futurecareinc.com\/no\/case-studies\/"},{"@type":"ListItem","position":3,"name":"Eksempel p\u00e5 behandling av internasjonal medisinsk saksbehandling"}]},{"@type":"WebSite","@id":"https:\/\/futurecareinc.com\/#website","url":"https:\/\/futurecareinc.com\/","name":"MedSea, an International SOS Company","description":"Seafarer health is our priority","publisher":{"@id":"https:\/\/futurecareinc.com\/#organization"},"potentialAction":[{"@type":"SearchAction","target":{"@type":"EntryPoint","urlTemplate":"https:\/\/futurecareinc.com\/?s={search_term_string}"},"query-input":{"@type":"PropertyValueSpecification","valueRequired":true,"valueName":"search_term_string"}}],"inLanguage":"nb-NO"},{"@type":"Organization","@id":"https:\/\/futurecareinc.com\/#organization","name":"MedSea, an International SOS Company","url":"https:\/\/futurecareinc.com\/","logo":{"@type":"ImageObject","inLanguage":"nb-NO","@id":"https:\/\/futurecareinc.com\/#\/schema\/logo\/image\/","url":"https:\/\/futurecareinc.com\/wp-content\/uploads\/2020\/04\/MedSea_Logo_2024-scaled.png","contentUrl":"https:\/\/futurecareinc.com\/wp-content\/uploads\/2020\/04\/MedSea_Logo_2024-scaled.png","width":2560,"height":1085,"caption":"MedSea, an International SOS Company"},"image":{"@id":"https:\/\/futurecareinc.com\/#\/schema\/logo\/image\/"}}]}},"_links":{"self":[{"href":"https:\/\/futurecareinc.com\/no\/wp-json\/wp\/v2\/pages\/2554","targetHints":{"allow":["GET"]}}],"collection":[{"href":"https:\/\/futurecareinc.com\/no\/wp-json\/wp\/v2\/pages"}],"about":[{"href":"https:\/\/futurecareinc.com\/no\/wp-json\/wp\/v2\/types\/page"}],"author":[{"embeddable":true,"href":"https:\/\/futurecareinc.com\/no\/wp-json\/wp\/v2\/users\/2"}],"replies":[{"embeddable":true,"href":"https:\/\/futurecareinc.com\/no\/wp-json\/wp\/v2\/comments?post=2554"}],"version-history":[{"count":0,"href":"https:\/\/futurecareinc.com\/no\/wp-json\/wp\/v2\/pages\/2554\/revisions"}],"up":[{"embeddable":true,"href":"https:\/\/futurecareinc.com\/no\/wp-json\/wp\/v2\/pages\/2576"}],"wp:featuredmedia":[{"embeddable":true,"href":"https:\/\/futurecareinc.com\/no\/wp-json\/wp\/v2\/media\/2280"}],"wp:attachment":[{"href":"https:\/\/futurecareinc.com\/no\/wp-json\/wp\/v2\/media?parent=2554"}],"curies":[{"name":"wp","href":"https:\/\/api.w.org\/{rel}","templated":true}]}}