{"id":2576,"date":"2020-04-10T03:30:23","date_gmt":"2020-04-10T03:30:23","guid":{"rendered":"https:\/\/futurecareinc.wpengine.com\/case-studies\/"},"modified":"2020-04-22T12:35:05","modified_gmt":"2020-04-22T12:35:05","slug":"case-studies","status":"publish","type":"page","link":"https:\/\/futurecareinc.com\/no\/case-studies\/","title":{"rendered":"Casestudier"},"content":{"rendered":"\t\t<div data-elementor-type=\"wp-page\" data-elementor-id=\"2576\" class=\"elementor elementor-2576 elementor-849\" data-elementor-post-type=\"page\">\n\t\t\t\t\t\t<section class=\"elementor-section elementor-top-section elementor-element elementor-element-d106614 elementor-section-boxed elementor-section-height-default elementor-section-height-default\" data-id=\"d106614\" data-element_type=\"section\" data-e-type=\"section\">\n\t\t\t\t\t\t<div class=\"elementor-container elementor-column-gap-default\">\n\t\t\t\t\t<div class=\"elementor-column elementor-col-100 elementor-top-column elementor-element elementor-element-9cb281f\" data-id=\"9cb281f\" data-element_type=\"column\" data-e-type=\"column\">\n\t\t\t<div class=\"elementor-widget-wrap elementor-element-populated\">\n\t\t\t\t\t\t<div class=\"elementor-element elementor-element-71acd32 elementor-widget elementor-widget-html\" data-id=\"71acd32\" data-element_type=\"widget\" data-e-type=\"widget\" data-widget_type=\"html.default\">\n\t\t\t\t<div class=\"elementor-widget-container\">\n\t\t\t\t\t<br><\/br>\n<h3>Us Physician Advice for Sea Case Studies<\/h3>\n<br><\/br>\n<ul>\n \t<li><a href=\"\/?page_id=214\">Leger\u00e5d ved Sea USA Case Sample 1<\/a><\/li>\n \t<li><a href=\"\/?page_id=216\">Leger\u00e5d ved Sea USA Case Sample 2<\/a><\/li>\n \t<li><a href=\"\/?page_id=218\">Leger\u00e5d ved Sea USA Case Sample 3<\/a><\/li>\n<\/ul>\n<br><\/br>\n<h3>Internasjonal leger\u00e5d ved Sea Case Studies<\/h3>\n<br><\/br>\n<ul>\n \t<li><a href=\"\/?page_id=199\">Leger\u00e5d ved Sea International Case Sample 1<\/a><\/li>\n \t<li><a href=\"http:\/\/new.futurecareinc.com\/no\/case-studies\/internasjonal-legerad-ved-sea-case-sample-2\/\">Leger\u00e5d ved Sea International Case Sample 2<\/a><\/li>\n \t<li><a href=\"http:\/\/new.futurecareinc.com\/no\/case-studies\/internasjonal-legerad-ved-sea-case-sample-3\/\">Leger\u00e5d ved Sea International Case Sample 3<\/a><\/li>\n<\/ul>\n<br><\/br>\n<h3>Us Medical Case Management Studier<\/h3>\n<br><\/br>\n<ul>\n \t<li><a href=\"http:\/\/new.futurecareinc.com\/no\/case-studies\/us-medical-case-management-case-sample-1\/\">Eksempel p\u00e5 behandling av medisinsk saks i USA 1<\/a><\/li>\n \t<li><a href=\"http:\/\/new.futurecareinc.com\/no\/case-studies\/us-medical-case-management-case-sample-2\/\">Eksempel p\u00e5 behandling av medisinsk saks i USA 2<\/a><\/li>\n<\/ul>\n<br><\/br>\n<h3>Internasjonale medisinske case management studier<\/h3>\n<br><\/br>\n<ul>\n \t<li><a href=\"http:\/\/new.futurecareinc.com\/no\/case-studies\/international-medical-case-management-case-sample\/\">Eksempel p\u00e5 internasjonal medisinsk saksbehandling 1<\/a><\/li>\n<\/ul>\n<br><\/br>\n<h3>Amerikanske revisjonscasestudier<\/h3>\n<ul>\n \t<li><a href=\"http:\/\/new.futurecareinc.com\/no\/case-studies\/eksempel-pa-usa-revisjonssak-1\/\">Eksempel p\u00e5 USA-revisjonssak 1<\/a><\/li>\n \t<li><a href=\"http:\/\/new.futurecareinc.com\/no\/case-studies\/eksempel-pa-usa-revisjonssak-2\/\">Eksempel p\u00e5 USA-revisjonssak 2<\/a><\/li>\n \t<li><a href=\"http:\/\/new.futurecareinc.com\/no\/case-studies\/eksempel-pa-usa-revisjonssak-3\/\">Eksempel p\u00e5 USA-revisjonssak 3<\/a><\/li>\n<\/ul>\n<br><\/br>\n<h3>Internasjonale revisjonscasestudier<\/h3>\n<br><\/br>\n<ul>\n \t<li><a href=\"http:\/\/new.futurecareinc.com\/no\/case-studies\/eksempel-pa-internasjonal-revisjonssak-1\/\">Eksempel p\u00e5 internasjonal revisjonssak 1<\/a><\/li>\n \t<li><a href=\"http:\/\/new.futurecareinc.com\/no\/case-studies\/eksempel-pa-internasjonal-revisjonssak-2\/\">Eksempel p\u00e5 internasjonal revisjonssak 2<\/a><\/li>\n \t<li><a href=\"http:\/\/new.futurecareinc.com\/no\/case-studies\/eksempel-pa-internasjonal-revisjonssak-3\/\">Eksempel p\u00e5 internasjonal revisjonssak 3<\/a><\/li>\n<\/ul>\n<br><\/br>\n\t\t\t\t<\/div>\n\t\t\t\t<\/div>\n\t\t\t\t\t<\/div>\n\t\t<\/div>\n\t\t\t\t\t<\/div>\n\t\t<\/section>\n\t\t\t\t<\/div>\n\t\t","protected":false},"excerpt":{"rendered":"<p>Us Physician Advice for Sea Case Studies Leger\u00e5d ved Sea USA Case Sample 1 Leger\u00e5d ved Sea USA Case Sample 2 Leger\u00e5d ved Sea USA Case Sample 3 Internasjonal leger\u00e5d ved Sea Case Studies Leger\u00e5d ved Sea International Case Sample 1 Leger\u00e5d ved Sea International Case Sample 2 Leger\u00e5d ved Sea International Case Sample 3 [&hellip;]<\/p>\n","protected":false},"author":2,"featured_media":2226,"parent":0,"menu_order":0,"comment_status":"closed","ping_status":"closed","template":"","meta":{"footnotes":""},"class_list":["post-2576","page","type-page","status-publish","has-post-thumbnail","hentry"],"yoast_head":"<!-- This site is optimized with the Yoast SEO plugin v27.2 - https:\/\/yoast.com\/product\/yoast-seo-wordpress\/ -->\n<title>Casestudier - MedSea, an International SOS Company<\/title>\n<meta name=\"robots\" content=\"index, follow, max-snippet:-1, max-image-preview:large, max-video-preview:-1\" \/>\n<link rel=\"canonical\" href=\"https:\/\/futurecareinc.com\/no\/case-studies\/\" \/>\n<meta property=\"og:locale\" content=\"nb_NO\" \/>\n<meta property=\"og:type\" content=\"article\" \/>\n<meta property=\"og:title\" content=\"Casestudier - MedSea, an International SOS Company\" \/>\n<meta property=\"og:description\" content=\"Us Physician Advice for Sea Case Studies Leger\u00e5d ved Sea USA Case Sample 1 Leger\u00e5d ved Sea USA Case Sample 2 Leger\u00e5d ved Sea USA Case Sample 3 Internasjonal leger\u00e5d ved Sea Case Studies Leger\u00e5d ved Sea International Case Sample 1 Leger\u00e5d ved Sea International Case Sample 2 Leger\u00e5d ved Sea International Case Sample 3 [&hellip;]\" \/>\n<meta property=\"og:url\" content=\"https:\/\/futurecareinc.com\/no\/case-studies\/\" \/>\n<meta property=\"og:site_name\" content=\"MedSea, an International SOS Company\" \/>\n<meta property=\"article:modified_time\" content=\"2020-04-22T12:35:05+00:00\" \/>\n<meta property=\"og:image\" content=\"https:\/\/futurecareinc.com\/wp-content\/uploads\/2020\/04\/FutureCare-Case-Studies-Main.jpg\" \/>\n\t<meta property=\"og:image:width\" content=\"1200\" \/>\n\t<meta property=\"og:image:height\" content=\"783\" \/>\n\t<meta property=\"og:image:type\" content=\"image\/jpeg\" \/>\n<meta name=\"twitter:card\" content=\"summary_large_image\" \/>\n<meta name=\"twitter:label1\" content=\"Ansl. lesetid\" \/>\n\t<meta name=\"twitter:data1\" content=\"1 minutt\" \/>\n<script type=\"application\/ld+json\" class=\"yoast-schema-graph\">{\"@context\":\"https:\/\/schema.org\",\"@graph\":[{\"@type\":\"WebPage\",\"@id\":\"https:\/\/futurecareinc.com\/no\/case-studies\/\",\"url\":\"https:\/\/futurecareinc.com\/no\/case-studies\/\",\"name\":\"Casestudier - MedSea, an International SOS Company\",\"isPartOf\":{\"@id\":\"https:\/\/futurecareinc.com\/#website\"},\"primaryImageOfPage\":{\"@id\":\"https:\/\/futurecareinc.com\/no\/case-studies\/#primaryimage\"},\"image\":{\"@id\":\"https:\/\/futurecareinc.com\/no\/case-studies\/#primaryimage\"},\"thumbnailUrl\":\"https:\/\/futurecareinc.com\/wp-content\/uploads\/2020\/04\/FutureCare-Case-Studies-Main.jpg\",\"datePublished\":\"2020-04-10T03:30:23+00:00\",\"dateModified\":\"2020-04-22T12:35:05+00:00\",\"breadcrumb\":{\"@id\":\"https:\/\/futurecareinc.com\/no\/case-studies\/#breadcrumb\"},\"inLanguage\":\"nb-NO\",\"potentialAction\":[{\"@type\":\"ReadAction\",\"target\":[\"https:\/\/futurecareinc.com\/no\/case-studies\/\"]}]},{\"@type\":\"ImageObject\",\"inLanguage\":\"nb-NO\",\"@id\":\"https:\/\/futurecareinc.com\/no\/case-studies\/#primaryimage\",\"url\":\"https:\/\/futurecareinc.com\/wp-content\/uploads\/2020\/04\/FutureCare-Case-Studies-Main.jpg\",\"contentUrl\":\"https:\/\/futurecareinc.com\/wp-content\/uploads\/2020\/04\/FutureCare-Case-Studies-Main.jpg\",\"width\":1200,\"height\":783},{\"@type\":\"BreadcrumbList\",\"@id\":\"https:\/\/futurecareinc.com\/no\/case-studies\/#breadcrumb\",\"itemListElement\":[{\"@type\":\"ListItem\",\"position\":1,\"name\":\"Home\",\"item\":\"https:\/\/futurecareinc.com\/no\/\"},{\"@type\":\"ListItem\",\"position\":2,\"name\":\"Casestudier\"}]},{\"@type\":\"WebSite\",\"@id\":\"https:\/\/futurecareinc.com\/#website\",\"url\":\"https:\/\/futurecareinc.com\/\",\"name\":\"MedSea, an International SOS Company\",\"description\":\"Seafarer health is our priority\",\"publisher\":{\"@id\":\"https:\/\/futurecareinc.com\/#organization\"},\"potentialAction\":[{\"@type\":\"SearchAction\",\"target\":{\"@type\":\"EntryPoint\",\"urlTemplate\":\"https:\/\/futurecareinc.com\/?s={search_term_string}\"},\"query-input\":{\"@type\":\"PropertyValueSpecification\",\"valueRequired\":true,\"valueName\":\"search_term_string\"}}],\"inLanguage\":\"nb-NO\"},{\"@type\":\"Organization\",\"@id\":\"https:\/\/futurecareinc.com\/#organization\",\"name\":\"MedSea, an International SOS Company\",\"url\":\"https:\/\/futurecareinc.com\/\",\"logo\":{\"@type\":\"ImageObject\",\"inLanguage\":\"nb-NO\",\"@id\":\"https:\/\/futurecareinc.com\/#\/schema\/logo\/image\/\",\"url\":\"https:\/\/futurecareinc.com\/wp-content\/uploads\/2020\/04\/MedSea_Logo_2024-scaled.png\",\"contentUrl\":\"https:\/\/futurecareinc.com\/wp-content\/uploads\/2020\/04\/MedSea_Logo_2024-scaled.png\",\"width\":2560,\"height\":1085,\"caption\":\"MedSea, an International SOS Company\"},\"image\":{\"@id\":\"https:\/\/futurecareinc.com\/#\/schema\/logo\/image\/\"}}]}<\/script>\n<!-- \/ Yoast SEO plugin. -->","yoast_head_json":{"title":"Casestudier - MedSea, an International SOS Company","robots":{"index":"index","follow":"follow","max-snippet":"max-snippet:-1","max-image-preview":"max-image-preview:large","max-video-preview":"max-video-preview:-1"},"canonical":"https:\/\/futurecareinc.com\/no\/case-studies\/","og_locale":"nb_NO","og_type":"article","og_title":"Casestudier - MedSea, an International SOS Company","og_description":"Us Physician Advice for Sea Case Studies Leger\u00e5d ved Sea USA Case Sample 1 Leger\u00e5d ved Sea USA Case Sample 2 Leger\u00e5d ved Sea USA Case Sample 3 Internasjonal leger\u00e5d ved Sea Case Studies Leger\u00e5d ved Sea International Case Sample 1 Leger\u00e5d ved Sea International Case Sample 2 Leger\u00e5d ved Sea International Case Sample 3 [&hellip;]","og_url":"https:\/\/futurecareinc.com\/no\/case-studies\/","og_site_name":"MedSea, an International SOS Company","article_modified_time":"2020-04-22T12:35:05+00:00","og_image":[{"width":1200,"height":783,"url":"https:\/\/futurecareinc.com\/wp-content\/uploads\/2020\/04\/FutureCare-Case-Studies-Main.jpg","type":"image\/jpeg"}],"twitter_card":"summary_large_image","twitter_misc":{"Ansl. lesetid":"1 minutt"},"schema":{"@context":"https:\/\/schema.org","@graph":[{"@type":"WebPage","@id":"https:\/\/futurecareinc.com\/no\/case-studies\/","url":"https:\/\/futurecareinc.com\/no\/case-studies\/","name":"Casestudier - MedSea, an International SOS Company","isPartOf":{"@id":"https:\/\/futurecareinc.com\/#website"},"primaryImageOfPage":{"@id":"https:\/\/futurecareinc.com\/no\/case-studies\/#primaryimage"},"image":{"@id":"https:\/\/futurecareinc.com\/no\/case-studies\/#primaryimage"},"thumbnailUrl":"https:\/\/futurecareinc.com\/wp-content\/uploads\/2020\/04\/FutureCare-Case-Studies-Main.jpg","datePublished":"2020-04-10T03:30:23+00:00","dateModified":"2020-04-22T12:35:05+00:00","breadcrumb":{"@id":"https:\/\/futurecareinc.com\/no\/case-studies\/#breadcrumb"},"inLanguage":"nb-NO","potentialAction":[{"@type":"ReadAction","target":["https:\/\/futurecareinc.com\/no\/case-studies\/"]}]},{"@type":"ImageObject","inLanguage":"nb-NO","@id":"https:\/\/futurecareinc.com\/no\/case-studies\/#primaryimage","url":"https:\/\/futurecareinc.com\/wp-content\/uploads\/2020\/04\/FutureCare-Case-Studies-Main.jpg","contentUrl":"https:\/\/futurecareinc.com\/wp-content\/uploads\/2020\/04\/FutureCare-Case-Studies-Main.jpg","width":1200,"height":783},{"@type":"BreadcrumbList","@id":"https:\/\/futurecareinc.com\/no\/case-studies\/#breadcrumb","itemListElement":[{"@type":"ListItem","position":1,"name":"Home","item":"https:\/\/futurecareinc.com\/no\/"},{"@type":"ListItem","position":2,"name":"Casestudier"}]},{"@type":"WebSite","@id":"https:\/\/futurecareinc.com\/#website","url":"https:\/\/futurecareinc.com\/","name":"MedSea, an International SOS Company","description":"Seafarer health is our priority","publisher":{"@id":"https:\/\/futurecareinc.com\/#organization"},"potentialAction":[{"@type":"SearchAction","target":{"@type":"EntryPoint","urlTemplate":"https:\/\/futurecareinc.com\/?s={search_term_string}"},"query-input":{"@type":"PropertyValueSpecification","valueRequired":true,"valueName":"search_term_string"}}],"inLanguage":"nb-NO"},{"@type":"Organization","@id":"https:\/\/futurecareinc.com\/#organization","name":"MedSea, an International SOS Company","url":"https:\/\/futurecareinc.com\/","logo":{"@type":"ImageObject","inLanguage":"nb-NO","@id":"https:\/\/futurecareinc.com\/#\/schema\/logo\/image\/","url":"https:\/\/futurecareinc.com\/wp-content\/uploads\/2020\/04\/MedSea_Logo_2024-scaled.png","contentUrl":"https:\/\/futurecareinc.com\/wp-content\/uploads\/2020\/04\/MedSea_Logo_2024-scaled.png","width":2560,"height":1085,"caption":"MedSea, an International SOS Company"},"image":{"@id":"https:\/\/futurecareinc.com\/#\/schema\/logo\/image\/"}}]}},"_links":{"self":[{"href":"https:\/\/futurecareinc.com\/no\/wp-json\/wp\/v2\/pages\/2576","targetHints":{"allow":["GET"]}}],"collection":[{"href":"https:\/\/futurecareinc.com\/no\/wp-json\/wp\/v2\/pages"}],"about":[{"href":"https:\/\/futurecareinc.com\/no\/wp-json\/wp\/v2\/types\/page"}],"author":[{"embeddable":true,"href":"https:\/\/futurecareinc.com\/no\/wp-json\/wp\/v2\/users\/2"}],"replies":[{"embeddable":true,"href":"https:\/\/futurecareinc.com\/no\/wp-json\/wp\/v2\/comments?post=2576"}],"version-history":[{"count":0,"href":"https:\/\/futurecareinc.com\/no\/wp-json\/wp\/v2\/pages\/2576\/revisions"}],"wp:featuredmedia":[{"embeddable":true,"href":"https:\/\/futurecareinc.com\/no\/wp-json\/wp\/v2\/media\/2226"}],"wp:attachment":[{"href":"https:\/\/futurecareinc.com\/no\/wp-json\/wp\/v2\/media?parent=2576"}],"curies":[{"name":"wp","href":"https:\/\/api.w.org\/{rel}","templated":true}]}}