{"id":2594,"date":"2020-04-10T03:29:16","date_gmt":"2020-04-10T03:29:16","guid":{"rendered":"https:\/\/futurecareinc.wpengine.com\/compliance-with-the-maritime-labor-convention\/"},"modified":"2020-04-22T12:35:35","modified_gmt":"2020-04-22T12:35:35","slug":"compliance-with-the-maritime-labor-convention","status":"publish","type":"page","link":"https:\/\/futurecareinc.com\/no\/compliance-with-the-maritime-labor-convention\/","title":{"rendered":"Overholdelse av Den maritime arbeidskonvensjonen"},"content":{"rendered":"<p><a href=\"http:\/\/www.mlc2006.com\/the_convention\/title4\/4_1\/?PHPSESSID=80599dcp5pd55adf8l8n44rv21\" target=\"_blank\" rel=\"noopener noreferrer\">Den maritime arbeidskonvensjonen, 2006<\/a>, (MLC) i kraft med virkning fra 20 august 2013, fastsetter klare standarder for medisinsk behandling for sj\u00f8mannen, b\u00e5de ombord p\u00e5 skipet og p\u00e5 land. Spesielt krever Tittel IV:<\/p>\n<p><\/br><\/p>\n<p><a href=\"https:\/\/futurecareinc.com\/wp-content\/uploads\/2016\/10\/Screen-Shot-2016-11-01-at-4.13.31-PM.png\"><img fetchpriority=\"high\" decoding=\"async\" class=\"size-large wp-image-290 aligncenter\" src=\"https:\/\/futurecareinc.com\/wp-content\/uploads\/2016\/10\/Screen-Shot-2016-11-01-at-4.13.31-PM-1024x455.png\" sizes=\"(max-width: 709px) 85vw, (max-width: 909px) 67vw, (max-width: 1362px) 62vw, 840px\" srcset=\"https:\/\/futurecareinc.com\/wp-content\/uploads\/2016\/10\/Screen-Shot-2016-11-01-at-4.13.31-PM-1024x455.png 1024w, https:\/\/futurecareinc.com\/wp-content\/uploads\/2016\/10\/Screen-Shot-2016-11-01-at-4.13.31-PM-300x133.png 300w, https:\/\/futurecareinc.com\/wp-content\/uploads\/2016\/10\/Screen-Shot-2016-11-01-at-4.13.31-PM-768x342.png 768w, https:\/\/futurecareinc.com\/wp-content\/uploads\/2016\/10\/Screen-Shot-2016-11-01-at-4.13.31-PM-1200x534.png 1200w, https:\/\/futurecareinc.com\/wp-content\/uploads\/2016\/10\/Screen-Shot-2016-11-01-at-4.13.31-PM.png 1484w\" alt=\"screen-shot-2016-11-01-at-4-13-31 pm\" width=\"840\" height=\"373\"><\/a><\/p>\n<p><\/br><\/p>\n<p>Det er klart fra dette spr\u00e5ket og den generelle teksten i regel A4.1 at MLC krever at en proaktiv &#8220;forh\u00e5ndsavtalt&#8221; medisinsk plan v\u00e6re p\u00e5 plass f\u00f8r skipet setter seil. Ikke lenger er en reaktiv, frenetisk respons p\u00e5 sj\u00f8folk akuttmedisinsk behandling tilstrekkelig, hvis det noen gang var slik. Dagens skipsreder er p\u00e5lagt \u00e5 ha tilgang til helsepersonell og fasiliteter 24\/7 i forkant av n\u00f8dvendighet, ikke bare for n\u00f8dssituasjoner, men ogs\u00e5 for \u00e5 svare p\u00e5 sj\u00f8mannens generelle helsebehov, ombord skip og i land.<\/p>\n<p><\/br><\/p>\n<p>P\u00e5melding i Future Care&#8217;s Care For the Crew\u00ae-programmet gir samsvar med disse og andre viktige krav til MLC om besetningsmedisinsk behandling om bord p\u00e5 skip og i land. Future Care Physician Advice at Sea gir en 24 timers tilstedev\u00e6relse av praktiserte leger, sykepleiere og andre helsepersonell for sj\u00f8mannen mens ombord p\u00e5 skipet. V\u00e5r medisinske saksbehandling og tilsyn under behandling om bord og gjennom overgang til land viser samsvar med mandatet til \u00e5 gi &#8220;<em>medisinsk behandling s\u00e5 sammenlignbar som mulig med det som generelt er tilgjengelig for arbeidstakere i land.<\/em>&#8221; V\u00e5rt globale nettverk av medisinske fasiliteter og behandlingsleverand\u00f8rer sikrer overholdelse av MLC-krav til medisinsk behandling p\u00e5 landsiden.<\/p>\n<p><\/br><\/p>\n<p>Videre gir Future Cares spesialdesignede velv\u00e6reprogram for skip de n\u00f8dvendige eiendelene for \u00e5 hjelpe rederiet med \u00e5 gi &#8220;<em>tiltak av en forebyggende karakter,<\/em>&#8221; diagnostisering og behandling av kroniske tilstander om bord, som medisinsk hensiktsmessig.<\/p>\n<p><\/br><\/p>\n<p>Antall flagg og port stater ratifisere MLC fortsetter \u00e5 vokse. H\u00e5ndhevingstiltak vil trolig \u00f8ke proporsjonalt. Future Care&#8217;s <em>Care For the Crew<\/em>\u00ae-programmet gir et praktisk og kostnadseffektivt regime for \u00e5 hjelpe rederen med \u00e5 overholde b\u00e5de brevet og \u00e5nden til MLC Title IV-forpliktelser ang\u00e5ende besetningsmedisinsk behandling om bord p\u00e5 skipet og i land.<\/p>\n<p><\/br><\/p>\n<p><strong><em>TA KONTAKT MED OSS FOR PRISINFORMASJON FOR FREMTIDIG PLEIES OMSORG FOR MANNSKAPSPROGRAMMET, MLC-SAMSVAR ELLER INDIVIDUELL TJENESTE p\u00e5 <a href=\"mailto:INFO@FUTURECAREINC.COM\">INFO@FUTURECAREINC.COM<\/a><\/em><\/strong><\/p>\n<p><\/br><\/p>\n<p class=\"p1\"><strong>Vennligst utforsk v\u00e5re andre tjenester, oppsummert p\u00e5 v\u00e5r <a href=\"https:\/\/futurecareinc.com\/caring-for-the-crew-program\/\">Care for the Crew\u00ae <\/a>Program side.<\/strong><\/p>\n","protected":false},"excerpt":{"rendered":"<p>Den maritime arbeidskonvensjonen, 2006, (MLC) i kraft med virkning fra 20 august 2013, fastsetter klare standarder for medisinsk behandling for sj\u00f8mannen, b\u00e5de ombord p\u00e5 skipet og p\u00e5 land. Spesielt krever Tittel IV: Det er klart fra dette spr\u00e5ket og den generelle teksten i regel A4.1 at MLC krever at en proaktiv &#8220;forh\u00e5ndsavtalt&#8221; medisinsk plan v\u00e6re [&hellip;]<\/p>\n","protected":false},"author":2,"featured_media":2232,"parent":0,"menu_order":0,"comment_status":"closed","ping_status":"closed","template":"","meta":{"footnotes":""},"class_list":["post-2594","page","type-page","status-publish","has-post-thumbnail","hentry"],"yoast_head":"<!-- This site is optimized with the Yoast SEO plugin v27.2 - https:\/\/yoast.com\/product\/yoast-seo-wordpress\/ -->\n<title>Overholdelse av Den maritime arbeidskonvensjonen - MedSea, an International SOS Company<\/title>\n<meta name=\"robots\" content=\"index, follow, max-snippet:-1, max-image-preview:large, max-video-preview:-1\" \/>\n<link rel=\"canonical\" href=\"https:\/\/futurecareinc.com\/no\/compliance-with-the-maritime-labor-convention\/\" \/>\n<meta property=\"og:locale\" content=\"nb_NO\" \/>\n<meta property=\"og:type\" content=\"article\" \/>\n<meta property=\"og:title\" content=\"Overholdelse av Den maritime arbeidskonvensjonen - MedSea, an International SOS Company\" \/>\n<meta property=\"og:description\" content=\"Den maritime arbeidskonvensjonen, 2006, (MLC) i kraft med virkning fra 20 august 2013, fastsetter klare standarder for medisinsk behandling for sj\u00f8mannen, b\u00e5de ombord p\u00e5 skipet og p\u00e5 land. Spesielt krever Tittel IV: Det er klart fra dette spr\u00e5ket og den generelle teksten i regel A4.1 at MLC krever at en proaktiv &#8220;forh\u00e5ndsavtalt&#8221; medisinsk plan v\u00e6re [&hellip;]\" \/>\n<meta property=\"og:url\" content=\"https:\/\/futurecareinc.com\/no\/compliance-with-the-maritime-labor-convention\/\" \/>\n<meta property=\"og:site_name\" content=\"MedSea, an International SOS Company\" \/>\n<meta property=\"article:modified_time\" content=\"2020-04-22T12:35:35+00:00\" \/>\n<meta property=\"og:image\" content=\"https:\/\/futurecareinc.com\/wp-content\/uploads\/2020\/04\/Compliance-With-The-Maritime-Labor-Convention.jpg\" \/>\n\t<meta property=\"og:image:width\" content=\"1200\" \/>\n\t<meta property=\"og:image:height\" content=\"783\" \/>\n\t<meta property=\"og:image:type\" content=\"image\/jpeg\" \/>\n<meta name=\"twitter:card\" content=\"summary_large_image\" \/>\n<meta name=\"twitter:label1\" content=\"Ansl. lesetid\" \/>\n\t<meta name=\"twitter:data1\" content=\"2 minutter\" \/>\n<script type=\"application\/ld+json\" class=\"yoast-schema-graph\">{\"@context\":\"https:\/\/schema.org\",\"@graph\":[{\"@type\":\"WebPage\",\"@id\":\"https:\/\/futurecareinc.com\/no\/compliance-with-the-maritime-labor-convention\/\",\"url\":\"https:\/\/futurecareinc.com\/no\/compliance-with-the-maritime-labor-convention\/\",\"name\":\"Overholdelse av Den maritime arbeidskonvensjonen - MedSea, an International SOS Company\",\"isPartOf\":{\"@id\":\"https:\/\/futurecareinc.com\/#website\"},\"primaryImageOfPage\":{\"@id\":\"https:\/\/futurecareinc.com\/no\/compliance-with-the-maritime-labor-convention\/#primaryimage\"},\"image\":{\"@id\":\"https:\/\/futurecareinc.com\/no\/compliance-with-the-maritime-labor-convention\/#primaryimage\"},\"thumbnailUrl\":\"https:\/\/futurecareinc.com\/wp-content\/uploads\/2020\/04\/Compliance-With-The-Maritime-Labor-Convention.jpg\",\"datePublished\":\"2020-04-10T03:29:16+00:00\",\"dateModified\":\"2020-04-22T12:35:35+00:00\",\"breadcrumb\":{\"@id\":\"https:\/\/futurecareinc.com\/no\/compliance-with-the-maritime-labor-convention\/#breadcrumb\"},\"inLanguage\":\"nb-NO\",\"potentialAction\":[{\"@type\":\"ReadAction\",\"target\":[\"https:\/\/futurecareinc.com\/no\/compliance-with-the-maritime-labor-convention\/\"]}]},{\"@type\":\"ImageObject\",\"inLanguage\":\"nb-NO\",\"@id\":\"https:\/\/futurecareinc.com\/no\/compliance-with-the-maritime-labor-convention\/#primaryimage\",\"url\":\"https:\/\/futurecareinc.com\/wp-content\/uploads\/2020\/04\/Compliance-With-The-Maritime-Labor-Convention.jpg\",\"contentUrl\":\"https:\/\/futurecareinc.com\/wp-content\/uploads\/2020\/04\/Compliance-With-The-Maritime-Labor-Convention.jpg\",\"width\":1200,\"height\":783},{\"@type\":\"BreadcrumbList\",\"@id\":\"https:\/\/futurecareinc.com\/no\/compliance-with-the-maritime-labor-convention\/#breadcrumb\",\"itemListElement\":[{\"@type\":\"ListItem\",\"position\":1,\"name\":\"Home\",\"item\":\"https:\/\/futurecareinc.com\/no\/\"},{\"@type\":\"ListItem\",\"position\":2,\"name\":\"Overholdelse av Den maritime arbeidskonvensjonen\"}]},{\"@type\":\"WebSite\",\"@id\":\"https:\/\/futurecareinc.com\/#website\",\"url\":\"https:\/\/futurecareinc.com\/\",\"name\":\"MedSea, an International SOS Company\",\"description\":\"Seafarer health is our priority\",\"publisher\":{\"@id\":\"https:\/\/futurecareinc.com\/#organization\"},\"potentialAction\":[{\"@type\":\"SearchAction\",\"target\":{\"@type\":\"EntryPoint\",\"urlTemplate\":\"https:\/\/futurecareinc.com\/?s={search_term_string}\"},\"query-input\":{\"@type\":\"PropertyValueSpecification\",\"valueRequired\":true,\"valueName\":\"search_term_string\"}}],\"inLanguage\":\"nb-NO\"},{\"@type\":\"Organization\",\"@id\":\"https:\/\/futurecareinc.com\/#organization\",\"name\":\"MedSea, an International SOS Company\",\"url\":\"https:\/\/futurecareinc.com\/\",\"logo\":{\"@type\":\"ImageObject\",\"inLanguage\":\"nb-NO\",\"@id\":\"https:\/\/futurecareinc.com\/#\/schema\/logo\/image\/\",\"url\":\"https:\/\/futurecareinc.com\/wp-content\/uploads\/2020\/04\/MedSea_Logo_2024-scaled.png\",\"contentUrl\":\"https:\/\/futurecareinc.com\/wp-content\/uploads\/2020\/04\/MedSea_Logo_2024-scaled.png\",\"width\":2560,\"height\":1085,\"caption\":\"MedSea, an International SOS Company\"},\"image\":{\"@id\":\"https:\/\/futurecareinc.com\/#\/schema\/logo\/image\/\"}}]}<\/script>\n<!-- \/ Yoast SEO plugin. -->","yoast_head_json":{"title":"Overholdelse av Den maritime arbeidskonvensjonen - MedSea, an International SOS Company","robots":{"index":"index","follow":"follow","max-snippet":"max-snippet:-1","max-image-preview":"max-image-preview:large","max-video-preview":"max-video-preview:-1"},"canonical":"https:\/\/futurecareinc.com\/no\/compliance-with-the-maritime-labor-convention\/","og_locale":"nb_NO","og_type":"article","og_title":"Overholdelse av Den maritime arbeidskonvensjonen - MedSea, an International SOS Company","og_description":"Den maritime arbeidskonvensjonen, 2006, (MLC) i kraft med virkning fra 20 august 2013, fastsetter klare standarder for medisinsk behandling for sj\u00f8mannen, b\u00e5de ombord p\u00e5 skipet og p\u00e5 land. Spesielt krever Tittel IV: Det er klart fra dette spr\u00e5ket og den generelle teksten i regel A4.1 at MLC krever at en proaktiv &#8220;forh\u00e5ndsavtalt&#8221; medisinsk plan v\u00e6re [&hellip;]","og_url":"https:\/\/futurecareinc.com\/no\/compliance-with-the-maritime-labor-convention\/","og_site_name":"MedSea, an International SOS Company","article_modified_time":"2020-04-22T12:35:35+00:00","og_image":[{"width":1200,"height":783,"url":"https:\/\/futurecareinc.com\/wp-content\/uploads\/2020\/04\/Compliance-With-The-Maritime-Labor-Convention.jpg","type":"image\/jpeg"}],"twitter_card":"summary_large_image","twitter_misc":{"Ansl. lesetid":"2 minutter"},"schema":{"@context":"https:\/\/schema.org","@graph":[{"@type":"WebPage","@id":"https:\/\/futurecareinc.com\/no\/compliance-with-the-maritime-labor-convention\/","url":"https:\/\/futurecareinc.com\/no\/compliance-with-the-maritime-labor-convention\/","name":"Overholdelse av Den maritime arbeidskonvensjonen - MedSea, an International SOS Company","isPartOf":{"@id":"https:\/\/futurecareinc.com\/#website"},"primaryImageOfPage":{"@id":"https:\/\/futurecareinc.com\/no\/compliance-with-the-maritime-labor-convention\/#primaryimage"},"image":{"@id":"https:\/\/futurecareinc.com\/no\/compliance-with-the-maritime-labor-convention\/#primaryimage"},"thumbnailUrl":"https:\/\/futurecareinc.com\/wp-content\/uploads\/2020\/04\/Compliance-With-The-Maritime-Labor-Convention.jpg","datePublished":"2020-04-10T03:29:16+00:00","dateModified":"2020-04-22T12:35:35+00:00","breadcrumb":{"@id":"https:\/\/futurecareinc.com\/no\/compliance-with-the-maritime-labor-convention\/#breadcrumb"},"inLanguage":"nb-NO","potentialAction":[{"@type":"ReadAction","target":["https:\/\/futurecareinc.com\/no\/compliance-with-the-maritime-labor-convention\/"]}]},{"@type":"ImageObject","inLanguage":"nb-NO","@id":"https:\/\/futurecareinc.com\/no\/compliance-with-the-maritime-labor-convention\/#primaryimage","url":"https:\/\/futurecareinc.com\/wp-content\/uploads\/2020\/04\/Compliance-With-The-Maritime-Labor-Convention.jpg","contentUrl":"https:\/\/futurecareinc.com\/wp-content\/uploads\/2020\/04\/Compliance-With-The-Maritime-Labor-Convention.jpg","width":1200,"height":783},{"@type":"BreadcrumbList","@id":"https:\/\/futurecareinc.com\/no\/compliance-with-the-maritime-labor-convention\/#breadcrumb","itemListElement":[{"@type":"ListItem","position":1,"name":"Home","item":"https:\/\/futurecareinc.com\/no\/"},{"@type":"ListItem","position":2,"name":"Overholdelse av Den maritime arbeidskonvensjonen"}]},{"@type":"WebSite","@id":"https:\/\/futurecareinc.com\/#website","url":"https:\/\/futurecareinc.com\/","name":"MedSea, an International SOS Company","description":"Seafarer health is our priority","publisher":{"@id":"https:\/\/futurecareinc.com\/#organization"},"potentialAction":[{"@type":"SearchAction","target":{"@type":"EntryPoint","urlTemplate":"https:\/\/futurecareinc.com\/?s={search_term_string}"},"query-input":{"@type":"PropertyValueSpecification","valueRequired":true,"valueName":"search_term_string"}}],"inLanguage":"nb-NO"},{"@type":"Organization","@id":"https:\/\/futurecareinc.com\/#organization","name":"MedSea, an International SOS Company","url":"https:\/\/futurecareinc.com\/","logo":{"@type":"ImageObject","inLanguage":"nb-NO","@id":"https:\/\/futurecareinc.com\/#\/schema\/logo\/image\/","url":"https:\/\/futurecareinc.com\/wp-content\/uploads\/2020\/04\/MedSea_Logo_2024-scaled.png","contentUrl":"https:\/\/futurecareinc.com\/wp-content\/uploads\/2020\/04\/MedSea_Logo_2024-scaled.png","width":2560,"height":1085,"caption":"MedSea, an International SOS Company"},"image":{"@id":"https:\/\/futurecareinc.com\/#\/schema\/logo\/image\/"}}]}},"_links":{"self":[{"href":"https:\/\/futurecareinc.com\/no\/wp-json\/wp\/v2\/pages\/2594","targetHints":{"allow":["GET"]}}],"collection":[{"href":"https:\/\/futurecareinc.com\/no\/wp-json\/wp\/v2\/pages"}],"about":[{"href":"https:\/\/futurecareinc.com\/no\/wp-json\/wp\/v2\/types\/page"}],"author":[{"embeddable":true,"href":"https:\/\/futurecareinc.com\/no\/wp-json\/wp\/v2\/users\/2"}],"replies":[{"embeddable":true,"href":"https:\/\/futurecareinc.com\/no\/wp-json\/wp\/v2\/comments?post=2594"}],"version-history":[{"count":0,"href":"https:\/\/futurecareinc.com\/no\/wp-json\/wp\/v2\/pages\/2594\/revisions"}],"wp:featuredmedia":[{"embeddable":true,"href":"https:\/\/futurecareinc.com\/no\/wp-json\/wp\/v2\/media\/2232"}],"wp:attachment":[{"href":"https:\/\/futurecareinc.com\/no\/wp-json\/wp\/v2\/media?parent=2594"}],"curies":[{"name":"wp","href":"https:\/\/api.w.org\/{rel}","templated":true}]}}