{"id":2627,"date":"2020-04-10T03:27:24","date_gmt":"2020-04-10T03:27:24","guid":{"rendered":"https:\/\/futurecareinc.wpengine.com\/eu-gdpr\/"},"modified":"2020-04-22T12:36:59","modified_gmt":"2020-04-22T12:36:59","slug":"eu-gdpr","status":"publish","type":"page","link":"https:\/\/futurecareinc.com\/no\/eu-gdpr\/","title":{"rendered":"EU GDPR"},"content":{"rendered":"<p>Future Care er oppf\u00f8rt som et aktivt medlem av US Privacy Shield p\u00e5 <a href=\"http:\/\/www.privacyshield.gov\/list\">www.privacyshield.gov\/list<\/a>.<\/p>\n<p><\/br><\/p>\n<p><strong>Future Cares retningslinjer for personvernskjold<\/strong><\/p>\n<p><\/br><\/p>\n<p>Oversikt over<\/p>\n<p><\/br><\/p>\n<p>Future Care respekterer konfidensialiteten og personvernet til v\u00e5re kunder, deres besetningsmedlemmer, v\u00e5re ansatte og andre som vi gj\u00f8r forretninger med.<\/p>\n<p><\/br><\/p>\n<p>Future Care og dets tilknyttede datterselskap MedSea USA Inc. overholder EU-US Privacy Shield Framework som angitt av det amerikanske handelsdepartementet om innsamling, bruk og oppbevaring av personopplysninger overf\u00f8rt fra EU til USA. Future Care har sertifisert til Handelsdepartementet at de overholder Privacy Shield-prinsippene. Hvis det er noen konflikt mellom vilk\u00e5rene i denne personvernerkl\u00e6ringen og Privacy Shield-prinsippene, skal Privacy Shield-prinsippene gjelde. Hvis du vil vite mer om Privacy Shield-programmet og se sertifiseringen v\u00e5r, kan du g\u00e5 til <a href=\"https:\/\/www.privacyshield.gov\/\">https:\/\/www.privacyshield.gov\/<\/a><\/p>\n<p><\/br><\/p>\n<p>Disse retningslinjene for personvernskjold gjelder for personopplysninger innenfor rammen av Future Cares Privacy Shield-sertifisering, som dekker f\u00f8lgende informasjonskategorier:<\/p>\n<p><\/br><\/p>\n<p>Personlig informasjon om n\u00e5v\u00e6rende, tidligere og potensielle kunder og deres personell eller andre med det form\u00e5l \u00e5 levere Future Care-tjenester, opprettholde p\u00e5g\u00e5ende relasjoner og utf\u00f8re forretningsutviklingsaktiviteter.<\/p>\n<p><\/br><\/p>\n<p>Personopplysninger om v\u00e5re tredjeparter (f.eks. leverand\u00f8rer, tjenesteleverand\u00f8rer osv.) og deres personell med det form\u00e5l \u00e5 administrere og administrere Future Cares forretningsforbindelser med slike tredjeparter.<\/p>\n<p><\/br><\/p>\n<p>I tillegg kan Future Care fra tid til annen samle inn personopplysninger fra allmennheten for \u00e5 svare p\u00e5 henvendelser eller gi informasjon forespurt.<\/p>\n<p><\/br><\/p>\n<p>I denne personvernskjolderkl\u00e6ringen betyr &#8220;personlig informasjon&#8221; informasjon som handler om, eller gjelder en bestemt person og kan kobles enten direkte eller indirekte til den personen. I tillegg kan visse personopplysninger som dekkes av Future Cares Privacy Shield-sertifisering, v\u00e6re underlagt mer spesifikke retningslinjer for personvern for Future Care, som ogs\u00e5 er i samsvar med prinsippenes krav, og i tilfelle konflikt mellom disse retningslinjene og prinsippene, vil prinsippene kontrollere.<\/p>\n<p><\/br><\/p>\n<p>For eksempel:<\/p>\n<p><\/br><\/p>\n<p>Personopplysninger innhentet fra eller i forbindelse med kunder eller tidligere kunder er videre underlagt vilk\u00e5rene i en bestemt personvernerkl\u00e6ring gitt til klienten, eventuelle kontraktsmessige ordninger med klienten og gjeldende lover og faglige standarder.<\/p>\n<p><\/br><\/p>\n<p>Individuell merknad og valg<\/p>\n<p><\/br><\/p>\n<p>Vi samler inn og behandler personopplysninger fra enkelte personer og for de form\u00e5lene som er beskrevet i disse retningslinjene for personvernskjold. Personopplysninger som dekkes av disse retningslinjene for personvernskjold, samles inn og behandles bare som tillatt av prinsippene.<\/p>\n<p><\/br><\/p>\n<p>Merknad til enkeltpersoner om personopplysningene som samles inn fra dem, og hvordan denne informasjonen brukes, kan gis gjennom disse retningslinjene for personvernskjold, andre future care-nettstedsmerknader eller andre direkte kommunikasjonsformer med passende parter, for eksempel kontrakter eller avtaler. Der det er n\u00f8dvendig og hensiktsmessig, kan samtykke til personopplysninger som skal samles inn, brukes og\/eller overf\u00f8res, ogs\u00e5 innhentes gjennom samme kommunikasjonsm\u00e5te (inkludert samtykke til samtykke til sensitiv personlig informasjon).<\/p>\n<p><\/br><\/p>\n<p>Avsl\u00f8ringer og ansvarlighet for videre overf\u00f8ringer<\/p>\n<p><\/br><\/p>\n<p>I samsvar med prinsippene kan Future Care overf\u00f8re personopplysninger til tredjeparter, inkludert overf\u00f8ringer fra ett land til et annet. Vi vil bare utlevere en persons ikke-offentlige personopplysninger til tredjeparter under \u00e9n eller flere av f\u00f8lgende betingelser:<\/p>\n<p><\/br><\/p>\n<p>Avsl\u00f8ringen er til en tredjepart som tilbyr tjenester til Future Care, eller til den enkelte, i forbindelse med driften av v\u00e5r virksomhet, og i samsvar med form\u00e5let som personopplysningene ble samlet inn for. Vi opprettholder skriftlige kontrakter med disse tredjepartene og krever at disse tredjepartene gir minst samme niv\u00e5 av personvern og sikkerhet som kreves av Privacy Shield-prinsippene. I den grad prinsippene er gitt, forblir Future Care ansvarlig og ansvarlig i henhold til Privacy Shield-prinsippene hvis en tredjepart som den engasjerer seg i \u00e5 behandle personopplysninger p\u00e5 sine vegne, gj\u00f8r det p\u00e5 en m\u00e5te som ikke er i samsvar med Privacy Shield-prinsippene, med mindre Future Care beviser at det ikke er ansvarlig for saken som gir opphav til skaden.<\/p>\n<p><\/br><\/p>\n<p>Med den enkeltes tillatelse til \u00e5 gj\u00f8re avsl\u00f8ringen;<\/p>\n<p><\/br><\/p>\n<p>Der det kreves i den grad det er n\u00f8dvendig for \u00e5 oppfylle en juridisk forpliktelse som Future Care er underlagt, inkludert en lovlig foresp\u00f8rsel fra offentlige myndigheter og nasjonale sikkerhets- eller rettsh\u00e5ndhevelsesforpliktelser og gjeldende lov, regel, orden eller forskrift.<\/p>\n<p><\/br><\/p>\n<p>Der det er rimelig n\u00f8dvendig for overholdelse eller forskriftsmessige form\u00e5l, eller for etablering av juridiske krav.<\/p>\n<p><\/br><\/p>\n<p>Tilgang<\/p>\n<p><\/br><\/p>\n<p>Personer hvis personlige opplysninger er dekket av disse retningslinjene for personvernskjold, har rett til \u00e5 f\u00e5 tilgang til personopplysningene som Future Care opprettholder om dem som spesifisert i prinsippene. Enkeltpersoner kan kontakte oss for \u00e5 korrigere, endre eller slette slik personlig informasjon hvis den er un\u00f8yaktig eller har blitt behandlet i strid med prinsippene (unntatt n\u00e5r byrden eller utgiftene til \u00e5 gi tilgang, korreksjon, endring eller sletting vil v\u00e6re uforholdsmessig til risikoen for den enkeltes personvern, eller hvor rettighetene til andre enn den enkelte ville bli krenket). Foresp\u00f8rsler om tilgang, korrigering, endring eller sletting skal sendes til: <a href=\"mailto:privacy.office@futurecareinc.com\">privacy.office@futurecareinc.com<\/a><\/p>\n<p><\/br><\/p>\n<p>Sikkerhet<\/p>\n<p><\/br><\/p>\n<p>Future Care tar n\u00f8dvendige tiltak for \u00e5 beskytte personopplysninger i sin besittelse for \u00e5 sikre et sikkerhetsniv\u00e5 som passer til risikoen for tap, misbruk, uautorisert tilgang, avsl\u00f8ring, endring og \u00f8deleggelse. Disse tiltakene tar hensyn til personopplysningenes art og risikoene som er involvert i behandlingen, samt beste praksis i bransjen for sikkerhet og databeskyttelse.<\/p>\n<p><\/br><\/p>\n<p>Begrensning av dataintegritet og form\u00e5l<\/p>\n<p><\/br><\/p>\n<p>Future Care samler inn og behandler personopplysninger bare i den grad den er kompatibel med form\u00e5lene den ble samlet inn eller deretter autorisert av den registrerte. Future Care kan beholde personopplysninger utover umiddelbar bruk ved autorisasjon ved \u00e5: samtykke; arbeidsgivers instruksjon; annen autorisasjon som er ment \u00e5 lette tilleggstjenester til den ber\u00f8rte personen eller Future Cares klient; juridiske krav; kontraktsmessig avtale; og\/eller for arkiveringsform\u00e5l i allmennhetens interesse eller p\u00e5 grunn av vitenskapelig eller historisk forskning. <\/p>\n<p><\/br><\/p>\n<p>Future Care tar rimelige skritt for \u00e5 sikre at personopplysninger er n\u00f8yaktig, fullstendig, oppdatert og p\u00e5litelig for tiltenkt bruk. Foresp\u00f8rsler om tilgang, korrigering, endring eller sletting skal sendes til: <a href=\"mailto:privacy.office@futurecareinc.com\">privacy.office@futurecareinc.com<\/a>.<\/p>\n<p><\/br><\/p>\n<p>H\u00e5ndhevelse<\/p>\n<p><\/br><\/p>\n<p>Future Care er underlagt etterforsknings- og h\u00e5ndhevelsesmyndigheten til USAs F\u00f8derale handelskommisjon (FTC)<\/p>\n<p><\/br><\/p>\n<p>I samsvar med prinsippene forplikter Future Care seg til \u00e5 l\u00f8se klager om v\u00e5r innsamling eller bruk av dine personlige opplysninger. EU-personer med henvendelser eller klager ang\u00e5ende v\u00e5re Retningslinjer for personvernskjold b\u00f8r f\u00f8rst kontakte Future Care p\u00e5: <a href=\"mailto:privacy.office@futurecareinc.com\">privacy.office@futurecareinc.com<\/a>.<\/p>\n<p><\/br><\/p>\n<p>Hvis en eu-person bestemmer seg for at hans eller hennes henvendelse eller klage ikke har blitt adressert tilfredsstillende at personen har rett til \u00e5 p\u00e5berope seg bindende voldgift. Future Care har videre forpliktet seg til \u00e5 henvise ul\u00f8ste Privacy Shield-klager til International Centre for Dispute Resolution\/American Arbitration Association (&#8220;ICDR\/AAA&#8221;) en alternativ tvistel\u00f8sningsleverand\u00f8r lokalisert i USA. Future Care har en policy om \u00e5 svare enkeltpersoner innen fem (45) dager etter en foresp\u00f8rsel eller klage. Hvis du ikke mottar rettidig bekreftelse av klagen din fra oss, eller hvis vi ikke har l\u00f8st klagen din, b\u00f8r EU-personer kontakte eller bes\u00f8ke ICDR\/AAA p\u00e5 <a href=\"https:\/\/www.icdr.org\/privacyshield\">https:\/\/www.icdr.org\/privacyshield<\/a> for mer informasjon eller sende inn en klage. Tjenestene til ((&#8220;ICDR\/AAA tilbys uten kostnad for deg.<\/p>\n<p><\/br><\/p>\n<p>Britiske offentlige forpliktelser<\/p>\n<p><\/br><\/p>\n<p>Future Care, Inc. overholder EU-U.S. Privacy Shield Framework (Privacy Shield) som angitt av det amerikanske handelsdepartementet ang\u00e5ende innsamling, bruk og oppbevaring av personopplysninger overf\u00f8rt fra EU og Storbritannia til USA i avhengighet av Privacy Shield. Future Care, Inc. har sertifisert til Department of Commerce at det overholder Privacy Shield-prinsippene med hensyn til slik informasjon. Hvis det er noen konflikt mellom vilk\u00e5rene i denne personvernerkl\u00e6ringen og Privacy Shield-prinsippene, skal Privacy Shield-prinsippene gjelde. Hvis du vil vite mer om Privacy Shield-programmet og se sertifiseringen v\u00e5r, kan du g\u00e5 <a href=\"https:\/\/www.privacyshield.gov\/\">til https:\/\/www.privacyshield.gov\/<\/a>.<\/p>\n<p><\/br><\/p>\n<p>Endringer<\/p>\n<p><\/br><\/p>\n<p>Future Care kan oppdatere disse retningslinjene n\u00e5r som helst ved \u00e5 publisere en oppdatert versjon her. Vi vil ikke oppdatere disse retningslinjene for personvernskjold i strid med prinsippene s\u00e5 lenge vi forblir sertifisert til Privacy Shield.<\/p>\n<p><\/br><\/p>\n<p>Retningslinjer for personvern gjelder: 31.<\/p>\n<p><\/br><\/p>\n","protected":false},"excerpt":{"rendered":"<p>Future Care er oppf\u00f8rt som et aktivt medlem av US Privacy Shield p\u00e5 www.privacyshield.gov\/list. Future Cares retningslinjer for personvernskjold Oversikt over Future Care respekterer konfidensialiteten og personvernet til v\u00e5re kunder, deres besetningsmedlemmer, v\u00e5re ansatte og andre som vi gj\u00f8r forretninger med. Future Care og dets tilknyttede datterselskap MedSea USA Inc. overholder EU-US Privacy Shield Framework [&hellip;]<\/p>\n","protected":false},"author":2,"featured_media":2250,"parent":0,"menu_order":0,"comment_status":"closed","ping_status":"closed","template":"","meta":{"footnotes":""},"class_list":["post-2627","page","type-page","status-publish","has-post-thumbnail","hentry"],"yoast_head":"<!-- This site is optimized with the Yoast SEO plugin v27.2 - https:\/\/yoast.com\/product\/yoast-seo-wordpress\/ -->\n<title>EU GDPR - MedSea, an International SOS Company<\/title>\n<meta name=\"robots\" content=\"index, follow, max-snippet:-1, max-image-preview:large, max-video-preview:-1\" \/>\n<link rel=\"canonical\" href=\"https:\/\/futurecareinc.com\/no\/eu-gdpr\/\" \/>\n<meta property=\"og:locale\" content=\"nb_NO\" \/>\n<meta property=\"og:type\" content=\"article\" \/>\n<meta property=\"og:title\" content=\"EU GDPR - MedSea, an International SOS Company\" \/>\n<meta property=\"og:description\" content=\"Future Care er oppf\u00f8rt som et aktivt medlem av US Privacy Shield p\u00e5 www.privacyshield.gov\/list. Future Cares retningslinjer for personvernskjold Oversikt over Future Care respekterer konfidensialiteten og personvernet til v\u00e5re kunder, deres besetningsmedlemmer, v\u00e5re ansatte og andre som vi gj\u00f8r forretninger med. Future Care og dets tilknyttede datterselskap MedSea USA Inc. overholder EU-US Privacy Shield Framework [&hellip;]\" \/>\n<meta property=\"og:url\" content=\"https:\/\/futurecareinc.com\/no\/eu-gdpr\/\" \/>\n<meta property=\"og:site_name\" content=\"MedSea, an International SOS Company\" \/>\n<meta property=\"article:modified_time\" content=\"2020-04-22T12:36:59+00:00\" \/>\n<meta property=\"og:image\" content=\"https:\/\/futurecareinc.com\/wp-content\/uploads\/2020\/04\/EU-GDPR-Data-Privacy.jpg\" \/>\n\t<meta property=\"og:image:width\" content=\"1200\" \/>\n\t<meta property=\"og:image:height\" content=\"783\" \/>\n\t<meta property=\"og:image:type\" content=\"image\/jpeg\" \/>\n<meta name=\"twitter:card\" content=\"summary_large_image\" \/>\n<meta name=\"twitter:label1\" content=\"Ansl. lesetid\" \/>\n\t<meta name=\"twitter:data1\" content=\"6 minutter\" \/>\n<script type=\"application\/ld+json\" class=\"yoast-schema-graph\">{\"@context\":\"https:\/\/schema.org\",\"@graph\":[{\"@type\":\"WebPage\",\"@id\":\"https:\/\/futurecareinc.com\/no\/eu-gdpr\/\",\"url\":\"https:\/\/futurecareinc.com\/no\/eu-gdpr\/\",\"name\":\"EU GDPR - MedSea, an International SOS Company\",\"isPartOf\":{\"@id\":\"https:\/\/futurecareinc.com\/#website\"},\"primaryImageOfPage\":{\"@id\":\"https:\/\/futurecareinc.com\/no\/eu-gdpr\/#primaryimage\"},\"image\":{\"@id\":\"https:\/\/futurecareinc.com\/no\/eu-gdpr\/#primaryimage\"},\"thumbnailUrl\":\"https:\/\/futurecareinc.com\/wp-content\/uploads\/2020\/04\/EU-GDPR-Data-Privacy.jpg\",\"datePublished\":\"2020-04-10T03:27:24+00:00\",\"dateModified\":\"2020-04-22T12:36:59+00:00\",\"breadcrumb\":{\"@id\":\"https:\/\/futurecareinc.com\/no\/eu-gdpr\/#breadcrumb\"},\"inLanguage\":\"nb-NO\",\"potentialAction\":[{\"@type\":\"ReadAction\",\"target\":[\"https:\/\/futurecareinc.com\/no\/eu-gdpr\/\"]}]},{\"@type\":\"ImageObject\",\"inLanguage\":\"nb-NO\",\"@id\":\"https:\/\/futurecareinc.com\/no\/eu-gdpr\/#primaryimage\",\"url\":\"https:\/\/futurecareinc.com\/wp-content\/uploads\/2020\/04\/EU-GDPR-Data-Privacy.jpg\",\"contentUrl\":\"https:\/\/futurecareinc.com\/wp-content\/uploads\/2020\/04\/EU-GDPR-Data-Privacy.jpg\",\"width\":1200,\"height\":783},{\"@type\":\"BreadcrumbList\",\"@id\":\"https:\/\/futurecareinc.com\/no\/eu-gdpr\/#breadcrumb\",\"itemListElement\":[{\"@type\":\"ListItem\",\"position\":1,\"name\":\"Home\",\"item\":\"https:\/\/futurecareinc.com\/no\/\"},{\"@type\":\"ListItem\",\"position\":2,\"name\":\"EU GDPR\"}]},{\"@type\":\"WebSite\",\"@id\":\"https:\/\/futurecareinc.com\/#website\",\"url\":\"https:\/\/futurecareinc.com\/\",\"name\":\"MedSea, an International SOS Company\",\"description\":\"Seafarer health is our priority\",\"publisher\":{\"@id\":\"https:\/\/futurecareinc.com\/#organization\"},\"potentialAction\":[{\"@type\":\"SearchAction\",\"target\":{\"@type\":\"EntryPoint\",\"urlTemplate\":\"https:\/\/futurecareinc.com\/?s={search_term_string}\"},\"query-input\":{\"@type\":\"PropertyValueSpecification\",\"valueRequired\":true,\"valueName\":\"search_term_string\"}}],\"inLanguage\":\"nb-NO\"},{\"@type\":\"Organization\",\"@id\":\"https:\/\/futurecareinc.com\/#organization\",\"name\":\"MedSea, an International SOS Company\",\"url\":\"https:\/\/futurecareinc.com\/\",\"logo\":{\"@type\":\"ImageObject\",\"inLanguage\":\"nb-NO\",\"@id\":\"https:\/\/futurecareinc.com\/#\/schema\/logo\/image\/\",\"url\":\"https:\/\/futurecareinc.com\/wp-content\/uploads\/2020\/04\/MedSea_Logo_2024-scaled.png\",\"contentUrl\":\"https:\/\/futurecareinc.com\/wp-content\/uploads\/2020\/04\/MedSea_Logo_2024-scaled.png\",\"width\":2560,\"height\":1085,\"caption\":\"MedSea, an International SOS Company\"},\"image\":{\"@id\":\"https:\/\/futurecareinc.com\/#\/schema\/logo\/image\/\"}}]}<\/script>\n<!-- \/ Yoast SEO plugin. -->","yoast_head_json":{"title":"EU GDPR - MedSea, an International SOS Company","robots":{"index":"index","follow":"follow","max-snippet":"max-snippet:-1","max-image-preview":"max-image-preview:large","max-video-preview":"max-video-preview:-1"},"canonical":"https:\/\/futurecareinc.com\/no\/eu-gdpr\/","og_locale":"nb_NO","og_type":"article","og_title":"EU GDPR - MedSea, an International SOS Company","og_description":"Future Care er oppf\u00f8rt som et aktivt medlem av US Privacy Shield p\u00e5 www.privacyshield.gov\/list. Future Cares retningslinjer for personvernskjold Oversikt over Future Care respekterer konfidensialiteten og personvernet til v\u00e5re kunder, deres besetningsmedlemmer, v\u00e5re ansatte og andre som vi gj\u00f8r forretninger med. Future Care og dets tilknyttede datterselskap MedSea USA Inc. overholder EU-US Privacy Shield Framework [&hellip;]","og_url":"https:\/\/futurecareinc.com\/no\/eu-gdpr\/","og_site_name":"MedSea, an International SOS Company","article_modified_time":"2020-04-22T12:36:59+00:00","og_image":[{"width":1200,"height":783,"url":"https:\/\/futurecareinc.com\/wp-content\/uploads\/2020\/04\/EU-GDPR-Data-Privacy.jpg","type":"image\/jpeg"}],"twitter_card":"summary_large_image","twitter_misc":{"Ansl. lesetid":"6 minutter"},"schema":{"@context":"https:\/\/schema.org","@graph":[{"@type":"WebPage","@id":"https:\/\/futurecareinc.com\/no\/eu-gdpr\/","url":"https:\/\/futurecareinc.com\/no\/eu-gdpr\/","name":"EU GDPR - MedSea, an International SOS Company","isPartOf":{"@id":"https:\/\/futurecareinc.com\/#website"},"primaryImageOfPage":{"@id":"https:\/\/futurecareinc.com\/no\/eu-gdpr\/#primaryimage"},"image":{"@id":"https:\/\/futurecareinc.com\/no\/eu-gdpr\/#primaryimage"},"thumbnailUrl":"https:\/\/futurecareinc.com\/wp-content\/uploads\/2020\/04\/EU-GDPR-Data-Privacy.jpg","datePublished":"2020-04-10T03:27:24+00:00","dateModified":"2020-04-22T12:36:59+00:00","breadcrumb":{"@id":"https:\/\/futurecareinc.com\/no\/eu-gdpr\/#breadcrumb"},"inLanguage":"nb-NO","potentialAction":[{"@type":"ReadAction","target":["https:\/\/futurecareinc.com\/no\/eu-gdpr\/"]}]},{"@type":"ImageObject","inLanguage":"nb-NO","@id":"https:\/\/futurecareinc.com\/no\/eu-gdpr\/#primaryimage","url":"https:\/\/futurecareinc.com\/wp-content\/uploads\/2020\/04\/EU-GDPR-Data-Privacy.jpg","contentUrl":"https:\/\/futurecareinc.com\/wp-content\/uploads\/2020\/04\/EU-GDPR-Data-Privacy.jpg","width":1200,"height":783},{"@type":"BreadcrumbList","@id":"https:\/\/futurecareinc.com\/no\/eu-gdpr\/#breadcrumb","itemListElement":[{"@type":"ListItem","position":1,"name":"Home","item":"https:\/\/futurecareinc.com\/no\/"},{"@type":"ListItem","position":2,"name":"EU GDPR"}]},{"@type":"WebSite","@id":"https:\/\/futurecareinc.com\/#website","url":"https:\/\/futurecareinc.com\/","name":"MedSea, an International SOS Company","description":"Seafarer health is our priority","publisher":{"@id":"https:\/\/futurecareinc.com\/#organization"},"potentialAction":[{"@type":"SearchAction","target":{"@type":"EntryPoint","urlTemplate":"https:\/\/futurecareinc.com\/?s={search_term_string}"},"query-input":{"@type":"PropertyValueSpecification","valueRequired":true,"valueName":"search_term_string"}}],"inLanguage":"nb-NO"},{"@type":"Organization","@id":"https:\/\/futurecareinc.com\/#organization","name":"MedSea, an International SOS Company","url":"https:\/\/futurecareinc.com\/","logo":{"@type":"ImageObject","inLanguage":"nb-NO","@id":"https:\/\/futurecareinc.com\/#\/schema\/logo\/image\/","url":"https:\/\/futurecareinc.com\/wp-content\/uploads\/2020\/04\/MedSea_Logo_2024-scaled.png","contentUrl":"https:\/\/futurecareinc.com\/wp-content\/uploads\/2020\/04\/MedSea_Logo_2024-scaled.png","width":2560,"height":1085,"caption":"MedSea, an International SOS Company"},"image":{"@id":"https:\/\/futurecareinc.com\/#\/schema\/logo\/image\/"}}]}},"_links":{"self":[{"href":"https:\/\/futurecareinc.com\/no\/wp-json\/wp\/v2\/pages\/2627","targetHints":{"allow":["GET"]}}],"collection":[{"href":"https:\/\/futurecareinc.com\/no\/wp-json\/wp\/v2\/pages"}],"about":[{"href":"https:\/\/futurecareinc.com\/no\/wp-json\/wp\/v2\/types\/page"}],"author":[{"embeddable":true,"href":"https:\/\/futurecareinc.com\/no\/wp-json\/wp\/v2\/users\/2"}],"replies":[{"embeddable":true,"href":"https:\/\/futurecareinc.com\/no\/wp-json\/wp\/v2\/comments?post=2627"}],"version-history":[{"count":0,"href":"https:\/\/futurecareinc.com\/no\/wp-json\/wp\/v2\/pages\/2627\/revisions"}],"wp:featuredmedia":[{"embeddable":true,"href":"https:\/\/futurecareinc.com\/no\/wp-json\/wp\/v2\/media\/2250"}],"wp:attachment":[{"href":"https:\/\/futurecareinc.com\/no\/wp-json\/wp\/v2\/media?parent=2627"}],"curies":[{"name":"wp","href":"https:\/\/api.w.org\/{rel}","templated":true}]}}