{"id":2639,"date":"2020-04-10T03:26:58","date_gmt":"2020-04-10T03:26:58","guid":{"rendered":"https:\/\/futurecareinc.wpengine.com\/be-better-prepared-for-hazmat-incidents-and-medical-emergencies\/"},"modified":"2020-04-22T12:37:20","modified_gmt":"2020-04-22T12:37:20","slug":"be-better-prepared-for-hazmat-incidents-and-medical-emergencies","status":"publish","type":"page","link":"https:\/\/futurecareinc.com\/no\/be-better-prepared-for-hazmat-incidents-and-medical-emergencies\/","title":{"rendered":"V\u00e6r bedre forberedt p\u00e5 HazMat-hendelser og medisinske n\u00f8dstilfeller"},"content":{"rendered":"<p>Milbros Onboard abonnenter nyte st\u00f8rre verdi med komplement\u00e6r tilgang til Haz-Mat Response og medisinsk hjelp ved hjelp av Q88 Response Center.<\/p>\n<p><\/br><\/p>\n<p><strong>Reagere mer effektivt p\u00e5 dynamiske n\u00f8dssituasjoner<\/strong><\/p>\n<p><\/br><\/p>\n<p>Ingen kunne beskylde shippingindustrien for \u00e5 v\u00e6re over regulert. Det er imidlertid fortsatt noen omr\u00e5der der frivillig vedta en sikkerhetsprotokoll kan v\u00e6re en sv\u00e6rt verdt forholdsregel. Et slikt omr\u00e5de er i tilfelle HazMat hendelser.<\/p>\n<p><\/br><\/p>\n<p>Q88 Response Center tilbyr et globalt st\u00f8tteprogram for \u00e5 koordinere rask respons og ekspertkonsultasjon for kjemiske utslipp\/hendelser og medisinske n\u00f8dstilfeller om bord p\u00e5 skipet. Selv om HazMat hendelser er en relativt sjelden hendelse, akkurat som med \u00e5 v\u00e6re forberedt p\u00e5 brann, er det sv\u00e6rt tilr\u00e5delig \u00e5 v\u00e6re riktig utstyrt med de riktige verkt\u00f8yene for \u00e5 h\u00e5ndtere et kjemisk utslipp.<\/p>\n<p><\/br><\/p>\n<p>Q88 Response Center registrering er gitt som en komplement\u00e6r tjeneste til fart\u00f8y abonnert p\u00e5 Milbros Ombord gir dem 24\/7 tilgang til Milbros ledende r\u00e5varedatabase. Dette gir mannskapet og tredjeparter den nyeste gode informasjonen slik at de kan ta de mest hensiktsmessige responstiltakene. I forbindelse med partnerne gir Q88 Response Center eksperthjelp og r\u00e5d for \u00e5 h\u00e5ndtere aktive og dynamiske HazMat-situasjoner.<\/p>\n<p><\/br><\/p>\n<p><strong>Lasth\u00e5ndtering, utslippsrespons og medisinsk hjelp p\u00e5 ett sted<\/strong><\/p>\n<p><\/br><\/p>\n<p>Responssenter sentraliserer ekspert lasth\u00e5ndtering, utslippsrespons og akuttmedisinsk hjelp alt p\u00e5 \u00e9n plattform. Tjenesten leveres i samarbeid med Spill Center og Future Care Inc.. Spillsenter spesialiserer seg p\u00e5 kommunikasjons- og hendelsesh\u00e5ndteringstjenester. Future Care tilbyr medisinske tjenester til maritime og relaterte n\u00e6ringer over hele verden.<\/p>\n<p><\/br><\/p>\n<p>Q88 fullf\u00f8rer sirkelen ved \u00e5 sentralisere tilgang og gi vareinformasjon som er avgj\u00f8rende for \u00e5 minimere helse og sikkerhet, milj\u00f8 og \u00f8konomiske konsekvenser av en HazMat-hendelse.<\/p>\n<p><\/br><\/p>\n<p>Den medisinske komponenten av tjenesten kan n\u00e5s for enhver situasjon der medisinsk inngrep kan v\u00e6re n\u00f8dvendig, ikke bare de som skyldes en HazMat-hendelse. Future Care-tjenesten tilbyr telemedisintjenester for skader om bord eller sykdommer til sj\u00f8s sammen med profesjonelt administrert medisinsk behandling p\u00e5 kysten for pasienter der det er n\u00f8dvendig.<\/p>\n<p><\/br><\/p>\n<p>Future Care har 20 \u00e5rs erfaring med \u00e5 administrere skipsstyrets medisinske respons i n\u00f8dssituasjoner. Gjennom oppkj\u00f8p og samarbeid inkluderer organisasjonen n\u00e5 1400 leger, 56 internasjonale klinikker, et internt reisesporingsteamnettverk med 80.000 akkrediterte tredjepartsleverand\u00f8rer og tilbyr st\u00f8tte til 99 spr\u00e5k blant sine ressurser.<\/p>\n<p><\/br><\/p>\n<p><strong>Gratis medisinsk hjelp tilbys for Milbros ombord abonnenter<\/strong><\/p>\n<p><\/br><\/p>\n<p>Over 3 \u00e5r med drift responssenter kunder som bruker tjenesten har blitt bemyndiget til \u00e5 h\u00e5ndtere HazMat og relaterte samt urelaterte medisinske hendelser p\u00e5 en mer rettidig og effektiv m\u00e5te.<\/p>\n<p><\/br><\/p>\n<p>&#8220;Men noen utnytter fortsatt ikke tjenesten fullt ut,&#8221; sier kaptein Soren C. Ibsen, Q88 Vice President, Milbros Systems. &#8220;For det f\u00f8rste er det ingen kostnad for \u00e5 v\u00e6re registrert hos Response Center &#8211; det er inkludert med abonnement p\u00e5 Milbros Ombord. For det andre er to kommunikasjonstestsamtaler per skip per \u00e5r inkludert, men ikke alle gj\u00f8r bruk av dette for \u00e5 forberede og \u00f8ve p\u00e5 en protokoll for \u00e5 reagere p\u00e5 HazMat ved hjelp av Responssenter.&#8221;<\/p>\n<p><\/br><\/p>\n<p>Kaptein Ibsen fortsetter: &#8220;Endelig har Q88 arrangert et spesialtilbud for \u00e5 f\u00e5 tilgang til en begrenset mengde telemedisin til null kostnad. Jeg oppfordrer eksisterende og nye abonnenter til \u00e5 gj\u00f8re full bruk av alle aspekter av tjenesten. \u00c5 v\u00e6re forberedt p\u00e5 HazMat og medisinske n\u00f8dstilfeller forsterker din etiske legitimasjon og demonstrerer en omsorgsplikt for mannskaper og milj\u00f8.&#8221;<\/p>\n<p><\/br><\/p>\n<p>Kontakt oss for \u00e5 finne ut mer om v\u00e5r begrensede nullkostnad Telemedical service for Milbros ombord kunder ved hjelp av Q88 Response Center.<\/p>\n<p><\/br><\/p>\n","protected":false},"excerpt":{"rendered":"<p>Milbros Onboard abonnenter nyte st\u00f8rre verdi med komplement\u00e6r tilgang til Haz-Mat Response og medisinsk hjelp ved hjelp av Q88 Response Center. Reagere mer effektivt p\u00e5 dynamiske n\u00f8dssituasjoner Ingen kunne beskylde shippingindustrien for \u00e5 v\u00e6re over regulert. Det er imidlertid fortsatt noen omr\u00e5der der frivillig vedta en sikkerhetsprotokoll kan v\u00e6re en sv\u00e6rt verdt forholdsregel. Et slikt [&hellip;]<\/p>\n","protected":false},"author":2,"featured_media":2244,"parent":0,"menu_order":0,"comment_status":"closed","ping_status":"closed","template":"","meta":{"footnotes":""},"class_list":["post-2639","page","type-page","status-publish","has-post-thumbnail","hentry"],"yoast_head":"<!-- This site is optimized with the Yoast SEO plugin v27.2 - https:\/\/yoast.com\/product\/yoast-seo-wordpress\/ -->\n<title>V\u00e6r bedre forberedt p\u00e5 HazMat-hendelser og medisinske n\u00f8dstilfeller - MedSea, an International SOS Company<\/title>\n<meta name=\"robots\" content=\"index, follow, max-snippet:-1, max-image-preview:large, max-video-preview:-1\" \/>\n<link rel=\"canonical\" href=\"https:\/\/futurecareinc.com\/no\/be-better-prepared-for-hazmat-incidents-and-medical-emergencies\/\" \/>\n<meta property=\"og:locale\" content=\"nb_NO\" \/>\n<meta property=\"og:type\" content=\"article\" \/>\n<meta property=\"og:title\" content=\"V\u00e6r bedre forberedt p\u00e5 HazMat-hendelser og medisinske n\u00f8dstilfeller - MedSea, an International SOS Company\" \/>\n<meta property=\"og:description\" content=\"Milbros Onboard abonnenter nyte st\u00f8rre verdi med komplement\u00e6r tilgang til Haz-Mat Response og medisinsk hjelp ved hjelp av Q88 Response Center. Reagere mer effektivt p\u00e5 dynamiske n\u00f8dssituasjoner Ingen kunne beskylde shippingindustrien for \u00e5 v\u00e6re over regulert. Det er imidlertid fortsatt noen omr\u00e5der der frivillig vedta en sikkerhetsprotokoll kan v\u00e6re en sv\u00e6rt verdt forholdsregel. Et slikt [&hellip;]\" \/>\n<meta property=\"og:url\" content=\"https:\/\/futurecareinc.com\/no\/be-better-prepared-for-hazmat-incidents-and-medical-emergencies\/\" \/>\n<meta property=\"og:site_name\" content=\"MedSea, an International SOS Company\" \/>\n<meta property=\"article:modified_time\" content=\"2020-04-22T12:37:20+00:00\" \/>\n<meta property=\"og:image\" content=\"https:\/\/futurecareinc.com\/wp-content\/uploads\/2020\/04\/Be-better-prepared-for-hazmat-incidents-and-medical-emergencies.jpg\" \/>\n\t<meta property=\"og:image:width\" content=\"1200\" \/>\n\t<meta property=\"og:image:height\" content=\"783\" \/>\n\t<meta property=\"og:image:type\" content=\"image\/jpeg\" \/>\n<meta name=\"twitter:card\" content=\"summary_large_image\" \/>\n<meta name=\"twitter:label1\" content=\"Ansl. lesetid\" \/>\n\t<meta name=\"twitter:data1\" content=\"3 minutter\" \/>\n<script type=\"application\/ld+json\" class=\"yoast-schema-graph\">{\"@context\":\"https:\/\/schema.org\",\"@graph\":[{\"@type\":\"WebPage\",\"@id\":\"https:\/\/futurecareinc.com\/no\/be-better-prepared-for-hazmat-incidents-and-medical-emergencies\/\",\"url\":\"https:\/\/futurecareinc.com\/no\/be-better-prepared-for-hazmat-incidents-and-medical-emergencies\/\",\"name\":\"V\u00e6r bedre forberedt p\u00e5 HazMat-hendelser og medisinske n\u00f8dstilfeller - MedSea, an International SOS Company\",\"isPartOf\":{\"@id\":\"https:\/\/futurecareinc.com\/#website\"},\"primaryImageOfPage\":{\"@id\":\"https:\/\/futurecareinc.com\/no\/be-better-prepared-for-hazmat-incidents-and-medical-emergencies\/#primaryimage\"},\"image\":{\"@id\":\"https:\/\/futurecareinc.com\/no\/be-better-prepared-for-hazmat-incidents-and-medical-emergencies\/#primaryimage\"},\"thumbnailUrl\":\"https:\/\/futurecareinc.com\/wp-content\/uploads\/2020\/04\/Be-better-prepared-for-hazmat-incidents-and-medical-emergencies.jpg\",\"datePublished\":\"2020-04-10T03:26:58+00:00\",\"dateModified\":\"2020-04-22T12:37:20+00:00\",\"breadcrumb\":{\"@id\":\"https:\/\/futurecareinc.com\/no\/be-better-prepared-for-hazmat-incidents-and-medical-emergencies\/#breadcrumb\"},\"inLanguage\":\"nb-NO\",\"potentialAction\":[{\"@type\":\"ReadAction\",\"target\":[\"https:\/\/futurecareinc.com\/no\/be-better-prepared-for-hazmat-incidents-and-medical-emergencies\/\"]}]},{\"@type\":\"ImageObject\",\"inLanguage\":\"nb-NO\",\"@id\":\"https:\/\/futurecareinc.com\/no\/be-better-prepared-for-hazmat-incidents-and-medical-emergencies\/#primaryimage\",\"url\":\"https:\/\/futurecareinc.com\/wp-content\/uploads\/2020\/04\/Be-better-prepared-for-hazmat-incidents-and-medical-emergencies.jpg\",\"contentUrl\":\"https:\/\/futurecareinc.com\/wp-content\/uploads\/2020\/04\/Be-better-prepared-for-hazmat-incidents-and-medical-emergencies.jpg\",\"width\":1200,\"height\":783},{\"@type\":\"BreadcrumbList\",\"@id\":\"https:\/\/futurecareinc.com\/no\/be-better-prepared-for-hazmat-incidents-and-medical-emergencies\/#breadcrumb\",\"itemListElement\":[{\"@type\":\"ListItem\",\"position\":1,\"name\":\"Home\",\"item\":\"https:\/\/futurecareinc.com\/no\/\"},{\"@type\":\"ListItem\",\"position\":2,\"name\":\"V\u00e6r bedre forberedt p\u00e5 HazMat-hendelser og medisinske n\u00f8dstilfeller\"}]},{\"@type\":\"WebSite\",\"@id\":\"https:\/\/futurecareinc.com\/#website\",\"url\":\"https:\/\/futurecareinc.com\/\",\"name\":\"MedSea, an International SOS Company\",\"description\":\"Seafarer health is our priority\",\"publisher\":{\"@id\":\"https:\/\/futurecareinc.com\/#organization\"},\"potentialAction\":[{\"@type\":\"SearchAction\",\"target\":{\"@type\":\"EntryPoint\",\"urlTemplate\":\"https:\/\/futurecareinc.com\/?s={search_term_string}\"},\"query-input\":{\"@type\":\"PropertyValueSpecification\",\"valueRequired\":true,\"valueName\":\"search_term_string\"}}],\"inLanguage\":\"nb-NO\"},{\"@type\":\"Organization\",\"@id\":\"https:\/\/futurecareinc.com\/#organization\",\"name\":\"MedSea, an International SOS Company\",\"url\":\"https:\/\/futurecareinc.com\/\",\"logo\":{\"@type\":\"ImageObject\",\"inLanguage\":\"nb-NO\",\"@id\":\"https:\/\/futurecareinc.com\/#\/schema\/logo\/image\/\",\"url\":\"https:\/\/futurecareinc.com\/wp-content\/uploads\/2020\/04\/MedSea_Logo_2024-scaled.png\",\"contentUrl\":\"https:\/\/futurecareinc.com\/wp-content\/uploads\/2020\/04\/MedSea_Logo_2024-scaled.png\",\"width\":2560,\"height\":1085,\"caption\":\"MedSea, an International SOS Company\"},\"image\":{\"@id\":\"https:\/\/futurecareinc.com\/#\/schema\/logo\/image\/\"}}]}<\/script>\n<!-- \/ Yoast SEO plugin. -->","yoast_head_json":{"title":"V\u00e6r bedre forberedt p\u00e5 HazMat-hendelser og medisinske n\u00f8dstilfeller - MedSea, an International SOS Company","robots":{"index":"index","follow":"follow","max-snippet":"max-snippet:-1","max-image-preview":"max-image-preview:large","max-video-preview":"max-video-preview:-1"},"canonical":"https:\/\/futurecareinc.com\/no\/be-better-prepared-for-hazmat-incidents-and-medical-emergencies\/","og_locale":"nb_NO","og_type":"article","og_title":"V\u00e6r bedre forberedt p\u00e5 HazMat-hendelser og medisinske n\u00f8dstilfeller - MedSea, an International SOS Company","og_description":"Milbros Onboard abonnenter nyte st\u00f8rre verdi med komplement\u00e6r tilgang til Haz-Mat Response og medisinsk hjelp ved hjelp av Q88 Response Center. Reagere mer effektivt p\u00e5 dynamiske n\u00f8dssituasjoner Ingen kunne beskylde shippingindustrien for \u00e5 v\u00e6re over regulert. Det er imidlertid fortsatt noen omr\u00e5der der frivillig vedta en sikkerhetsprotokoll kan v\u00e6re en sv\u00e6rt verdt forholdsregel. Et slikt [&hellip;]","og_url":"https:\/\/futurecareinc.com\/no\/be-better-prepared-for-hazmat-incidents-and-medical-emergencies\/","og_site_name":"MedSea, an International SOS Company","article_modified_time":"2020-04-22T12:37:20+00:00","og_image":[{"width":1200,"height":783,"url":"https:\/\/futurecareinc.com\/wp-content\/uploads\/2020\/04\/Be-better-prepared-for-hazmat-incidents-and-medical-emergencies.jpg","type":"image\/jpeg"}],"twitter_card":"summary_large_image","twitter_misc":{"Ansl. lesetid":"3 minutter"},"schema":{"@context":"https:\/\/schema.org","@graph":[{"@type":"WebPage","@id":"https:\/\/futurecareinc.com\/no\/be-better-prepared-for-hazmat-incidents-and-medical-emergencies\/","url":"https:\/\/futurecareinc.com\/no\/be-better-prepared-for-hazmat-incidents-and-medical-emergencies\/","name":"V\u00e6r bedre forberedt p\u00e5 HazMat-hendelser og medisinske n\u00f8dstilfeller - MedSea, an International SOS Company","isPartOf":{"@id":"https:\/\/futurecareinc.com\/#website"},"primaryImageOfPage":{"@id":"https:\/\/futurecareinc.com\/no\/be-better-prepared-for-hazmat-incidents-and-medical-emergencies\/#primaryimage"},"image":{"@id":"https:\/\/futurecareinc.com\/no\/be-better-prepared-for-hazmat-incidents-and-medical-emergencies\/#primaryimage"},"thumbnailUrl":"https:\/\/futurecareinc.com\/wp-content\/uploads\/2020\/04\/Be-better-prepared-for-hazmat-incidents-and-medical-emergencies.jpg","datePublished":"2020-04-10T03:26:58+00:00","dateModified":"2020-04-22T12:37:20+00:00","breadcrumb":{"@id":"https:\/\/futurecareinc.com\/no\/be-better-prepared-for-hazmat-incidents-and-medical-emergencies\/#breadcrumb"},"inLanguage":"nb-NO","potentialAction":[{"@type":"ReadAction","target":["https:\/\/futurecareinc.com\/no\/be-better-prepared-for-hazmat-incidents-and-medical-emergencies\/"]}]},{"@type":"ImageObject","inLanguage":"nb-NO","@id":"https:\/\/futurecareinc.com\/no\/be-better-prepared-for-hazmat-incidents-and-medical-emergencies\/#primaryimage","url":"https:\/\/futurecareinc.com\/wp-content\/uploads\/2020\/04\/Be-better-prepared-for-hazmat-incidents-and-medical-emergencies.jpg","contentUrl":"https:\/\/futurecareinc.com\/wp-content\/uploads\/2020\/04\/Be-better-prepared-for-hazmat-incidents-and-medical-emergencies.jpg","width":1200,"height":783},{"@type":"BreadcrumbList","@id":"https:\/\/futurecareinc.com\/no\/be-better-prepared-for-hazmat-incidents-and-medical-emergencies\/#breadcrumb","itemListElement":[{"@type":"ListItem","position":1,"name":"Home","item":"https:\/\/futurecareinc.com\/no\/"},{"@type":"ListItem","position":2,"name":"V\u00e6r bedre forberedt p\u00e5 HazMat-hendelser og medisinske n\u00f8dstilfeller"}]},{"@type":"WebSite","@id":"https:\/\/futurecareinc.com\/#website","url":"https:\/\/futurecareinc.com\/","name":"MedSea, an International SOS Company","description":"Seafarer health is our priority","publisher":{"@id":"https:\/\/futurecareinc.com\/#organization"},"potentialAction":[{"@type":"SearchAction","target":{"@type":"EntryPoint","urlTemplate":"https:\/\/futurecareinc.com\/?s={search_term_string}"},"query-input":{"@type":"PropertyValueSpecification","valueRequired":true,"valueName":"search_term_string"}}],"inLanguage":"nb-NO"},{"@type":"Organization","@id":"https:\/\/futurecareinc.com\/#organization","name":"MedSea, an International SOS Company","url":"https:\/\/futurecareinc.com\/","logo":{"@type":"ImageObject","inLanguage":"nb-NO","@id":"https:\/\/futurecareinc.com\/#\/schema\/logo\/image\/","url":"https:\/\/futurecareinc.com\/wp-content\/uploads\/2020\/04\/MedSea_Logo_2024-scaled.png","contentUrl":"https:\/\/futurecareinc.com\/wp-content\/uploads\/2020\/04\/MedSea_Logo_2024-scaled.png","width":2560,"height":1085,"caption":"MedSea, an International SOS Company"},"image":{"@id":"https:\/\/futurecareinc.com\/#\/schema\/logo\/image\/"}}]}},"_links":{"self":[{"href":"https:\/\/futurecareinc.com\/no\/wp-json\/wp\/v2\/pages\/2639","targetHints":{"allow":["GET"]}}],"collection":[{"href":"https:\/\/futurecareinc.com\/no\/wp-json\/wp\/v2\/pages"}],"about":[{"href":"https:\/\/futurecareinc.com\/no\/wp-json\/wp\/v2\/types\/page"}],"author":[{"embeddable":true,"href":"https:\/\/futurecareinc.com\/no\/wp-json\/wp\/v2\/users\/2"}],"replies":[{"embeddable":true,"href":"https:\/\/futurecareinc.com\/no\/wp-json\/wp\/v2\/comments?post=2639"}],"version-history":[{"count":0,"href":"https:\/\/futurecareinc.com\/no\/wp-json\/wp\/v2\/pages\/2639\/revisions"}],"wp:featuredmedia":[{"embeddable":true,"href":"https:\/\/futurecareinc.com\/no\/wp-json\/wp\/v2\/media\/2244"}],"wp:attachment":[{"href":"https:\/\/futurecareinc.com\/no\/wp-json\/wp\/v2\/media?parent=2639"}],"curies":[{"name":"wp","href":"https:\/\/api.w.org\/{rel}","templated":true}]}}