{"id":2644,"date":"2020-04-10T03:26:27","date_gmt":"2020-04-10T03:26:27","guid":{"rendered":"https:\/\/futurecareinc.wpengine.com\/millbros-q88-alliance\/"},"modified":"2020-04-22T12:37:19","modified_gmt":"2020-04-22T12:37:19","slug":"millbros-q88-alliance","status":"publish","type":"page","link":"https:\/\/futurecareinc.com\/no\/millbros-q88-alliance\/","title":{"rendered":"Millbros \/ Q88 Alliansen"},"content":{"rendered":"<p>Future Care og Milbros\/Q88 feirer tre \u00e5r med \u00e5 ha utviklet og drevet sitt medisinske behandlings- og kostnadsstyringsprogram til fordel for Milbros Onboard-abonnenter og deres mannskap er i forvaltningen av helsetjenester. Milbros Onboard Abonnenter nytte av \u00e5 ha 24\/7 tilgang til Future Care kontaktsenter, bemannet av leger, sykepleiere og andre medisinske fagfolk tilgjengelig for \u00e5 gi ekspertr\u00e5d til skipets kaptein eller medisinsk offiser til sj\u00f8s. Future Cares medisinske saksbehandling og kostnadstilsyn strekker seg ogs\u00e5 til landbasert behandling, inkludert sykehusinnleggelse, hjemsendelse og rekonvalesensbehandling til mannskapet vender tilbake til Fit for Duty eller n\u00e5r maksimal medisinsk forbedring.<\/p>\n<p><\/br><\/p>\n<p>Future Care er veldig glade for \u00e5 kunngj\u00f8re at vi i 2018 dannet MedSea Asia Limited, et Future Care-datterselskap for \u00e5 holde og administrere v\u00e5r betydelige nye Asia-virksomhet. Vi har ogs\u00e5 inng\u00e5tt et joint venture med International SOS (ISOS) et verdensledende reiseassistanse- og medisinsk forvaltningsselskap med kontorer og ressurser over hele verden. ISOS&#8217; ekspertise og eiendeler gj\u00f8r det mulig for Future Care og v\u00e5rt MedSea Asia-datterselskap \u00e5 bringe uovertruffen styrke til v\u00e5re kunder og besetningsmedlemmer p\u00e5 fem kontinenter, med 26 assistance centers, over 11.000 ansatte og 92 kontorer. De kombinerte eiendelene inkluderer 1400 leger, 56 internasjonale klinikker, et internt reisesporingsteamnettverk med 80.000 akkrediterte tredjepartsleverand\u00f8rer med 99 spr\u00e5k st\u00f8ttet. Teamet er ISO 9001:2008 akkreditert p\u00e5 tvers av alle forretningslinjer.<\/p>\n<p><\/br><\/p>\n<p>Future Care har over 20 \u00e5rs erfaring med \u00e5 h\u00e5ndtere det medisinske svaret p\u00e5 skipsbordet i n\u00f8dssituasjoner, inkludert skade og sykdom, samt mer rutinemessige helsehensyn. Enten det er n\u00f8dvendig med n\u00f8devakuering eller problemet kan l\u00f8ses om bord, kan Future Cares ansatte gi de n\u00f8dvendige medisinske r\u00e5d og ordninger for \u00e5 reagere riktig og effektivt. Future Care samarbeider rutinemessig med alle de store P&amp;I-klubbene, andre forsikringsselskaper, korrespondenter, havneagenter og andre maritime fagfolk for \u00e5 svare p\u00e5 mannskapets medisinske krav. Future Cares leger er oppl\u00e6rt i yrkes- og maritim medisin og en rekke spesialdisipliner. Future Cares medisinske og st\u00f8ttepersonell er tilgjengelig for deg 24\/7, rundt om i verden, for \u00e5 svare p\u00e5 presserende og rutinemessige medisinske og helsemessige problemer.<\/p>\n<p><\/br><\/p>\n<p>Fremtidige omsorgstjenester for Milbros ombord abonnenter inkluderer<\/p>\n<p><\/br><\/p>\n<p><strong>Lege r\u00e5d ved sj\u00f8<\/strong>(telemedisin): Future Care lege r\u00e5dgivere vil gi medisinsk diagnose og behandlingstilbud, kommunisere med kapteinen eller medisinsk offiser mens til sj\u00f8s til klagen, n\u00f8dsituasjon eller rutine, er l\u00f8st om bord eller mannskapet overf\u00f8res til en strandanlegg.<\/p>\n<p><\/br><\/p>\n<p><strong>Medisinsk saksbehandling Shoreside<\/strong> Future Cares lege og sykepleier saksbehandlere vil h\u00e5ndtere strandbehandling, gjennom utslipp hjemsendelse og rekonvalesensbehandling. V\u00e5rt medisinske personell vil identifisere kvalifiserte medisinske \/ rehabiliteringsfasiliteter i mannskapets hjemland, ordne medisiner, og opprettholde kontakt med mannskapet til utvinningen er fullf\u00f8rt.<\/p>\n<p><\/br><\/p>\n<p><strong>Bestilling av Shoreside Medical Avtaler<\/strong> Future Cares medisinske personell vil identifisere kvalifiserte medisinske \/ rehabiliteringsfasiliteter i nettverket v\u00e5rt, som tilgjengelig, ved neste havn; ordne avtalen, koordinere transport med portagenten og f\u00f8lge opp med behandlingsleverand\u00f8ren og mannskapet, etter behov.<\/p>\n<p><\/br><\/p>\n<p><strong>Medisinsk bill gjennomgang \/ revisjon<\/strong> Future Cares medisinske revisjonspersonell vil gjennomg\u00e5 og\/eller fors\u00f8ke \u00e5 forhandle frem en reduksjon av kostnader vurdert av helsepersonell og p\u00e5dratt i USA. Det er ingen ut av lommekostnad for denne tjenesten; gebyret er 25 av eventuelle besparelser oppn\u00e5dd for Milbros Onboard Subscriber.<\/p>\n<p><\/br><\/p>\n<p>Gebyrer for tjenester, som er tillatt, er angitt i Future Care-bestillingen.<\/p>\n<p><\/br><\/p>\n<p>For tjenester, n\u00f8dsituasjon eller rutine, Milbros ombord abonnenter b\u00f8r vennligst e-post: <a href=\"mailto:firstresponse@futurecareinc.com\">firstresponse@futurecareinc.com<\/a>. Du kan ogs\u00e5 bruke v\u00e5r call line: +1 917-579-0257; Alternativ linje: + 1 917-432-2400. Deretter kan du laste ned Future Care &#8216; Milbros Onboard Abonnenter bestilling, merk av i boksene ved siden av tjenester forespurt, signere og f\u00f8rste baksiden og g\u00e5 tilbake til <a href=\"mailto:firstresponse@futurecareinc.com\">firstresponse@futurecareinc.com<\/a>.<\/p>\n<p><\/br><\/p>\n<p>Future Care tilbyr ogs\u00e5 Milbros Onboard Abonnenter andre medisinske administrasjonstjenester, inkludert et skipsvelv\u00e6reprogram. For ytterligere informasjon vennligst kontakt <a href=\"mailto:info@futurecareinc.com\">info@futurecareinc.com<\/a> eller se v\u00e5r hjemmeside hjemmeside \/ tjenester <a href=\"https:\/\/futurecareinc.com\/\">https:\/\/futurecareinc.com\/<\/a><\/p>\n<p><\/br><\/p>\n","protected":false},"excerpt":{"rendered":"<p>Future Care og Milbros\/Q88 feirer tre \u00e5r med \u00e5 ha utviklet og drevet sitt medisinske behandlings- og kostnadsstyringsprogram til fordel for Milbros Onboard-abonnenter og deres mannskap er i forvaltningen av helsetjenester. Milbros Onboard Abonnenter nytte av \u00e5 ha 24\/7 tilgang til Future Care kontaktsenter, bemannet av leger, sykepleiere og andre medisinske fagfolk tilgjengelig for \u00e5 [&hellip;]<\/p>\n","protected":false},"author":2,"featured_media":2238,"parent":0,"menu_order":0,"comment_status":"closed","ping_status":"closed","template":"","meta":{"footnotes":""},"class_list":["post-2644","page","type-page","status-publish","has-post-thumbnail","hentry"],"yoast_head":"<!-- This site is optimized with the Yoast SEO plugin v27.2 - https:\/\/yoast.com\/product\/yoast-seo-wordpress\/ -->\n<title>Millbros \/ Q88 Alliansen - MedSea, an International SOS Company<\/title>\n<meta name=\"robots\" content=\"index, follow, max-snippet:-1, max-image-preview:large, max-video-preview:-1\" \/>\n<link rel=\"canonical\" href=\"https:\/\/futurecareinc.com\/no\/millbros-q88-alliance\/\" \/>\n<meta property=\"og:locale\" content=\"nb_NO\" \/>\n<meta property=\"og:type\" content=\"article\" \/>\n<meta property=\"og:title\" content=\"Millbros \/ Q88 Alliansen - MedSea, an International SOS Company\" \/>\n<meta property=\"og:description\" content=\"Future Care og Milbros\/Q88 feirer tre \u00e5r med \u00e5 ha utviklet og drevet sitt medisinske behandlings- og kostnadsstyringsprogram til fordel for Milbros Onboard-abonnenter og deres mannskap er i forvaltningen av helsetjenester. Milbros Onboard Abonnenter nytte av \u00e5 ha 24\/7 tilgang til Future Care kontaktsenter, bemannet av leger, sykepleiere og andre medisinske fagfolk tilgjengelig for \u00e5 [&hellip;]\" \/>\n<meta property=\"og:url\" content=\"https:\/\/futurecareinc.com\/no\/millbros-q88-alliance\/\" \/>\n<meta property=\"og:site_name\" content=\"MedSea, an International SOS Company\" \/>\n<meta property=\"article:modified_time\" content=\"2020-04-22T12:37:19+00:00\" \/>\n<meta property=\"og:image\" content=\"https:\/\/futurecareinc.com\/wp-content\/uploads\/2020\/04\/Milbros-Q88-Alliance.jpg\" \/>\n\t<meta property=\"og:image:width\" content=\"1200\" \/>\n\t<meta property=\"og:image:height\" content=\"783\" \/>\n\t<meta property=\"og:image:type\" content=\"image\/jpeg\" \/>\n<meta name=\"twitter:card\" content=\"summary_large_image\" \/>\n<meta name=\"twitter:label1\" content=\"Ansl. lesetid\" \/>\n\t<meta name=\"twitter:data1\" content=\"3 minutter\" \/>\n<script type=\"application\/ld+json\" class=\"yoast-schema-graph\">{\"@context\":\"https:\/\/schema.org\",\"@graph\":[{\"@type\":\"WebPage\",\"@id\":\"https:\/\/futurecareinc.com\/no\/millbros-q88-alliance\/\",\"url\":\"https:\/\/futurecareinc.com\/no\/millbros-q88-alliance\/\",\"name\":\"Millbros \/ Q88 Alliansen - MedSea, an International SOS Company\",\"isPartOf\":{\"@id\":\"https:\/\/futurecareinc.com\/#website\"},\"primaryImageOfPage\":{\"@id\":\"https:\/\/futurecareinc.com\/no\/millbros-q88-alliance\/#primaryimage\"},\"image\":{\"@id\":\"https:\/\/futurecareinc.com\/no\/millbros-q88-alliance\/#primaryimage\"},\"thumbnailUrl\":\"https:\/\/futurecareinc.com\/wp-content\/uploads\/2020\/04\/Milbros-Q88-Alliance.jpg\",\"datePublished\":\"2020-04-10T03:26:27+00:00\",\"dateModified\":\"2020-04-22T12:37:19+00:00\",\"breadcrumb\":{\"@id\":\"https:\/\/futurecareinc.com\/no\/millbros-q88-alliance\/#breadcrumb\"},\"inLanguage\":\"nb-NO\",\"potentialAction\":[{\"@type\":\"ReadAction\",\"target\":[\"https:\/\/futurecareinc.com\/no\/millbros-q88-alliance\/\"]}]},{\"@type\":\"ImageObject\",\"inLanguage\":\"nb-NO\",\"@id\":\"https:\/\/futurecareinc.com\/no\/millbros-q88-alliance\/#primaryimage\",\"url\":\"https:\/\/futurecareinc.com\/wp-content\/uploads\/2020\/04\/Milbros-Q88-Alliance.jpg\",\"contentUrl\":\"https:\/\/futurecareinc.com\/wp-content\/uploads\/2020\/04\/Milbros-Q88-Alliance.jpg\",\"width\":1200,\"height\":783},{\"@type\":\"BreadcrumbList\",\"@id\":\"https:\/\/futurecareinc.com\/no\/millbros-q88-alliance\/#breadcrumb\",\"itemListElement\":[{\"@type\":\"ListItem\",\"position\":1,\"name\":\"Home\",\"item\":\"https:\/\/futurecareinc.com\/no\/\"},{\"@type\":\"ListItem\",\"position\":2,\"name\":\"Millbros \/ Q88 Alliansen\"}]},{\"@type\":\"WebSite\",\"@id\":\"https:\/\/futurecareinc.com\/#website\",\"url\":\"https:\/\/futurecareinc.com\/\",\"name\":\"MedSea, an International SOS Company\",\"description\":\"Seafarer health is our priority\",\"publisher\":{\"@id\":\"https:\/\/futurecareinc.com\/#organization\"},\"potentialAction\":[{\"@type\":\"SearchAction\",\"target\":{\"@type\":\"EntryPoint\",\"urlTemplate\":\"https:\/\/futurecareinc.com\/?s={search_term_string}\"},\"query-input\":{\"@type\":\"PropertyValueSpecification\",\"valueRequired\":true,\"valueName\":\"search_term_string\"}}],\"inLanguage\":\"nb-NO\"},{\"@type\":\"Organization\",\"@id\":\"https:\/\/futurecareinc.com\/#organization\",\"name\":\"MedSea, an International SOS Company\",\"url\":\"https:\/\/futurecareinc.com\/\",\"logo\":{\"@type\":\"ImageObject\",\"inLanguage\":\"nb-NO\",\"@id\":\"https:\/\/futurecareinc.com\/#\/schema\/logo\/image\/\",\"url\":\"https:\/\/futurecareinc.com\/wp-content\/uploads\/2020\/04\/MedSea_Logo_2024-scaled.png\",\"contentUrl\":\"https:\/\/futurecareinc.com\/wp-content\/uploads\/2020\/04\/MedSea_Logo_2024-scaled.png\",\"width\":2560,\"height\":1085,\"caption\":\"MedSea, an International SOS Company\"},\"image\":{\"@id\":\"https:\/\/futurecareinc.com\/#\/schema\/logo\/image\/\"}}]}<\/script>\n<!-- \/ Yoast SEO plugin. -->","yoast_head_json":{"title":"Millbros \/ Q88 Alliansen - MedSea, an International SOS Company","robots":{"index":"index","follow":"follow","max-snippet":"max-snippet:-1","max-image-preview":"max-image-preview:large","max-video-preview":"max-video-preview:-1"},"canonical":"https:\/\/futurecareinc.com\/no\/millbros-q88-alliance\/","og_locale":"nb_NO","og_type":"article","og_title":"Millbros \/ Q88 Alliansen - MedSea, an International SOS Company","og_description":"Future Care og Milbros\/Q88 feirer tre \u00e5r med \u00e5 ha utviklet og drevet sitt medisinske behandlings- og kostnadsstyringsprogram til fordel for Milbros Onboard-abonnenter og deres mannskap er i forvaltningen av helsetjenester. Milbros Onboard Abonnenter nytte av \u00e5 ha 24\/7 tilgang til Future Care kontaktsenter, bemannet av leger, sykepleiere og andre medisinske fagfolk tilgjengelig for \u00e5 [&hellip;]","og_url":"https:\/\/futurecareinc.com\/no\/millbros-q88-alliance\/","og_site_name":"MedSea, an International SOS Company","article_modified_time":"2020-04-22T12:37:19+00:00","og_image":[{"width":1200,"height":783,"url":"https:\/\/futurecareinc.com\/wp-content\/uploads\/2020\/04\/Milbros-Q88-Alliance.jpg","type":"image\/jpeg"}],"twitter_card":"summary_large_image","twitter_misc":{"Ansl. lesetid":"3 minutter"},"schema":{"@context":"https:\/\/schema.org","@graph":[{"@type":"WebPage","@id":"https:\/\/futurecareinc.com\/no\/millbros-q88-alliance\/","url":"https:\/\/futurecareinc.com\/no\/millbros-q88-alliance\/","name":"Millbros \/ Q88 Alliansen - MedSea, an International SOS Company","isPartOf":{"@id":"https:\/\/futurecareinc.com\/#website"},"primaryImageOfPage":{"@id":"https:\/\/futurecareinc.com\/no\/millbros-q88-alliance\/#primaryimage"},"image":{"@id":"https:\/\/futurecareinc.com\/no\/millbros-q88-alliance\/#primaryimage"},"thumbnailUrl":"https:\/\/futurecareinc.com\/wp-content\/uploads\/2020\/04\/Milbros-Q88-Alliance.jpg","datePublished":"2020-04-10T03:26:27+00:00","dateModified":"2020-04-22T12:37:19+00:00","breadcrumb":{"@id":"https:\/\/futurecareinc.com\/no\/millbros-q88-alliance\/#breadcrumb"},"inLanguage":"nb-NO","potentialAction":[{"@type":"ReadAction","target":["https:\/\/futurecareinc.com\/no\/millbros-q88-alliance\/"]}]},{"@type":"ImageObject","inLanguage":"nb-NO","@id":"https:\/\/futurecareinc.com\/no\/millbros-q88-alliance\/#primaryimage","url":"https:\/\/futurecareinc.com\/wp-content\/uploads\/2020\/04\/Milbros-Q88-Alliance.jpg","contentUrl":"https:\/\/futurecareinc.com\/wp-content\/uploads\/2020\/04\/Milbros-Q88-Alliance.jpg","width":1200,"height":783},{"@type":"BreadcrumbList","@id":"https:\/\/futurecareinc.com\/no\/millbros-q88-alliance\/#breadcrumb","itemListElement":[{"@type":"ListItem","position":1,"name":"Home","item":"https:\/\/futurecareinc.com\/no\/"},{"@type":"ListItem","position":2,"name":"Millbros \/ Q88 Alliansen"}]},{"@type":"WebSite","@id":"https:\/\/futurecareinc.com\/#website","url":"https:\/\/futurecareinc.com\/","name":"MedSea, an International SOS Company","description":"Seafarer health is our priority","publisher":{"@id":"https:\/\/futurecareinc.com\/#organization"},"potentialAction":[{"@type":"SearchAction","target":{"@type":"EntryPoint","urlTemplate":"https:\/\/futurecareinc.com\/?s={search_term_string}"},"query-input":{"@type":"PropertyValueSpecification","valueRequired":true,"valueName":"search_term_string"}}],"inLanguage":"nb-NO"},{"@type":"Organization","@id":"https:\/\/futurecareinc.com\/#organization","name":"MedSea, an International SOS Company","url":"https:\/\/futurecareinc.com\/","logo":{"@type":"ImageObject","inLanguage":"nb-NO","@id":"https:\/\/futurecareinc.com\/#\/schema\/logo\/image\/","url":"https:\/\/futurecareinc.com\/wp-content\/uploads\/2020\/04\/MedSea_Logo_2024-scaled.png","contentUrl":"https:\/\/futurecareinc.com\/wp-content\/uploads\/2020\/04\/MedSea_Logo_2024-scaled.png","width":2560,"height":1085,"caption":"MedSea, an International SOS Company"},"image":{"@id":"https:\/\/futurecareinc.com\/#\/schema\/logo\/image\/"}}]}},"_links":{"self":[{"href":"https:\/\/futurecareinc.com\/no\/wp-json\/wp\/v2\/pages\/2644","targetHints":{"allow":["GET"]}}],"collection":[{"href":"https:\/\/futurecareinc.com\/no\/wp-json\/wp\/v2\/pages"}],"about":[{"href":"https:\/\/futurecareinc.com\/no\/wp-json\/wp\/v2\/types\/page"}],"author":[{"embeddable":true,"href":"https:\/\/futurecareinc.com\/no\/wp-json\/wp\/v2\/users\/2"}],"replies":[{"embeddable":true,"href":"https:\/\/futurecareinc.com\/no\/wp-json\/wp\/v2\/comments?post=2644"}],"version-history":[{"count":0,"href":"https:\/\/futurecareinc.com\/no\/wp-json\/wp\/v2\/pages\/2644\/revisions"}],"wp:featuredmedia":[{"embeddable":true,"href":"https:\/\/futurecareinc.com\/no\/wp-json\/wp\/v2\/media\/2238"}],"wp:attachment":[{"href":"https:\/\/futurecareinc.com\/no\/wp-json\/wp\/v2\/media?parent=2644"}],"curies":[{"name":"wp","href":"https:\/\/api.w.org\/{rel}","templated":true}]}}