{"id":2843,"date":"2020-04-22T12:31:49","date_gmt":"2020-04-22T12:31:49","guid":{"rendered":"https:\/\/futurecareinc.wpengine.com\/case-studies\/internasjonal-legerad-ved-sea-case-sample-3\/"},"modified":"2020-04-22T12:31:49","modified_gmt":"2020-04-22T12:31:49","slug":"internasjonal-legerad-ved-sea-case-sample-3","status":"publish","type":"page","link":"https:\/\/futurecareinc.com\/no\/case-studies\/internasjonal-legerad-ved-sea-case-sample-3\/","title":{"rendered":"Internasjonal leger\u00e5d ved Sea Case Sample 3"},"content":{"rendered":"<p><\/br><\/p>\n<p>Beliggenhet: I port &#8211; Zhanjiang, KINA<\/p>\n<p><\/br><\/p>\n<p>Case Sammendrag: 12 besetningsmedlemmer om bord presentert med feber, diar\u00e9, og skjelving. Legeveiledning ble gitt for overv\u00e5king om bord. Symptomene ble l\u00f8st under ekstern legebehandling, og alle besetningsmedlemmer gjenopptok normale oppgaver om bord. Unders\u00f8kelser i land var ikke n\u00f8dvendig for noen besetningsmedlem. Resultater: Mulig karantene av fart\u00f8yet ble unng\u00e5tt, inkludert eliminering av potensielle b\u00f8ter for regulatoriske brudd og tilh\u00f8rende juridiske utgifter; mannskap erstatning kostnader \/ unseaworthy mannskap kompliment unng\u00e5tt; unng\u00e5tt \u00e5 p\u00e5dra seg daglige driftskostnader og \u00f8kte byr\u00e5kostnader under faktisk karantene; forsinkelser i lastutslipp, neste charterkansellering, etc.<\/p>\n<p><\/br><\/p>\n<p>Estimerte besparelser gjennom Future Care Intervention $ 70,000.00<\/p>\n<p><\/br><\/p>\n","protected":false},"excerpt":{"rendered":"<p>Beliggenhet: I port &#8211; Zhanjiang, KINA Case Sammendrag: 12 besetningsmedlemmer om bord presentert med feber, diar\u00e9, og skjelving. Legeveiledning ble gitt for overv\u00e5king om bord. Symptomene ble l\u00f8st under ekstern legebehandling, og alle besetningsmedlemmer gjenopptok normale oppgaver om bord. Unders\u00f8kelser i land var ikke n\u00f8dvendig for noen besetningsmedlem. Resultater: Mulig karantene av fart\u00f8yet ble unng\u00e5tt, [&hellip;]<\/p>\n","protected":false},"author":2,"featured_media":0,"parent":2576,"menu_order":0,"comment_status":"closed","ping_status":"closed","template":"","meta":{"footnotes":""},"class_list":["post-2843","page","type-page","status-publish","hentry"],"yoast_head":"<!-- This site is optimized with the Yoast SEO plugin v27.2 - https:\/\/yoast.com\/product\/yoast-seo-wordpress\/ -->\n<title>Internasjonal leger\u00e5d ved Sea Case Sample 3 - MedSea, an International SOS Company<\/title>\n<meta name=\"description\" content=\"Case Sammendrag: 12 besetningsmedlemmer om bord presentert med feber, diar\u00e9, og skjelving. Legeveiledning ble gitt for overv\u00e5king om bord.\" \/>\n<meta name=\"robots\" content=\"index, follow, max-snippet:-1, max-image-preview:large, max-video-preview:-1\" \/>\n<link rel=\"canonical\" href=\"https:\/\/futurecareinc.com\/no\/case-studies\/internasjonal-legerad-ved-sea-case-sample-3\/\" \/>\n<meta property=\"og:locale\" content=\"nb_NO\" \/>\n<meta property=\"og:type\" content=\"article\" \/>\n<meta property=\"og:title\" content=\"Internasjonal leger\u00e5d ved Sea Case Sample 3 - MedSea, an International SOS Company\" \/>\n<meta property=\"og:description\" content=\"Case Sammendrag: 12 besetningsmedlemmer om bord presentert med feber, diar\u00e9, og skjelving. Legeveiledning ble gitt for overv\u00e5king om bord.\" \/>\n<meta property=\"og:url\" content=\"https:\/\/futurecareinc.com\/no\/case-studies\/internasjonal-legerad-ved-sea-case-sample-3\/\" \/>\n<meta property=\"og:site_name\" content=\"MedSea, an International SOS Company\" \/>\n<meta name=\"twitter:card\" content=\"summary_large_image\" \/>\n<meta name=\"twitter:label1\" content=\"Ansl. lesetid\" \/>\n\t<meta name=\"twitter:data1\" content=\"1 minutt\" \/>\n<script type=\"application\/ld+json\" class=\"yoast-schema-graph\">{\"@context\":\"https:\/\/schema.org\",\"@graph\":[{\"@type\":\"WebPage\",\"@id\":\"https:\/\/futurecareinc.com\/no\/case-studies\/internasjonal-legerad-ved-sea-case-sample-3\/\",\"url\":\"https:\/\/futurecareinc.com\/no\/case-studies\/internasjonal-legerad-ved-sea-case-sample-3\/\",\"name\":\"Internasjonal leger\u00e5d ved Sea Case Sample 3 - MedSea, an International SOS Company\",\"isPartOf\":{\"@id\":\"https:\/\/futurecareinc.com\/#website\"},\"datePublished\":\"2020-04-22T12:31:49+00:00\",\"description\":\"Case Sammendrag: 12 besetningsmedlemmer om bord presentert med feber, diar\u00e9, og skjelving. Legeveiledning ble gitt for overv\u00e5king om bord.\",\"breadcrumb\":{\"@id\":\"https:\/\/futurecareinc.com\/no\/case-studies\/internasjonal-legerad-ved-sea-case-sample-3\/#breadcrumb\"},\"inLanguage\":\"nb-NO\",\"potentialAction\":[{\"@type\":\"ReadAction\",\"target\":[\"https:\/\/futurecareinc.com\/no\/case-studies\/internasjonal-legerad-ved-sea-case-sample-3\/\"]}]},{\"@type\":\"BreadcrumbList\",\"@id\":\"https:\/\/futurecareinc.com\/no\/case-studies\/internasjonal-legerad-ved-sea-case-sample-3\/#breadcrumb\",\"itemListElement\":[{\"@type\":\"ListItem\",\"position\":1,\"name\":\"Home\",\"item\":\"https:\/\/futurecareinc.com\/no\/\"},{\"@type\":\"ListItem\",\"position\":2,\"name\":\"Casestudier\",\"item\":\"https:\/\/futurecareinc.com\/no\/case-studies\/\"},{\"@type\":\"ListItem\",\"position\":3,\"name\":\"Internasjonal leger\u00e5d ved Sea Case Sample 3\"}]},{\"@type\":\"WebSite\",\"@id\":\"https:\/\/futurecareinc.com\/#website\",\"url\":\"https:\/\/futurecareinc.com\/\",\"name\":\"MedSea, an International SOS Company\",\"description\":\"Seafarer health is our priority\",\"publisher\":{\"@id\":\"https:\/\/futurecareinc.com\/#organization\"},\"potentialAction\":[{\"@type\":\"SearchAction\",\"target\":{\"@type\":\"EntryPoint\",\"urlTemplate\":\"https:\/\/futurecareinc.com\/?s={search_term_string}\"},\"query-input\":{\"@type\":\"PropertyValueSpecification\",\"valueRequired\":true,\"valueName\":\"search_term_string\"}}],\"inLanguage\":\"nb-NO\"},{\"@type\":\"Organization\",\"@id\":\"https:\/\/futurecareinc.com\/#organization\",\"name\":\"MedSea, an International SOS Company\",\"url\":\"https:\/\/futurecareinc.com\/\",\"logo\":{\"@type\":\"ImageObject\",\"inLanguage\":\"nb-NO\",\"@id\":\"https:\/\/futurecareinc.com\/#\/schema\/logo\/image\/\",\"url\":\"https:\/\/futurecareinc.com\/wp-content\/uploads\/2020\/04\/MedSea_Logo_2024-scaled.png\",\"contentUrl\":\"https:\/\/futurecareinc.com\/wp-content\/uploads\/2020\/04\/MedSea_Logo_2024-scaled.png\",\"width\":2560,\"height\":1085,\"caption\":\"MedSea, an International SOS Company\"},\"image\":{\"@id\":\"https:\/\/futurecareinc.com\/#\/schema\/logo\/image\/\"}}]}<\/script>\n<!-- \/ Yoast SEO plugin. -->","yoast_head_json":{"title":"Internasjonal leger\u00e5d ved Sea Case Sample 3 - MedSea, an International SOS Company","description":"Case Sammendrag: 12 besetningsmedlemmer om bord presentert med feber, diar\u00e9, og skjelving. Legeveiledning ble gitt for overv\u00e5king om bord.","robots":{"index":"index","follow":"follow","max-snippet":"max-snippet:-1","max-image-preview":"max-image-preview:large","max-video-preview":"max-video-preview:-1"},"canonical":"https:\/\/futurecareinc.com\/no\/case-studies\/internasjonal-legerad-ved-sea-case-sample-3\/","og_locale":"nb_NO","og_type":"article","og_title":"Internasjonal leger\u00e5d ved Sea Case Sample 3 - MedSea, an International SOS Company","og_description":"Case Sammendrag: 12 besetningsmedlemmer om bord presentert med feber, diar\u00e9, og skjelving. Legeveiledning ble gitt for overv\u00e5king om bord.","og_url":"https:\/\/futurecareinc.com\/no\/case-studies\/internasjonal-legerad-ved-sea-case-sample-3\/","og_site_name":"MedSea, an International SOS Company","twitter_card":"summary_large_image","twitter_misc":{"Ansl. lesetid":"1 minutt"},"schema":{"@context":"https:\/\/schema.org","@graph":[{"@type":"WebPage","@id":"https:\/\/futurecareinc.com\/no\/case-studies\/internasjonal-legerad-ved-sea-case-sample-3\/","url":"https:\/\/futurecareinc.com\/no\/case-studies\/internasjonal-legerad-ved-sea-case-sample-3\/","name":"Internasjonal leger\u00e5d ved Sea Case Sample 3 - MedSea, an International SOS Company","isPartOf":{"@id":"https:\/\/futurecareinc.com\/#website"},"datePublished":"2020-04-22T12:31:49+00:00","description":"Case Sammendrag: 12 besetningsmedlemmer om bord presentert med feber, diar\u00e9, og skjelving. Legeveiledning ble gitt for overv\u00e5king om bord.","breadcrumb":{"@id":"https:\/\/futurecareinc.com\/no\/case-studies\/internasjonal-legerad-ved-sea-case-sample-3\/#breadcrumb"},"inLanguage":"nb-NO","potentialAction":[{"@type":"ReadAction","target":["https:\/\/futurecareinc.com\/no\/case-studies\/internasjonal-legerad-ved-sea-case-sample-3\/"]}]},{"@type":"BreadcrumbList","@id":"https:\/\/futurecareinc.com\/no\/case-studies\/internasjonal-legerad-ved-sea-case-sample-3\/#breadcrumb","itemListElement":[{"@type":"ListItem","position":1,"name":"Home","item":"https:\/\/futurecareinc.com\/no\/"},{"@type":"ListItem","position":2,"name":"Casestudier","item":"https:\/\/futurecareinc.com\/no\/case-studies\/"},{"@type":"ListItem","position":3,"name":"Internasjonal leger\u00e5d ved Sea Case Sample 3"}]},{"@type":"WebSite","@id":"https:\/\/futurecareinc.com\/#website","url":"https:\/\/futurecareinc.com\/","name":"MedSea, an International SOS Company","description":"Seafarer health is our priority","publisher":{"@id":"https:\/\/futurecareinc.com\/#organization"},"potentialAction":[{"@type":"SearchAction","target":{"@type":"EntryPoint","urlTemplate":"https:\/\/futurecareinc.com\/?s={search_term_string}"},"query-input":{"@type":"PropertyValueSpecification","valueRequired":true,"valueName":"search_term_string"}}],"inLanguage":"nb-NO"},{"@type":"Organization","@id":"https:\/\/futurecareinc.com\/#organization","name":"MedSea, an International SOS Company","url":"https:\/\/futurecareinc.com\/","logo":{"@type":"ImageObject","inLanguage":"nb-NO","@id":"https:\/\/futurecareinc.com\/#\/schema\/logo\/image\/","url":"https:\/\/futurecareinc.com\/wp-content\/uploads\/2020\/04\/MedSea_Logo_2024-scaled.png","contentUrl":"https:\/\/futurecareinc.com\/wp-content\/uploads\/2020\/04\/MedSea_Logo_2024-scaled.png","width":2560,"height":1085,"caption":"MedSea, an International SOS Company"},"image":{"@id":"https:\/\/futurecareinc.com\/#\/schema\/logo\/image\/"}}]}},"_links":{"self":[{"href":"https:\/\/futurecareinc.com\/no\/wp-json\/wp\/v2\/pages\/2843","targetHints":{"allow":["GET"]}}],"collection":[{"href":"https:\/\/futurecareinc.com\/no\/wp-json\/wp\/v2\/pages"}],"about":[{"href":"https:\/\/futurecareinc.com\/no\/wp-json\/wp\/v2\/types\/page"}],"author":[{"embeddable":true,"href":"https:\/\/futurecareinc.com\/no\/wp-json\/wp\/v2\/users\/2"}],"replies":[{"embeddable":true,"href":"https:\/\/futurecareinc.com\/no\/wp-json\/wp\/v2\/comments?post=2843"}],"version-history":[{"count":0,"href":"https:\/\/futurecareinc.com\/no\/wp-json\/wp\/v2\/pages\/2843\/revisions"}],"up":[{"embeddable":true,"href":"https:\/\/futurecareinc.com\/no\/wp-json\/wp\/v2\/pages\/2576"}],"wp:attachment":[{"href":"https:\/\/futurecareinc.com\/no\/wp-json\/wp\/v2\/media?parent=2843"}],"curies":[{"name":"wp","href":"https:\/\/api.w.org\/{rel}","templated":true}]}}