{"id":2845,"date":"2020-04-22T12:32:50","date_gmt":"2020-04-22T12:32:50","guid":{"rendered":"https:\/\/futurecareinc.wpengine.com\/case-studies\/eksempel-pa-internasjonal-revisjonssak-3\/"},"modified":"2020-04-22T12:32:50","modified_gmt":"2020-04-22T12:32:50","slug":"eksempel-pa-internasjonal-revisjonssak-3","status":"publish","type":"page","link":"https:\/\/futurecareinc.com\/no\/case-studies\/eksempel-pa-internasjonal-revisjonssak-3\/","title":{"rendered":"Eksempel p\u00e5 internasjonal revisjonssak 3"},"content":{"rendered":"<p><\/br><\/p>\n<p>Crewmember overf\u00f8rt til privat sykehus i Hellas i komatose tilstand p\u00e5 grunn av cerebral ejoner og ble behandlet for en sopp cerebral infeksjon. Mannskapet var innlagt i over 110 dager.<\/p>\n<p><\/br><\/p>\n<p>P\u00e5 grunn av sjeldenheten av mannskapets tilstanddiagnose var vanskelig. Future Cares medisinske saksbehandler beholdt spesialistleger for smittsomme sykdommer til \u00e5 r\u00e5df\u00f8re seg med og gjennomg\u00e5 sykehusets behandlingsteams f\u00f8rste diagnose. Den medisinske saksbehandleren engasjerte mikrobiologilaboratoriet ved Universitetet i Athen for \u00e5 analysere blodpr\u00f8ver og bist\u00e5 i den resulterende diagnosen av mannskapets tilstand.<\/p>\n<p><\/br><\/p>\n<p>Mannskapet utviklet en lungeemboli og lungebetennelse mens han ble innlagt p\u00e5 sykehus, som han ble behandlet for. Under den lange sykehusinnleggelsen overv\u00e5ket og administrerte Future Cares medisinske saksbehandler n\u00f8ye og administrert behandling.<\/p>\n<p><\/br><\/p>\n<p>Innledende kostnader: $ 326,848.00 USD<\/p>\n<p><\/br><\/p>\n<p>Totale reduksjoner: $ 65,369.60 USD<\/p>\n<p><\/br><\/p>\n<p>Totalt bel\u00f8p forfaller: $ 261,478.40 USD<\/p>\n<p><\/br><\/p>\n<p>Prosentandel av besparelser: 20<\/p>\n<p><\/br><\/p>\n","protected":false},"excerpt":{"rendered":"<p>Crewmember overf\u00f8rt til privat sykehus i Hellas i komatose tilstand p\u00e5 grunn av cerebral ejoner og ble behandlet for en sopp cerebral infeksjon. Mannskapet var innlagt i over 110 dager. P\u00e5 grunn av sjeldenheten av mannskapets tilstanddiagnose var vanskelig. Future Cares medisinske saksbehandler beholdt spesialistleger for smittsomme sykdommer til \u00e5 r\u00e5df\u00f8re seg med og gjennomg\u00e5 [&hellip;]<\/p>\n","protected":false},"author":2,"featured_media":0,"parent":2576,"menu_order":0,"comment_status":"closed","ping_status":"closed","template":"","meta":{"footnotes":""},"class_list":["post-2845","page","type-page","status-publish","hentry"],"yoast_head":"<!-- This site is optimized with the Yoast SEO plugin v27.2 - https:\/\/yoast.com\/product\/yoast-seo-wordpress\/ -->\n<title>Eksempel p\u00e5 internasjonal revisjonssak 3 - MedSea, an International SOS Company<\/title>\n<meta name=\"description\" content=\"Crewmember overf\u00f8rt til privat sykehus i Hellas i komatose tilstand p\u00e5 grunn av cerebral ejoner og ble behandlet for en sopp cerebral infeksjon.\" \/>\n<meta name=\"robots\" content=\"index, follow, max-snippet:-1, max-image-preview:large, max-video-preview:-1\" \/>\n<link rel=\"canonical\" href=\"https:\/\/futurecareinc.com\/no\/case-studies\/eksempel-pa-internasjonal-revisjonssak-3\/\" \/>\n<meta property=\"og:locale\" content=\"nb_NO\" \/>\n<meta property=\"og:type\" content=\"article\" \/>\n<meta property=\"og:title\" content=\"Eksempel p\u00e5 internasjonal revisjonssak 3 - MedSea, an International SOS Company\" \/>\n<meta property=\"og:description\" content=\"Crewmember overf\u00f8rt til privat sykehus i Hellas i komatose tilstand p\u00e5 grunn av cerebral ejoner og ble behandlet for en sopp cerebral infeksjon.\" \/>\n<meta property=\"og:url\" content=\"https:\/\/futurecareinc.com\/no\/case-studies\/eksempel-pa-internasjonal-revisjonssak-3\/\" \/>\n<meta property=\"og:site_name\" content=\"MedSea, an International SOS Company\" \/>\n<meta name=\"twitter:card\" content=\"summary_large_image\" \/>\n<meta name=\"twitter:label1\" content=\"Ansl. lesetid\" \/>\n\t<meta name=\"twitter:data1\" content=\"1 minutt\" \/>\n<script type=\"application\/ld+json\" class=\"yoast-schema-graph\">{\"@context\":\"https:\/\/schema.org\",\"@graph\":[{\"@type\":\"WebPage\",\"@id\":\"https:\/\/futurecareinc.com\/no\/case-studies\/eksempel-pa-internasjonal-revisjonssak-3\/\",\"url\":\"https:\/\/futurecareinc.com\/no\/case-studies\/eksempel-pa-internasjonal-revisjonssak-3\/\",\"name\":\"Eksempel p\u00e5 internasjonal revisjonssak 3 - MedSea, an International SOS Company\",\"isPartOf\":{\"@id\":\"https:\/\/futurecareinc.com\/#website\"},\"datePublished\":\"2020-04-22T12:32:50+00:00\",\"description\":\"Crewmember overf\u00f8rt til privat sykehus i Hellas i komatose tilstand p\u00e5 grunn av cerebral ejoner og ble behandlet for en sopp cerebral infeksjon.\",\"breadcrumb\":{\"@id\":\"https:\/\/futurecareinc.com\/no\/case-studies\/eksempel-pa-internasjonal-revisjonssak-3\/#breadcrumb\"},\"inLanguage\":\"nb-NO\",\"potentialAction\":[{\"@type\":\"ReadAction\",\"target\":[\"https:\/\/futurecareinc.com\/no\/case-studies\/eksempel-pa-internasjonal-revisjonssak-3\/\"]}]},{\"@type\":\"BreadcrumbList\",\"@id\":\"https:\/\/futurecareinc.com\/no\/case-studies\/eksempel-pa-internasjonal-revisjonssak-3\/#breadcrumb\",\"itemListElement\":[{\"@type\":\"ListItem\",\"position\":1,\"name\":\"Home\",\"item\":\"https:\/\/futurecareinc.com\/no\/\"},{\"@type\":\"ListItem\",\"position\":2,\"name\":\"Casestudier\",\"item\":\"https:\/\/futurecareinc.com\/no\/case-studies\/\"},{\"@type\":\"ListItem\",\"position\":3,\"name\":\"Eksempel p\u00e5 internasjonal revisjonssak 3\"}]},{\"@type\":\"WebSite\",\"@id\":\"https:\/\/futurecareinc.com\/#website\",\"url\":\"https:\/\/futurecareinc.com\/\",\"name\":\"MedSea, an International SOS Company\",\"description\":\"Seafarer health is our priority\",\"publisher\":{\"@id\":\"https:\/\/futurecareinc.com\/#organization\"},\"potentialAction\":[{\"@type\":\"SearchAction\",\"target\":{\"@type\":\"EntryPoint\",\"urlTemplate\":\"https:\/\/futurecareinc.com\/?s={search_term_string}\"},\"query-input\":{\"@type\":\"PropertyValueSpecification\",\"valueRequired\":true,\"valueName\":\"search_term_string\"}}],\"inLanguage\":\"nb-NO\"},{\"@type\":\"Organization\",\"@id\":\"https:\/\/futurecareinc.com\/#organization\",\"name\":\"MedSea, an International SOS Company\",\"url\":\"https:\/\/futurecareinc.com\/\",\"logo\":{\"@type\":\"ImageObject\",\"inLanguage\":\"nb-NO\",\"@id\":\"https:\/\/futurecareinc.com\/#\/schema\/logo\/image\/\",\"url\":\"https:\/\/futurecareinc.com\/wp-content\/uploads\/2020\/04\/MedSea_Logo_2024-scaled.png\",\"contentUrl\":\"https:\/\/futurecareinc.com\/wp-content\/uploads\/2020\/04\/MedSea_Logo_2024-scaled.png\",\"width\":2560,\"height\":1085,\"caption\":\"MedSea, an International SOS Company\"},\"image\":{\"@id\":\"https:\/\/futurecareinc.com\/#\/schema\/logo\/image\/\"}}]}<\/script>\n<!-- \/ Yoast SEO plugin. -->","yoast_head_json":{"title":"Eksempel p\u00e5 internasjonal revisjonssak 3 - MedSea, an International SOS Company","description":"Crewmember overf\u00f8rt til privat sykehus i Hellas i komatose tilstand p\u00e5 grunn av cerebral ejoner og ble behandlet for en sopp cerebral infeksjon.","robots":{"index":"index","follow":"follow","max-snippet":"max-snippet:-1","max-image-preview":"max-image-preview:large","max-video-preview":"max-video-preview:-1"},"canonical":"https:\/\/futurecareinc.com\/no\/case-studies\/eksempel-pa-internasjonal-revisjonssak-3\/","og_locale":"nb_NO","og_type":"article","og_title":"Eksempel p\u00e5 internasjonal revisjonssak 3 - MedSea, an International SOS Company","og_description":"Crewmember overf\u00f8rt til privat sykehus i Hellas i komatose tilstand p\u00e5 grunn av cerebral ejoner og ble behandlet for en sopp cerebral infeksjon.","og_url":"https:\/\/futurecareinc.com\/no\/case-studies\/eksempel-pa-internasjonal-revisjonssak-3\/","og_site_name":"MedSea, an International SOS Company","twitter_card":"summary_large_image","twitter_misc":{"Ansl. lesetid":"1 minutt"},"schema":{"@context":"https:\/\/schema.org","@graph":[{"@type":"WebPage","@id":"https:\/\/futurecareinc.com\/no\/case-studies\/eksempel-pa-internasjonal-revisjonssak-3\/","url":"https:\/\/futurecareinc.com\/no\/case-studies\/eksempel-pa-internasjonal-revisjonssak-3\/","name":"Eksempel p\u00e5 internasjonal revisjonssak 3 - MedSea, an International SOS Company","isPartOf":{"@id":"https:\/\/futurecareinc.com\/#website"},"datePublished":"2020-04-22T12:32:50+00:00","description":"Crewmember overf\u00f8rt til privat sykehus i Hellas i komatose tilstand p\u00e5 grunn av cerebral ejoner og ble behandlet for en sopp cerebral infeksjon.","breadcrumb":{"@id":"https:\/\/futurecareinc.com\/no\/case-studies\/eksempel-pa-internasjonal-revisjonssak-3\/#breadcrumb"},"inLanguage":"nb-NO","potentialAction":[{"@type":"ReadAction","target":["https:\/\/futurecareinc.com\/no\/case-studies\/eksempel-pa-internasjonal-revisjonssak-3\/"]}]},{"@type":"BreadcrumbList","@id":"https:\/\/futurecareinc.com\/no\/case-studies\/eksempel-pa-internasjonal-revisjonssak-3\/#breadcrumb","itemListElement":[{"@type":"ListItem","position":1,"name":"Home","item":"https:\/\/futurecareinc.com\/no\/"},{"@type":"ListItem","position":2,"name":"Casestudier","item":"https:\/\/futurecareinc.com\/no\/case-studies\/"},{"@type":"ListItem","position":3,"name":"Eksempel p\u00e5 internasjonal revisjonssak 3"}]},{"@type":"WebSite","@id":"https:\/\/futurecareinc.com\/#website","url":"https:\/\/futurecareinc.com\/","name":"MedSea, an International SOS Company","description":"Seafarer health is our priority","publisher":{"@id":"https:\/\/futurecareinc.com\/#organization"},"potentialAction":[{"@type":"SearchAction","target":{"@type":"EntryPoint","urlTemplate":"https:\/\/futurecareinc.com\/?s={search_term_string}"},"query-input":{"@type":"PropertyValueSpecification","valueRequired":true,"valueName":"search_term_string"}}],"inLanguage":"nb-NO"},{"@type":"Organization","@id":"https:\/\/futurecareinc.com\/#organization","name":"MedSea, an International SOS Company","url":"https:\/\/futurecareinc.com\/","logo":{"@type":"ImageObject","inLanguage":"nb-NO","@id":"https:\/\/futurecareinc.com\/#\/schema\/logo\/image\/","url":"https:\/\/futurecareinc.com\/wp-content\/uploads\/2020\/04\/MedSea_Logo_2024-scaled.png","contentUrl":"https:\/\/futurecareinc.com\/wp-content\/uploads\/2020\/04\/MedSea_Logo_2024-scaled.png","width":2560,"height":1085,"caption":"MedSea, an International SOS Company"},"image":{"@id":"https:\/\/futurecareinc.com\/#\/schema\/logo\/image\/"}}]}},"_links":{"self":[{"href":"https:\/\/futurecareinc.com\/no\/wp-json\/wp\/v2\/pages\/2845","targetHints":{"allow":["GET"]}}],"collection":[{"href":"https:\/\/futurecareinc.com\/no\/wp-json\/wp\/v2\/pages"}],"about":[{"href":"https:\/\/futurecareinc.com\/no\/wp-json\/wp\/v2\/types\/page"}],"author":[{"embeddable":true,"href":"https:\/\/futurecareinc.com\/no\/wp-json\/wp\/v2\/users\/2"}],"replies":[{"embeddable":true,"href":"https:\/\/futurecareinc.com\/no\/wp-json\/wp\/v2\/comments?post=2845"}],"version-history":[{"count":0,"href":"https:\/\/futurecareinc.com\/no\/wp-json\/wp\/v2\/pages\/2845\/revisions"}],"up":[{"embeddable":true,"href":"https:\/\/futurecareinc.com\/no\/wp-json\/wp\/v2\/pages\/2576"}],"wp:attachment":[{"href":"https:\/\/futurecareinc.com\/no\/wp-json\/wp\/v2\/media?parent=2845"}],"curies":[{"name":"wp","href":"https:\/\/api.w.org\/{rel}","templated":true}]}}