{"id":2850,"date":"2020-04-22T12:34:28","date_gmt":"2020-04-22T12:34:28","guid":{"rendered":"https:\/\/futurecareinc.wpengine.com\/case-studies\/eksempel-pa-usa-revisjonssak-3\/"},"modified":"2020-04-22T12:34:28","modified_gmt":"2020-04-22T12:34:28","slug":"eksempel-pa-usa-revisjonssak-3","status":"publish","type":"page","link":"https:\/\/futurecareinc.com\/no\/case-studies\/eksempel-pa-usa-revisjonssak-3\/","title":{"rendered":"Eksempel p\u00e5 USA-revisjonssak 3"},"content":{"rendered":"<p><\/br><\/p>\n<p>Crewmember innlagt med lungebetennelse og respirasjonssvikt til sykehus i Savannah, Georgia, USA<\/p>\n<p><\/br><\/p>\n<p>Future Care utnevnte en sykepleier saksbehandler for statusoverv\u00e5king og gjennomgang av omsorg og kostnader.<\/p>\n<p><\/br><\/p>\n<p>Regelmessige oppdateringer ble gitt til medlem gjennom sykehusinnleggelse, fra opptak til utskrivning.<\/p>\n<p><\/br><\/p>\n<p>Ved utskrivning gjennomg\u00e5s medisinske kostnader:<\/p>\n<p><\/br><\/p>\n<p>Innledende kostnader: $ 384,987.14 USD<\/p>\n<p><\/br><\/p>\n<p>Totale reduksjoner: $ 137.863.32 USD<\/p>\n<p><\/br><\/p>\n<p>Totalt bel\u00f8p forfaller: $ 247,123.82 USD<\/p>\n<p><\/br><\/p>\n<p>Besparelser: 36 av originale kostnader<\/p>\n<p><\/br><\/p>\n","protected":false},"excerpt":{"rendered":"<p>Crewmember innlagt med lungebetennelse og respirasjonssvikt til sykehus i Savannah, Georgia, USA Future Care utnevnte en sykepleier saksbehandler for statusoverv\u00e5king og gjennomgang av omsorg og kostnader. Regelmessige oppdateringer ble gitt til medlem gjennom sykehusinnleggelse, fra opptak til utskrivning. Ved utskrivning gjennomg\u00e5s medisinske kostnader: Innledende kostnader: $ 384,987.14 USD Totale reduksjoner: $ 137.863.32 USD Totalt bel\u00f8p [&hellip;]<\/p>\n","protected":false},"author":2,"featured_media":0,"parent":2576,"menu_order":0,"comment_status":"closed","ping_status":"closed","template":"","meta":{"footnotes":""},"class_list":["post-2850","page","type-page","status-publish","hentry"],"yoast_head":"<!-- This site is optimized with the Yoast SEO plugin v27.2 - https:\/\/yoast.com\/product\/yoast-seo-wordpress\/ -->\n<title>Eksempel p\u00e5 USA-revisjonssak 3 - MedSea, an International SOS Company<\/title>\n<meta name=\"description\" content=\"Crewmember innr\u00f8mmet med lungebetennelse og respirasjonssvikt p\u00e5 sykehus i Savannah, Georgia, USA Future Care utnevnt en Nurse Case Manager for statusoverv\u00e5king og gjennomgang av omsorg og kostnader. Regelmessige oppdateringer ble gitt til medlem gjennom sykehusinnleggelse, fra opptak til utskrivning.\" \/>\n<meta name=\"robots\" content=\"index, follow, max-snippet:-1, max-image-preview:large, max-video-preview:-1\" \/>\n<link rel=\"canonical\" href=\"https:\/\/futurecareinc.com\/no\/case-studies\/eksempel-pa-usa-revisjonssak-3\/\" \/>\n<meta property=\"og:locale\" content=\"nb_NO\" \/>\n<meta property=\"og:type\" content=\"article\" \/>\n<meta property=\"og:title\" content=\"Eksempel p\u00e5 USA-revisjonssak 3 - MedSea, an International SOS Company\" \/>\n<meta property=\"og:description\" content=\"Crewmember innr\u00f8mmet med lungebetennelse og respirasjonssvikt p\u00e5 sykehus i Savannah, Georgia, USA Future Care utnevnt en Nurse Case Manager for statusoverv\u00e5king og gjennomgang av omsorg og kostnader. Regelmessige oppdateringer ble gitt til medlem gjennom sykehusinnleggelse, fra opptak til utskrivning.\" \/>\n<meta property=\"og:url\" content=\"https:\/\/futurecareinc.com\/no\/case-studies\/eksempel-pa-usa-revisjonssak-3\/\" \/>\n<meta property=\"og:site_name\" content=\"MedSea, an International SOS Company\" \/>\n<meta name=\"twitter:card\" content=\"summary_large_image\" \/>\n<script type=\"application\/ld+json\" class=\"yoast-schema-graph\">{\"@context\":\"https:\/\/schema.org\",\"@graph\":[{\"@type\":\"WebPage\",\"@id\":\"https:\/\/futurecareinc.com\/no\/case-studies\/eksempel-pa-usa-revisjonssak-3\/\",\"url\":\"https:\/\/futurecareinc.com\/no\/case-studies\/eksempel-pa-usa-revisjonssak-3\/\",\"name\":\"Eksempel p\u00e5 USA-revisjonssak 3 - MedSea, an International SOS Company\",\"isPartOf\":{\"@id\":\"https:\/\/futurecareinc.com\/#website\"},\"datePublished\":\"2020-04-22T12:34:28+00:00\",\"description\":\"Crewmember innr\u00f8mmet med lungebetennelse og respirasjonssvikt p\u00e5 sykehus i Savannah, Georgia, USA Future Care utnevnt en Nurse Case Manager for statusoverv\u00e5king og gjennomgang av omsorg og kostnader. Regelmessige oppdateringer ble gitt til medlem gjennom sykehusinnleggelse, fra opptak til utskrivning.\",\"breadcrumb\":{\"@id\":\"https:\/\/futurecareinc.com\/no\/case-studies\/eksempel-pa-usa-revisjonssak-3\/#breadcrumb\"},\"inLanguage\":\"nb-NO\",\"potentialAction\":[{\"@type\":\"ReadAction\",\"target\":[\"https:\/\/futurecareinc.com\/no\/case-studies\/eksempel-pa-usa-revisjonssak-3\/\"]}]},{\"@type\":\"BreadcrumbList\",\"@id\":\"https:\/\/futurecareinc.com\/no\/case-studies\/eksempel-pa-usa-revisjonssak-3\/#breadcrumb\",\"itemListElement\":[{\"@type\":\"ListItem\",\"position\":1,\"name\":\"Home\",\"item\":\"https:\/\/futurecareinc.com\/no\/\"},{\"@type\":\"ListItem\",\"position\":2,\"name\":\"Casestudier\",\"item\":\"https:\/\/futurecareinc.com\/no\/case-studies\/\"},{\"@type\":\"ListItem\",\"position\":3,\"name\":\"Eksempel p\u00e5 USA-revisjonssak 3\"}]},{\"@type\":\"WebSite\",\"@id\":\"https:\/\/futurecareinc.com\/#website\",\"url\":\"https:\/\/futurecareinc.com\/\",\"name\":\"MedSea, an International SOS Company\",\"description\":\"Seafarer health is our priority\",\"publisher\":{\"@id\":\"https:\/\/futurecareinc.com\/#organization\"},\"potentialAction\":[{\"@type\":\"SearchAction\",\"target\":{\"@type\":\"EntryPoint\",\"urlTemplate\":\"https:\/\/futurecareinc.com\/?s={search_term_string}\"},\"query-input\":{\"@type\":\"PropertyValueSpecification\",\"valueRequired\":true,\"valueName\":\"search_term_string\"}}],\"inLanguage\":\"nb-NO\"},{\"@type\":\"Organization\",\"@id\":\"https:\/\/futurecareinc.com\/#organization\",\"name\":\"MedSea, an International SOS Company\",\"url\":\"https:\/\/futurecareinc.com\/\",\"logo\":{\"@type\":\"ImageObject\",\"inLanguage\":\"nb-NO\",\"@id\":\"https:\/\/futurecareinc.com\/#\/schema\/logo\/image\/\",\"url\":\"https:\/\/futurecareinc.com\/wp-content\/uploads\/2020\/04\/MedSea_Logo_2024-scaled.png\",\"contentUrl\":\"https:\/\/futurecareinc.com\/wp-content\/uploads\/2020\/04\/MedSea_Logo_2024-scaled.png\",\"width\":2560,\"height\":1085,\"caption\":\"MedSea, an International SOS Company\"},\"image\":{\"@id\":\"https:\/\/futurecareinc.com\/#\/schema\/logo\/image\/\"}}]}<\/script>\n<!-- \/ Yoast SEO plugin. -->","yoast_head_json":{"title":"Eksempel p\u00e5 USA-revisjonssak 3 - MedSea, an International SOS Company","description":"Crewmember innr\u00f8mmet med lungebetennelse og respirasjonssvikt p\u00e5 sykehus i Savannah, Georgia, USA Future Care utnevnt en Nurse Case Manager for statusoverv\u00e5king og gjennomgang av omsorg og kostnader. Regelmessige oppdateringer ble gitt til medlem gjennom sykehusinnleggelse, fra opptak til utskrivning.","robots":{"index":"index","follow":"follow","max-snippet":"max-snippet:-1","max-image-preview":"max-image-preview:large","max-video-preview":"max-video-preview:-1"},"canonical":"https:\/\/futurecareinc.com\/no\/case-studies\/eksempel-pa-usa-revisjonssak-3\/","og_locale":"nb_NO","og_type":"article","og_title":"Eksempel p\u00e5 USA-revisjonssak 3 - MedSea, an International SOS Company","og_description":"Crewmember innr\u00f8mmet med lungebetennelse og respirasjonssvikt p\u00e5 sykehus i Savannah, Georgia, USA Future Care utnevnt en Nurse Case Manager for statusoverv\u00e5king og gjennomgang av omsorg og kostnader. Regelmessige oppdateringer ble gitt til medlem gjennom sykehusinnleggelse, fra opptak til utskrivning.","og_url":"https:\/\/futurecareinc.com\/no\/case-studies\/eksempel-pa-usa-revisjonssak-3\/","og_site_name":"MedSea, an International SOS Company","twitter_card":"summary_large_image","schema":{"@context":"https:\/\/schema.org","@graph":[{"@type":"WebPage","@id":"https:\/\/futurecareinc.com\/no\/case-studies\/eksempel-pa-usa-revisjonssak-3\/","url":"https:\/\/futurecareinc.com\/no\/case-studies\/eksempel-pa-usa-revisjonssak-3\/","name":"Eksempel p\u00e5 USA-revisjonssak 3 - MedSea, an International SOS Company","isPartOf":{"@id":"https:\/\/futurecareinc.com\/#website"},"datePublished":"2020-04-22T12:34:28+00:00","description":"Crewmember innr\u00f8mmet med lungebetennelse og respirasjonssvikt p\u00e5 sykehus i Savannah, Georgia, USA Future Care utnevnt en Nurse Case Manager for statusoverv\u00e5king og gjennomgang av omsorg og kostnader. Regelmessige oppdateringer ble gitt til medlem gjennom sykehusinnleggelse, fra opptak til utskrivning.","breadcrumb":{"@id":"https:\/\/futurecareinc.com\/no\/case-studies\/eksempel-pa-usa-revisjonssak-3\/#breadcrumb"},"inLanguage":"nb-NO","potentialAction":[{"@type":"ReadAction","target":["https:\/\/futurecareinc.com\/no\/case-studies\/eksempel-pa-usa-revisjonssak-3\/"]}]},{"@type":"BreadcrumbList","@id":"https:\/\/futurecareinc.com\/no\/case-studies\/eksempel-pa-usa-revisjonssak-3\/#breadcrumb","itemListElement":[{"@type":"ListItem","position":1,"name":"Home","item":"https:\/\/futurecareinc.com\/no\/"},{"@type":"ListItem","position":2,"name":"Casestudier","item":"https:\/\/futurecareinc.com\/no\/case-studies\/"},{"@type":"ListItem","position":3,"name":"Eksempel p\u00e5 USA-revisjonssak 3"}]},{"@type":"WebSite","@id":"https:\/\/futurecareinc.com\/#website","url":"https:\/\/futurecareinc.com\/","name":"MedSea, an International SOS Company","description":"Seafarer health is our priority","publisher":{"@id":"https:\/\/futurecareinc.com\/#organization"},"potentialAction":[{"@type":"SearchAction","target":{"@type":"EntryPoint","urlTemplate":"https:\/\/futurecareinc.com\/?s={search_term_string}"},"query-input":{"@type":"PropertyValueSpecification","valueRequired":true,"valueName":"search_term_string"}}],"inLanguage":"nb-NO"},{"@type":"Organization","@id":"https:\/\/futurecareinc.com\/#organization","name":"MedSea, an International SOS Company","url":"https:\/\/futurecareinc.com\/","logo":{"@type":"ImageObject","inLanguage":"nb-NO","@id":"https:\/\/futurecareinc.com\/#\/schema\/logo\/image\/","url":"https:\/\/futurecareinc.com\/wp-content\/uploads\/2020\/04\/MedSea_Logo_2024-scaled.png","contentUrl":"https:\/\/futurecareinc.com\/wp-content\/uploads\/2020\/04\/MedSea_Logo_2024-scaled.png","width":2560,"height":1085,"caption":"MedSea, an International SOS Company"},"image":{"@id":"https:\/\/futurecareinc.com\/#\/schema\/logo\/image\/"}}]}},"_links":{"self":[{"href":"https:\/\/futurecareinc.com\/no\/wp-json\/wp\/v2\/pages\/2850","targetHints":{"allow":["GET"]}}],"collection":[{"href":"https:\/\/futurecareinc.com\/no\/wp-json\/wp\/v2\/pages"}],"about":[{"href":"https:\/\/futurecareinc.com\/no\/wp-json\/wp\/v2\/types\/page"}],"author":[{"embeddable":true,"href":"https:\/\/futurecareinc.com\/no\/wp-json\/wp\/v2\/users\/2"}],"replies":[{"embeddable":true,"href":"https:\/\/futurecareinc.com\/no\/wp-json\/wp\/v2\/comments?post=2850"}],"version-history":[{"count":0,"href":"https:\/\/futurecareinc.com\/no\/wp-json\/wp\/v2\/pages\/2850\/revisions"}],"up":[{"embeddable":true,"href":"https:\/\/futurecareinc.com\/no\/wp-json\/wp\/v2\/pages\/2576"}],"wp:attachment":[{"href":"https:\/\/futurecareinc.com\/no\/wp-json\/wp\/v2\/media?parent=2850"}],"curies":[{"name":"wp","href":"https:\/\/api.w.org\/{rel}","templated":true}]}}