{"id":2860,"date":"2020-04-22T12:38:03","date_gmt":"2020-04-22T12:38:03","guid":{"rendered":"https:\/\/futurecareinc.wpengine.com\/case-studies\/legerad-ved-sea-usa-case-sample-3\/"},"modified":"2020-04-22T12:38:03","modified_gmt":"2020-04-22T12:38:03","slug":"legerad-ved-sea-usa-case-sample-3","status":"publish","type":"page","link":"https:\/\/futurecareinc.com\/no\/case-studies\/legerad-ved-sea-usa-case-sample-3\/","title":{"rendered":"Leger\u00e5d ved Sea USA Case Sample 3"},"content":{"rendered":"<p><\/br><\/p>\n<p>Beliggenhet: Mosambik<\/p>\n<p><\/br><\/p>\n<p>Hendelse: Et amerikansk besetningsmedlem presenterte symptomer p\u00e5 en alvorlig allergisk reaksjon om bord p\u00e5 fart\u00f8yet under en utslipp av hvete i Maputo, Mosambik. Mannskapet opplevde store pustevansker. Havneagenten uttalte at legehjelp p\u00e5 landsiden ikke var umiddelbart tilgjengelig p\u00e5 grunn av en lokal streik og demonstrasjoner.<\/p>\n<p><\/br><\/p>\n<p>Rederiet kontaktet Future Care, som tildelte en leger\u00e5dgiver for \u00e5 gi ekstern diagnose og hjelp. Leger\u00e5dgiveren tok umiddelbart kontakt med skipet og instruerte at mannskapet skulle f\u00e5 oksygen om bord s\u00e5 snart som mulig og med jevne mellomrom etterp\u00e5. Mannskapets symptomer ble l\u00f8st og en unders\u00f8kelse p\u00e5 landsiden, som var planlagt dagen etter, ble avlyst. Mannskapet kom seg helt og vendte tilbake til sine skipsplikter&#8230;<\/p>\n<p><\/br><\/p>\n<p>Estimerte besparelser gjennom future care intervensjon: potensielt alvorlige medisinske konsekvenser p\u00e5 grunn av allergisk reaksjon; en strandsideunders\u00f8kelse, un\u00f8dvendige medisiner, tapt tid, mulig hjemsendelse og mannskapserstatning; minimum $ 10.000.<\/p>\n<p><\/br><\/p>\n","protected":false},"excerpt":{"rendered":"<p>Beliggenhet: Mosambik Hendelse: Et amerikansk besetningsmedlem presenterte symptomer p\u00e5 en alvorlig allergisk reaksjon om bord p\u00e5 fart\u00f8yet under en utslipp av hvete i Maputo, Mosambik. Mannskapet opplevde store pustevansker. Havneagenten uttalte at legehjelp p\u00e5 landsiden ikke var umiddelbart tilgjengelig p\u00e5 grunn av en lokal streik og demonstrasjoner. Rederiet kontaktet Future Care, som tildelte en leger\u00e5dgiver [&hellip;]<\/p>\n","protected":false},"author":2,"featured_media":0,"parent":2576,"menu_order":0,"comment_status":"closed","ping_status":"closed","template":"","meta":{"footnotes":""},"class_list":["post-2860","page","type-page","status-publish","hentry"],"yoast_head":"<!-- This site is optimized with the Yoast SEO plugin v27.2 - https:\/\/yoast.com\/product\/yoast-seo-wordpress\/ -->\n<title>Leger\u00e5d ved Sea USA Case Sample 3 - MedSea, an International SOS Company<\/title>\n<meta name=\"description\" content=\"Hendelse: Et amerikansk besetningsmedlem presenterte symptomer p\u00e5 en alvorlig allergisk reaksjon om bord p\u00e5 fart\u00f8yet under en utslipp av hvete i Maputo, Mosambik.\" \/>\n<meta name=\"robots\" content=\"index, follow, max-snippet:-1, max-image-preview:large, max-video-preview:-1\" \/>\n<link rel=\"canonical\" href=\"https:\/\/futurecareinc.com\/no\/case-studies\/legerad-ved-sea-usa-case-sample-3\/\" \/>\n<meta property=\"og:locale\" content=\"nb_NO\" \/>\n<meta property=\"og:type\" content=\"article\" \/>\n<meta property=\"og:title\" content=\"Leger\u00e5d ved Sea USA Case Sample 3 - MedSea, an International SOS Company\" \/>\n<meta property=\"og:description\" content=\"Hendelse: Et amerikansk besetningsmedlem presenterte symptomer p\u00e5 en alvorlig allergisk reaksjon om bord p\u00e5 fart\u00f8yet under en utslipp av hvete i Maputo, Mosambik.\" \/>\n<meta property=\"og:url\" content=\"https:\/\/futurecareinc.com\/no\/case-studies\/legerad-ved-sea-usa-case-sample-3\/\" \/>\n<meta property=\"og:site_name\" content=\"MedSea, an International SOS Company\" \/>\n<meta name=\"twitter:card\" content=\"summary_large_image\" \/>\n<meta name=\"twitter:label1\" content=\"Ansl. lesetid\" \/>\n\t<meta name=\"twitter:data1\" content=\"1 minutt\" \/>\n<script type=\"application\/ld+json\" class=\"yoast-schema-graph\">{\"@context\":\"https:\/\/schema.org\",\"@graph\":[{\"@type\":\"WebPage\",\"@id\":\"https:\/\/futurecareinc.com\/no\/case-studies\/legerad-ved-sea-usa-case-sample-3\/\",\"url\":\"https:\/\/futurecareinc.com\/no\/case-studies\/legerad-ved-sea-usa-case-sample-3\/\",\"name\":\"Leger\u00e5d ved Sea USA Case Sample 3 - MedSea, an International SOS Company\",\"isPartOf\":{\"@id\":\"https:\/\/futurecareinc.com\/#website\"},\"datePublished\":\"2020-04-22T12:38:03+00:00\",\"description\":\"Hendelse: Et amerikansk besetningsmedlem presenterte symptomer p\u00e5 en alvorlig allergisk reaksjon om bord p\u00e5 fart\u00f8yet under en utslipp av hvete i Maputo, Mosambik.\",\"breadcrumb\":{\"@id\":\"https:\/\/futurecareinc.com\/no\/case-studies\/legerad-ved-sea-usa-case-sample-3\/#breadcrumb\"},\"inLanguage\":\"nb-NO\",\"potentialAction\":[{\"@type\":\"ReadAction\",\"target\":[\"https:\/\/futurecareinc.com\/no\/case-studies\/legerad-ved-sea-usa-case-sample-3\/\"]}]},{\"@type\":\"BreadcrumbList\",\"@id\":\"https:\/\/futurecareinc.com\/no\/case-studies\/legerad-ved-sea-usa-case-sample-3\/#breadcrumb\",\"itemListElement\":[{\"@type\":\"ListItem\",\"position\":1,\"name\":\"Home\",\"item\":\"https:\/\/futurecareinc.com\/no\/\"},{\"@type\":\"ListItem\",\"position\":2,\"name\":\"Casestudier\",\"item\":\"https:\/\/futurecareinc.com\/no\/case-studies\/\"},{\"@type\":\"ListItem\",\"position\":3,\"name\":\"Leger\u00e5d ved Sea USA Case Sample 3\"}]},{\"@type\":\"WebSite\",\"@id\":\"https:\/\/futurecareinc.com\/#website\",\"url\":\"https:\/\/futurecareinc.com\/\",\"name\":\"MedSea, an International SOS Company\",\"description\":\"Seafarer health is our priority\",\"publisher\":{\"@id\":\"https:\/\/futurecareinc.com\/#organization\"},\"potentialAction\":[{\"@type\":\"SearchAction\",\"target\":{\"@type\":\"EntryPoint\",\"urlTemplate\":\"https:\/\/futurecareinc.com\/?s={search_term_string}\"},\"query-input\":{\"@type\":\"PropertyValueSpecification\",\"valueRequired\":true,\"valueName\":\"search_term_string\"}}],\"inLanguage\":\"nb-NO\"},{\"@type\":\"Organization\",\"@id\":\"https:\/\/futurecareinc.com\/#organization\",\"name\":\"MedSea, an International SOS Company\",\"url\":\"https:\/\/futurecareinc.com\/\",\"logo\":{\"@type\":\"ImageObject\",\"inLanguage\":\"nb-NO\",\"@id\":\"https:\/\/futurecareinc.com\/#\/schema\/logo\/image\/\",\"url\":\"https:\/\/futurecareinc.com\/wp-content\/uploads\/2020\/04\/MedSea_Logo_2024-scaled.png\",\"contentUrl\":\"https:\/\/futurecareinc.com\/wp-content\/uploads\/2020\/04\/MedSea_Logo_2024-scaled.png\",\"width\":2560,\"height\":1085,\"caption\":\"MedSea, an International SOS Company\"},\"image\":{\"@id\":\"https:\/\/futurecareinc.com\/#\/schema\/logo\/image\/\"}}]}<\/script>\n<!-- \/ Yoast SEO plugin. -->","yoast_head_json":{"title":"Leger\u00e5d ved Sea USA Case Sample 3 - MedSea, an International SOS Company","description":"Hendelse: Et amerikansk besetningsmedlem presenterte symptomer p\u00e5 en alvorlig allergisk reaksjon om bord p\u00e5 fart\u00f8yet under en utslipp av hvete i Maputo, Mosambik.","robots":{"index":"index","follow":"follow","max-snippet":"max-snippet:-1","max-image-preview":"max-image-preview:large","max-video-preview":"max-video-preview:-1"},"canonical":"https:\/\/futurecareinc.com\/no\/case-studies\/legerad-ved-sea-usa-case-sample-3\/","og_locale":"nb_NO","og_type":"article","og_title":"Leger\u00e5d ved Sea USA Case Sample 3 - MedSea, an International SOS Company","og_description":"Hendelse: Et amerikansk besetningsmedlem presenterte symptomer p\u00e5 en alvorlig allergisk reaksjon om bord p\u00e5 fart\u00f8yet under en utslipp av hvete i Maputo, Mosambik.","og_url":"https:\/\/futurecareinc.com\/no\/case-studies\/legerad-ved-sea-usa-case-sample-3\/","og_site_name":"MedSea, an International SOS Company","twitter_card":"summary_large_image","twitter_misc":{"Ansl. lesetid":"1 minutt"},"schema":{"@context":"https:\/\/schema.org","@graph":[{"@type":"WebPage","@id":"https:\/\/futurecareinc.com\/no\/case-studies\/legerad-ved-sea-usa-case-sample-3\/","url":"https:\/\/futurecareinc.com\/no\/case-studies\/legerad-ved-sea-usa-case-sample-3\/","name":"Leger\u00e5d ved Sea USA Case Sample 3 - MedSea, an International SOS Company","isPartOf":{"@id":"https:\/\/futurecareinc.com\/#website"},"datePublished":"2020-04-22T12:38:03+00:00","description":"Hendelse: Et amerikansk besetningsmedlem presenterte symptomer p\u00e5 en alvorlig allergisk reaksjon om bord p\u00e5 fart\u00f8yet under en utslipp av hvete i Maputo, Mosambik.","breadcrumb":{"@id":"https:\/\/futurecareinc.com\/no\/case-studies\/legerad-ved-sea-usa-case-sample-3\/#breadcrumb"},"inLanguage":"nb-NO","potentialAction":[{"@type":"ReadAction","target":["https:\/\/futurecareinc.com\/no\/case-studies\/legerad-ved-sea-usa-case-sample-3\/"]}]},{"@type":"BreadcrumbList","@id":"https:\/\/futurecareinc.com\/no\/case-studies\/legerad-ved-sea-usa-case-sample-3\/#breadcrumb","itemListElement":[{"@type":"ListItem","position":1,"name":"Home","item":"https:\/\/futurecareinc.com\/no\/"},{"@type":"ListItem","position":2,"name":"Casestudier","item":"https:\/\/futurecareinc.com\/no\/case-studies\/"},{"@type":"ListItem","position":3,"name":"Leger\u00e5d ved Sea USA Case Sample 3"}]},{"@type":"WebSite","@id":"https:\/\/futurecareinc.com\/#website","url":"https:\/\/futurecareinc.com\/","name":"MedSea, an International SOS Company","description":"Seafarer health is our priority","publisher":{"@id":"https:\/\/futurecareinc.com\/#organization"},"potentialAction":[{"@type":"SearchAction","target":{"@type":"EntryPoint","urlTemplate":"https:\/\/futurecareinc.com\/?s={search_term_string}"},"query-input":{"@type":"PropertyValueSpecification","valueRequired":true,"valueName":"search_term_string"}}],"inLanguage":"nb-NO"},{"@type":"Organization","@id":"https:\/\/futurecareinc.com\/#organization","name":"MedSea, an International SOS Company","url":"https:\/\/futurecareinc.com\/","logo":{"@type":"ImageObject","inLanguage":"nb-NO","@id":"https:\/\/futurecareinc.com\/#\/schema\/logo\/image\/","url":"https:\/\/futurecareinc.com\/wp-content\/uploads\/2020\/04\/MedSea_Logo_2024-scaled.png","contentUrl":"https:\/\/futurecareinc.com\/wp-content\/uploads\/2020\/04\/MedSea_Logo_2024-scaled.png","width":2560,"height":1085,"caption":"MedSea, an International SOS Company"},"image":{"@id":"https:\/\/futurecareinc.com\/#\/schema\/logo\/image\/"}}]}},"_links":{"self":[{"href":"https:\/\/futurecareinc.com\/no\/wp-json\/wp\/v2\/pages\/2860","targetHints":{"allow":["GET"]}}],"collection":[{"href":"https:\/\/futurecareinc.com\/no\/wp-json\/wp\/v2\/pages"}],"about":[{"href":"https:\/\/futurecareinc.com\/no\/wp-json\/wp\/v2\/types\/page"}],"author":[{"embeddable":true,"href":"https:\/\/futurecareinc.com\/no\/wp-json\/wp\/v2\/users\/2"}],"replies":[{"embeddable":true,"href":"https:\/\/futurecareinc.com\/no\/wp-json\/wp\/v2\/comments?post=2860"}],"version-history":[{"count":0,"href":"https:\/\/futurecareinc.com\/no\/wp-json\/wp\/v2\/pages\/2860\/revisions"}],"up":[{"embeddable":true,"href":"https:\/\/futurecareinc.com\/no\/wp-json\/wp\/v2\/pages\/2576"}],"wp:attachment":[{"href":"https:\/\/futurecareinc.com\/no\/wp-json\/wp\/v2\/media?parent=2860"}],"curies":[{"name":"wp","href":"https:\/\/api.w.org\/{rel}","templated":true}]}}