{"id":2861,"date":"2020-04-22T12:38:25","date_gmt":"2020-04-22T12:38:25","guid":{"rendered":"https:\/\/futurecareinc.wpengine.com\/case-studies\/legerad-ved-sea-usa-case-sample-2\/"},"modified":"2020-04-22T12:38:29","modified_gmt":"2020-04-22T12:38:29","slug":"legerad-ved-sea-usa-case-sample-2","status":"publish","type":"page","link":"https:\/\/futurecareinc.com\/no\/case-studies\/legerad-ved-sea-usa-case-sample-2\/","title":{"rendered":"Leger\u00e5d ved Sea USA Case Sample 2"},"content":{"rendered":"<p><\/br><\/p>\n<p>Beliggenhet: Til sj\u00f8s; S\u00f8r-Afrika<\/p>\n<p><\/br><\/p>\n<p>Case Summary: Et amerikansk besetningsmedlem presentert om bord med symptomer p\u00e5 angina og kapteinen begynte \u00e5 forberede seg p\u00e5 avvik til n\u00e6rmeste havn. Rederiet kontaktet Future Care, som umiddelbart tildelte en leger\u00e5dgiver for \u00e5 gi ekstern diagnose og hjelp. Leger\u00e5dgiveren tok kontakt med skipet og mannskapet, og etter en grundig gjennomgang av mannskapets symptomer og subjektive inntrykk, konkluderte med at midlertidig behandling kunne gis om bord, og at det ikke var n\u00f8dvendig \u00e5 avvike skipet.<\/p>\n<p><\/br><\/p>\n<p>Future Care&#8217;s Physician Advisor ga om bord tele-medisinsk r\u00e5dgivning i flere dager til ankomst i Durban, S\u00f8r-Afrika. Ved ankomst til Durban indikerte den mottakende legen behovet for et hjerteangiogram. Besetningsmedlemmet \u00f8nsket \u00e5 returnere til USA for videre omsorg. Future Care&#8217;s Physician Advisor ryddet besetningsmedlemmet for reise og et angiogram var planlagt og utf\u00f8rt i USA. En future care saksbehandler ble tildelt for \u00e5 administrere den p\u00e5f\u00f8lgende behandling og rekonvalesens.<\/p>\n<p><\/br><\/p>\n<p>Estimerte besparelser gjennom Future Care Intervention: Skipet unngikk den ekstreme utgiften og forsinkelsen av avvik eller medisinsk evakuering, sannsynligvis sparer $ 75.000 eller mer.<\/p>\n<p>&nbsp;<\/p>\n","protected":false},"excerpt":{"rendered":"<p>Beliggenhet: Til sj\u00f8s; S\u00f8r-Afrika Case Summary: Et amerikansk besetningsmedlem presentert om bord med symptomer p\u00e5 angina og kapteinen begynte \u00e5 forberede seg p\u00e5 avvik til n\u00e6rmeste havn. Rederiet kontaktet Future Care, som umiddelbart tildelte en leger\u00e5dgiver for \u00e5 gi ekstern diagnose og hjelp. Leger\u00e5dgiveren tok kontakt med skipet og mannskapet, og etter en grundig gjennomgang [&hellip;]<\/p>\n","protected":false},"author":2,"featured_media":0,"parent":2576,"menu_order":0,"comment_status":"closed","ping_status":"closed","template":"","meta":{"footnotes":""},"class_list":["post-2861","page","type-page","status-publish","hentry"],"yoast_head":"<!-- This site is optimized with the Yoast SEO plugin v27.2 - https:\/\/yoast.com\/product\/yoast-seo-wordpress\/ -->\n<title>Leger\u00e5d ved Sea USA Case Sample 2 - MedSea, an International SOS Company<\/title>\n<meta name=\"description\" content=\"Case Summary: Et amerikansk besetningsmedlem presentert om bord med symptomer p\u00e5 angina og kapteinen begynte \u00e5 forberede seg p\u00e5 avvik til n\u00e6rmeste havn.\" \/>\n<meta name=\"robots\" content=\"index, follow, max-snippet:-1, max-image-preview:large, max-video-preview:-1\" \/>\n<link rel=\"canonical\" href=\"https:\/\/futurecareinc.com\/no\/case-studies\/legerad-ved-sea-usa-case-sample-2\/\" \/>\n<meta property=\"og:locale\" content=\"nb_NO\" \/>\n<meta property=\"og:type\" content=\"article\" \/>\n<meta property=\"og:title\" content=\"Leger\u00e5d ved Sea USA Case Sample 2 - MedSea, an International SOS Company\" \/>\n<meta property=\"og:description\" content=\"Case Summary: Et amerikansk besetningsmedlem presentert om bord med symptomer p\u00e5 angina og kapteinen begynte \u00e5 forberede seg p\u00e5 avvik til n\u00e6rmeste havn.\" \/>\n<meta property=\"og:url\" content=\"https:\/\/futurecareinc.com\/no\/case-studies\/legerad-ved-sea-usa-case-sample-2\/\" \/>\n<meta property=\"og:site_name\" content=\"MedSea, an International SOS Company\" \/>\n<meta property=\"article:modified_time\" content=\"2020-04-22T12:38:29+00:00\" \/>\n<meta name=\"twitter:card\" content=\"summary_large_image\" \/>\n<meta name=\"twitter:label1\" content=\"Ansl. lesetid\" \/>\n\t<meta name=\"twitter:data1\" content=\"1 minutt\" \/>\n<script type=\"application\/ld+json\" class=\"yoast-schema-graph\">{\"@context\":\"https:\/\/schema.org\",\"@graph\":[{\"@type\":\"WebPage\",\"@id\":\"https:\/\/futurecareinc.com\/no\/case-studies\/legerad-ved-sea-usa-case-sample-2\/\",\"url\":\"https:\/\/futurecareinc.com\/no\/case-studies\/legerad-ved-sea-usa-case-sample-2\/\",\"name\":\"Leger\u00e5d ved Sea USA Case Sample 2 - MedSea, an International SOS Company\",\"isPartOf\":{\"@id\":\"https:\/\/futurecareinc.com\/#website\"},\"datePublished\":\"2020-04-22T12:38:25+00:00\",\"dateModified\":\"2020-04-22T12:38:29+00:00\",\"description\":\"Case Summary: Et amerikansk besetningsmedlem presentert om bord med symptomer p\u00e5 angina og kapteinen begynte \u00e5 forberede seg p\u00e5 avvik til n\u00e6rmeste havn.\",\"breadcrumb\":{\"@id\":\"https:\/\/futurecareinc.com\/no\/case-studies\/legerad-ved-sea-usa-case-sample-2\/#breadcrumb\"},\"inLanguage\":\"nb-NO\",\"potentialAction\":[{\"@type\":\"ReadAction\",\"target\":[\"https:\/\/futurecareinc.com\/no\/case-studies\/legerad-ved-sea-usa-case-sample-2\/\"]}]},{\"@type\":\"BreadcrumbList\",\"@id\":\"https:\/\/futurecareinc.com\/no\/case-studies\/legerad-ved-sea-usa-case-sample-2\/#breadcrumb\",\"itemListElement\":[{\"@type\":\"ListItem\",\"position\":1,\"name\":\"Home\",\"item\":\"https:\/\/futurecareinc.com\/no\/\"},{\"@type\":\"ListItem\",\"position\":2,\"name\":\"Casestudier\",\"item\":\"https:\/\/futurecareinc.com\/no\/case-studies\/\"},{\"@type\":\"ListItem\",\"position\":3,\"name\":\"Leger\u00e5d ved Sea USA Case Sample 2\"}]},{\"@type\":\"WebSite\",\"@id\":\"https:\/\/futurecareinc.com\/#website\",\"url\":\"https:\/\/futurecareinc.com\/\",\"name\":\"MedSea, an International SOS Company\",\"description\":\"Seafarer health is our priority\",\"publisher\":{\"@id\":\"https:\/\/futurecareinc.com\/#organization\"},\"potentialAction\":[{\"@type\":\"SearchAction\",\"target\":{\"@type\":\"EntryPoint\",\"urlTemplate\":\"https:\/\/futurecareinc.com\/?s={search_term_string}\"},\"query-input\":{\"@type\":\"PropertyValueSpecification\",\"valueRequired\":true,\"valueName\":\"search_term_string\"}}],\"inLanguage\":\"nb-NO\"},{\"@type\":\"Organization\",\"@id\":\"https:\/\/futurecareinc.com\/#organization\",\"name\":\"MedSea, an International SOS Company\",\"url\":\"https:\/\/futurecareinc.com\/\",\"logo\":{\"@type\":\"ImageObject\",\"inLanguage\":\"nb-NO\",\"@id\":\"https:\/\/futurecareinc.com\/#\/schema\/logo\/image\/\",\"url\":\"https:\/\/futurecareinc.com\/wp-content\/uploads\/2020\/04\/MedSea_Logo_2024-scaled.png\",\"contentUrl\":\"https:\/\/futurecareinc.com\/wp-content\/uploads\/2020\/04\/MedSea_Logo_2024-scaled.png\",\"width\":2560,\"height\":1085,\"caption\":\"MedSea, an International SOS Company\"},\"image\":{\"@id\":\"https:\/\/futurecareinc.com\/#\/schema\/logo\/image\/\"}}]}<\/script>\n<!-- \/ Yoast SEO plugin. -->","yoast_head_json":{"title":"Leger\u00e5d ved Sea USA Case Sample 2 - MedSea, an International SOS Company","description":"Case Summary: Et amerikansk besetningsmedlem presentert om bord med symptomer p\u00e5 angina og kapteinen begynte \u00e5 forberede seg p\u00e5 avvik til n\u00e6rmeste havn.","robots":{"index":"index","follow":"follow","max-snippet":"max-snippet:-1","max-image-preview":"max-image-preview:large","max-video-preview":"max-video-preview:-1"},"canonical":"https:\/\/futurecareinc.com\/no\/case-studies\/legerad-ved-sea-usa-case-sample-2\/","og_locale":"nb_NO","og_type":"article","og_title":"Leger\u00e5d ved Sea USA Case Sample 2 - MedSea, an International SOS Company","og_description":"Case Summary: Et amerikansk besetningsmedlem presentert om bord med symptomer p\u00e5 angina og kapteinen begynte \u00e5 forberede seg p\u00e5 avvik til n\u00e6rmeste havn.","og_url":"https:\/\/futurecareinc.com\/no\/case-studies\/legerad-ved-sea-usa-case-sample-2\/","og_site_name":"MedSea, an International SOS Company","article_modified_time":"2020-04-22T12:38:29+00:00","twitter_card":"summary_large_image","twitter_misc":{"Ansl. lesetid":"1 minutt"},"schema":{"@context":"https:\/\/schema.org","@graph":[{"@type":"WebPage","@id":"https:\/\/futurecareinc.com\/no\/case-studies\/legerad-ved-sea-usa-case-sample-2\/","url":"https:\/\/futurecareinc.com\/no\/case-studies\/legerad-ved-sea-usa-case-sample-2\/","name":"Leger\u00e5d ved Sea USA Case Sample 2 - MedSea, an International SOS Company","isPartOf":{"@id":"https:\/\/futurecareinc.com\/#website"},"datePublished":"2020-04-22T12:38:25+00:00","dateModified":"2020-04-22T12:38:29+00:00","description":"Case Summary: Et amerikansk besetningsmedlem presentert om bord med symptomer p\u00e5 angina og kapteinen begynte \u00e5 forberede seg p\u00e5 avvik til n\u00e6rmeste havn.","breadcrumb":{"@id":"https:\/\/futurecareinc.com\/no\/case-studies\/legerad-ved-sea-usa-case-sample-2\/#breadcrumb"},"inLanguage":"nb-NO","potentialAction":[{"@type":"ReadAction","target":["https:\/\/futurecareinc.com\/no\/case-studies\/legerad-ved-sea-usa-case-sample-2\/"]}]},{"@type":"BreadcrumbList","@id":"https:\/\/futurecareinc.com\/no\/case-studies\/legerad-ved-sea-usa-case-sample-2\/#breadcrumb","itemListElement":[{"@type":"ListItem","position":1,"name":"Home","item":"https:\/\/futurecareinc.com\/no\/"},{"@type":"ListItem","position":2,"name":"Casestudier","item":"https:\/\/futurecareinc.com\/no\/case-studies\/"},{"@type":"ListItem","position":3,"name":"Leger\u00e5d ved Sea USA Case Sample 2"}]},{"@type":"WebSite","@id":"https:\/\/futurecareinc.com\/#website","url":"https:\/\/futurecareinc.com\/","name":"MedSea, an International SOS Company","description":"Seafarer health is our priority","publisher":{"@id":"https:\/\/futurecareinc.com\/#organization"},"potentialAction":[{"@type":"SearchAction","target":{"@type":"EntryPoint","urlTemplate":"https:\/\/futurecareinc.com\/?s={search_term_string}"},"query-input":{"@type":"PropertyValueSpecification","valueRequired":true,"valueName":"search_term_string"}}],"inLanguage":"nb-NO"},{"@type":"Organization","@id":"https:\/\/futurecareinc.com\/#organization","name":"MedSea, an International SOS Company","url":"https:\/\/futurecareinc.com\/","logo":{"@type":"ImageObject","inLanguage":"nb-NO","@id":"https:\/\/futurecareinc.com\/#\/schema\/logo\/image\/","url":"https:\/\/futurecareinc.com\/wp-content\/uploads\/2020\/04\/MedSea_Logo_2024-scaled.png","contentUrl":"https:\/\/futurecareinc.com\/wp-content\/uploads\/2020\/04\/MedSea_Logo_2024-scaled.png","width":2560,"height":1085,"caption":"MedSea, an International SOS Company"},"image":{"@id":"https:\/\/futurecareinc.com\/#\/schema\/logo\/image\/"}}]}},"_links":{"self":[{"href":"https:\/\/futurecareinc.com\/no\/wp-json\/wp\/v2\/pages\/2861","targetHints":{"allow":["GET"]}}],"collection":[{"href":"https:\/\/futurecareinc.com\/no\/wp-json\/wp\/v2\/pages"}],"about":[{"href":"https:\/\/futurecareinc.com\/no\/wp-json\/wp\/v2\/types\/page"}],"author":[{"embeddable":true,"href":"https:\/\/futurecareinc.com\/no\/wp-json\/wp\/v2\/users\/2"}],"replies":[{"embeddable":true,"href":"https:\/\/futurecareinc.com\/no\/wp-json\/wp\/v2\/comments?post=2861"}],"version-history":[{"count":0,"href":"https:\/\/futurecareinc.com\/no\/wp-json\/wp\/v2\/pages\/2861\/revisions"}],"up":[{"embeddable":true,"href":"https:\/\/futurecareinc.com\/no\/wp-json\/wp\/v2\/pages\/2576"}],"wp:attachment":[{"href":"https:\/\/futurecareinc.com\/no\/wp-json\/wp\/v2\/media?parent=2861"}],"curies":[{"name":"wp","href":"https:\/\/api.w.org\/{rel}","templated":true}]}}