{"id":2865,"date":"2020-04-22T12:39:13","date_gmt":"2020-04-22T12:39:13","guid":{"rendered":"https:\/\/futurecareinc.wpengine.com\/case-studies\/legerad-ved-sea-usa-case-sample-1\/"},"modified":"2020-04-22T12:39:13","modified_gmt":"2020-04-22T12:39:13","slug":"legerad-ved-sea-usa-case-sample-1","status":"publish","type":"page","link":"https:\/\/futurecareinc.com\/no\/case-studies\/legerad-ved-sea-usa-case-sample-1\/","title":{"rendered":"Leger\u00e5d ved Sea USA Case Sample 1"},"content":{"rendered":"<p><\/br><\/p>\n<p>Beliggenhet: Bermuda\/New Orleans LA USA<\/p>\n<p><\/br><\/p>\n<p>Under en reise fra en \u00f8stafrikansk havn til den amerikanske \u00f8stkysten rapporterte flere besetningsmedlemmer at de hadde feber og influensalignende symptomer. Det alvorligste mannskapet ble g\u00e5tt i land p\u00e5 Bermuda. Rederiet, i frykt for et utbrudd av Ebola og eller smittsom sykdom ombord p\u00e5 skipet kontaktet Future Care, som umiddelbart tildelte en leger\u00e5dgiver for \u00e5 samarbeide med skipets kaptein og mannskap. Leger\u00e5dgiveren opprettholdt konstant kontakt med kapteinen og mannskapet og ga medisinsk r\u00e5dgivning da skipet gikk videre mot USA.<\/p>\n<p><\/br><\/p>\n<p>Future Care&#8217;s Physician Advisor hjalp ogs\u00e5 rederiet med \u00e5 kommunisere med amerikanske myndigheter, inkludert den amerikanske kystvakten og Center for Disease Control (CDC), slik at skipet kunne fortsette til havnen i New Orleans.<\/p>\n<p><\/br><\/p>\n<p>Ved ankomst til New Orleans innf\u00f8rte myndighetene en mannskapskarantene i p\u00e5vente av testresultater og til slutt CDC-godkjenning. Leger\u00e5dgiveren og Future Care medical case management team arrangerte en n\u00f8dlansering for \u00e5 bringe n\u00f8dvendig medisinsk personell til skipet og gjennomf\u00f8re riktig testing. Testresultatene viste seg \u00e5 v\u00e6re negative for Ebola eller annen smittsom sykdom, selv om en besetningsmedlem ble diagnostisert med hepatitt A. Future Cares saksbehandler ble tildelt for \u00e5 overv\u00e5ke mannskapets hepatittbehandling. Sj\u00f8faren ble stabilisert og deretter vellykket hjemsendt.<\/p>\n<p><\/br><\/p>\n<p>Estimerte besparelser gjennom Future Care Intervention: Skipet unngikk potensielt mange dagers forsinkelse, og kanskje en regelrett nektelse av tillatelse til \u00e5 ligge ved havnen i New Orleans. Utgiftene til forsinkelsen eller avviket ville ha v\u00e6rt ganske betydelige.<\/p>\n<p><\/br><\/p>\n","protected":false},"excerpt":{"rendered":"<p>Beliggenhet: Bermuda\/New Orleans LA USA Under en reise fra en \u00f8stafrikansk havn til den amerikanske \u00f8stkysten rapporterte flere besetningsmedlemmer at de hadde feber og influensalignende symptomer. Det alvorligste mannskapet ble g\u00e5tt i land p\u00e5 Bermuda. Rederiet, i frykt for et utbrudd av Ebola og eller smittsom sykdom ombord p\u00e5 skipet kontaktet Future Care, som umiddelbart [&hellip;]<\/p>\n","protected":false},"author":2,"featured_media":0,"parent":2576,"menu_order":0,"comment_status":"closed","ping_status":"closed","template":"","meta":{"footnotes":""},"class_list":["post-2865","page","type-page","status-publish","hentry"],"yoast_head":"<!-- This site is optimized with the Yoast SEO plugin v27.2 - https:\/\/yoast.com\/product\/yoast-seo-wordpress\/ -->\n<title>Leger\u00e5d ved Sea USA Case Sample 1 - MedSea, an International SOS Company<\/title>\n<meta name=\"description\" content=\"Under en reise fra en \u00f8stafrikansk havn til den amerikanske \u00f8stkysten rapporterte flere besetningsmedlemmer at de hadde feber og influensalignende symptomer.\" \/>\n<meta name=\"robots\" content=\"index, follow, max-snippet:-1, max-image-preview:large, max-video-preview:-1\" \/>\n<link rel=\"canonical\" href=\"https:\/\/futurecareinc.com\/no\/case-studies\/legerad-ved-sea-usa-case-sample-1\/\" \/>\n<meta property=\"og:locale\" content=\"nb_NO\" \/>\n<meta property=\"og:type\" content=\"article\" \/>\n<meta property=\"og:title\" content=\"Leger\u00e5d ved Sea USA Case Sample 1 - MedSea, an International SOS Company\" \/>\n<meta property=\"og:description\" content=\"Under en reise fra en \u00f8stafrikansk havn til den amerikanske \u00f8stkysten rapporterte flere besetningsmedlemmer at de hadde feber og influensalignende symptomer.\" \/>\n<meta property=\"og:url\" content=\"https:\/\/futurecareinc.com\/no\/case-studies\/legerad-ved-sea-usa-case-sample-1\/\" \/>\n<meta property=\"og:site_name\" content=\"MedSea, an International SOS Company\" \/>\n<meta name=\"twitter:card\" content=\"summary_large_image\" \/>\n<meta name=\"twitter:label1\" content=\"Ansl. lesetid\" \/>\n\t<meta name=\"twitter:data1\" content=\"1 minutt\" \/>\n<script type=\"application\/ld+json\" class=\"yoast-schema-graph\">{\"@context\":\"https:\/\/schema.org\",\"@graph\":[{\"@type\":\"WebPage\",\"@id\":\"https:\/\/futurecareinc.com\/no\/case-studies\/legerad-ved-sea-usa-case-sample-1\/\",\"url\":\"https:\/\/futurecareinc.com\/no\/case-studies\/legerad-ved-sea-usa-case-sample-1\/\",\"name\":\"Leger\u00e5d ved Sea USA Case Sample 1 - MedSea, an International SOS Company\",\"isPartOf\":{\"@id\":\"https:\/\/futurecareinc.com\/#website\"},\"datePublished\":\"2020-04-22T12:39:13+00:00\",\"description\":\"Under en reise fra en \u00f8stafrikansk havn til den amerikanske \u00f8stkysten rapporterte flere besetningsmedlemmer at de hadde feber og influensalignende symptomer.\",\"breadcrumb\":{\"@id\":\"https:\/\/futurecareinc.com\/no\/case-studies\/legerad-ved-sea-usa-case-sample-1\/#breadcrumb\"},\"inLanguage\":\"nb-NO\",\"potentialAction\":[{\"@type\":\"ReadAction\",\"target\":[\"https:\/\/futurecareinc.com\/no\/case-studies\/legerad-ved-sea-usa-case-sample-1\/\"]}]},{\"@type\":\"BreadcrumbList\",\"@id\":\"https:\/\/futurecareinc.com\/no\/case-studies\/legerad-ved-sea-usa-case-sample-1\/#breadcrumb\",\"itemListElement\":[{\"@type\":\"ListItem\",\"position\":1,\"name\":\"Home\",\"item\":\"https:\/\/futurecareinc.com\/no\/\"},{\"@type\":\"ListItem\",\"position\":2,\"name\":\"Casestudier\",\"item\":\"https:\/\/futurecareinc.com\/no\/case-studies\/\"},{\"@type\":\"ListItem\",\"position\":3,\"name\":\"Leger\u00e5d ved Sea USA Case Sample 1\"}]},{\"@type\":\"WebSite\",\"@id\":\"https:\/\/futurecareinc.com\/#website\",\"url\":\"https:\/\/futurecareinc.com\/\",\"name\":\"MedSea, an International SOS Company\",\"description\":\"Seafarer health is our priority\",\"publisher\":{\"@id\":\"https:\/\/futurecareinc.com\/#organization\"},\"potentialAction\":[{\"@type\":\"SearchAction\",\"target\":{\"@type\":\"EntryPoint\",\"urlTemplate\":\"https:\/\/futurecareinc.com\/?s={search_term_string}\"},\"query-input\":{\"@type\":\"PropertyValueSpecification\",\"valueRequired\":true,\"valueName\":\"search_term_string\"}}],\"inLanguage\":\"nb-NO\"},{\"@type\":\"Organization\",\"@id\":\"https:\/\/futurecareinc.com\/#organization\",\"name\":\"MedSea, an International SOS Company\",\"url\":\"https:\/\/futurecareinc.com\/\",\"logo\":{\"@type\":\"ImageObject\",\"inLanguage\":\"nb-NO\",\"@id\":\"https:\/\/futurecareinc.com\/#\/schema\/logo\/image\/\",\"url\":\"https:\/\/futurecareinc.com\/wp-content\/uploads\/2020\/04\/MedSea_Logo_2024-scaled.png\",\"contentUrl\":\"https:\/\/futurecareinc.com\/wp-content\/uploads\/2020\/04\/MedSea_Logo_2024-scaled.png\",\"width\":2560,\"height\":1085,\"caption\":\"MedSea, an International SOS Company\"},\"image\":{\"@id\":\"https:\/\/futurecareinc.com\/#\/schema\/logo\/image\/\"}}]}<\/script>\n<!-- \/ Yoast SEO plugin. -->","yoast_head_json":{"title":"Leger\u00e5d ved Sea USA Case Sample 1 - MedSea, an International SOS Company","description":"Under en reise fra en \u00f8stafrikansk havn til den amerikanske \u00f8stkysten rapporterte flere besetningsmedlemmer at de hadde feber og influensalignende symptomer.","robots":{"index":"index","follow":"follow","max-snippet":"max-snippet:-1","max-image-preview":"max-image-preview:large","max-video-preview":"max-video-preview:-1"},"canonical":"https:\/\/futurecareinc.com\/no\/case-studies\/legerad-ved-sea-usa-case-sample-1\/","og_locale":"nb_NO","og_type":"article","og_title":"Leger\u00e5d ved Sea USA Case Sample 1 - MedSea, an International SOS Company","og_description":"Under en reise fra en \u00f8stafrikansk havn til den amerikanske \u00f8stkysten rapporterte flere besetningsmedlemmer at de hadde feber og influensalignende symptomer.","og_url":"https:\/\/futurecareinc.com\/no\/case-studies\/legerad-ved-sea-usa-case-sample-1\/","og_site_name":"MedSea, an International SOS Company","twitter_card":"summary_large_image","twitter_misc":{"Ansl. lesetid":"1 minutt"},"schema":{"@context":"https:\/\/schema.org","@graph":[{"@type":"WebPage","@id":"https:\/\/futurecareinc.com\/no\/case-studies\/legerad-ved-sea-usa-case-sample-1\/","url":"https:\/\/futurecareinc.com\/no\/case-studies\/legerad-ved-sea-usa-case-sample-1\/","name":"Leger\u00e5d ved Sea USA Case Sample 1 - MedSea, an International SOS Company","isPartOf":{"@id":"https:\/\/futurecareinc.com\/#website"},"datePublished":"2020-04-22T12:39:13+00:00","description":"Under en reise fra en \u00f8stafrikansk havn til den amerikanske \u00f8stkysten rapporterte flere besetningsmedlemmer at de hadde feber og influensalignende symptomer.","breadcrumb":{"@id":"https:\/\/futurecareinc.com\/no\/case-studies\/legerad-ved-sea-usa-case-sample-1\/#breadcrumb"},"inLanguage":"nb-NO","potentialAction":[{"@type":"ReadAction","target":["https:\/\/futurecareinc.com\/no\/case-studies\/legerad-ved-sea-usa-case-sample-1\/"]}]},{"@type":"BreadcrumbList","@id":"https:\/\/futurecareinc.com\/no\/case-studies\/legerad-ved-sea-usa-case-sample-1\/#breadcrumb","itemListElement":[{"@type":"ListItem","position":1,"name":"Home","item":"https:\/\/futurecareinc.com\/no\/"},{"@type":"ListItem","position":2,"name":"Casestudier","item":"https:\/\/futurecareinc.com\/no\/case-studies\/"},{"@type":"ListItem","position":3,"name":"Leger\u00e5d ved Sea USA Case Sample 1"}]},{"@type":"WebSite","@id":"https:\/\/futurecareinc.com\/#website","url":"https:\/\/futurecareinc.com\/","name":"MedSea, an International SOS Company","description":"Seafarer health is our priority","publisher":{"@id":"https:\/\/futurecareinc.com\/#organization"},"potentialAction":[{"@type":"SearchAction","target":{"@type":"EntryPoint","urlTemplate":"https:\/\/futurecareinc.com\/?s={search_term_string}"},"query-input":{"@type":"PropertyValueSpecification","valueRequired":true,"valueName":"search_term_string"}}],"inLanguage":"nb-NO"},{"@type":"Organization","@id":"https:\/\/futurecareinc.com\/#organization","name":"MedSea, an International SOS Company","url":"https:\/\/futurecareinc.com\/","logo":{"@type":"ImageObject","inLanguage":"nb-NO","@id":"https:\/\/futurecareinc.com\/#\/schema\/logo\/image\/","url":"https:\/\/futurecareinc.com\/wp-content\/uploads\/2020\/04\/MedSea_Logo_2024-scaled.png","contentUrl":"https:\/\/futurecareinc.com\/wp-content\/uploads\/2020\/04\/MedSea_Logo_2024-scaled.png","width":2560,"height":1085,"caption":"MedSea, an International SOS Company"},"image":{"@id":"https:\/\/futurecareinc.com\/#\/schema\/logo\/image\/"}}]}},"_links":{"self":[{"href":"https:\/\/futurecareinc.com\/no\/wp-json\/wp\/v2\/pages\/2865","targetHints":{"allow":["GET"]}}],"collection":[{"href":"https:\/\/futurecareinc.com\/no\/wp-json\/wp\/v2\/pages"}],"about":[{"href":"https:\/\/futurecareinc.com\/no\/wp-json\/wp\/v2\/types\/page"}],"author":[{"embeddable":true,"href":"https:\/\/futurecareinc.com\/no\/wp-json\/wp\/v2\/users\/2"}],"replies":[{"embeddable":true,"href":"https:\/\/futurecareinc.com\/no\/wp-json\/wp\/v2\/comments?post=2865"}],"version-history":[{"count":0,"href":"https:\/\/futurecareinc.com\/no\/wp-json\/wp\/v2\/pages\/2865\/revisions"}],"up":[{"embeddable":true,"href":"https:\/\/futurecareinc.com\/no\/wp-json\/wp\/v2\/pages\/2576"}],"wp:attachment":[{"href":"https:\/\/futurecareinc.com\/no\/wp-json\/wp\/v2\/media?parent=2865"}],"curies":[{"name":"wp","href":"https:\/\/api.w.org\/{rel}","templated":true}]}}